{"id":9257,"date":"2018-06-28T11:39:53","date_gmt":"2018-06-28T10:39:53","guid":{"rendered":"http:\/\/www.sola-poljane.si\/cs\/?page_id=9257"},"modified":"2019-02-21T08:41:32","modified_gmt":"2019-02-21T07:41:32","slug":"the-history-of-education-in-poljane","status":"publish","type":"page","link":"https:\/\/sola-poljane.splet.arnes.si\/?page_id=9257","title":{"rendered":"The History of Education in Poljane"},"content":{"rendered":"<a href=\"http:\/\/sola-poljane.splet.arnes.si\/?page_id=9116\"class=\"wpz-sc-button small\" style=\";background:#378DBD\"><span><i class=\"fa fa-home\" style=\"padding-right:6px;\"><\/i>Home<\/span><\/a>\n<a href=\"http:\/\/sola-poljane.splet.arnes.si\/?page_id=9257\"class=\"wpz-sc-button small\" style=\";background:#378dbd\"><span><i class=\"fa fa-star-half-o\" style=\"padding-right:6px;\"><\/i>The History of Education in Poljane<\/span><\/a>\n<a href=\"http:\/\/sola-poljane.splet.arnes.si\/?page_id=9272\"class=\"wpz-sc-button small\" style=\";background:#378dbd\"><span><i class=\"fa fa-star-half-o\" style=\"padding-right:6px;\"><\/i>Important Events at Primary School Poljane<\/span><\/a>\n<a href=\"http:\/\/sola-poljane.splet.arnes.si\/?page_id=9255\"class=\"wpz-sc-button small\" style=\";background:#378dbd\"><span><i class=\"fa fa-star-half-o\" style=\"padding-right:6px;\"><\/i>Famous People<\/span><\/a>\n<a href=\"http:\/\/sola-poljane.splet.arnes.si\/?page_id=9260\"class=\"wpz-sc-button small\" style=\";background:#378dbd\"><span><i class=\"fa fa-star-half-o\" style=\"padding-right:6px;\"><\/i>Frescoes by Ive \u0160ubic at our School<\/span><\/a>\n<p>There is not a lot of information about the school in Poljane till 1880. The oldest boys&#8217; school in the area was founded in <strong><span style=\"color: #3366ff\">\u0160kofja Loka in 1627, in Poljane in 1785<\/span><\/strong>.<\/p>\n<p><strong><span style=\"color: #3366ff\">1866\/67:<\/span><\/strong> A classroom was settled in a sacristy, the sacristian was a teacher at the same time.<\/p>\n<p><strong><span style=\"color: #3366ff\">1869:<\/span> <\/strong>Teachers were paid by provinces whereas costs for school buildings were paid by communes.<\/p>\n<p><strong><span style=\"color: #3366ff\">1880:<\/span><\/strong> A house was bought\u00a0and transformed into a school building.<\/p>\n<p><a href=\"http:\/\/sola-poljane.splet.arnes.si\/files\/2018\/06\/Stara-\u0161ola-Kup\u010de\u0161_1880_1881.jpg\"><img loading=\"lazy\" decoding=\"async\" class=\"alignnone size-medium wp-image-12901 aligncenter\" src=\"http:\/\/sola-poljane.splet.arnes.si\/files\/2018\/06\/Stara-\u0161ola-Kup\u010de\u0161_1880_1881-300x230.jpg\" alt=\"\" width=\"300\" height=\"230\" srcset=\"https:\/\/sola-poljane.splet.arnes.si\/files\/2018\/06\/Stara-\u0161ola-Kup\u010de\u0161_1880_1881-300x230.jpg 300w, https:\/\/sola-poljane.splet.arnes.si\/files\/2018\/06\/Stara-\u0161ola-Kup\u010de\u0161_1880_1881-72x55.jpg 72w, https:\/\/sola-poljane.splet.arnes.si\/files\/2018\/06\/Stara-\u0161ola-Kup\u010de\u0161_1880_1881.jpg 488w\" sizes=\"auto, (max-width: 300px) 100vw, 300px\" \/><\/a><\/p>\n<p style=\"text-align: center\"><strong><em><span style=\"color: #ff6600\">The Kup\u010de\u0161 house, where lessons started in 1880\/1881<\/span><\/em><br \/>\n<\/strong><em>(Source: dokument, zbirka S\u0160M; the photo taken in 1938)<\/em><\/p>\n<p><strong><span style=\"color: #3366ff\">1882\/83:<\/span> <\/strong>A one-year school was expanded into a two-year school with four classes.<\/p>\n<p><strong><span style=\"color: #3366ff\">1883:<\/span><\/strong> The first books for the school library were bought.<\/p>\n<p><strong><span style=\"color: #3366ff\">1879\u22121918:<\/span><\/strong> Due to different of health problems of students and employees classes were interrupted eight times.<\/p>\n<p><strong><span style=\"color: #3366ff\">1899:<\/span>\u00a0<\/strong>It was decided that a new school would be built.<\/p>\n<p><strong><span style=\"color: #3366ff\">1899\/1900:<\/span> <\/strong>There were 456 school-age children in Poljane but only a minority attended classes.<\/p>\n<p><strong><span style=\"color: #3366ff\">1893\/94:<\/span> <\/strong>The system of repetitive school was introduced.<\/p>\n<p><strong><span style=\"color: #3366ff\">1840\u22121903:<\/span><\/strong> A book where the most successful pupils were recorded, called &#8220;The Golden Book&#8221; was introduced, and the names of painters Janez and Jurij \u0160ubic as well as a writer Ivan Tav\u010dar were noted down.<\/p>\n<p><strong><span style=\"color: #3366ff\">1905:<\/span> <\/strong>Lessons started at a branch school in Malenski Vrh \u2013 twice a week.<\/p>\n<p><strong><span style=\"color: #3366ff\">1906:<\/span> <\/strong>At Poljane school a class for pupils from remote places was organized twice a week.<\/p>\n<p><strong><span style=\"color: #3366ff\">1906:<\/span> <\/strong>Building of a new public school started.<\/p>\n<p><strong><span style=\"color: #3366ff\">1908:<\/span><\/strong> Lessons started in the new school building.<\/p>\n<p><img decoding=\"async\" class=\"aligncenter\" src=\"http:\/\/sola-poljane.splet.arnes.si\/files\/2018\/06\/Stara-%C5%A1ola-ob-cesti_1908-300x201.jpg\" \/><\/p>\n<p style=\"text-align: center\"><strong><em><span style=\"color: #ff6600\">The new school building<\/span><\/em><br \/>\n<\/strong><em>(Source: dokument, zbirka S\u0160M)<\/em><\/p>\n<p><strong><span style=\"color: #3366ff\">1908\/09:<\/span>\u00a0<\/strong>The school was expanded into a three-year school and the class for pupils from remote places extended to two classes.<\/p>\n<p><strong><span style=\"color: #3366ff\">1911:<\/span><\/strong> A four-year school was organized in Poljane whereas in Malenski Vrh a regular one-year school was organized for children from the villages Malenski Vrh, Jazbine, Gorenja Ravan, Dolenja Ravan, Dolenja \u017detina, Jelovica, \u010cabra\u010de, Su\u0161a and Volaka.<\/p>\n<p><strong><em>Classes were greatly obstructed during World War I.<\/em><\/strong><\/p>\n<p><strong><span style=\"color: #3366ff\">1920:<\/span> <\/strong>The school became a five-year educational institution.<\/p>\n<p><strong><span style=\"color: #3366ff\">1926:<\/span> <\/strong>Classes were interrupted due to a large flood.<\/p>\n<p><strong><span style=\"color: #3366ff\">1927:<\/span> <\/strong>The number of schoolchildren decreased and the school turned into a four-year school.<\/p>\n<p><strong><span style=\"color: #3366ff\">1929:<\/span> <\/strong>Lessons were interrupted due to a very severe winter.<\/p>\n<p><strong><span style=\"color: #3366ff\">1930:<\/span><\/strong> The repetitive school was joined to the ordinary fourth class and the school became a five-year school again.<\/p>\n<p><strong><span style=\"color: #3366ff\">1935:<\/span><\/strong> Skiing lessons for schoolchildren were organized.<\/p>\n<p><strong><span style=\"color: #3366ff\">1941:<\/span><\/strong> The school was a seven-year one with one class for remote children.<\/p>\n<p><em><strong>At the beginning of World War II Germans started German language courses for adults. Lessons at school were also in German from December 1941 till July 1943.<\/strong><\/em><\/p>\n<p><strong><span style=\"color: #3366ff\">1944:<\/span><\/strong> The school building was destroyed by fire.<\/p>\n<p><strong><span style=\"color: #3366ff\">1945:<\/span><\/strong> There were 186 children in five classes. Lessons were held in private houses in Poljane and Malenski Vrh.<\/p>\n<p><span style=\"color: #ff6600\"><strong>*****<\/strong><\/span><\/p>\n<p><em><strong>The school year 1970\/71 was the last year of an eight-year school in Poljane. There were around 200 schoolchildren.<\/strong><\/em><\/p>\n<p><strong><span style=\"color: #3366ff\">1971\/1972:<\/span>\u00a0<\/strong>The\u00a0Poljane school became a branch school of Ivan Tav\u010dar Primary School in Gorenja vas.<\/p>\n<p><em><strong>Till 1980 the birth rate had been decreasing but from that year on it started increasing again.<\/strong><\/em><\/p>\n<p><strong><span style=\"color: #3366ff\">1986:<\/span> <\/strong>A new branch school building was built at the present location and lessons started in December 1986.<\/p>\n<p><strong><em>A painter Ive \u0160ubic started working working on a five-piece fresco with the help of two arts students, his daughter Maja \u0160ubic and Gigo de Brea.<\/em><\/strong><\/p>\n<p><a href=\"http:\/\/sola-poljane.splet.arnes.si\/files\/2018\/06\/5-fresk.png\"><img loading=\"lazy\" decoding=\"async\" class=\"alignnone size-medium wp-image-12929 aligncenter\" src=\"http:\/\/sola-poljane.splet.arnes.si\/files\/2018\/06\/5-fresk-232x300.png\" alt=\"\" width=\"232\" height=\"300\" srcset=\"https:\/\/sola-poljane.splet.arnes.si\/files\/2018\/06\/5-fresk-232x300.png 232w, https:\/\/sola-poljane.splet.arnes.si\/files\/2018\/06\/5-fresk-43x55.png 43w, https:\/\/sola-poljane.splet.arnes.si\/files\/2018\/06\/5-fresk-624x807.png 624w, https:\/\/sola-poljane.splet.arnes.si\/files\/2018\/06\/5-fresk.png 642w\" sizes=\"auto, (max-width: 232px) 100vw, 232px\" \/><\/a><\/p>\n<p style=\"text-align: center\"><em><strong><span style=\"color: #ff6600\">The frescoes by Ive \u0160ubic in the school hall<\/span><\/strong><\/em><\/p>\n<p><strong><span style=\"color: #3366ff\">1987:<\/span><\/strong> The first two groups of pre-school children started going to the kindergarten adjacent to the school.<\/p>\n<p><strong><span style=\"color: #3366ff\">1997\/98:<\/span><\/strong> An eight-year school was founded and the school building extended, which enabled 322 pupils to attend lessons. A branch school in Javorje had 39 pupils and the kindergarten 61 pre-school children.<\/p>\n<figure id=\"attachment_12943\" aria-describedby=\"caption-attachment-12943\" style=\"width: 300px\" class=\"wp-caption aligncenter\"><a href=\"http:\/\/sola-poljane.splet.arnes.si\/files\/2018\/06\/P\u0160-Javorje.jpg\"><img loading=\"lazy\" decoding=\"async\" class=\"size-medium wp-image-12943\" src=\"http:\/\/sola-poljane.splet.arnes.si\/files\/2018\/06\/P\u0160-Javorje-300x225.jpg\" alt=\"\" width=\"300\" height=\"225\" srcset=\"https:\/\/sola-poljane.splet.arnes.si\/files\/2018\/06\/P\u0160-Javorje-300x225.jpg 300w, https:\/\/sola-poljane.splet.arnes.si\/files\/2018\/06\/P\u0160-Javorje-768x576.jpg 768w, https:\/\/sola-poljane.splet.arnes.si\/files\/2018\/06\/P\u0160-Javorje-73x55.jpg 73w, https:\/\/sola-poljane.splet.arnes.si\/files\/2018\/06\/P\u0160-Javorje-624x468.jpg 624w, https:\/\/sola-poljane.splet.arnes.si\/files\/2018\/06\/P\u0160-Javorje.jpg 800w\" sizes=\"auto, (max-width: 300px) 100vw, 300px\" \/><\/a><figcaption id=\"caption-attachment-12943\" class=\"wp-caption-text\"><strong><span style=\"color: #ff6600\">The Javorje branch school building<\/span><\/strong><\/figcaption><\/figure>\n<p><strong><span style=\"color: #3366ff\">1998\/99:<\/span><\/strong> A new computer classroom was equipped by eight new computers, the sports club Mladi vrh was established.<\/p>\n<p><strong><span style=\"color: #3366ff\">2003\/04:<\/span><\/strong> A nine-year primary school was introduced, the school obtained the title of EKO school.<\/p>\n<p><strong><span style=\"color: #3366ff\">2004\/05:<\/span><\/strong> After\u00a0school services started at Javorje\u00a0 branch school<\/p>\n<p><strong><span style=\"color: #3366ff\">2007\/08:<\/span><\/strong> A new gym was brought\u00a0into use.<\/p>\n<p><a href=\"http:\/\/sola-poljane.splet.arnes.si\/files\/2018\/06\/Na\u0161a-\u0161ola1.jpg\"><img loading=\"lazy\" decoding=\"async\" class=\"alignnone size-medium wp-image-12945 aligncenter\" src=\"http:\/\/sola-poljane.splet.arnes.si\/files\/2018\/06\/Na\u0161a-\u0161ola1-300x179.jpg\" alt=\"\" width=\"300\" height=\"179\" srcset=\"https:\/\/sola-poljane.splet.arnes.si\/files\/2018\/06\/Na\u0161a-\u0161ola1-300x179.jpg 300w, https:\/\/sola-poljane.splet.arnes.si\/files\/2018\/06\/Na\u0161a-\u0161ola1-92x55.jpg 92w, https:\/\/sola-poljane.splet.arnes.si\/files\/2018\/06\/Na\u0161a-\u0161ola1.jpg 603w\" sizes=\"auto, (max-width: 300px) 100vw, 300px\" \/><\/a><\/p>\n<p style=\"text-align: center\"><em><strong><span style=\"color: #ff6600\">The school building today<\/span><\/strong><\/em><\/p>\n<p><strong><span style=\"color: #3366ff\">2010\/11:<\/span><\/strong> The title of UNESCO school was obtained.<\/p>\n<p><strong><span style=\"color: #3366ff\">2011\/12:<\/span> <\/strong>The title of CULTURAL school was obtained.<\/p>\n<p><strong><span style=\"color: #3366ff\">2012\/2013:<\/span><\/strong> An electronic markbook and a class record book were introduced, energy restoring of the school building was completed.<\/p>\n<p><strong><span style=\"color: #3366ff\">2017\/18:<\/span><\/strong> A new, safer traffic order was introduced on the west side of the school building, with a bus and van stop for pupils, a roundabout included.<\/p>\n","protected":false},"excerpt":{"rendered":"<p>There is not a lot of information about the school [&hellip;]<\/p>\n","protected":false},"author":1973,"featured_media":0,"parent":9116,"menu_order":2,"comment_status":"closed","ping_status":"closed","template":"","meta":{"ngg_post_thumbnail":0,"footnotes":""},"class_list":["post-9257","page","type-page","status-publish","hentry"],"_links":{"self":[{"href":"https:\/\/sola-poljane.splet.arnes.si\/index.php?rest_route=\/wp\/v2\/pages\/9257","targetHints":{"allow":["GET"]}}],"collection":[{"href":"https:\/\/sola-poljane.splet.arnes.si\/index.php?rest_route=\/wp\/v2\/pages"}],"about":[{"href":"https:\/\/sola-poljane.splet.arnes.si\/index.php?rest_route=\/wp\/v2\/types\/page"}],"author":[{"embeddable":true,"href":"https:\/\/sola-poljane.splet.arnes.si\/index.php?rest_route=\/wp\/v2\/users\/1973"}],"replies":[{"embeddable":true,"href":"https:\/\/sola-poljane.splet.arnes.si\/index.php?rest_route=%2Fwp%2Fv2%2Fcomments&post=9257"}],"version-history":[{"count":7,"href":"https:\/\/sola-poljane.splet.arnes.si\/index.php?rest_route=\/wp\/v2\/pages\/9257\/revisions"}],"predecessor-version":[{"id":13107,"href":"https:\/\/sola-poljane.splet.arnes.si\/index.php?rest_route=\/wp\/v2\/pages\/9257\/revisions\/13107"}],"up":[{"embeddable":true,"href":"https:\/\/sola-poljane.splet.arnes.si\/index.php?rest_route=\/wp\/v2\/pages\/9116"}],"wp:attachment":[{"href":"https:\/\/sola-poljane.splet.arnes.si\/index.php?rest_route=%2Fwp%2Fv2%2Fmedia&parent=9257"}],"curies":[{"name":"wp","href":"https:\/\/api.w.org\/{rel}","templated":true}]}}