{"id":9125,"date":"2018-06-21T15:43:53","date_gmt":"2018-06-21T14:43:53","guid":{"rendered":"http:\/\/www.sola-poljane.si\/cs\/?page_id=9125"},"modified":"2025-06-23T10:24:06","modified_gmt":"2025-06-23T08:24:06","slug":"fotografije-generacij","status":"publish","type":"page","link":"https:\/\/sola-poljane.splet.arnes.si\/?page_id=9125","title":{"rendered":"Fotografije generacij"},"content":{"rendered":"<h3>Teko\u010de \u0161olsko leto<\/h3>\n<p><a href=\"https:\/\/sola-poljane.splet.arnes.si\/?page_id=48468\">\u0160olsko leto 2024\/25<\/a><\/p>\n<h3>Arhiv<\/h3>\n\n<table id=\"tablepress-18\" class=\"tablepress tablepress-id-18\">\n<thead>\n<tr class=\"row-1\">\n\t<th class=\"column-1\">Arhiv 2020-2029<\/th><th class=\"column-2\">Arhiv 2010-2019<\/th><th class=\"column-3\">Arhiv 2000-2009<\/th>\n<\/tr>\n<\/thead>\n<tbody class=\"row-striping row-hover\">\n<tr class=\"row-2\">\n\t<td class=\"column-1\"><\/td><td class=\"column-2\"><a href=\"http:\/\/sola-poljane.splet.arnes.si\/?page_id=16213\"> \u0160olsko leto 2019\/2020<\/a><\/td><td class=\"column-3\"><a href=\"http:\/\/sola-poljane.splet.arnes.si\/?page_id=10259\">\u0160olsko leto 2009\/2010 <\/a>(V pripravi)<\/td>\n<\/tr>\n<tr class=\"row-3\">\n\t<td class=\"column-1\"><\/td><td class=\"column-2\"><a href=\"http:\/\/sola-poljane.splet.arnes.si\/?page_id=14069\">\u0160olsko leto 2018\/2019<\/a><\/td><td class=\"column-3\"><a href=\"http:\/\/sola-poljane.splet.arnes.si\/?page_id=10263\">\u0160olsko leto 2008\/2009 <\/a>(V pripravi)<\/td>\n<\/tr>\n<tr class=\"row-4\">\n\t<td class=\"column-1\"><\/td><td class=\"column-2\"><a href=\"http:\/\/sola-poljane.splet.arnes.si\/?page_id=9170\">\u0160olsko leto 2017\/2018<\/a><\/td><td class=\"column-3\"><a href=\"http:\/\/sola-poljane.splet.arnes.si\/?page_id=10267\">\u0160olsko leto 2007\/2008 <\/a><\/td>\n<\/tr>\n<tr class=\"row-5\">\n\t<td class=\"column-1\"><\/td><td class=\"column-2\"><a href=\"http:\/\/sola-poljane.splet.arnes.si\/?page_id=10221\">\u0160olsko leto 2016\/2017<\/a><\/td><td class=\"column-3\"><a href=\"http:\/\/sola-poljane.splet.arnes.si\/?page_id=10271\">\u0160olsko leto 2006\/2007 <\/a><\/td>\n<\/tr>\n<tr class=\"row-6\">\n\t<td class=\"column-1\"><\/td><td class=\"column-2\"><a href=\"http:\/\/sola-poljane.splet.arnes.si\/?page_id=10229\">\u0160olsko leto 2015\/2016<\/a><\/td><td class=\"column-3\"><a href=\"http:\/\/sola-poljane.splet.arnes.si\/?page_id=9122\">\u0160olsko leto 2005\/2006 <\/a><\/td>\n<\/tr>\n<tr class=\"row-7\">\n\t<td class=\"column-1\"><a href=\"https:\/\/sola-poljane.splet.arnes.si\/?page_id=48468\">\u0160olsko leto 2024\/2025<\/a><\/td><td class=\"column-2\"><a href=\"http:\/\/sola-poljane.splet.arnes.si\/?page_id=10233\">\u0160olsko leto 2014\/2015<\/a><\/td><td class=\"column-3\"><a href=\"http:\/\/sola-poljane.splet.arnes.si\/?page_id=10275\">\u0160olsko leto 2004\/2005 <\/a><\/td>\n<\/tr>\n<tr class=\"row-8\">\n\t<td class=\"column-1\"><a href=\"https:\/\/sola-poljane.splet.arnes.si\/?page_id=34523\">\u0160olsko leto 2023\/2024<\/a><\/td><td class=\"column-2\"><a href=\"http:\/\/sola-poljane.splet.arnes.si\/?page_id=10241\">\u0160olsko leto 2013\/2014 <\/a>(V pripravi)<\/td><td class=\"column-3\"><a href=\"http:\/\/sola-poljane.splet.arnes.si\/?page_id=10279\">\u0160olsko leto 2003\/2004<\/a><\/td>\n<\/tr>\n<tr class=\"row-9\">\n\t<td class=\"column-1\"><a href=\"https:\/\/sola-poljane.splet.arnes.si\/?page_id=34173\">\u0160olsko leto 2022\/2023<\/a><br \/>\n<\/td><td class=\"column-2\"><a href=\"http:\/\/sola-poljane.splet.arnes.si\/?page_id=10247\">\u0160olsko leto 2012\/2013 <\/a>(V pripravi)<\/td><td class=\"column-3\"><a href=\"http:\/\/sola-poljane.splet.arnes.si\/?page_id=10283\">\u0160olsko leto 2002\/2003<\/a><\/td>\n<\/tr>\n<tr class=\"row-10\">\n\t<td class=\"column-1\"><a href=\"https:\/\/sola-poljane.splet.arnes.si\/?page_id=26097\">\u0160olsko leto 2021\/2022<\/a><\/td><td class=\"column-2\"><a href=\"http:\/\/sola-poljane.splet.arnes.si\/?page_id=10251\">\u0160olsko leto 2011\/2012 <\/a>(V pripravi)<\/td><td class=\"column-3\"><a href=\"http:\/\/sola-poljane.splet.arnes.si\/?page_id=10287\">\u0160olsko leto 2001\/2002 <\/a>(V pripravi)<\/td>\n<\/tr>\n<tr class=\"row-11\">\n\t<td class=\"column-1\"><a href=\"https:\/\/sola-poljane.splet.arnes.si\/?page_id=22459\">\u0160olsko leto 2020\/2021<\/a><\/td><td class=\"column-2\"><a href=\"http:\/\/sola-poljane.splet.arnes.si\/?page_id=10255\">\u0160olsko leto 2010\/2011 <\/a>(V pripravi)<\/td><td class=\"column-3\"><a href=\"http:\/\/sola-poljane.splet.arnes.si\/?page_id=9145\">\u0160olsko leto 2000\/2001<\/a><\/td>\n<\/tr>\n<\/tbody>\n<\/table>\n\n","protected":false},"excerpt":{"rendered":"<p>Teko\u010de \u0161olsko leto \u0160olsko leto 2024\/25 Arhiv<\/p>\n","protected":false},"author":1973,"featured_media":0,"parent":0,"menu_order":0,"comment_status":"closed","ping_status":"closed","template":"","meta":{"ngg_post_thumbnail":0,"footnotes":""},"class_list":["post-9125","page","type-page","status-publish","hentry"],"_links":{"self":[{"href":"https:\/\/sola-poljane.splet.arnes.si\/index.php?rest_route=\/wp\/v2\/pages\/9125","targetHints":{"allow":["GET"]}}],"collection":[{"href":"https:\/\/sola-poljane.splet.arnes.si\/index.php?rest_route=\/wp\/v2\/pages"}],"about":[{"href":"https:\/\/sola-poljane.splet.arnes.si\/index.php?rest_route=\/wp\/v2\/types\/page"}],"author":[{"embeddable":true,"href":"https:\/\/sola-poljane.splet.arnes.si\/index.php?rest_route=\/wp\/v2\/users\/1973"}],"replies":[{"embeddable":true,"href":"https:\/\/sola-poljane.splet.arnes.si\/index.php?rest_route=%2Fwp%2Fv2%2Fcomments&post=9125"}],"version-history":[{"count":15,"href":"https:\/\/sola-poljane.splet.arnes.si\/index.php?rest_route=\/wp\/v2\/pages\/9125\/revisions"}],"predecessor-version":[{"id":48472,"href":"https:\/\/sola-poljane.splet.arnes.si\/index.php?rest_route=\/wp\/v2\/pages\/9125\/revisions\/48472"}],"wp:attachment":[{"href":"https:\/\/sola-poljane.splet.arnes.si\/index.php?rest_route=%2Fwp%2Fv2%2Fmedia&parent=9125"}],"curies":[{"name":"wp","href":"https:\/\/api.w.org\/{rel}","templated":true}]}}