{"id":9103,"date":"2018-06-21T11:04:19","date_gmt":"2018-06-21T09:04:19","guid":{"rendered":"http:\/\/www.sola-poljane.si\/cs\/?page_id=9103"},"modified":"2018-08-10T10:45:38","modified_gmt":"2018-08-10T08:45:38","slug":"zakonodaja-s-podrocja","status":"publish","type":"page","link":"https:\/\/sola-poljane.splet.arnes.si\/?page_id=9103","title":{"rendered":"Zakonodaja s podro\u010dja&#8230;"},"content":{"rendered":"<a href=\"http:\/\/sola-poljane.splet.arnes.si\/?page_id=8598\"class=\"wpz-sc-button small\" style=\";background:#378DBD\"><span><i class=\"fa fa-play-circle\" style=\"padding-right:6px;\"><\/i>Dodatna strokovna pomo\u010d<\/span><\/a>\n<a href=\"http:\/\/sola-poljane.splet.arnes.si\/?page_id=8599\"class=\"wpz-sc-button small\" style=\";background:#378DBD\"><span><i class=\"fa fa-play-circle\" style=\"padding-right:6px;\"><\/i>Na\u0161e delo<\/span><\/a>\n<a href=\"http:\/\/sola-poljane.splet.arnes.si\/?page_id=8600\"class=\"wpz-sc-button small\" style=\";background:#378DBD\"><span><i class=\"fa fa-play-circle\" style=\"padding-right:6px;\"><\/i>Dobro je poznati<\/span><\/a>\n<a href=\"http:\/\/sola-poljane.splet.arnes.si\/?page_id=8601\"class=\"wpz-sc-button small\" style=\";background:#378DBD\"><span><i class=\"fa fa-play-circle\" style=\"padding-right:6px;\"><\/i>Koristne povezave<\/span><\/a>\n<a href=\"http:\/\/sola-poljane.splet.arnes.si\/?page_id=8602\"class=\"wpz-sc-button small\" style=\";background:#378DBD\"><span><i class=\"fa fa-play-circle\" style=\"padding-right:6px;\"><\/i>Gradiva za star\u0161e<\/span><\/a>\n<a href=\"http:\/\/sola-poljane.splet.arnes.si\/?page_id=9103\"class=\"wpz-sc-button small\" style=\";background:#378DBD\"><span><i class=\"fa fa-play-circle\" style=\"padding-right:6px;\"><\/i>Zakonodaja s podro\u010dja<\/span><\/a>\n<p><strong>Zakon o osnovni \u0161oli ZOsn (Ur. l. RS, \u0161t. 12\/1996)<\/strong> <a href=\"http:\/\/www.uradni-list.si\/1\/objava.jsp?urlid=200681&amp;stevilka=3535\">http:\/\/www.uradni-list.si\/1\/objava.jsp?urlid=200681&amp;stevilka=3535<\/a><\/p>\n<p><strong>Zakon o spremembah in dopolnitvah Zakona o osnovni \u0161oli<\/strong> <strong>(Ur. l. RS, \u0161t. 102\/2007)<\/strong> <a href=\"http:\/\/www.uradni-list.si\/1\/objava.jsp?urlid=2007102&amp;stevilka=5073\">http:\/\/www.uradni-list.si\/1\/objava.jsp?urlid=2007102&amp;stevilka=5073<\/a><\/p>\n<p><strong>Koncept dela U\u010dne te\u017eave v osnovni \u0161oli, 11.10.2007\u00a0<\/strong><\/p>\n<p><a href=\"http:\/\/www.mss.gov.si\/fileadmin\/mss.gov.si\/pageuploads\/ministrstvo\/Publikacije\/Koncept_dela_Ucne_tezave_v_OS.pdf\">http:\/\/www.mss.gov.si\/fileadmin\/mss.gov.si\/pageuploads\/ministrstvo\/Publikacije\/Koncept_dela_Ucne_tezave_v_OS.pdf<\/a><\/p>\n<p><strong>Zakon o usmerjanju otrok s posebnimi potrebami<\/strong>, <a href=\"https:\/\/www.uradni-list.si\/glasilo-uradni-list-rs\/vsebina?urlid=200054&amp;stevilka=2496\">https:\/\/www.uradni-list.si\/glasilo-uradni-list-rs\/vsebina?urlid=200054&amp;stevilka=2496<\/a><\/p>\n","protected":false},"excerpt":{"rendered":"<p>Zakon o osnovni \u0161oli ZOsn (Ur. l. RS, \u0161t. 12\/1996) [&hellip;]<\/p>\n","protected":false},"author":24393,"featured_media":0,"parent":8598,"menu_order":5,"comment_status":"closed","ping_status":"closed","template":"","meta":{"ngg_post_thumbnail":0,"footnotes":""},"class_list":["post-9103","page","type-page","status-publish","hentry"],"_links":{"self":[{"href":"https:\/\/sola-poljane.splet.arnes.si\/index.php?rest_route=\/wp\/v2\/pages\/9103","targetHints":{"allow":["GET"]}}],"collection":[{"href":"https:\/\/sola-poljane.splet.arnes.si\/index.php?rest_route=\/wp\/v2\/pages"}],"about":[{"href":"https:\/\/sola-poljane.splet.arnes.si\/index.php?rest_route=\/wp\/v2\/types\/page"}],"author":[{"embeddable":true,"href":"https:\/\/sola-poljane.splet.arnes.si\/index.php?rest_route=\/wp\/v2\/users\/24393"}],"replies":[{"embeddable":true,"href":"https:\/\/sola-poljane.splet.arnes.si\/index.php?rest_route=%2Fwp%2Fv2%2Fcomments&post=9103"}],"version-history":[{"count":1,"href":"https:\/\/sola-poljane.splet.arnes.si\/index.php?rest_route=\/wp\/v2\/pages\/9103\/revisions"}],"predecessor-version":[{"id":9953,"href":"https:\/\/sola-poljane.splet.arnes.si\/index.php?rest_route=\/wp\/v2\/pages\/9103\/revisions\/9953"}],"up":[{"embeddable":true,"href":"https:\/\/sola-poljane.splet.arnes.si\/index.php?rest_route=\/wp\/v2\/pages\/8598"}],"wp:attachment":[{"href":"https:\/\/sola-poljane.splet.arnes.si\/index.php?rest_route=%2Fwp%2Fv2%2Fmedia&parent=9103"}],"curies":[{"name":"wp","href":"https:\/\/api.w.org\/{rel}","templated":true}]}}