{"id":9088,"date":"2018-06-20T05:57:09","date_gmt":"2018-06-20T04:57:09","guid":{"rendered":"http:\/\/www.sola-poljane.si\/cs\/?page_id=9088"},"modified":"2021-09-08T07:16:06","modified_gmt":"2021-09-08T05:16:06","slug":"prevozi","status":"publish","type":"page","link":"https:\/\/sola-poljane.splet.arnes.si\/?page_id=9088","title":{"rendered":"Prevozi"},"content":{"rendered":"\n<!-- iframe plugin v.5.2 wordpress.org\/plugins\/iframe\/ -->\n<iframe loading=\"lazy\" style=\"width: 100%; border: 0;\" src=\"https:\/\/drive.google.com\/a\/sola-poljane.si\/embeddedfolderview?id=1CLYSK_e8RxlPL6e7cCqg01_WwEORO9qy#list\" width=\"300\" 0=\"height=&quot;100&quot;&gt;\" height=\"500\" scrolling=\"yes\" class=\"iframe-class\" frameborder=\"0\" name=\"ARNES\"><\/iframe>\n\n<h3>Prometni re\u017eim v okolici \u0161ole<\/h3>\n<p>Nov prometni re\u017eim v okolici \u0161ole velja <strong><u>od 6. novembra 2017 dalje<\/u><\/strong>.<\/p>\n<ol>\n<li>\u0160oferji avtobusa in kombiniranih motornih vozil ustavljajo na skrajnem robu, na avtobusni postaji, tako da je mo\u017eno peljati mimo.<\/li>\n<li>U\u010denci, ki pridejo pred\u010dasno oziroma tisti, ki \u010dakajo na prevoz, se lahko zadr\u017eujejo samo pri de\u017eurnem u\u010ditelju, ki skrbi za u\u010dence voza\u010de.<\/li>\n<li>U\u010denci voza\u010di se odpravijo iz \u0161ole do mesta vstopa v avtobus ali kombi pet minut pred odhodom le-teh.<\/li>\n<li>U\u010denci voza\u010di vstopajo ali izstopajo v vozila izklju\u010dno na mestu, ki\u00a0 je <strong>ozna\u010deno\u00a0 &#8211; AP<\/strong>.<\/li>\n<li>Star\u0161i u\u010dencev od 2. do 9. razreda, ki sami pripeljete otroke v \u0161olo, poskrbite za varen prihod v \u0161olo &#8211; ustavljajte na <strong>ozna\u010denem mestu &#8211; AP<\/strong>.<\/li>\n<\/ol>\n<p><strong>Parkiri\u0161\u010de pred kro\u017ei\u0161\u010dem in pri igri\u0161\u010du je namenjeno delavcem, zaposlenim v Osnovni \u0161oli Poljane<\/strong>.<\/p>\n<p>&nbsp;<\/p>\n<h3>\u0160olski okoli\u0161<\/h3>\n<p>\u0160olski okoli\u0161 je natan\u010dno dolo\u010den z Odlokom o ustanovitvi javnega vzgojno-izobra\u017eevalnega zavoda Poljane, ki ga je sprejel in potrdil ob\u010dinski svet Ob\u010dine Gorenja vas \u2013 Poljane.<\/p>\n<p>Vklju\u010duje naselja v naslednjih krajevnih skupnostih:<\/p>\n<p>\u2022 KS Poljane,<br \/>\n\u2022 KS Javorje,<br \/>\n\u2022 KS Log.<\/p>\n<h3>Zagotovovljen prevoz<\/h3>\n<p>U\u010denci mati\u010dne \u0161ole, ki so od \u0161ole oddaljeni ve\u010d kot 4 km, imajo zagotovljen prevoz v \u0161olo in iz \u0161ole.<\/p>\n<h3>Varna pot v \u0161olo<\/h3>\n<p>U\u010denci naj v \u0161olo prihajajo pravo\u010dasno po stari cesti skozi Poljane. Veliko pozornost namenite prehodu \u010dez glavno cesto iz smeri Hotovlja, Predmost in pri sestopu iz avtobusa. U\u010denci prvega razreda naj nosijo okoli vratu rumeno rutko. Te u\u010dence ve\u010dkrat pospremite do \u0161ole in jih pou\u010dite o nevarnostih, ki pre\u017eijo nanje na poti v \u0161olo. V mraku naj nosijo svetla odbojna telesa (kresni\u010dke).<\/p>\n","protected":false},"excerpt":{"rendered":"<p>Prometni re\u017eim v okolici \u0161ole Nov prometni re\u017eim v okolici [&hellip;]<\/p>\n","protected":false},"author":1973,"featured_media":0,"parent":0,"menu_order":0,"comment_status":"closed","ping_status":"closed","template":"template-fullwidth.php","meta":{"ngg_post_thumbnail":0,"footnotes":""},"class_list":["post-9088","page","type-page","status-publish","hentry"],"_links":{"self":[{"href":"https:\/\/sola-poljane.splet.arnes.si\/index.php?rest_route=\/wp\/v2\/pages\/9088","targetHints":{"allow":["GET"]}}],"collection":[{"href":"https:\/\/sola-poljane.splet.arnes.si\/index.php?rest_route=\/wp\/v2\/pages"}],"about":[{"href":"https:\/\/sola-poljane.splet.arnes.si\/index.php?rest_route=\/wp\/v2\/types\/page"}],"author":[{"embeddable":true,"href":"https:\/\/sola-poljane.splet.arnes.si\/index.php?rest_route=\/wp\/v2\/users\/1973"}],"replies":[{"embeddable":true,"href":"https:\/\/sola-poljane.splet.arnes.si\/index.php?rest_route=%2Fwp%2Fv2%2Fcomments&post=9088"}],"version-history":[{"count":36,"href":"https:\/\/sola-poljane.splet.arnes.si\/index.php?rest_route=\/wp\/v2\/pages\/9088\/revisions"}],"predecessor-version":[{"id":22391,"href":"https:\/\/sola-poljane.splet.arnes.si\/index.php?rest_route=\/wp\/v2\/pages\/9088\/revisions\/22391"}],"wp:attachment":[{"href":"https:\/\/sola-poljane.splet.arnes.si\/index.php?rest_route=%2Fwp%2Fv2%2Fmedia&parent=9088"}],"curies":[{"name":"wp","href":"https:\/\/api.w.org\/{rel}","templated":true}]}}