{"id":9080,"date":"2018-06-20T05:33:26","date_gmt":"2018-06-20T03:33:26","guid":{"rendered":"http:\/\/www.sola-poljane.si\/cs\/?page_id=9080"},"modified":"2021-05-06T08:16:17","modified_gmt":"2021-05-06T06:16:17","slug":"simbioza","status":"publish","type":"page","link":"https:\/\/sola-poljane.splet.arnes.si\/?page_id=9080","title":{"rendered":"SIMBIOZA"},"content":{"rendered":"<p><a href=\"http:\/\/sola-poljane.splet.arnes.si\/?attachment_id=10161\" rel=\"attachment wp-att-10161\"><img loading=\"lazy\" decoding=\"async\" class=\"size-medium wp-image-10161 alignleft\" src=\"http:\/\/sola-poljane.splet.arnes.si\/files\/2018\/08\/SIMBIOZA-300x99.jpg\" alt=\"\" width=\"300\" height=\"99\" srcset=\"https:\/\/sola-poljane.splet.arnes.si\/files\/2018\/08\/SIMBIOZA-300x99.jpg 300w, https:\/\/sola-poljane.splet.arnes.si\/files\/2018\/08\/SIMBIOZA-167x55.jpg 167w, https:\/\/sola-poljane.splet.arnes.si\/files\/2018\/08\/SIMBIOZA.jpg 392w\" sizes=\"auto, (max-width: 300px) 100vw, 300px\" \/><\/a>\u0160ola \u017ee od pri\u010detka v letu 2011 aktivno sodeluje pri izvedbi projekta Simbioza. Osnovno poslanstvo Simbioze ostaja sodelovanje in prenos znanja med generacijami ter spodbujanje vse\u017eivljenjskega u\u010denja. Cilj projekta je dvig ra\u010dunalni\u0161ke pismenosti in zanimanje za u\u010denje e-ve\u0161\u010din med starej\u0161imi; \u017eeli jim pomagati pri (prvem) stiku z ra\u010dunalnikom in internetom. Po drugi strani med mladimi promovira vrednote prostovoljstva, odgovornosti in krepi proaktiven odnos do dru\u017ebe in lastne prihodnosti. Vsaka izku\u0161nja, do\u017eivetje namre\u010d \u0161teje.<\/p>\n<p>Poleg ra\u010dunalni\u0161tva pa je Simbioza \u0161e sinonim za medgeneracijsko dru\u017eenje v gibanju.<\/p>\n<p><strong>GIBANJE JE \u017dIVLJENJE IN \u017dIVLJENJE JE GIBANJE<\/strong><br \/>\nGibanje, telesna dejavnost, rekreacija in \u0161port so pomembne prvine kakovostnega \u017eivljenjskega sloga vseh prebivalcev Slovenije. Gibanje v vseh \u017eivljenjskih obdobjih pomembno obogati celovit \u017eivljenjski slog. \u017de davno odkrita skrivnost je, da prav vsebinska komponenta gibanja na celostni \u017eivljenjski poti primerno nagrajuje starej\u0161e z avtonomno in rado\u017eivo starostjo ter z energijo primerno obvladovanju te\u017eav duha in telesa. Pozitivno razmi\u0161ljanje in kakovosten \u017eivljenjski slog zgledno vplivata tudi na mlaj\u0161e generacije. Projekt nas bo povezal, da bomo pomembno prvino, telesno kulturo, udejanjili v celostnem kontekstu kakovostnega \u017eivljenjskega sloga prebivalcev Slovenije.<\/p>\n<p>\u017de enajsto leto se trudimo, da bi pridobili naziv Simbioza \u0161ola, kar pomeni, da se preko \u0161olskega leta medgeneracijsko dru\u017eimo v gibanju in ra\u010dunalni\u0161kih delavnicah. Letos nam izvajanje kroji epidemija koronavirusa COVID 19, zato smo dolo\u010dene dejavnosti preselili na splet. Verjamemo, da nam bo uspelo.<\/p>\n<a href=\"http:\/\/sola-poljane.splet.arnes.si\/?page_id=21721\"class=\"wpz-sc-button\" style=\";background:#db6b1b;border-color:#8a858a\"><span class=\"wpz-\">SIMBIOZA GIBANJE IN GIBALNE DEJAVNOSTI<\/span><\/a>\n<a href=\"http:\/\/sola-poljane.splet.arnes.si\/?page_id=21723\"class=\"wpz-sc-button\" style=\";background:#db6b1b;border-color:#8a858a\"><span class=\"wpz-\">SIMBIOZA RA\u010cUNALNI\u0160KO OPISMENJEVANJE <\/span><\/a>\n<p>&nbsp;<\/p>\n<figure id=\"attachment_21739\" aria-describedby=\"caption-attachment-21739\" style=\"width: 212px\" class=\"wp-caption alignnone\"><a href=\"https:\/\/simbioza.eu\/wp-content\/uploads\/2021\/01\/Knji%C5%BEica-receptov-Simbioza-december-2020-1.pdf\" target=\"_blank\" rel=\"noopener noreferrer\"><img loading=\"lazy\" decoding=\"async\" class=\"wp-image-21739 size-medium\" src=\"http:\/\/sola-poljane.splet.arnes.si\/files\/2021\/05\/NASLOVNICA-KNJIGE-RECEPTOV_SLIKA-212x300.png\" alt=\"SIMBIOZA KNJI\u017dICA RECEPTOV\" width=\"212\" height=\"300\" srcset=\"https:\/\/sola-poljane.splet.arnes.si\/files\/2021\/05\/NASLOVNICA-KNJIGE-RECEPTOV_SLIKA-212x300.png 212w, https:\/\/sola-poljane.splet.arnes.si\/files\/2021\/05\/NASLOVNICA-KNJIGE-RECEPTOV_SLIKA-724x1024.png 724w, https:\/\/sola-poljane.splet.arnes.si\/files\/2021\/05\/NASLOVNICA-KNJIGE-RECEPTOV_SLIKA-768x1086.png 768w, https:\/\/sola-poljane.splet.arnes.si\/files\/2021\/05\/NASLOVNICA-KNJIGE-RECEPTOV_SLIKA-39x55.png 39w, https:\/\/sola-poljane.splet.arnes.si\/files\/2021\/05\/NASLOVNICA-KNJIGE-RECEPTOV_SLIKA-1086x1536.png 1086w, https:\/\/sola-poljane.splet.arnes.si\/files\/2021\/05\/NASLOVNICA-KNJIGE-RECEPTOV_SLIKA-947x1339.png 947w, https:\/\/sola-poljane.splet.arnes.si\/files\/2021\/05\/NASLOVNICA-KNJIGE-RECEPTOV_SLIKA-624x883.png 624w, https:\/\/sola-poljane.splet.arnes.si\/files\/2021\/05\/NASLOVNICA-KNJIGE-RECEPTOV_SLIKA.png 1414w\" sizes=\"auto, (max-width: 212px) 100vw, 212px\" \/><\/a><figcaption id=\"caption-attachment-21739\" class=\"wp-caption-text\">KNJI\u017dICA VSEBUJE VE\u010c KOT 1000 RECEPTOV, KI SMO JIH PRISPEVALI MENTORJI IN U\u010cENCI VZGOJNO-IZOBRA\u017dEVALNIH USTANOV IZ SLOVENIJE.<\/figcaption><\/figure>\n<p>&nbsp;<\/p>\n","protected":false},"excerpt":{"rendered":"<p>\u0160ola \u017ee od pri\u010detka v letu 2011 aktivno sodeluje pri [&hellip;]<\/p>\n","protected":false},"author":79636,"featured_media":9343,"parent":8596,"menu_order":6,"comment_status":"closed","ping_status":"closed","template":"","meta":{"ngg_post_thumbnail":0,"footnotes":""},"class_list":["post-9080","page","type-page","status-publish","has-post-thumbnail","hentry"],"_links":{"self":[{"href":"https:\/\/sola-poljane.splet.arnes.si\/index.php?rest_route=\/wp\/v2\/pages\/9080","targetHints":{"allow":["GET"]}}],"collection":[{"href":"https:\/\/sola-poljane.splet.arnes.si\/index.php?rest_route=\/wp\/v2\/pages"}],"about":[{"href":"https:\/\/sola-poljane.splet.arnes.si\/index.php?rest_route=\/wp\/v2\/types\/page"}],"author":[{"embeddable":true,"href":"https:\/\/sola-poljane.splet.arnes.si\/index.php?rest_route=\/wp\/v2\/users\/79636"}],"replies":[{"embeddable":true,"href":"https:\/\/sola-poljane.splet.arnes.si\/index.php?rest_route=%2Fwp%2Fv2%2Fcomments&post=9080"}],"version-history":[{"count":17,"href":"https:\/\/sola-poljane.splet.arnes.si\/index.php?rest_route=\/wp\/v2\/pages\/9080\/revisions"}],"predecessor-version":[{"id":21740,"href":"https:\/\/sola-poljane.splet.arnes.si\/index.php?rest_route=\/wp\/v2\/pages\/9080\/revisions\/21740"}],"up":[{"embeddable":true,"href":"https:\/\/sola-poljane.splet.arnes.si\/index.php?rest_route=\/wp\/v2\/pages\/8596"}],"wp:featuredmedia":[{"embeddable":true,"href":"https:\/\/sola-poljane.splet.arnes.si\/index.php?rest_route=\/wp\/v2\/media\/9343"}],"wp:attachment":[{"href":"https:\/\/sola-poljane.splet.arnes.si\/index.php?rest_route=%2Fwp%2Fv2%2Fmedia&parent=9080"}],"curies":[{"name":"wp","href":"https:\/\/api.w.org\/{rel}","templated":true}]}}