{"id":8732,"date":"2018-04-26T06:17:21","date_gmt":"2018-04-26T05:17:21","guid":{"rendered":"http:\/\/ospoljane.modri.net\/?page_id=8732"},"modified":"2025-09-10T10:55:23","modified_gmt":"2025-09-10T08:55:23","slug":"odjava-posameznih-obrokov","status":"publish","type":"page","link":"https:\/\/sola-poljane.splet.arnes.si\/?page_id=8732","title":{"rendered":"Odjava posameznih obrokov"},"content":{"rendered":"<a href=\"http:\/\/sola-poljane.splet.arnes.si\/?page_id=8658\"class=\"wpz-sc-button small\" style=\";background:#378dbd\"><span><i class=\"fa fa-cutlery\" style=\"padding-right:6px;\"><\/i>Splo\u0161ne informacije<\/span><\/a>\n<a href=\"http:\/\/sola-poljane.splet.arnes.si\/?page_id=8660\"class=\"wpz-sc-button small\" style=\";background:#378dbd\"><span><i class=\"fa fa-cutlery\" style=\"padding-right:6px;\"><\/i>Obroki in cenik<\/span><\/a>\n<a href=\"http:\/\/sola-poljane.splet.arnes.si\/?page_id=8729\"class=\"wpz-sc-button small\" style=\";background:#378dbd\"><span><i class=\"fa fa-cutlery\" style=\"padding-right:6px;\"><\/i>Prijava na \u0161olsko prehrano<\/span><\/a>\n<a href=\"http:\/\/sola-poljane.splet.arnes.si\/?page_id=48621\"class=\"wpz-sc-button small\" style=\";background:#378dbd\"><span><i class=\"fa fa-cutlery\" style=\"padding-right:6px;\"><\/i>Odjava posameznih obrokov<\/span><\/a>\n<a href=\"http:\/\/sola-poljane.splet.arnes.si\/?page_id=8723\"class=\"wpz-sc-button small\" style=\";background:#378dbd\"><span><i class=\"fa fa-cutlery\" style=\"padding-right:6px;\"><\/i>Subvencioniranje prehrane<\/span><\/a>\n<a href=\"http:\/\/sola-poljane.splet.arnes.si\/?page_id=8715\"class=\"wpz-sc-button small\" style=\";background:#378dbd\"><span><i class=\"fa fa-cutlery\" style=\"padding-right:6px;\"><\/i>Dietna prehrana<\/span><\/a>\n<a href=\"http:\/\/sola-poljane.splet.arnes.si\/?page_id=8662\"class=\"wpz-sc-button small\" style=\";background:#378dbd\"><span><i class=\"fa fa-cutlery\" style=\"padding-right:6px;\"><\/i>Ozna\u010devanje alergenov<\/span><\/a>\n<a href=\"http:\/\/sola-poljane.splet.arnes.si\/?page_id=8756\"class=\"wpz-sc-button small\" style=\";background:#378dbd\"><span><i class=\"fa fa-cutlery\" style=\"padding-right:6px;\"><\/i>Jedilniki<\/span><\/a>\n<a href=\"http:\/\/sola-poljane.splet.arnes.si\/?page_id=8597\"class=\"wpz-sc-button small\" style=\";background:#378dbd\"><span><i class=\"fa fa-cutlery\" style=\"padding-right:6px;\"><\/i>Projekt \u0160OLSKA SHEMA<\/span><\/a>\n<a href=\"http:\/\/sola-poljane.splet.arnes.si\/?page_id=41251\"class=\"wpz-sc-button small\" style=\";background:#378dbd\"><span><i class=\"fa fa-cutlery\" style=\"padding-right:6px;\"><\/i>Prehranske smernice<\/span><\/a>\n<p>A) Posamezne obroke v primeru odsotnosti u\u010denca je obvezno potrebno odjaviti. <strong>V primeru, da ne odjavijo posameznega obroka, <\/strong><strong>star\u0161i oz. skrbniki <\/strong><strong>pla\u010dajo polno ceno obroka<\/strong>.<\/p>\n<p>B) Za dneve dejavnosti, ki jih v okviru pouka izvaja \u0161ola, odjavo opravi vodja dneva dejavnosti.<\/p>\n<p>\u010ce je bila odjava obrkov podana <strong>pravo\u010dasno<\/strong>, velja <strong>odjava z naslednjim dnem po prejemu oz. z dnem, ki ga dolo\u010di oseba, ki je podala odjavo<\/strong>.<\/p>\n<hr>\n<h4><span style=\"color: #800000\">Odjave posameznih obrokov na O\u0160 Poljane<\/span><\/h4>\n<ul>\n<li>Odjava mora biti opravljena <strong>do 8:30 ure zjutraj<\/strong>.<\/li>\n<li>Ob odjavi je potrebno navesti ime in priimek u\u010denca, razred, za katere obroke gre in obdobje odjave.<\/li>\n<li>Odjava obrokov za nazaj ni mogo\u010da.<\/li>\n<\/ul>\n<p>Odjavo na <strong>mati\u010dni \u0161oli v Poljanah<\/strong> lahko opravite na ve\u010d na\u010dinov:<\/p>\n<ul>\n<li>s klicem na telefonsko \u0161tevilko <strong>knjigovodstva<\/strong> <strong>04\/50 70 514;<\/strong>,<\/li>\n<li>z elektronsko po\u0161to na naslov:<strong>p&#114;&#x65;&#x68;r&#97;&#110;&#x61;&#x40;s&#111;&#108;&#x61;&#x2d;p&#111;&#x6c;&#x6a;&#x61;n&#101;&#x2e;&#x73;i; <\/strong><\/li>\n<li>z <strong>vpisom v publikacijo<\/strong>, ki jo u\u010denec prinese v knjigovodstvo.<\/li>\n<\/ul>\n<p><strong>Prosimo vas, da odjavo dietnih obrokov sporo\u010dite \u0161e direktno v kuhinjo:<\/strong><\/p>\n<ul>\n<li>na <strong>telefonsko \u0161tevilko 04\/50 70 519<\/strong> ali<\/li>\n<li>elektronski naslov: <strong>&#109;&#x61;&#114;&#x74;&#105;&#x6e;a&#x2e;d&#x6f;l&#105;&#x6e;&#97;&#x72;&#64;&#x73;&#111;&#x6c;a&#x2d;p&#x6f;l&#106;&#x61;&#110;&#x65;&#46;&#x73;&#105;<\/strong>.<\/li>\n<\/ul>\n<p><img loading=\"lazy\" decoding=\"async\" class=\"aligncenter size-full wp-image-14733\" src=\"http:\/\/sola-poljane.splet.arnes.si\/files\/2019\/09\/Odjava-dietnih-obrokov19.jpg\" alt=\"\" width=\"773\" height=\"484\" srcset=\"https:\/\/sola-poljane.splet.arnes.si\/files\/2019\/09\/Odjava-dietnih-obrokov19.jpg 773w, https:\/\/sola-poljane.splet.arnes.si\/files\/2019\/09\/Odjava-dietnih-obrokov19-300x188.jpg 300w, https:\/\/sola-poljane.splet.arnes.si\/files\/2019\/09\/Odjava-dietnih-obrokov19-768x481.jpg 768w, https:\/\/sola-poljane.splet.arnes.si\/files\/2019\/09\/Odjava-dietnih-obrokov19-88x55.jpg 88w, https:\/\/sola-poljane.splet.arnes.si\/files\/2019\/09\/Odjava-dietnih-obrokov19-624x391.jpg 624w\" sizes=\"auto, (max-width: 773px) 100vw, 773px\" \/><\/p>\n<hr>\n<h4><span style=\"color: #800000\">Odjave posameznih obrokov na P\u0160 Javorje<\/span><\/h4>\n<ul>\n<li>Odjava mora biti opravljena <strong>do 7:30 ure zjutraj<\/strong>.<\/li>\n<li>Ob odjavi je potrebno navesti ime in priimek u\u010denca, razred, za katere obroke gre in obdobje odjave.<\/li>\n<li>Odjava obrokov za nazaj ni mogo\u010da.<\/li>\n<\/ul>\n<p>Odjavo posameznih obrokov na <strong>podru\u017eni\u010dni \u0161oli v Javorjah<\/strong> uredite s klicem na telefonsko \u0161tevilko P\u0160 Javorje: <strong>04\/50 70 501<\/strong>.<\/p>\n<p>&nbsp;<\/p>\n<p>&nbsp;<\/p>\n","protected":false},"excerpt":{"rendered":"<p>A) Posamezne obroke v primeru odsotnosti u\u010denca je obvezno potrebno [&hellip;]<\/p>\n","protected":false},"author":1973,"featured_media":0,"parent":8658,"menu_order":3,"comment_status":"closed","ping_status":"closed","template":"","meta":{"ngg_post_thumbnail":0,"footnotes":""},"class_list":["post-8732","page","type-page","status-publish","hentry"],"_links":{"self":[{"href":"https:\/\/sola-poljane.splet.arnes.si\/index.php?rest_route=\/wp\/v2\/pages\/8732","targetHints":{"allow":["GET"]}}],"collection":[{"href":"https:\/\/sola-poljane.splet.arnes.si\/index.php?rest_route=\/wp\/v2\/pages"}],"about":[{"href":"https:\/\/sola-poljane.splet.arnes.si\/index.php?rest_route=\/wp\/v2\/types\/page"}],"author":[{"embeddable":true,"href":"https:\/\/sola-poljane.splet.arnes.si\/index.php?rest_route=\/wp\/v2\/users\/1973"}],"replies":[{"embeddable":true,"href":"https:\/\/sola-poljane.splet.arnes.si\/index.php?rest_route=%2Fwp%2Fv2%2Fcomments&post=8732"}],"version-history":[{"count":12,"href":"https:\/\/sola-poljane.splet.arnes.si\/index.php?rest_route=\/wp\/v2\/pages\/8732\/revisions"}],"predecessor-version":[{"id":48960,"href":"https:\/\/sola-poljane.splet.arnes.si\/index.php?rest_route=\/wp\/v2\/pages\/8732\/revisions\/48960"}],"up":[{"embeddable":true,"href":"https:\/\/sola-poljane.splet.arnes.si\/index.php?rest_route=\/wp\/v2\/pages\/8658"}],"wp:attachment":[{"href":"https:\/\/sola-poljane.splet.arnes.si\/index.php?rest_route=%2Fwp%2Fv2%2Fmedia&parent=8732"}],"curies":[{"name":"wp","href":"https:\/\/api.w.org\/{rel}","templated":true}]}}