{"id":8729,"date":"2018-04-26T06:10:53","date_gmt":"2018-04-26T05:10:53","guid":{"rendered":"http:\/\/ospoljane.modri.net\/?page_id=8729"},"modified":"2025-09-12T11:59:01","modified_gmt":"2025-09-12T09:59:01","slug":"prijava-na-solsko-prehrano","status":"publish","type":"page","link":"https:\/\/sola-poljane.splet.arnes.si\/?page_id=8729","title":{"rendered":"Prijava na \u0161olsko prehrano"},"content":{"rendered":"<a href=\"http:\/\/sola-poljane.splet.arnes.si\/?page_id=8658\"class=\"wpz-sc-button small\" style=\";background:#378dbd\"><span><i class=\"fa fa-cutlery\" style=\"padding-right:6px;\"><\/i>Splo\u0161ne informacije<\/span><\/a>\n<a href=\"http:\/\/sola-poljane.splet.arnes.si\/?page_id=8660\"class=\"wpz-sc-button small\" style=\";background:#378dbd\"><span><i class=\"fa fa-cutlery\" style=\"padding-right:6px;\"><\/i>Obroki in cenik<\/span><\/a>\n<a href=\"http:\/\/sola-poljane.splet.arnes.si\/?page_id=8729\"class=\"wpz-sc-button small\" style=\";background:#378dbd\"><span><i class=\"fa fa-cutlery\" style=\"padding-right:6px;\"><\/i>Prijava na \u0161olsko prehrano<\/span><\/a>\n<a href=\"http:\/\/sola-poljane.splet.arnes.si\/?page_id=48621\"class=\"wpz-sc-button small\" style=\";background:#378dbd\"><span><i class=\"fa fa-cutlery\" style=\"padding-right:6px;\"><\/i>Odjava posameznih obrokov<\/span><\/a>\n<a href=\"http:\/\/sola-poljane.splet.arnes.si\/?page_id=8723\"class=\"wpz-sc-button small\" style=\";background:#378dbd\"><span><i class=\"fa fa-cutlery\" style=\"padding-right:6px;\"><\/i>Subvencioniranje prehrane<\/span><\/a>\n<a href=\"http:\/\/sola-poljane.splet.arnes.si\/?page_id=8715\"class=\"wpz-sc-button small\" style=\";background:#378dbd\"><span><i class=\"fa fa-cutlery\" style=\"padding-right:6px;\"><\/i>Dietna prehrana<\/span><\/a>\n<a href=\"http:\/\/sola-poljane.splet.arnes.si\/?page_id=8662\"class=\"wpz-sc-button small\" style=\";background:#378dbd\"><span><i class=\"fa fa-cutlery\" style=\"padding-right:6px;\"><\/i>Ozna\u010devanje alergenov<\/span><\/a>\n<a href=\"http:\/\/sola-poljane.splet.arnes.si\/?page_id=8756\"class=\"wpz-sc-button small\" style=\";background:#378dbd\"><span><i class=\"fa fa-cutlery\" style=\"padding-right:6px;\"><\/i>Jedilniki<\/span><\/a>\n<a href=\"http:\/\/sola-poljane.splet.arnes.si\/?page_id=8597\"class=\"wpz-sc-button small\" style=\";background:#378dbd\"><span><i class=\"fa fa-cutlery\" style=\"padding-right:6px;\"><\/i>Projekt \u0160OLSKA SHEMA<\/span><\/a>\n<a href=\"http:\/\/sola-poljane.splet.arnes.si\/?page_id=41251\"class=\"wpz-sc-button small\" style=\";background:#378dbd\"><span><i class=\"fa fa-cutlery\" style=\"padding-right:6px;\"><\/i>Prehranske smernice<\/span><\/a>\n<p><strong>Vsako \u0161olsko leto<\/strong> je potrebno za kori\u0161\u010denje prehrane izpolniti predpisani obrazec za prijavo na \u0161olsko prehrano.<\/p>\n<p><strong>Vkolikor u\u010denec ni prijavljen na prehrano s predpisanim obrazcem, subvencije za prehrano ni mo\u017eno uveljavljati, \u010detudi ta u\u010dencu pripada.<\/strong><\/p>\n<p>&nbsp;<\/p>\n<p>&nbsp;<\/p>\n<h4><span style=\"color: #993300\"><strong>NARO\u010cANJE NA <u>OB\u010cASNO KOSILO IN POPOLDANSKO MALICO<\/u><\/strong><\/span><\/h4>\n<ul>\n<li>Potrebna je predhodna prijava preko obrazca <em>Prijava u\u010denca na \u0161olsko prehrano (objavljen na spletni strani \u0161ole)<\/em>, ki ga u\u010denec <span style=\"text-decoration: underline\"><strong>prinese v knjigovodstvo<\/strong><\/span> (tudi v primeru prevzema obroka le enkrat tedensko).<\/li>\n<\/ul>\n<p><em>V primeru, da bo u\u010denec\/ka imel\/a kosilo npr.: v ponedeljek, torek in petek \u2013 na obrazcu Prijava u\u010denca na \u0161olsko prehrano <u>ozna\u010dite kosilo ter dopi\u0161ite ob\u010dasno kosilo ob ponedeljkih, torkih in petkih. <\/u>Obrazec u\u010denec\/ka prinese <u>v knjigovodstvo \u0161ole, kjer dobi klju\u010dek za evidentiranje.<\/u><\/em><\/p>\n<p><em>V primeru, da bo u\u010denec\/ka imel\/a kosilo npr.: ob ponedeljkih \u2013 na obrazcu Prijava u\u010denca na \u0161olsko prehrano ozna\u010dite kosilo ter dopi\u0161ite ob\u010dasno kosilo ob ponedeljkih. Obrazec u\u010denec\/ka prinese <u>v knjigovodstvo \u0161ole<\/u>, kjer dobi klju\u010dek za evidentiranje.<\/em><\/p>\n<p><em>V primeru, da bo u\u010denec\/ka imel\/a kosilo le trikrat letno, je prav tako potrebno izpolniti obrazec Prijava u\u010denca na \u0161olsko prehrano, kjer ozna\u010dite kosilo, dopi\u0161ete ob\u010dasno kosilo in dan v tednu. Obrazec u\u010denec\/ka prinese <u>v knjigovodstvo \u0161ole<\/u>. Kdor ima ob\u010dasno kosilo le trikrat letno, ne dobi klju\u010dka, ampak ga vsaki\u010d znova ob prijavi pride iskat v knjigovodstvo \u0161ole in ga tja isti dan tudi vrne.<\/em><\/p>\n<p><em>Enako velja v primeru ob\u010dasne popoldanske malice. Ob\u010dasna popoldanska malica se evidentira avtomatsko in ne s klju\u010dki.<\/em><\/p>\n<ul>\n<li>Ko bo prijava oddana in vne\u0161ena v sistem, boste imeli mo\u017enost samostojnega urejanja prehrane za va\u0161ega otroka. Vse spremembe (prijave, odjave, spremembe obrokov) lahko nato urejate preko va\u0161ega star\u0161evskega dostopa v eAsistentu <strong>najmanj en dan prej do 8. ure.<\/strong><\/li>\n<\/ul>\n<p><strong>V primeru dodatnih vpra\u0161anj smo dosegljivi na telefonski \u0161tevilki knjigovodstva 04\/50 70 514.<\/strong><\/p>\n<p>&nbsp;<\/p>\n<div class=\"wpz-sc-box info  rounded \">Preklic prijave<\/div>\n<p><strong>V primeru, da \u017eelite preklicati prijavo na \u0161olsko prehrano<\/strong>, je potrebno to opraviti s <strong>predpisanim obrazcem<\/strong>.<\/p>\n<div class=\"wpz-sc-box download  rounded \">Povezave<\/div>\n<p>Predpisane obrazce dobite na <a href=\"http:\/\/sola-poljane.splet.arnes.si\/?page_id=10373\">povezavi do obrazcev in vlog<\/a>.<\/p>\n","protected":false},"excerpt":{"rendered":"<p>Vsako \u0161olsko leto je potrebno za kori\u0161\u010denje prehrane izpolniti predpisani [&hellip;]<\/p>\n","protected":false},"author":1973,"featured_media":0,"parent":8658,"menu_order":2,"comment_status":"closed","ping_status":"closed","template":"","meta":{"ngg_post_thumbnail":0,"footnotes":""},"class_list":["post-8729","page","type-page","status-publish","hentry"],"_links":{"self":[{"href":"https:\/\/sola-poljane.splet.arnes.si\/index.php?rest_route=\/wp\/v2\/pages\/8729","targetHints":{"allow":["GET"]}}],"collection":[{"href":"https:\/\/sola-poljane.splet.arnes.si\/index.php?rest_route=\/wp\/v2\/pages"}],"about":[{"href":"https:\/\/sola-poljane.splet.arnes.si\/index.php?rest_route=\/wp\/v2\/types\/page"}],"author":[{"embeddable":true,"href":"https:\/\/sola-poljane.splet.arnes.si\/index.php?rest_route=\/wp\/v2\/users\/1973"}],"replies":[{"embeddable":true,"href":"https:\/\/sola-poljane.splet.arnes.si\/index.php?rest_route=%2Fwp%2Fv2%2Fcomments&post=8729"}],"version-history":[{"count":13,"href":"https:\/\/sola-poljane.splet.arnes.si\/index.php?rest_route=\/wp\/v2\/pages\/8729\/revisions"}],"predecessor-version":[{"id":48996,"href":"https:\/\/sola-poljane.splet.arnes.si\/index.php?rest_route=\/wp\/v2\/pages\/8729\/revisions\/48996"}],"up":[{"embeddable":true,"href":"https:\/\/sola-poljane.splet.arnes.si\/index.php?rest_route=\/wp\/v2\/pages\/8658"}],"wp:attachment":[{"href":"https:\/\/sola-poljane.splet.arnes.si\/index.php?rest_route=%2Fwp%2Fv2%2Fmedia&parent=8729"}],"curies":[{"name":"wp","href":"https:\/\/api.w.org\/{rel}","templated":true}]}}