{"id":8723,"date":"2018-04-26T05:54:17","date_gmt":"2018-04-26T04:54:17","guid":{"rendered":"http:\/\/ospoljane.modri.net\/?page_id=8723"},"modified":"2025-09-25T11:16:24","modified_gmt":"2025-09-25T09:16:24","slug":"subvencioniranje-prehrane","status":"publish","type":"page","link":"https:\/\/sola-poljane.splet.arnes.si\/?page_id=8723","title":{"rendered":"Subvencioniranje prehrane"},"content":{"rendered":"<a href=\"http:\/\/sola-poljane.splet.arnes.si\/?page_id=8658\"class=\"wpz-sc-button small\" style=\";background:#378dbd\"><span><i class=\"fa fa-cutlery\" style=\"padding-right:6px;\"><\/i>Splo\u0161ne informacije<\/span><\/a>\n<a href=\"http:\/\/sola-poljane.splet.arnes.si\/?page_id=8660\"class=\"wpz-sc-button small\" style=\";background:#378dbd\"><span><i class=\"fa fa-cutlery\" style=\"padding-right:6px;\"><\/i>Obroki in cenik<\/span><\/a>\n<a href=\"http:\/\/sola-poljane.splet.arnes.si\/?page_id=8729\"class=\"wpz-sc-button small\" style=\";background:#378dbd\"><span><i class=\"fa fa-cutlery\" style=\"padding-right:6px;\"><\/i>Prijava na \u0161olsko prehrano<\/span><\/a>\n<a href=\"http:\/\/sola-poljane.splet.arnes.si\/?page_id=48621\"class=\"wpz-sc-button small\" style=\";background:#378dbd\"><span><i class=\"fa fa-cutlery\" style=\"padding-right:6px;\"><\/i>Odjava posameznih obrokov<\/span><\/a>\n<a href=\"http:\/\/sola-poljane.splet.arnes.si\/?page_id=8723\"class=\"wpz-sc-button small\" style=\";background:#378dbd\"><span><i class=\"fa fa-cutlery\" style=\"padding-right:6px;\"><\/i>Subvencioniranje prehrane<\/span><\/a>\n<a href=\"http:\/\/sola-poljane.splet.arnes.si\/?page_id=8715\"class=\"wpz-sc-button small\" style=\";background:#378dbd\"><span><i class=\"fa fa-cutlery\" style=\"padding-right:6px;\"><\/i>Dietna prehrana<\/span><\/a>\n<a href=\"http:\/\/sola-poljane.splet.arnes.si\/?page_id=8662\"class=\"wpz-sc-button small\" style=\";background:#378dbd\"><span><i class=\"fa fa-cutlery\" style=\"padding-right:6px;\"><\/i>Ozna\u010devanje alergenov<\/span><\/a>\n<a href=\"http:\/\/sola-poljane.splet.arnes.si\/?page_id=8756\"class=\"wpz-sc-button small\" style=\";background:#378dbd\"><span><i class=\"fa fa-cutlery\" style=\"padding-right:6px;\"><\/i>Jedilniki<\/span><\/a>\n<a href=\"http:\/\/sola-poljane.splet.arnes.si\/?page_id=8597\"class=\"wpz-sc-button small\" style=\";background:#378dbd\"><span><i class=\"fa fa-cutlery\" style=\"padding-right:6px;\"><\/i>Projekt \u0160OLSKA SHEMA<\/span><\/a>\n<a href=\"http:\/\/sola-poljane.splet.arnes.si\/?page_id=41251\"class=\"wpz-sc-button small\" style=\";background:#378dbd\"><span><i class=\"fa fa-cutlery\" style=\"padding-right:6px;\"><\/i>Prehranske smernice<\/span><\/a>\n<ol>\n<li>Subvencioniranje prehrane v osnovni \u0161oli ureja <a href=\"http:\/\/www.pisrs.si\/Pis.web\/pregledPredpisa?id=ZAKO4780\">Zakon o uveljavljanju pravic iz javnih sredstev (ZUPJS)<\/a>&nbsp;v povezavi z&nbsp;<a href=\"http:\/\/pisrs.si\/Pis.web\/pregledPredpisa?id=ZAKO6564\">Zakonom o \u0161olski prehrani (Z\u0160olPre-1)<\/a>.<\/li>\n<li>Meje dohodkovnih razredov se usklajujejo enkrat letno z odredbo.&nbsp;<br \/>\n<a href=\"https:\/\/www.uradni-list.si\/glasilo-uradni-list-rs\/vsebina\/2025-01-0177\">Odredba o uskladitvi mej dohodkov za letne pravice za leto 2025<\/a><\/li>\n<li>Vse o&nbsp; subvencioniranju \u0161olske prehrane si lahko preberete na spodnji povezavi:<br \/>\n<a href=\"https:\/\/www.gov.si\/teme\/subvencija-prehrane-za-ucence-in-dijake\/\">https:\/\/www.gov.si\/teme\/subvencija-prehrane-za-ucence-in-dijake\/<\/a><\/li>\n<\/ol>\n<h4><span style=\"color: #800000\">1. POLNA SUBVENCIJA MALICE<\/span><\/h4>\n<p>Do polne subvencije oziroma brezpla\u010dne malice so upravi\u010deni u\u010denci v dru\u017einah, katerih povpre\u010dni mese\u010dni dohodek na osebo, ugotovljen v odlo\u010dbi o otro\u0161kem dodatku, <strong>ne presega<\/strong> zgornje meje<strong> 5. dohodkovnega razreda<\/strong>, ki za<strong> leto 2024<\/strong>&nbsp;zna\u0161a<strong> 679,51 EUR<\/strong> (25. \u010dlen <a href=\"http:\/\/www.pisrs.si\/Pis.web\/pregledPredpisa?id=ZAKO4780\">ZUPJS<\/a> ter 1. \u010dlen <a href=\"http:\/\/www.pisrs.si\/Pis.web\/pregledPredpisa?id=ODRE2818\">Odredbe o uskaditvi mej<\/a>) .<\/p>\n<h5><span style=\"color: #800000\">&nbsp;SUBVENCIJA MALICE OTROKOM V REJNI\u0160TVU<\/span><\/h5>\n<p>Ne glede na dolo\u010dbo 25. \u010dlena pripada polna subvencija malice tudi vsem u\u010dencem, ki so v rejni\u0161tvu ali so prosilci za mednarodno za\u0161\u010dito. Malica je za te u\u010dence v vsakem primeru brezpla\u010dna.<\/p>\n<h4><span style=\"color: #800000\">2. <span style=\"text-decoration: underline\"><strong>POLNA<\/strong><\/span> SUBVENCIJA KOSILA<\/span><\/h4>\n<p><strong><span style=\"color: #ff0000\">Od 1. 9. 2023<\/span><\/strong> dalje so po <a href=\"https:\/\/www.uradni-list.si\/glasilo-uradni-list-rs\/vsebina\/2023-01-2391?sop=2023-01-2391\">zakonu o spremembah in dopolnitvah Zakona o \u0161olski prehrani (Z\u0160olPre-1B)<\/a> do polne subvencije oziroma brezpla\u010dnega kosila upravi\u010deni u\u010denci v dru\u017einah, katerih povpre\u010dni mese\u010dni dohodek na osebo, ugotovljen v odlo\u010dbi o otro\u0161kem dodatku, <strong>ne presega<\/strong> zgornje meje<strong> 4. dohodkovnega razreda <\/strong>(<a href=\"https:\/\/www.uradni-list.si\/glasilo-uradni-list-rs\/vsebina\/2023-01-2391?sop=2023-01-2391\">7. \u010dlen Z\u0160olPre-1B<\/a>).<\/p>\n<p><span style=\"color: #800000;font-size: 18px;font-weight: 600\">3. <\/span><span style=\"text-decoration: underline\"><strong>DELNA<\/strong><\/span><span style=\"color: #800000;font-size: 18px;font-weight: 600\"> SUBVENCIJA KOSILA<\/span><\/p>\n<p>V obdobju od 1. septembra 2024 do 1. septembra 2027 subvencija kosila v vi\u0161ini 50 % cene kosila pripada u\u010dencem, ki se redno \u0161olajo, so prijavljeni na kosilo in pri katerih povpre\u010dni mese\u010dni dohodek na osebo, ugotovljen v odlo\u010dbi o otro\u0161kem dodatku, <strong>presega zgornjo mejo 4. dohodkovnega razreda in ne presega zgornje meje 5. dohodkovnega razreda<\/strong>, kot je opredeljen v zakonu, ki ureja uveljavljanje pravic iz javnih sredstev.<\/p>\n<p>Do delne subvencije kosila so od 1. 9. 2024 torej upravi\u010deni tudi u\u010denci v dru\u017einah, katerih povpre\u010dni mese\u010dni dohodek na osebo, ugotovljen v odlo\u010dbi o otro\u0161kem dodatku, za <strong>leto 2024<\/strong>&nbsp; ne presega <strong>679,51 EUR<\/strong>&nbsp;(25. \u010dlen <a href=\"http:\/\/www.pisrs.si\/Pis.web\/pregledPredpisa?id=ZAKO4780\">ZUPJS<\/a> ter 1. \u010dlen <a href=\"http:\/\/www.pisrs.si\/Pis.web\/pregledPredpisa?id=ODRE2818\">Odredbe o uskaditvi mej<\/a>).<\/p>\n<h4><span style=\"color: #800000\">4. POGOJ ZA SUBVENCIJO PREHRANE<br \/>\n<\/span><\/h4>\n<p>Pogoj za subvencijo prehrane u\u010dencu je:<\/p>\n<ul>\n<li>da se u\u010denci redno izobra\u017eujejo,<\/li>\n<li>da so <strong>prijavljeni<\/strong> na posamezne obroke s <strong>predpisanim obrazcem;<\/strong><\/li>\n<li>da imajo star\u0161i oz. skrbniki <strong>veljavno odlo\u010dbo o otro\u0161kem dodatku<\/strong>.<\/li>\n<\/ul>\n","protected":false},"excerpt":{"rendered":"<p>Subvencioniranje prehrane v osnovni \u0161oli ureja Zakon o uveljavljanju pravic [&hellip;]<\/p>\n","protected":false},"author":1973,"featured_media":0,"parent":8658,"menu_order":4,"comment_status":"closed","ping_status":"closed","template":"","meta":{"ngg_post_thumbnail":0,"footnotes":""},"class_list":["post-8723","page","type-page","status-publish","hentry"],"_links":{"self":[{"href":"https:\/\/sola-poljane.splet.arnes.si\/index.php?rest_route=\/wp\/v2\/pages\/8723","targetHints":{"allow":["GET"]}}],"collection":[{"href":"https:\/\/sola-poljane.splet.arnes.si\/index.php?rest_route=\/wp\/v2\/pages"}],"about":[{"href":"https:\/\/sola-poljane.splet.arnes.si\/index.php?rest_route=\/wp\/v2\/types\/page"}],"author":[{"embeddable":true,"href":"https:\/\/sola-poljane.splet.arnes.si\/index.php?rest_route=\/wp\/v2\/users\/1973"}],"replies":[{"embeddable":true,"href":"https:\/\/sola-poljane.splet.arnes.si\/index.php?rest_route=%2Fwp%2Fv2%2Fcomments&post=8723"}],"version-history":[{"count":15,"href":"https:\/\/sola-poljane.splet.arnes.si\/index.php?rest_route=\/wp\/v2\/pages\/8723\/revisions"}],"predecessor-version":[{"id":49178,"href":"https:\/\/sola-poljane.splet.arnes.si\/index.php?rest_route=\/wp\/v2\/pages\/8723\/revisions\/49178"}],"up":[{"embeddable":true,"href":"https:\/\/sola-poljane.splet.arnes.si\/index.php?rest_route=\/wp\/v2\/pages\/8658"}],"wp:attachment":[{"href":"https:\/\/sola-poljane.splet.arnes.si\/index.php?rest_route=%2Fwp%2Fv2%2Fmedia&parent=8723"}],"curies":[{"name":"wp","href":"https:\/\/api.w.org\/{rel}","templated":true}]}}