{"id":8715,"date":"2018-04-26T05:32:30","date_gmt":"2018-04-26T04:32:30","guid":{"rendered":"http:\/\/ospoljane.modri.net\/?page_id=8715"},"modified":"2025-09-10T10:56:25","modified_gmt":"2025-09-10T08:56:25","slug":"dietna-prehrana","status":"publish","type":"page","link":"https:\/\/sola-poljane.splet.arnes.si\/?page_id=8715","title":{"rendered":"Dietna prehrana"},"content":{"rendered":"<a href=\"http:\/\/sola-poljane.splet.arnes.si\/?page_id=8658\"class=\"wpz-sc-button small\" style=\";background:#378dbd\"><span><i class=\"fa fa-cutlery\" style=\"padding-right:6px;\"><\/i>Splo\u0161ne informacije<\/span><\/a>\n<a href=\"http:\/\/sola-poljane.splet.arnes.si\/?page_id=8660\"class=\"wpz-sc-button small\" style=\";background:#378dbd\"><span><i class=\"fa fa-cutlery\" style=\"padding-right:6px;\"><\/i>Obroki in cenik<\/span><\/a>\n<a href=\"http:\/\/sola-poljane.splet.arnes.si\/?page_id=8729\"class=\"wpz-sc-button small\" style=\";background:#378dbd\"><span><i class=\"fa fa-cutlery\" style=\"padding-right:6px;\"><\/i>Prijava na \u0161olsko prehrano<\/span><\/a>\n<a href=\"http:\/\/sola-poljane.splet.arnes.si\/?page_id=48621\"class=\"wpz-sc-button small\" style=\";background:#378dbd\"><span><i class=\"fa fa-cutlery\" style=\"padding-right:6px;\"><\/i>Odjava posameznih obrokov<\/span><\/a>\n<a href=\"http:\/\/sola-poljane.splet.arnes.si\/?page_id=8723\"class=\"wpz-sc-button small\" style=\";background:#378dbd\"><span><i class=\"fa fa-cutlery\" style=\"padding-right:6px;\"><\/i>Subvencioniranje prehrane<\/span><\/a>\n<a href=\"http:\/\/sola-poljane.splet.arnes.si\/?page_id=8715\"class=\"wpz-sc-button small\" style=\";background:#378dbd\"><span><i class=\"fa fa-cutlery\" style=\"padding-right:6px;\"><\/i>Dietna prehrana<\/span><\/a>\n<a href=\"http:\/\/sola-poljane.splet.arnes.si\/?page_id=8662\"class=\"wpz-sc-button small\" style=\";background:#378dbd\"><span><i class=\"fa fa-cutlery\" style=\"padding-right:6px;\"><\/i>Ozna\u010devanje alergenov<\/span><\/a>\n<a href=\"http:\/\/sola-poljane.splet.arnes.si\/?page_id=8756\"class=\"wpz-sc-button small\" style=\";background:#378dbd\"><span><i class=\"fa fa-cutlery\" style=\"padding-right:6px;\"><\/i>Jedilniki<\/span><\/a>\n<a href=\"http:\/\/sola-poljane.splet.arnes.si\/?page_id=8597\"class=\"wpz-sc-button small\" style=\";background:#378dbd\"><span><i class=\"fa fa-cutlery\" style=\"padding-right:6px;\"><\/i>Projekt \u0160OLSKA SHEMA<\/span><\/a>\n<a href=\"http:\/\/sola-poljane.splet.arnes.si\/?page_id=41251\"class=\"wpz-sc-button small\" style=\";background:#378dbd\"><span><i class=\"fa fa-cutlery\" style=\"padding-right:6px;\"><\/i>Prehranske smernice<\/span><\/a>\n<p>Osebje \u0161olske kuhinje pripravlja tudi dietno prehrano za vse otroke, za katere star\u0161i prinesejo zdravni\u0161ko potrdilo o medicinsko indicirani dieti otrokovega pediatra ali potrdilo specialista (alergologa, dietetika,\u2026). Za\u017eeljeno je, da star\u0161i k potrdilu prilo\u017eite vsa navodila in priporo\u010dila, ki vam jih posreduje osebje ustrezne ambulante.<\/p>\n<p><span style=\"color: #ff0000\">Pri dietni prehrani otrok ste star\u0161i dol\u017eni:<\/span><\/p>\n<ul>\n<li><span style=\"color: #ff0000\">za vsako novo \u0161olsko leto predlo\u017eiti novo zdravni\u0161ko potrdilo (razen tistih, ki imajo trajno zdravni\u0161ko potdilo);<\/span><\/li>\n<li><span style=\"color: #ff0000\">pisno javljati spremembe v izvajanju diete na predpisanem obrazcu s strani zdravnika;<\/span><\/li>\n<li><span style=\"color: #ff0000\">v primeru, da dieta ni ve\u010d potrebna, prinesti pisno potrdilo zdravnika na predpisanem obrazcu;<\/span><\/li>\n<li><span style=\"color: #ff0000\">dnevno odjavljati dietno prehrano poleg odjave v eAsistenta \u0161e:<\/span><span style=\"color: #ff0000\"><strong>v Poljanah<\/strong><\/span> na elektronsko po\u0161to <strong>&#x6d;a&#x72;&#116;&#x69;&#x6e;a&#x2e;&#100;&#x6f;&#x6c;i&#x6e;&#97;&#x72;&#x40;s&#x6f;&#108;&#x61;&#x2d;p&#x6f;&#108;&#x6a;&#x61;n&#x65;&#46;&#x73;&#x69;<\/strong> ali <strong>telefon 04\/50 70 519;<\/strong><strong><span style=\"color: #ff0000\">v Javorjah<\/span><\/strong>&nbsp; na elektronsko po\u0161to <strong>&#x6d;&#x61;&#x74;&#x65;&#x6a;&#x2e;&#x6d;&#x6f;&#104;&#111;&#114;&#105;&#99;&#64;&#115;ola-&#x70;&#x6f;&#x6c;&#x6a;&#x61;&#x6e;&#x65;&#x2e;&#x73;&#105;<\/strong>.<\/li>\n<\/ul>\n<p>&nbsp;<\/p>\n","protected":false},"excerpt":{"rendered":"<p>Osebje \u0161olske kuhinje pripravlja tudi dietno prehrano za vse otroke, [&hellip;]<\/p>\n","protected":false},"author":100990,"featured_media":0,"parent":8658,"menu_order":6,"comment_status":"closed","ping_status":"closed","template":"","meta":{"ngg_post_thumbnail":0,"footnotes":""},"class_list":["post-8715","page","type-page","status-publish","hentry"],"_links":{"self":[{"href":"https:\/\/sola-poljane.splet.arnes.si\/index.php?rest_route=\/wp\/v2\/pages\/8715","targetHints":{"allow":["GET"]}}],"collection":[{"href":"https:\/\/sola-poljane.splet.arnes.si\/index.php?rest_route=\/wp\/v2\/pages"}],"about":[{"href":"https:\/\/sola-poljane.splet.arnes.si\/index.php?rest_route=\/wp\/v2\/types\/page"}],"author":[{"embeddable":true,"href":"https:\/\/sola-poljane.splet.arnes.si\/index.php?rest_route=\/wp\/v2\/users\/100990"}],"replies":[{"embeddable":true,"href":"https:\/\/sola-poljane.splet.arnes.si\/index.php?rest_route=%2Fwp%2Fv2%2Fcomments&post=8715"}],"version-history":[{"count":10,"href":"https:\/\/sola-poljane.splet.arnes.si\/index.php?rest_route=\/wp\/v2\/pages\/8715\/revisions"}],"predecessor-version":[{"id":48962,"href":"https:\/\/sola-poljane.splet.arnes.si\/index.php?rest_route=\/wp\/v2\/pages\/8715\/revisions\/48962"}],"up":[{"embeddable":true,"href":"https:\/\/sola-poljane.splet.arnes.si\/index.php?rest_route=\/wp\/v2\/pages\/8658"}],"wp:attachment":[{"href":"https:\/\/sola-poljane.splet.arnes.si\/index.php?rest_route=%2Fwp%2Fv2%2Fmedia&parent=8715"}],"curies":[{"name":"wp","href":"https:\/\/api.w.org\/{rel}","templated":true}]}}