{"id":8692,"date":"2018-04-23T13:31:38","date_gmt":"2018-04-23T11:31:38","guid":{"rendered":"http:\/\/ospoljane.modri.net\/?page_id=8692"},"modified":"2025-12-17T10:01:43","modified_gmt":"2025-12-17T09:01:43","slug":"za-starse","status":"publish","type":"page","link":"https:\/\/sola-poljane.splet.arnes.si\/?page_id=8692","title":{"rendered":"Za star\u0161e"},"content":{"rendered":"<a href=\"http:\/\/sola-poljane.splet.arnes.si\/?page_id=8591\"class=\"wpz-sc-button small\" style=\";background:#378DBD\"><span><i class=\"fa fa-lightbulb-o\" style=\"padding-right:6px;\"><\/i>Svetovalna slu\u017eba<\/span><\/a>\n<a href=\"http:\/\/sola-poljane.splet.arnes.si\/?page_id=8676\"class=\"wpz-sc-button small\" style=\";background:#378DBD\"><span><i class=\"fa fa-lightbulb-o\" style=\"padding-right:6px;\"><\/i>Karierna orientacija-vpis v srednje \u0161ole<\/span><\/a>\n<a href=\"http:\/\/sola-poljane.splet.arnes.si\/?page_id=8678\"class=\"wpz-sc-button small\" style=\";background:#378DBD\"><span><i class=\"fa fa-lightbulb-o\" style=\"padding-right:6px;\"><\/i>Nadarjeni u\u010denci<\/span><\/a>\n<a href=\"http:\/\/sola-poljane.splet.arnes.si\/?page_id=8688\"class=\"wpz-sc-button small\" style=\";background:#378DBD\"><span><i class=\"fa fa-lightbulb-o\" style=\"padding-right:6px;\"><\/i>Prostovoljstvo<\/span><\/a>\n<a href=\"http:\/\/sola-poljane.splet.arnes.si\/?page_id=8690\"class=\"wpz-sc-button small\" style=\";background:#378DBD\"><span><i class=\"fa fa-lightbulb-o\" style=\"padding-right:6px;\"><\/i>Za u\u010dence<\/span><\/a>\n<a href=\"http:\/\/sola-poljane.splet.arnes.si\/?page_id=8692\"class=\"wpz-sc-button small\" style=\";background:#378DBD\"><span><i class=\"fa fa-lightbulb-o\" style=\"padding-right:6px;\"><\/i>Za star\u0161e<\/span><\/a>\n<a href=\"http:\/\/sola-poljane.splet.arnes.si\/?page_id=10821\"class=\"wpz-sc-button small\" style=\";background:#378DBD\"><span><i class=\"fa fa-lightbulb-o\" style=\"padding-right:6px;\"><\/i>Status u\u010denca<\/span><\/a>\n<p>&nbsp;<\/p>\n<p><img loading=\"lazy\" decoding=\"async\" class=\"wp-image-11361 alignright\" src=\"http:\/\/sola-poljane.splet.arnes.si\/files\/2018\/04\/octopus-performing-many-school-tasks-clipart-623-300x218.jpg\" alt=\"\" width=\"264\" height=\"192\" srcset=\"https:\/\/sola-poljane.splet.arnes.si\/files\/2018\/04\/octopus-performing-many-school-tasks-clipart-623-300x218.jpg 300w, https:\/\/sola-poljane.splet.arnes.si\/files\/2018\/04\/octopus-performing-many-school-tasks-clipart-623-76x55.jpg 76w, https:\/\/sola-poljane.splet.arnes.si\/files\/2018\/04\/octopus-performing-many-school-tasks-clipart-623.jpg 550w\" sizes=\"auto, (max-width: 264px) 100vw, 264px\" \/><\/p>\n<p>Prispevki Dru\u0161tva Bravo (https:\/\/www.drustvo-bravo.si\/)<span style=\"color: #ff6600\"> <a style=\"color: #ff6600\" href=\"https:\/\/www.drustvo-bravo.si\/prispevki\/gradiva-za-starse\/\" target=\"_blank\" rel=\"noopener noreferrer\">za star\u0161e<\/a><\/span>.<\/p>\n<p>Razli\u010dne povezave do interaktivnih vaj, u\u010dnih listov ipd. najdete na <span style=\"color: #ff6600\"><a style=\"color: #ff6600\" href=\"http:\/\/sola-poljane.splet.arnes.si\/?page_id=8690\" target=\"_blank\" rel=\"noopener\">http:\/\/sola-poljane.splet.arnes.si\/?page_id=8690<\/a><\/span><\/p>\n<p>Spletna stran <span style=\"color: #ff6600\"><a style=\"color: #ff6600\" role=\"link\" href=\"http:\/\/pozoren.si\/\" target=\"_blank\" rel=\"noopener noreferrer\">pozoren.si<\/a><\/span> ponuja zakladnico idej za razvijanje aktivnosti pozornosti pri otroku.<\/p>\n<p>Program <span style=\"color: #ff6600\"><a style=\"color: #ff6600\" href=\"https:\/\/sola-poljane.splet.arnes.si\/?page_id=14441\" target=\"_blank\" rel=\"noopener\">NEON<\/a><\/span> &#8211; nasilje, zlorabe, medvstniko nasilje, varnost na intenetu.<\/p>\n<p><span style=\"color: #ff6600\"><a style=\"color: #ff6600\" href=\"https:\/\/casoris.si\/\" target=\"_blank\" rel=\"noopener\">\u010casoris<\/a> <\/span>&#8211; slovenski spletni \u010dasopis za otroke.<\/p>\n<p>Na spodnji strani te strani, koristna gradiva &#8220;Nasveti za star\u0161e&#8221;: <span style=\"color: #ff6600\"><a style=\"color: #ff6600\" href=\"https:\/\/www.zd-celje.si\/si\/center-za-dusevno-zdravje-otrok-in-mladostnikov\/\" target=\"_blank\" rel=\"noopener noreferrer\">Center za du\u0161evno zdravje otrok in mladostnikov, ZD Celje<\/a><\/span><\/p>\n<p>Varnost na internetu: <span style=\"color: #ff6600\"><a style=\"color: #ff6600\" href=\"https:\/\/safe.si\/\" target=\"_blank\" rel=\"noopener noreferrer\">https:\/\/safe.si\/<\/a><\/span>, <span style=\"color: #ff6600\"><a style=\"color: #ff6600\" href=\"https:\/\/www.varninainternetu.si\/\" target=\"_blank\" rel=\"noopener noreferrer\">https:\/\/www.varninainternetu.si\/<\/a><span style=\"color: #000000\"><span style=\"color: #333333\">,<\/span><span style=\"color: #ff6600\"><a style=\"color: #ff6600\" href=\"https:\/\/www.varnostnaspletu.si\/\" target=\"_blank\" rel=\"noopener noreferrer\"> https:\/\/www.varnostnaspletu.si\/<\/a><\/span><\/span><\/span><span style=\"color: #333333\">,<\/span><span style=\"color: #ff6600\"> <a style=\"color: #ff6600\" href=\"http:\/\/www.ris.org\/\" target=\"_blank\" rel=\"noopener noreferrer\">http:\/\/www.ris.org\/<\/a><span style=\"color: #000000\"><span style=\"color: #333333\">, prijava spornih vsebin ali incidentov:<\/span> <span style=\"color: #ff6600\"><a style=\"color: #ff6600\" href=\"https:\/\/www.spletno-oko.si\/\" target=\"_blank\" rel=\"noopener noreferrer\">https:\/\/www.spletno-oko.si\/<\/a><\/span><\/span><\/span><\/p>\n<p><span style=\"color: #ff6600\"><a style=\"color: #ff6600\" href=\"https:\/\/www.zdravniskazbornica.si\/informacije-publikacije-in-analize\/zasloni\" target=\"_blank\" rel=\"noopener\">Smernice<\/a> <\/span>za uporabo zaslonov pri otrocih in mladostnikih;<\/p>\n<p><a href=\"https:\/\/sola-poljane.splet.arnes.si\/files\/2022\/11\/splet-zgibanka-logout.pdf\" target=\"_blank\" rel=\"noopener\"><span style=\"color: #ff6600\">Zgibanka_1<\/span><\/a> in<span style=\"color: #ff6600\"> <a style=\"color: #ff6600\" href=\"https:\/\/sola-poljane.splet.arnes.si\/files\/2022\/11\/karton-za-starse.pdf\" target=\"_blank\" rel=\"noopener\">zgibanka_2<\/a><\/span> &#8211; nasveti za uporabo zaslonov.<\/p>\n<p><span style=\"color: #333333\">Dru\u017einski <\/span>na\u010drt uporabe zaslonov v <span style=\"color: #ff6600\"><a style=\"color: #ff6600\" href=\"https:\/\/www.logout.org\/sl\/za-druzine\/druzinski-nacrt-uporabe-zaslonov\/\" target=\"_blank\" rel=\"noopener\">sloven\u0161\u010dini<\/a> <\/span>ali v <span style=\"color: #ff6600\"><a style=\"color: #ff6600\" href=\"https:\/\/www.healthychildren.org\/English\/fmp\/Pages\/MediaPlan.aspx?_gl=1*okdx9s*_ga*Njc0MTk5Mjg4LjE2OTU2MzY1Njk.*_ga_FD9D3XZVQQ*MTY5NTYzNjU2OS4xLjEuMTY5NTYzNjY4MS4wLjAuMA..#\/family\" target=\"_blank\" rel=\"noopener\">angle\u0161\u010dini<\/a><\/span>.<\/p>\n<p>O du\u0161evnih motnjah:<\/p>\n<ul>\n<li>portal <span style=\"color: #ff6600\"><a style=\"color: #ff6600\" href=\"https:\/\/www.omra.si\/\" target=\"_blank\" rel=\"noopener\">OMRA<\/a>,<\/span> na katerem boste pridobili odgovore na \u0161tevilna vpra\u0161anja o motnjah, povezanih s stresom, razpolo\u017eenjem in drugih te\u017eavah v du\u0161evnem zdravju.<\/li>\n<li><span style=\"color: #ff6600\"><a style=\"color: #ff6600\" href=\"https:\/\/nisiokejpovejnaprej.si\/\" target=\"_blank\" rel=\"noopener\">https:\/\/nisiokejpovejnaprej.si\/<\/a><\/span><\/li>\n<li><span style=\"color: #ff6600\"><a style=\"color: #ff6600\" href=\"https:\/\/www.psihoterapija-ordinacija.si\/dusevne-motnje\" target=\"_blank\" rel=\"noopener noreferrer\">https:\/\/www.psihoterapija-ordinacija.si\/dusevne-motnje<\/a><\/span><\/li>\n<li><span style=\"color: #ff6600\"><a style=\"color: #ff6600\" href=\"http:\/\/www.zdstudenti.si\/strokovni-prispevki\/56-strokovni-prispevki\/290-dusevno-zdravje-psihicne-tezave-in-dusevne-motnje\" target=\"_blank\" rel=\"noopener noreferrer\">http:\/\/www.zdstudenti.si\/strokovni-prispevki\/56-strokovni-prispevki\/290-dusevno-zdravje-psihicne-tezave-in-dusevne-motnje<\/a><\/span><\/li>\n<\/ul>\n<p>Priro\u010dnik z naslovom <a href=\"https:\/\/www.scoms-lj.si\/___pubfiles\/MOJ%20OTROK%20NOC%CC%8CE%20V%20S%CC%8COLO.pdf?fbclid=IwAR0RtUi7Ga2nuPRQEAGJ---gaVjBsZzgj73xvRPbVoOHakZcMtGzEzGkfHE\" target=\"_blank\" rel=\"noopener\"><strong>MOJ OTROK NO\u010cE V \u0160OLO:<\/strong> PREPRE\u010cEVANJE ODKLANJANJA \u0160OLE \u2013 KAKO LAHKO POMAGATE STAR\u0160I IN KAKO POTEKA STROKOVNA POMO\u010c?<\/a><\/p>\n<p>&nbsp;<\/p>\n<p><span style=\"color: #ff6600\"><a style=\"color: #ff6600\" href=\"https:\/\/centerslo.si\/za-otroke\/\" target=\"_blank\" rel=\"noopener\">Center<\/a> <span style=\"color: #333333\">za sloven\u0161\u010dino kot drugi tuji jezik.<\/span><\/span><\/p>\n<p>&nbsp;<\/p>\n<p><span style=\"color: #339966\"><strong>Kam po pomo\u010d\/nasvet (nekateri so pla\u010dljivi):<\/strong><\/span><\/p>\n<p>Seznam iz spletnega portala To sem jaz: <span style=\"color: #339966\"><a style=\"color: #339966\" href=\"https:\/\/www.tosemjaz.net\/kam-po-pomoc\/\" target=\"_blank\" rel=\"noopener noreferrer\">https:\/\/www.tosemjaz.net\/kam-po-pomoc\/<\/a><\/span><\/p>\n<p class=\"h2-razmik\"><span style=\"color: #339966\"><a style=\"color: #339966\" href=\"https:\/\/www.zadusevnozdravje.si\/kam-po-pomoc\/mreza-virov-pomoci\/\" target=\"_blank\" rel=\"noopener\">Mre\u017ea<\/a> <\/span>virov pomo\u010di na podro\u010dju du\u0161evnega zdravja.<\/p>\n<p>Seznam psihiatrov in psihologov: <a href=\"http:\/\/www.nebojse.si\/portal\/index.php?option=com_content&amp;task=view&amp;id=27&amp;Itemid=84\" target=\"_blank\" rel=\"noopener noreferrer\"><span style=\"color: #339966\">http:\/\/www.nebojse.si\/portal\/index.php?option=com_content&amp;task=view&amp;id=27&amp;Itemid=84<\/span><\/a><\/p>\n<p>Zdravstveni dom \u0160kofja Loka:<span style=\"color: #339966\"> <a style=\"color: #339966\" href=\"https:\/\/www.zd-loka.si\/?subpageid=54\" target=\"_blank\" rel=\"noopener noreferrer\">https:\/\/www.zd-loka.si\/?subpageid=54<\/a><\/span><\/p>\n<p>Zdravstveni dom Kranj:<span style=\"color: #15bd44\"><a style=\"color: #15bd44\" href=\"https:\/\/www.zd-kranj.si\/?subpageid=136\" target=\"_blank\" rel=\"noopener noreferrer\"><span style=\"color: #339966\"> https:\/\/www.zd-kranj.si\/?subpageid=136<\/span><\/a><\/span><\/p>\n<p>Zdravstveni dom Radovljica: <a href=\"https:\/\/www.zd-radovljica.si\/?subpageid=58\" target=\"_blank\" rel=\"noopener noreferrer\"><span style=\"color: #339966\">https:\/\/www.zd-radovljica.si\/?subpageid=58<\/span><\/a><\/p>\n<p>Zdravstveni dom Jesenice: <a href=\"https:\/\/www.zd-jesenice.si\/?subpageid=58\" target=\"_blank\" rel=\"noopener noreferrer\"><span style=\"color: #339966\">https:\/\/www.zd-jesenice.si\/?subpageid=58<\/span><\/a><\/p>\n<p>Zdravstveni dom Ljubljana, Center za du\u0161evno zdravje: <a href=\"https:\/\/www.zd-lj.si\/zdlj\/index.php?option=com_content&amp;view=category&amp;id=208&amp;lang=sl&amp;Itemid=570\" target=\"_blank\" rel=\"noopener noreferrer\"><span style=\"color: #339966\">https:\/\/www.zd-lj.si\/zdlj\/index.php?option=com_content&amp;view=category&amp;id=208&amp;lang=sl&amp;Itemid=570<\/span><\/a><\/p>\n<p>Zdravstveni dom Kamnik: <span style=\"color: #339966\"><a style=\"color: #339966\" href=\"https:\/\/www.zdkamnik.si\/urniki-ambulant\/klinicni-psiholog\/mateja-naglic\" target=\"_blank\" rel=\"noopener noreferrer\">https:\/\/www.zdkamnik.si\/urniki-ambulant\/klinicni-psiholog\/mateja-naglic<\/a><\/span><\/p>\n<p>Center za psiholo\u0161ko svetovanje <span style=\"color: #339966\"><a style=\"color: #339966\" href=\"http:\/\/www.posvet.org\/kontakt\" target=\"_blank\" rel=\"noopener\">POSVET<\/a><\/span>.<\/p>\n<p>Ambulanta za otro\u0161ko in mladostni\u0161ko prihiatrijo EMOTIVA d. o. o.: <span style=\"color: #339966\"><a style=\"color: #339966\" href=\"mail&#116;&#111;&#58;&#101;&#109;&#x6f;&#x74;&#x69;&#x76;&#x61;&#x2e;&#x69;nfo&#64;&#103;&#109;&#97;&#105;&#108;&#x2e;&#x63;&#x6f;&#x6d;\">emot&#105;&#118;&#97;&#46;&#105;&#x6e;&#x66;&#x6f;&#x40;&#x67;&#x6d;&#x61;il&#46;c&#111;&#109;<\/a><\/span>, 04\/23 81 705, 040 580 705<\/p>\n<p>Svetovalni center za otroke, mladostnike in star\u0161e Ljubljana: <span style=\"color: #15bd44\"><a style=\"color: #15bd44\" href=\"https:\/\/www.scoms-lj.si\/\" target=\"_blank\" rel=\"noopener noreferrer\"><span style=\"color: #339966\">http:\/\/www.scoms-lj.si\/<\/span><\/a><\/span><\/p>\n<p>Mladinsko klimatsko zdravili\u0161\u010de Rakitna: <a href=\"http:\/\/www.mkz-rakitna.si\/index.php\" target=\"_blank\" rel=\"noopener noreferrer\"><span style=\"color: #15bd44\"><span style=\"color: #339966\">http:\/\/www.mkz-rakitna.si\/index.php<\/span><\/span><\/a><\/p>\n<p>Center za du\u0161evno zdravje otrok in mladostnikov (MKZ Rakitna): <span style=\"color: #339966\"><a style=\"color: #339966\" href=\"https:\/\/www.mkz-rakitna.si\/center-za-dusevno-zdravje-otrok-in-mladostnikov\/\" target=\"_blank\" rel=\"noopener noreferrer\">https:\/\/www.mkz-rakitna.si\/center-za-dusevno-zdravje-otrok-in-mladostnikov\/<\/a><\/span><\/p>\n<p>Neverjetna leta: <span style=\"color: #339966\"><a style=\"color: #339966\" href=\"https:\/\/neverjetna-leta.si\/\" target=\"_blank\" rel=\"noopener\">https:\/\/neverjetna-leta.si\/<\/a><\/span><\/p>\n<p>In\u0161tituta za klini\u010dno psihologijo in psihoterapijo: <a href=\"http:\/\/www.ikpp.si\/\" target=\"_blank\" rel=\"noopener noreferrer\" data-saferedirecturl=\"https:\/\/www.google.com\/url?q=http:\/\/www.ikpp.si\/&amp;source=gmail&amp;ust=1614330496836000&amp;usg=AFQjCNHm89YaKgJ4oIsyQPYPJoGO9mFj1Q\"><span style=\"color: #339966\"><span style=\"color: #99cc00\"><span style=\"color: #008080\"><span style=\"color: #339966\">http:\/\/www.ikpp.si\/<\/span><\/span><\/span><\/span><\/a><\/p>\n<div class=\"main_data\">\n<p class=\"telephone\">Animula d.o.o, Center za otro\u0161ko in mladostni\u0161ko psihiatrijo, Ljubljana, 059\/029-824<\/p>\n<p class=\"telephone\">Center za izvenbolni\u0161ni\u010dno psihiatrijo: <span style=\"color: #339966\"><a style=\"color: #339966\" href=\"https:\/\/www.psih-klinika.si\/strokovne-enote\/center-za-izvenbolnisnicno-psihiatrijo\/\" target=\"_blank\" rel=\"noopener noreferrer\">https:\/\/www.psih-klinika.si\/strokovne-enote\/center-za-izvenbolnisnicno-psihiatrijo\/<\/a><\/span><\/p>\n<\/div>\n<p>Persona, center za psiholo\u0161ko svetovanje (Aleksandra P. Me\u0161ko): <span style=\"color: #339966\"><a style=\"color: #339966\" href=\"https:\/\/psihologinja.si\/\" target=\"_blank\" rel=\"noopener noreferrer\">https:\/\/psihologinja.si\/<\/a><\/span><\/p>\n<p>Psiholab, Tina Jeromen: <span style=\"color: #339966\"><a style=\"color: #339966\" href=\"http:\/\/psiholab.si\/\" target=\"_blank\" rel=\"noopener noreferrer\">http:\/\/psiholab.si\/<\/a><\/span><\/p>\n<p>BRST psihologija: <span style=\"color: #339966\"><a style=\"color: #339966\" href=\"https:\/\/www.brstpsihologija.si\/\" target=\"_blank\" rel=\"noopener\">https:\/\/www.brstpsihologija.si\/<\/a><\/span><\/p>\n<p>Zavod Vezal, dr. Albert in Leonida Mrgole: <span style=\"color: #339966\"><a style=\"color: #339966\" href=\"https:\/\/vezal.si\/\" target=\"_blank\" rel=\"noopener\">https:\/\/vezal.si\/<\/a><\/span><\/p>\n<p>Zavod Modrin (Damjana \u0160mid): <span style=\"color: #339966\"><a style=\"color: #339966\" href=\"https:\/\/zavod-modrin.si\/\" target=\"_blank\" rel=\"noopener noreferrer\">https:\/\/zavod-modrin.si\/<\/a><\/span><\/p>\n<p>Center Motus: <a href=\"https:\/\/www.center-motus.si\/\" target=\"_blank\" rel=\"noopener noreferrer\"><span style=\"color: #339966\">https:\/\/www.center-motus.si\/<\/span><\/a><\/p>\n<p>Dru\u0161tvo za motopedagogoko in psihomotoriko: <span style=\"color: #339966\"><a style=\"color: #339966\" href=\"https:\/\/psihomotorika.wixsite.com\/psihomotorika\" target=\"_blank\" rel=\"noopener\">https:\/\/psihomotorika.wixsite.com\/psihomotorika<\/a><\/span><\/p>\n<p>Marko Juhant, predavatelj, pisatelj, spec. ped. za motnje vedenja in osebnosti: <a href=\"https:\/\/www.cmrlj.biz\/\" target=\"_blank\" rel=\"noopener noreferrer\"><span style=\"color: #339966\">https:\/\/www.cmrlj.biz\/<\/span><\/a><\/p>\n<p>\u0160tudijsko raziskovalni center za dru\u017eino:<span style=\"color: #339966\"><a style=\"color: #339966\" href=\"https:\/\/srcdljubljana.com\/index.php\" target=\"_blank\" rel=\"noopener noreferrer\"> https:\/\/srcdljubljana.com\/index.php<\/a><\/span><\/p>\n<p>LOGOUT, Center pomo\u010di pri prekomerni rabi interneta: <span style=\"color: #339966\"><a style=\"color: #339966\" href=\"https:\/\/www.logout.si\/sl\/\" target=\"_blank\" rel=\"noopener noreferrer\">https:\/\/www.logout.si\/sl\/<\/a><\/span><\/p>\n<p>Terapevtsko-svetova\u010dni center Ahil: <span style=\"color: #339966\"><a style=\"color: #339966\" href=\"https:\/\/svet-ahil.si\/\" target=\"_blank\" rel=\"noopener\">https:\/\/svet-ahil.si\/<\/a><\/span><\/p>\n<p>Radovan Radeti\u0107, univ. dipl. soc., dru\u017einski terapevt in mediator,&nbsp;Aleksandra&nbsp;&#8211;&nbsp;Zavod za pomo\u010d in svetovanje dru\u017eini: <span style=\"color: #339966\"><a style=\"color: #339966\" href=\"http:\/\/www.aleksandra-zavod.si\/\" target=\"_blank\" rel=\"noopener noreferrer\">http:\/\/www.aleksandra-zavod.si\/<\/a><\/span><\/p>\n<p>Jo\u017ee Peklaj, dru\u017einski terapevt, In\u0161titut za dru\u017einsko terapijo, Ljubljana:<span style=\"color: #339966\"> <a style=\"color: #339966\" href=\"http:\/\/kempler.si\/\" target=\"_blank\" rel=\"noopener noreferrer\">http:\/\/kempler.si\/<\/a><\/span><\/p>\n<p>Dr. Tanja \u0160raj,&nbsp;univ. dipl. psih., integrativna psihoterapevtka, Center za pomo\u010d otrokom, mladostnikom in odraslim v stiski: <span style=\"color: #15bd44\"><a style=\"color: #15bd44\" href=\"http:\/\/drustvo-metulj.si\/\" target=\"_blank\" rel=\"noopener noreferrer\"><span style=\"color: #339966\">http:\/\/drustvo-metulj.si\/<\/span><\/a><\/span><\/p>\n<p>IKPP In\u0161titut za klini\u010dno psihologijo in psihoterapijo d.o.o.: <span style=\"color: #008000\"><a style=\"color: #008000\" href=\"https:\/\/www.ikpp.si\/\" target=\"_blank\" rel=\"noopener\"><span style=\"color: #339966\">https:\/\/www.ikpp.si\/<\/span><\/a><\/span><\/p>\n<p>Klini\u010dna psihlogija Dobnik: <a href=\"https:\/\/klinicnapsihologija.si\/\" target=\"_blank\" rel=\"noopener\"><span style=\"color: #339966\">https:\/\/klinicnapsihologija.si\/<\/span><\/a><\/p>\n<p>Ambulanta za avtizem:<span style=\"color: #339966\"> <a style=\"color: #339966\" href=\"https:\/\/www.kclj.si\/index.php?dir=\/pacienti_in_obiskovalci\/klinike_in_oddelki\/pediatricna_klinika\/sluzba_za_otrosko_psihiatrijo\/ambulanta_za_avtizem\" target=\"_blank\" rel=\"noopener noreferrer\">https:\/\/www.kclj.si\/index.php?dir=\/pacienti_in_obiskovalci\/klinike_in_oddelki\/pediatricna_klinika\/sluzba_za_otrosko_psihiatrijo\/ambulanta_za_avtizem<\/a><\/span><\/p>\n<p>Dru\u0161tvo ASPI, Dru\u0161tvo za pomo\u010d odraslim osebam z motnjo avtisti\u010dnega spektra: <span style=\"color: #008000\"><a style=\"color: #008000\" href=\"https:\/\/www.drustvo-aspi.si\/\" target=\"_blank\" rel=\"noopener\"><span style=\"color: #339966\">https:\/\/www.drustvo-aspi.si\/<\/span><\/a><\/span><\/p>\n<h5>&nbsp;<\/h5>\n<h5><strong>Kam se lahko obrnete v primeru finan\u010dne in socialne stiske<\/strong><\/h5>\n<p><a href=\"http:\/\/zupnija-skofja-loka.rkc.si\/karitas\/\" target=\"_blank\" rel=\"noopener\"><span class=\"st\">\u017dupnijske karitas \u0160kofja Loka<\/span><\/a><\/p>\n<p><a href=\"http:\/\/www.rk-skofjaloka.si\/\">Rde\u010di kri\u017e Slovenije &#8211; Obmo\u010dno zdru\u017eenje \u0160kofja Loka<\/a><\/p>\n<p><a href=\"https:\/\/www.csd-slovenije.si\/csd-gorenjska\/enota-skofja-loka\/\" target=\"_blank\" rel=\"noopener\">Center za socialno delo Gorenjska, enota \u0160kofja Loka<\/a><\/p>\n<p><a href=\"https:\/\/www.zd-loka.si\/?subpageid=54\" target=\"_blank\" rel=\"noopener\">Center za du\u0161evno zdravje otrok in mladostnikov<\/a><\/p>\n<p>Obrnite se tudi na ob\u010dino, v kateri \u017eivite:<\/p>\n<p><a href=\"https:\/\/www.obcina-gvp.si\/sl\/\" target=\"_blank\" rel=\"noopener\">Gorenja vas-Poljane<\/a><\/p>\n<p><a href=\"https:\/\/www.skofjaloka.si\/\" target=\"_blank\" rel=\"noopener\">\u0160kofja Loka<\/a><\/p>\n<p><a href=\"https:\/\/www.dobrova-polhovgradec.si\/\" target=\"_blank\" rel=\"noopener\">Dobrova &#8211; Polhov Gradec<\/a><\/p>\n<p><a href=\"https:\/\/www.ziri.si\/\" target=\"_blank\" rel=\"noopener\">\u017diri<\/a><\/p>\n<p><a href=\"https:\/\/www.zelezniki.si\/\" target=\"_blank\" rel=\"noopener\">\u017delezniki<\/a><\/p>\n","protected":false},"excerpt":{"rendered":"<p>&nbsp; Prispevki Dru\u0161tva Bravo (https:\/\/www.drustvo-bravo.si\/) za star\u0161e. Razli\u010dne povezave do [&hellip;]<\/p>\n","protected":false},"author":54103,"featured_media":0,"parent":8591,"menu_order":5,"comment_status":"closed","ping_status":"closed","template":"template-fullwidth.php","meta":{"ngg_post_thumbnail":0,"footnotes":""},"class_list":["post-8692","page","type-page","status-publish","hentry"],"_links":{"self":[{"href":"https:\/\/sola-poljane.splet.arnes.si\/index.php?rest_route=\/wp\/v2\/pages\/8692","targetHints":{"allow":["GET"]}}],"collection":[{"href":"https:\/\/sola-poljane.splet.arnes.si\/index.php?rest_route=\/wp\/v2\/pages"}],"about":[{"href":"https:\/\/sola-poljane.splet.arnes.si\/index.php?rest_route=\/wp\/v2\/types\/page"}],"author":[{"embeddable":true,"href":"https:\/\/sola-poljane.splet.arnes.si\/index.php?rest_route=\/wp\/v2\/users\/54103"}],"replies":[{"embeddable":true,"href":"https:\/\/sola-poljane.splet.arnes.si\/index.php?rest_route=%2Fwp%2Fv2%2Fcomments&post=8692"}],"version-history":[{"count":17,"href":"https:\/\/sola-poljane.splet.arnes.si\/index.php?rest_route=\/wp\/v2\/pages\/8692\/revisions"}],"predecessor-version":[{"id":51043,"href":"https:\/\/sola-poljane.splet.arnes.si\/index.php?rest_route=\/wp\/v2\/pages\/8692\/revisions\/51043"}],"up":[{"embeddable":true,"href":"https:\/\/sola-poljane.splet.arnes.si\/index.php?rest_route=\/wp\/v2\/pages\/8591"}],"wp:attachment":[{"href":"https:\/\/sola-poljane.splet.arnes.si\/index.php?rest_route=%2Fwp%2Fv2%2Fmedia&parent=8692"}],"curies":[{"name":"wp","href":"https:\/\/api.w.org\/{rel}","templated":true}]}}