{"id":8676,"date":"2018-04-20T10:28:30","date_gmt":"2018-04-20T08:28:30","guid":{"rendered":"http:\/\/ospoljane.modri.net\/?page_id=8676"},"modified":"2026-03-26T14:04:07","modified_gmt":"2026-03-26T13:04:07","slug":"karierna-orientacija","status":"publish","type":"page","link":"https:\/\/sola-poljane.splet.arnes.si\/?page_id=8676","title":{"rendered":"Karierna orientacija &#8211; vpis v srednje \u0161ole"},"content":{"rendered":"<a href=\"http:\/\/sola-poljane.splet.arnes.si\/?page_id=8591\"class=\"wpz-sc-button small\" style=\";background:#378DBD\"><span><i class=\"fa fa-lightbulb-o\" style=\"padding-right:6px;\"><\/i>Svetovalna slu\u017eba<\/span><\/a>\n<a href=\"http:\/\/sola-poljane.splet.arnes.si\/?page_id=8676\"class=\"wpz-sc-button small\" style=\";background:#378DBD\"><span><i class=\"fa fa-lightbulb-o\" style=\"padding-right:6px;\"><\/i>Karierna orientacija-vpis v srednje \u0161ole<\/span><\/a>\n<a href=\"http:\/\/sola-poljane.splet.arnes.si\/?page_id=8678\"class=\"wpz-sc-button small\" style=\";background:#378DBD\"><span><i class=\"fa fa-lightbulb-o\" style=\"padding-right:6px;\"><\/i>Nadarjeni u\u010denci<\/span><\/a>\n<a href=\"http:\/\/sola-poljane.splet.arnes.si\/?page_id=8688\"class=\"wpz-sc-button small\" style=\";background:#378DBD\"><span><i class=\"fa fa-lightbulb-o\" style=\"padding-right:6px;\"><\/i>Prostovoljstvo<\/span><\/a>\n<a href=\"http:\/\/sola-poljane.splet.arnes.si\/?page_id=8690\"class=\"wpz-sc-button small\" style=\";background:#378DBD\"><span><i class=\"fa fa-lightbulb-o\" style=\"padding-right:6px;\"><\/i>Za u\u010dence<\/span><\/a>\n<a href=\"http:\/\/sola-poljane.splet.arnes.si\/?page_id=8692\"class=\"wpz-sc-button small\" style=\";background:#378DBD\"><span><i class=\"fa fa-lightbulb-o\" style=\"padding-right:6px;\"><\/i>Za star\u0161e<\/span><\/a>\n<a href=\"http:\/\/sola-poljane.splet.arnes.si\/?page_id=10821\"class=\"wpz-sc-button small\" style=\";background:#378DBD\"><span><i class=\"fa fa-lightbulb-o\" style=\"padding-right:6px;\"><\/i>Status u\u010denca<\/span><\/a>\n<p>&nbsp;<\/p>\n<h4><span style=\"color: #ff6600\">Na tej strani najde\u0161 informacije, ki ti bodo v pomo\u010d pri oblikovanju lastne karierne poti, izbiri srednje \u0161ole in <span style=\"color: #0000ff\"><span style=\"color: #ff6600\">ostale pomembne podatke<\/span><\/span><\/span><img loading=\"lazy\" decoding=\"async\" class=\"size-medium wp-image-11293 alignright\" src=\"http:\/\/sola-poljane.splet.arnes.si\/files\/2018\/04\/741588-300x225.jpg\" alt=\"\" width=\"300\" height=\"225\" srcset=\"https:\/\/sola-poljane.splet.arnes.si\/files\/2018\/04\/741588-300x225.jpg 300w, https:\/\/sola-poljane.splet.arnes.si\/files\/2018\/04\/741588-768x576.jpg 768w, https:\/\/sola-poljane.splet.arnes.si\/files\/2018\/04\/741588-1024x768.jpg 1024w, https:\/\/sola-poljane.splet.arnes.si\/files\/2018\/04\/741588-73x55.jpg 73w, https:\/\/sola-poljane.splet.arnes.si\/files\/2018\/04\/741588-947x710.jpg 947w, https:\/\/sola-poljane.splet.arnes.si\/files\/2018\/04\/741588-624x468.jpg 624w, https:\/\/sola-poljane.splet.arnes.si\/files\/2018\/04\/741588.jpg 1600w\" sizes=\"auto, (max-width: 300px) 100vw, 300px\" \/><\/h4>\n<p>Spletno mesto<span style=\"color: #ff6600\"> <a style=\"color: #ff6600\" href=\"http:\/\/www.mojaizbira.si\" target=\"_blank\" rel=\"noopener noreferrer\">www.mojaizbira.si<\/a> <\/span>je namenjeno karierni orientaciji in ponuja na enem mestu preprost in u\u010dinkovit dostop do informacij, ki so v pomo\u010d pri odlo\u010danju o nadaljnji poklicni karieri. Omogo\u010da preprost in u\u010dinkovit dostop do zbranih informacij, ki bi jih sicer morali iskati po \u0161tevilnih drugih spletnih straneh. Spletno mesto se osve\u017euje sproti iz baz podatkov Ministrstva pristojnega za \u0161olstvo, Andrago\u0161kega centra Slovenije, Obrtne zbornice in Zavoda RS za zaposlovanje. Podatke o \u0161olah pa sproti dopolnjujejo vse srednje \u0161ole v Sloveniji. U\u010dencem 8. in 9. razreda, svetujemo, da to stran ve\u010dkrat obi\u0161\u010dete in spra\u0161ujete o vsem, kar vas zanima v zvezi z izobrazbo in poklici, svetovalno delavko in ostale u\u010ditelje.<\/p>\n<p>V pisarni svetovalne delavke Polone Zupan si lahko izposodi\u0161 <span style=\"color: #ff6600\">gradivo<\/span> s predstavitvijo poklicev, srednjih \u0161ol, dija\u0161kih domov \u2026<\/p>\n<p>Za \u0161e dodatne informacije in svetovanje se lahko s star\u0161i obrne\u0161 na <span style=\"color: #ff6600\">Zavod RS za zaposlovanje<\/span>, Urad za delo \u0160kofja Loka. Podrobne informacije najde\u0161 na:<span style=\"color: #ff6600\"> <a style=\"color: #ff6600\" href=\"http:\/\/www.ess.gov.si\/o_zrsz\/naslovi_in_uradne_ure\/izpis?OEN=0304\" target=\"_blank\" rel=\"noopener noreferrer\">http:\/\/www.ess.gov.si\/o_zrsz\/naslovi_in_uradne_ure\/izpis?OEN=0304<\/a><\/span><\/p>\n<p><span style=\"color: #ff0000\"><a style=\"color: #ff0000\" href=\"https:\/\/paka3.mss.edus.si\/vp\/ui\/#\/\" target=\"_blank\" rel=\"noopener\"><strong>Povezva<span style=\"color: #333333\"> do elektronske oddaje prijavnice.<\/span><\/strong><\/a><\/span><\/p>\n<h3><span style=\"color: #339966\"><strong>Koristne povezave<\/strong><\/span><\/h3>\n<ul>\n<li>Vpis v srednje \u0161ole (stran&nbsp;Ministrstva, pristojnega za \u0161olstvo)<br \/>\n<span style=\"color: #339966\"><a style=\"color: #339966\" href=\"https:\/\/www.gov.si\/teme\/vpis-v-srednjo-solo\/\" target=\"_blank\" rel=\"noopener noreferrer\">https:\/\/www.gov.si\/teme\/vpis-v-srednjo-solo\/<\/a><\/span><\/li>\n<li>Na spletni strani Ministrstva, pristojnega za \u0161olstvo, je objavljen<span style=\"color: #339966\"> <strong> <a style=\"color: #339966\" href=\"https:\/\/www.gov.si\/teme\/vpis-v-srednjo-solo\/\" target=\"_blank\" rel=\"noopener noreferrer\">Razpis<\/a><\/strong> <\/span>za vpis v srednje \u0161ole in dija\u0161ke domove.<\/li>\n<li><span style=\"color: #339966\"><a style=\"color: #339966\" href=\"https:\/\/www.gov.si\/teme\/vpis-v-srednjo-solo\/\" target=\"_blank\" rel=\"noopener\">Navodila za prenos <\/a><strong>Prijave<\/strong><\/span>.<\/li>\n<li>Centralni register u\u010dnih mest (<span style=\"color: #339966\"><a style=\"color: #339966\" href=\"https:\/\/crum.cpi.si\/o-registru\/\" target=\"_blank\" rel=\"noopener\">CRUM<\/a><\/span>).<\/li>\n<li>Povezava do informacij <span style=\"color: #339966\"><a style=\"color: #339966\" href=\"https:\/\/www.gov.si\/teme\/dijaski-domovi\/\" target=\"_blank\" rel=\"noopener\">Dija\u0161ki domovi<\/a><\/span>.<\/li>\n<\/ul>\n<p><span style=\"color: #339966\"><span style=\"color: #008000\"><a style=\"color: #008000\" href=\"https:\/\/sola-poljane.splet.arnes.si\/files\/2025\/11\/rokovnik-za-vpis-v-srednje-sole_oktober2025.pdf\" target=\"_blank\" rel=\"noopener noreferrer\"><span style=\"color: #339966\">Pomembni datumi za deveto\u0161olce<\/span><\/a><\/span><\/span><\/p>\n<p><span style=\"color: #339966\"><a style=\"color: #339966\" href=\"https:\/\/paka3.mss.edus.si\/vp\/ui\/#\/srednja-sola\/izracun-tock\" target=\"_blank\" rel=\"noopener\">Tabela za izra\u010dun to\u010dk za vpis v srednje \u0161ole<\/a><\/span><\/p>\n<p><a href=\"http:\/\/www.pisrs.si\/Pis.web\/pregledPredpisa?id=PRAV13435#\" target=\"_blank\" rel=\"noopener\"><span style=\"color: #339966\">Pravilnik o vpisu v srednje \u0161ole<\/span><\/a><\/p>\n<p data-test=\"evidencni-card-title\"><a href=\"https:\/\/pisrs.si\/pregledPredpisa?id=SKLE13777\" target=\"_blank\" rel=\"noopener\"><span style=\"color: #339966\">Odredba o merilih za izbiro kandidatov v primeru omejitve vpisa v programe srednjega poklicnega izobra\u017eevanja, srednjega strokovnega izobra\u017eevanja ter gimnazij<\/span><\/a><\/p>\n<p><span style=\"color: #339966\"><a style=\"color: #339966\" href=\"https:\/\/sola-poljane.splet.arnes.si\/files\/2018\/04\/Merila_vpis_srednje_4_7_08.pdf\" target=\"_blank\" rel=\"noopener noreferrer\">Merila za izbiro kandidatov v primeru omejitve vpisa<\/a><\/span><\/p>\n<div class=\"content\">\n<div class=\"col-left\">\n<div id=\"main\">\n<div class=\"post wrap\">\n<p><a title=\"Informativni dnevi \u2013 nekaj nasvetov za u\u010dence in dijake\" href=\"http:\/\/www.vizor.si\/2023\/02\/informativni-dnevi-so-za-nami-nekaj-nasvetov-za-ucence-in-dijake\/\" target=\"_blank\" rel=\"bookmark noopener\"><span style=\"color: #008000\"><span style=\"color: #339966\">Informativni dnevi \u2013 nekaj nasvetov za u\u010dence in dijake (blog)<\/span><\/span><\/a><\/p>\n<\/div>\n<\/div>\n<\/div>\n<\/div>\n<p><span style=\"color: #339966\"><a style=\"color: #339966\" href=\"https:\/\/www.ess.gov.si\/iskalci-zaposlitve\/poklici-in-kompetence\/opisi-poklicev\/#\/\" target=\"_blank\" rel=\"noopener noreferrer\">Opis poklicev Zavoda RS za zaposlovanje<\/a><\/span><\/p>\n<p><span style=\"color: #008000\"><a style=\"color: #008000\" href=\"https:\/\/www.vkotocka.si\/wp-content\/uploads\/2021\/05\/Opisi-poklicev-za-osnovno%C5%A1olce.pdf\" target=\"_blank\" rel=\"noopener noreferrer\"><span id=\"page3R_mcid3\" class=\"markedContent\"><span dir=\"ltr\" style=\"color: #339966\">Opis poklicev za deveto\u0161olce (pdf)<\/span><\/span><\/a><\/span><\/p>\n<p><span style=\"color: #339966\"><a style=\"color: #339966\" href=\"https:\/\/esvetovanje.ess.gov.si\/\" target=\"_blank\" rel=\"noopener noreferrer\">eSvetovanje<\/a><\/span> <span style=\"color: #333333\">je pripomo\u010dek za u\u010dinkovito na\u010drtovanje kariere in iskanje zaposlitve<\/span><\/p>\n<p><span style=\"color: #339966\"><a style=\"color: #339966\" href=\"https:\/\/karierniplac.si\/\" target=\"_blank\" rel=\"noopener noreferrer\">Karierni plac<\/a><span style=\"color: #808080\"> in <\/span><a href=\"https:\/\/www.lu-skofjaloka.si\/karierni-plac-karierni-center-za-mlade\/\" target=\"_blank\" rel=\"noopener\"><span style=\"color: #339966\">Karierni plac v \u0160kofji Loki<\/span><\/a><\/span><\/p>\n<p><span style=\"color: #339966\"><a style=\"color: #339966\" href=\"https:\/\/www.whatchado.com\/en\/\" target=\"_blank\" rel=\"noopener noreferrer\">https:\/\/www.whatchado.com\/en\/<\/a><\/span> Spletna stran za vse, ki jih zanimajo informacije o poklicih in si \u017eelijo spoznati vsakodnevno delo na razli\u010dnih delovnih mestih. Na ogled je tudi pribli\u017eno 6500 video zgodb.<\/p>\n<p>Aplikacija <a href=\"https:\/\/www.inzenirji-bomo.si\/sl\/kambi\/\" target=\"_blank\" rel=\"noopener noreferrer\"><span style=\"color: #339966\">KamBi<\/span><\/a>, ki mladim pribli\u017euje in\u017eenirske poklice.<\/p>\n<p><span style=\"color: #339966\"><a style=\"color: #339966\" href=\"https:\/\/www.nok.si\/\" target=\"_blank\" rel=\"noopener noreferrer\">Slovensko ogrodje kvalifikacij<\/a> <span style=\"color: #000000\">in<\/span> <a style=\"color: #339966\" href=\"https:\/\/sola-poljane.splet.arnes.si\/files\/2023\/02\/sok_shema_si-pahljaca.jpg\" target=\"_blank\" rel=\"noopener\">shema<\/a><\/span><\/p>\n<p><a class=\"pdf\" href=\"https:\/\/www.gov.si\/assets\/ministrstva\/MIZS\/Dokumenti\/ENIC-NARIC-center\/solske-sheme\/Sistem-vzgoje-in-izobrazevanja-v-Republiki-Sloveniji-v2.pdf\" target=\"_blank\" rel=\"noopener noreferrer\"><span style=\"color: #339966\">Shema vzgoje in izobra\u017eevanja v Republiki Sloveniji<\/span><\/a><\/p>\n<p><span style=\"color: #339966\"><a style=\"color: #339966\" href=\"https:\/\/www.informativa.si\/\" target=\"_blank\" rel=\"noopener noreferrer\">Informativa<\/a><\/span><\/p>\n<p><span style=\"color: #339966\"><a href=\"https:\/\/www.ess.gov.si\/partnerji\/trg-dela\/poklicni-barometer\/\" target=\"_blank\" rel=\"noopener\"><span style=\"color: #008000\"><span style=\"color: #339966\">Poklicni barometer<\/span><\/span><\/a><span style=\"color: #333333\"> (<\/span><\/span>Katerih kadrov bo primanjkovalo prihodnje leto?)<\/p>\n<p>Realnost je, da karierno odlo\u010danje, s ciljem izbire ustrezne kariere, skoraj nikoli ne te\u010de linearno in je pogosto kompleksen in iterativen proces. Prav zato je proces kariernega odlo\u010danja smiselno za\u010deti zgodaj in mu posvetiti dovolj \u010dasa. Oglejte si <span style=\"color: #339966\"><a style=\"color: #339966\" title=\"Povezava do Youtube videa\" href=\"https:\/\/VKOtocka.us19.list-manage.com\/track\/click?u=513fc6a20c7728a86ed5dbad2&amp;id=79aabe395f&amp;e=b26b423e01\" target=\"_blank\" rel=\"noopener noreferrer\" data-saferedirecturl=\"https:\/\/www.google.com\/url?q=https:\/\/VKOtocka.us19.list-manage.com\/track\/click?u%3D513fc6a20c7728a86ed5dbad2%26id%3D79aabe395f%26e%3Db26b423e01&amp;source=gmail&amp;ust=1606378190984000&amp;usg=AFQjCNHAszqiwQolbLWkhjVf-XtcTXVspA\">video<\/a><\/span>, ki nazorno prikazuje kompleksnost procesa kariernega odlo\u010danja.<\/p>\n<p>Povezava do: <span style=\"color: #339966\"><a style=\"color: #339966\" href=\"https:\/\/www.dijaskisvet.si\/srednjesolski-vpisnik\/\" target=\"_blank\" rel=\"noopener noreferrer\">Srednje\u0161olski Vpisnik<\/a><\/span><\/p>\n<p><a href=\"https:\/\/www.dijaskisvet.si\/\" target=\"_blank\" rel=\"noopener\"><span style=\"color: #339966\">Dija\u0161ki Svet<\/span><\/a><\/p>\n<p><a href=\"https:\/\/dijaski.net\/\" target=\"_blank\" rel=\"noopener noreferrer\"><span style=\"color: #339966\">www.dijaski.net<\/span><\/a><\/p>\n<p><a href=\"https:\/\/slovenskesrednjesole.si\/\" target=\"_blank\" rel=\"noopener noreferrer\"><span style=\"color: #339966\">Portal slovenskih srednjih \u0161ol<\/span><\/a><\/p>\n<p id=\":3ks\" class=\"hP\" data-thread-perm-id=\"thread-f:1759347899683450795\" data-legacy-thread-id=\"186a7597e4f62fab\"><span style=\"color: #333333\">Portal <a href=\"https:\/\/srednjesole.aktualno.si\/\" target=\"_blank\" rel=\"noopener\"><span style=\"color: #339966\">Srednje \u0160ole<\/span><\/a><\/span><\/p>\n<p>Zavod RS za zaposlovanje je pripravil <span style=\"color: #339966\"><a style=\"color: #339966\" href=\"https:\/\/5251.obvestila.gov.si\/public\/get\/app-5251\/user-38177\/group-737\/product-10391\/image-0\/\" target=\"_blank\" rel=\"noopener\">tabelo<\/a><\/span>, v kateri so zbrani vsi podatki, kamor se lahko mladina (u\u010denci, dijaki, \u0161tudentje) obrnete za brezpla\u010dna svetovanja glede nadaljnjega izobra\u017eevanja.<\/p>\n<p><a href=\"https:\/\/www.gov.si\/assets\/ministrstva\/MVZI\/Visoko-solstvo\/RAZPISI-2025_26\/SKUPNI-RAZPIS\/Razpis-za-vpis_25_26.pdf\" target=\"_blank\" rel=\"noopener\"><span style=\"color: #339966\">Razpis za vpis v dodiplomske in enovite magistrske \u0161tudijske program.<\/span><\/a><\/p>\n<p>&nbsp;<\/p>\n<p><a href=\"https:\/\/www.kaminkako.si\/kudos#\/\" target=\"_blank\" rel=\"noopener noreferrer\"><span style=\"color: #008000\"><span style=\"color: #339966\"><span style=\"color: #33cccc\">Kam in kako &#8211; spletna aplikacija<\/span><\/span><\/span><\/a><span style=\"color: #33cccc\">;&nbsp;&nbsp;&nbsp; <strong>&#8211;&gt;<\/strong>&nbsp; <a style=\"color: #33cccc\" href=\"https:\/\/sola-poljane.splet.arnes.si\/files\/2023\/10\/Kam_in_kako_Navodila_za_uporabo_programa_mladi.pdf\" target=\"_blank\" rel=\"noopener noreferrer\">Navodila za uporabo spletne aplikacija Kam in kako<\/a>&nbsp;<\/span>in<span style=\"color: #33cccc\"> <a style=\"color: #33cccc\" href=\"https:\/\/sola-poljane.splet.arnes.si\/files\/2024\/09\/KIK_kratka_navodila_ucenci_dijaki_2024.pdf\" target=\"_blank\" rel=\"noopener\">Kam in kako za u\u010dence in dijake, kratka navodila<\/a><\/span><\/p>\n<p>in povezava do videovodnika<span style=\"color: #33cccc\">:<\/span><span style=\"color: #339966\"><a style=\"color: #339966\" href=\"https:\/\/www.youtube.com\/watch?v=N51TH4XcyhQ\" target=\"_blank\" rel=\"noopener noreferrer\"><span style=\"color: #33cccc\"> Uporaba programa Kam in kako<\/span><\/a><\/span><\/p>\n<p><a href=\"https:\/\/www.zadelodajalce.si\/evpp\/eVPPUcenecPrijava.aspx\" target=\"_blank\" rel=\"noopener noreferrer\"><span style=\"color: #339966\"><span style=\"color: #33cccc\">eVPP <\/span><\/span><\/a><span style=\"color: #33cccc\">(<\/span>elektronski Vpra\u0161alnik o poklicni poti) in<span style=\"color: #339966\"> <a style=\"color: #339966\" href=\"https:\/\/www.mojaizbira.si\/sites\/default\/files\/inline-files\/navodila%20kratka%20za%20eVPP_0.pdf\" target=\"_blank\" rel=\"noopener noreferrer\"><span style=\"color: #33cccc\">navodila za izpolnjevanje<\/span><\/a><\/span><\/p>\n<p>&nbsp;<\/p>\n<p>Povezava do elektronske <a href=\"https:\/\/paka3.mss.edus.si\/vp\/ui\/#\/\" target=\"_blank\" rel=\"noopener\"><span style=\"color: #00ccff\"><span style=\"color: #ff00ff\">Prijave v srednjo \u0161olo in dija\u0161ki dom<\/span><\/span><\/a>.<\/p>\n<p>Navodilo za <a href=\"https:\/\/sola-poljane.splet.arnes.si\/files\/2025\/03\/Registracija-uporabnika-v-aplikaciji-VPISNI-POSTOPKI.pdf\" target=\"_blank\" rel=\"noopener\"><span style=\"color: #ff00ff\">registracijo uporabnika v aplikaciji VPISNI POSTOPKI<\/span><\/a>.<\/p>\n<p>Navodila za &#8216;oddaja prijave za vpis v srednjo \u0161olo&#8217;: <a class=\"url-message-body\" href=\"https:\/\/eportal.mss.edus.si\/msswww\/vp\/SS_navodilaMVI.mp4\" target=\"_blank\" rel=\"noopener\"><span style=\"color: #ff00ff\">https:\/\/eportal.mss.edus.si\/msswww\/vp\/SS_navodilaMVI.mp4<\/span><\/a> in video navodilo &#8216;oddaja prijave za vpis v dija\u0161ki dom&#8217;: <span style=\"color: #ff00ff\"><a class=\"url-message-body\" style=\"color: #ff00ff\" href=\"https:\/\/eportal.mss.edus.si\/msswww\/vp\/DD_navodilaMVI.mp4\" target=\"_blank\" rel=\"noopener\">https:\/\/eportal.mss.edus.si\/msswww\/vp\/DD_navodilaMVI.mp4<\/a><\/span><\/p>\n<h3>&nbsp;<\/h3>\n<h3><span style=\"color: #3366ff\"><strong>Informacije o \u0161tipendijah<\/strong><\/span><\/h3>\n<ul>\n<li><span style=\"color: #0000ff\"><a style=\"color: #0000ff\" href=\"https:\/\/www.gov.si\/podrocja\/izobrazevanje-znanost-in-sport\/stipendije\/\" target=\"_blank\" rel=\"noopener\"><span style=\"color: #3366ff\">Ministrstvo, pristojno za \u0161olstvo<\/span><\/a><\/span><\/li>\n<li><span style=\"color: #3366ff\"><a style=\"color: #3366ff\" href=\"https:\/\/www.srips-rs.si\/\" target=\"_blank\" rel=\"noopener noreferrer\">Javni \u0161tipendijski, razvojni, invalidski in pre\u017eivninski sklad Republike Slovenije<\/a><\/span><\/li>\n<li><span style=\"color: #3366ff\"><a style=\"color: #3366ff\" href=\"https:\/\/www.gov.si\/drzavni-organi\/ministrstva\/ministrstvo-za-delo-druzino-socialne-zadeve-in-enake-moznosti\/\" target=\"_blank\" rel=\"noopener noreferrer\"><span style=\"color: #3366ff\">Ministrstvo za delo, dru\u017eino socialne zadeve in enake mo\u017enosti<\/span><\/a><\/span><\/li>\n<li><span style=\"color: #3366ff\"><a style=\"color: #3366ff\" href=\"https:\/\/www.csd-slovenije.si\/csd-gorenjska\/enota-skofja-loka\/?option=com_content&amp;task=view&amp;id=96&amp;Itemid=118\" target=\"_blank\" rel=\"noopener noreferrer\">Centri za socialno delo<\/a><\/span><\/li>\n<li>RRA &#8211; regionalne razvojne agencije<\/li>\n<li>ob\u010dine<\/li>\n<li>delodajalci<\/li>\n<\/ul>\n","protected":false},"excerpt":{"rendered":"<p>&nbsp; Na tej strani najde\u0161 informacije, ki ti bodo v [&hellip;]<\/p>\n","protected":false},"author":54103,"featured_media":0,"parent":8591,"menu_order":1,"comment_status":"closed","ping_status":"closed","template":"template-fullwidth.php","meta":{"ngg_post_thumbnail":0,"footnotes":""},"class_list":["post-8676","page","type-page","status-publish","hentry"],"_links":{"self":[{"href":"https:\/\/sola-poljane.splet.arnes.si\/index.php?rest_route=\/wp\/v2\/pages\/8676","targetHints":{"allow":["GET"]}}],"collection":[{"href":"https:\/\/sola-poljane.splet.arnes.si\/index.php?rest_route=\/wp\/v2\/pages"}],"about":[{"href":"https:\/\/sola-poljane.splet.arnes.si\/index.php?rest_route=\/wp\/v2\/types\/page"}],"author":[{"embeddable":true,"href":"https:\/\/sola-poljane.splet.arnes.si\/index.php?rest_route=\/wp\/v2\/users\/54103"}],"replies":[{"embeddable":true,"href":"https:\/\/sola-poljane.splet.arnes.si\/index.php?rest_route=%2Fwp%2Fv2%2Fcomments&post=8676"}],"version-history":[{"count":17,"href":"https:\/\/sola-poljane.splet.arnes.si\/index.php?rest_route=\/wp\/v2\/pages\/8676\/revisions"}],"predecessor-version":[{"id":53292,"href":"https:\/\/sola-poljane.splet.arnes.si\/index.php?rest_route=\/wp\/v2\/pages\/8676\/revisions\/53292"}],"up":[{"embeddable":true,"href":"https:\/\/sola-poljane.splet.arnes.si\/index.php?rest_route=\/wp\/v2\/pages\/8591"}],"wp:attachment":[{"href":"https:\/\/sola-poljane.splet.arnes.si\/index.php?rest_route=%2Fwp%2Fv2%2Fmedia&parent=8676"}],"curies":[{"name":"wp","href":"https:\/\/api.w.org\/{rel}","templated":true}]}}