{"id":8654,"date":"2018-04-20T09:40:00","date_gmt":"2018-04-20T08:40:00","guid":{"rendered":"http:\/\/ospoljane.modri.net\/?page_id=8654"},"modified":"2018-08-22T06:52:17","modified_gmt":"2018-08-22T04:52:17","slug":"knjiga-pripomb-in-pohval","status":"publish","type":"page","link":"https:\/\/sola-poljane.splet.arnes.si\/?page_id=8654","title":{"rendered":"Knjiga pripomb in pohval"},"content":{"rendered":"<p>Knjiga pripomb in pohval je dosegljiva v tajni\u0161tvu \u0161ole v \u010dasu uradnih ur.<br \/>\nOb posameznih dogodkih na \u0161oli (razstave, koncerti&#8230;) je knjiga dosegljiva tudi na tem dogodku.<\/p>\n<p>V delu pred pisarnami uprave se nahaja tudi nabiralnik za anonimno oddajanje pohval, prito\u017eb, predlogov in mnenj o na\u0161em zavodu in delu v njem.<\/p>\n<p>Lahko pa oddate komentar<\/p>\n","protected":false},"excerpt":{"rendered":"<p>Knjiga pripomb in pohval je dosegljiva v tajni\u0161tvu \u0161ole v [&hellip;]<\/p>\n","protected":false},"author":1973,"featured_media":8656,"parent":8580,"menu_order":5,"comment_status":"open","ping_status":"closed","template":"","meta":{"ngg_post_thumbnail":0,"footnotes":""},"class_list":["post-8654","page","type-page","status-publish","has-post-thumbnail","hentry"],"_links":{"self":[{"href":"https:\/\/sola-poljane.splet.arnes.si\/index.php?rest_route=\/wp\/v2\/pages\/8654","targetHints":{"allow":["GET"]}}],"collection":[{"href":"https:\/\/sola-poljane.splet.arnes.si\/index.php?rest_route=\/wp\/v2\/pages"}],"about":[{"href":"https:\/\/sola-poljane.splet.arnes.si\/index.php?rest_route=\/wp\/v2\/types\/page"}],"author":[{"embeddable":true,"href":"https:\/\/sola-poljane.splet.arnes.si\/index.php?rest_route=\/wp\/v2\/users\/1973"}],"replies":[{"embeddable":true,"href":"https:\/\/sola-poljane.splet.arnes.si\/index.php?rest_route=%2Fwp%2Fv2%2Fcomments&post=8654"}],"version-history":[{"count":1,"href":"https:\/\/sola-poljane.splet.arnes.si\/index.php?rest_route=\/wp\/v2\/pages\/8654\/revisions"}],"predecessor-version":[{"id":10465,"href":"https:\/\/sola-poljane.splet.arnes.si\/index.php?rest_route=\/wp\/v2\/pages\/8654\/revisions\/10465"}],"up":[{"embeddable":true,"href":"https:\/\/sola-poljane.splet.arnes.si\/index.php?rest_route=\/wp\/v2\/pages\/8580"}],"wp:featuredmedia":[{"embeddable":true,"href":"https:\/\/sola-poljane.splet.arnes.si\/index.php?rest_route=\/"}],"wp:attachment":[{"href":"https:\/\/sola-poljane.splet.arnes.si\/index.php?rest_route=%2Fwp%2Fv2%2Fmedia&parent=8654"}],"curies":[{"name":"wp","href":"https:\/\/api.w.org\/{rel}","templated":true}]}}