{"id":8602,"date":"2018-04-19T06:15:47","date_gmt":"2018-04-19T04:15:47","guid":{"rendered":"http:\/\/ospoljane.modri.net\/?page_id=8586"},"modified":"2020-03-24T11:40:06","modified_gmt":"2020-03-24T10:40:06","slug":"gradiva-za-starse","status":"publish","type":"page","link":"https:\/\/sola-poljane.splet.arnes.si\/?page_id=8602","title":{"rendered":"Gradiva za star\u0161e"},"content":{"rendered":"<a href=\"http:\/\/sola-poljane.splet.arnes.si\/?page_id=8598\"class=\"wpz-sc-button small\" style=\";background:#378DBD\"><span><i class=\"fa fa-play-circle\" style=\"padding-right:6px;\"><\/i>Dodatna strokovna pomo\u010d<\/span><\/a>\n<a href=\"http:\/\/sola-poljane.splet.arnes.si\/?page_id=8599\"class=\"wpz-sc-button small\" style=\";background:#378DBD\"><span><i class=\"fa fa-play-circle\" style=\"padding-right:6px;\"><\/i>Na\u0161e delo<\/span><\/a>\n<a href=\"http:\/\/sola-poljane.splet.arnes.si\/?page_id=8600\"class=\"wpz-sc-button small\" style=\";background:#378DBD\"><span><i class=\"fa fa-play-circle\" style=\"padding-right:6px;\"><\/i>Dobro je poznati<\/span><\/a>\n<a href=\"http:\/\/sola-poljane.splet.arnes.si\/?page_id=8601\"class=\"wpz-sc-button small\" style=\";background:#378DBD\"><span><i class=\"fa fa-play-circle\" style=\"padding-right:6px;\"><\/i>Koristne povezave<\/span><\/a>\n<a href=\"http:\/\/sola-poljane.splet.arnes.si\/?page_id=8602\"class=\"wpz-sc-button small\" style=\";background:#378DBD\"><span><i class=\"fa fa-play-circle\" style=\"padding-right:6px;\"><\/i>Gradiva za star\u0161e<\/span><\/a>\n<a href=\"http:\/\/sola-poljane.splet.arnes.si\/?page_id=9103\"class=\"wpz-sc-button small\" style=\";background:#378DBD\"><span><i class=\"fa fa-play-circle\" style=\"padding-right:6px;\"><\/i>Zakonodaja s podro\u010dja<\/span><\/a>\n<p>&nbsp;<\/p>\n<p><a href=\"https:\/\/docs.google.com\/document\/d\/1HUeqvtaiEoWNPTo7U-zIOmXZx-6tja7iLwHKx-B-BCE\/edit\"><strong><span style=\"color: #800080\">SPECIFI\u010cNE U\u010cNE TE\u017dAVE<\/span><\/strong><\/a><\/p>\n<p><a href=\"https:\/\/docs.google.com\/document\/d\/122DoYXzPRINGnihrL3CCPdhoQDRRJic4N_Ys4IsPKUA\/edit\"><strong><span style=\"color: #800080\">DISLEKSIJA<\/span><\/strong><\/a><\/p>\n<p><a href=\"https:\/\/docs.google.com\/document\/d\/1Xq-SnV0Uje3Z_j2d6aVsAJMU8ZXm7ZOay6kwXx9zmAg\/edit\"><strong><span style=\"color: #800080\">HIPERAKTIVNOST &#8211;\u00a0 ADHD<\/span><\/strong><\/a><\/p>\n<p><a href=\"https:\/\/docs.google.com\/document\/d\/125Yi2d8uv9Q8ihvrLkPJXvBr9NA6KvfNdVCYXRJ0tXw\/edit\"><strong><span style=\"color: #800080\">NEVERBALNE SPECIFI\u010cNE U\u010cNE TE\u017dAVE<\/span><\/strong><\/a><\/p>\n<p><a href=\"https:\/\/docs.google.com\/document\/d\/1HaVRKoN9sReJVymlT-iZocpGiU6WPEMMDFk1yCWFlOA\/edit\"><strong><span style=\"color: #800080\">PRIMANJKLJAJI PRI U\u010cENJU MATEMATIKE<\/span><\/strong><\/a><\/p>\n<p><a href=\"https:\/\/docs.google.com\/document\/d\/122DoYXzPRINGnihrL3CCPdhoQDRRJic4N_Ys4IsPKUA\/edit\"><strong><span style=\"color: #800080\">SPECIFI\u010cNI PRIMANJKLJAJI NA PODRO\u010cJU JEZIKA (BRANJE IN PISANJE)<\/span><\/strong><\/a><\/p>\n<p><a href=\"https:\/\/docs.google.com\/document\/d\/1M8BZ2VWFNCjAVnQNkywAO4YqnaudRAAMSiQdJRpCGZY\/edit\"><strong><span style=\"color: #800080\">DISPRAKSIJA<\/span><\/strong><\/a><\/p>\n<p><a href=\"http:\/\/strokovnicenter.splet.arnes.si\/svetovanje-in-izobrazevanje\/skopticni-sindrom-irlen\/\"><span style=\"color: #800080\"><strong>SKOTOPI\u010cNI SINDROM<\/strong><\/span><\/a><\/p>\n<p><strong><span style=\"color: #3366ff\">ORGANIZIRAJ SI DAN<\/span><\/strong><\/p>\n<table style=\"height: 36px\" width=\"342\">\n<tbody>\n<tr>\n<td><a href=\"http:\/\/sola-poljane.splet.arnes.si\/files\/2020\/03\/dnevni-plan-1-1.pdf\" target=\"_blank\">dnevni plan 1<\/a><\/td>\n<td><a href=\"http:\/\/sola-poljane.splet.arnes.si\/files\/2020\/03\/dnevni-plan-2.pdf\" target=\"_blank\">dnevni plan 2<\/a><\/td>\n<td><a href=\"http:\/\/sola-poljane.splet.arnes.si\/files\/2020\/03\/dnevni-plan-3.pdf\">dnevni plan 3<\/a><\/td>\n<\/tr>\n<\/tbody>\n<\/table>\n<p>&nbsp;<\/p>\n<p><strong><span style=\"color: #339966\">GIBANJE\u00a0\u00a0<\/span><\/strong><a href=\"http:\/\/sola-poljane.splet.arnes.si\/files\/2020\/03\/Gibalni-odmor.pdf\" target=\"_blank\">Gibalni odmor<\/a><\/p>\n<p>&nbsp;<\/p>\n<p>&nbsp;<\/p>\n","protected":false},"excerpt":{"rendered":"<p>&nbsp; SPECIFI\u010cNE U\u010cNE TE\u017dAVE DISLEKSIJA HIPERAKTIVNOST &#8211;\u00a0 ADHD NEVERBALNE SPECIFI\u010cNE [&hellip;]<\/p>\n","protected":false},"author":24393,"featured_media":0,"parent":8598,"menu_order":4,"comment_status":"closed","ping_status":"closed","template":"","meta":{"ngg_post_thumbnail":0,"footnotes":""},"class_list":["post-8602","page","type-page","status-publish","hentry"],"_links":{"self":[{"href":"https:\/\/sola-poljane.splet.arnes.si\/index.php?rest_route=\/wp\/v2\/pages\/8602","targetHints":{"allow":["GET"]}}],"collection":[{"href":"https:\/\/sola-poljane.splet.arnes.si\/index.php?rest_route=\/wp\/v2\/pages"}],"about":[{"href":"https:\/\/sola-poljane.splet.arnes.si\/index.php?rest_route=\/wp\/v2\/types\/page"}],"author":[{"embeddable":true,"href":"https:\/\/sola-poljane.splet.arnes.si\/index.php?rest_route=\/wp\/v2\/users\/24393"}],"replies":[{"embeddable":true,"href":"https:\/\/sola-poljane.splet.arnes.si\/index.php?rest_route=%2Fwp%2Fv2%2Fcomments&post=8602"}],"version-history":[{"count":9,"href":"https:\/\/sola-poljane.splet.arnes.si\/index.php?rest_route=\/wp\/v2\/pages\/8602\/revisions"}],"predecessor-version":[{"id":16767,"href":"https:\/\/sola-poljane.splet.arnes.si\/index.php?rest_route=\/wp\/v2\/pages\/8602\/revisions\/16767"}],"up":[{"embeddable":true,"href":"https:\/\/sola-poljane.splet.arnes.si\/index.php?rest_route=\/wp\/v2\/pages\/8598"}],"wp:attachment":[{"href":"https:\/\/sola-poljane.splet.arnes.si\/index.php?rest_route=%2Fwp%2Fv2%2Fmedia&parent=8602"}],"curies":[{"name":"wp","href":"https:\/\/api.w.org\/{rel}","templated":true}]}}