{"id":8601,"date":"2018-04-19T06:15:13","date_gmt":"2018-04-19T04:15:13","guid":{"rendered":"http:\/\/ospoljane.modri.net\/?page_id=8584"},"modified":"2022-03-10T16:59:02","modified_gmt":"2022-03-10T15:59:02","slug":"koristne-povezave","status":"publish","type":"page","link":"https:\/\/sola-poljane.splet.arnes.si\/?page_id=8601","title":{"rendered":"Koristne povezave"},"content":{"rendered":"<a href=\"http:\/\/sola-poljane.splet.arnes.si\/?page_id=8598\"class=\"wpz-sc-button small\" style=\";background:#378DBD\"><span><i class=\"fa fa-play-circle\" style=\"padding-right:6px;\"><\/i>Dodatna strokovna pomo\u010d<\/span><\/a>\n<a href=\"http:\/\/sola-poljane.splet.arnes.si\/?page_id=8599\"class=\"wpz-sc-button small\" style=\";background:#378DBD\"><span><i class=\"fa fa-play-circle\" style=\"padding-right:6px;\"><\/i>Na\u0161e delo<\/span><\/a>\n<a href=\"http:\/\/sola-poljane.splet.arnes.si\/?page_id=8600\"class=\"wpz-sc-button small\" style=\";background:#378DBD\"><span><i class=\"fa fa-play-circle\" style=\"padding-right:6px;\"><\/i>Dobro je poznati<\/span><\/a>\n<a href=\"http:\/\/sola-poljane.splet.arnes.si\/?page_id=8601\"class=\"wpz-sc-button small\" style=\";background:#378DBD\"><span><i class=\"fa fa-play-circle\" style=\"padding-right:6px;\"><\/i>Koristne povezave<\/span><\/a>\n<a href=\"http:\/\/sola-poljane.splet.arnes.si\/?page_id=8602\"class=\"wpz-sc-button small\" style=\";background:#378DBD\"><span><i class=\"fa fa-play-circle\" style=\"padding-right:6px;\"><\/i>Gradiva za star\u0161e<\/span><\/a>\n<a href=\"http:\/\/sola-poljane.splet.arnes.si\/?page_id=9103\"class=\"wpz-sc-button small\" style=\";background:#378DBD\"><span><i class=\"fa fa-play-circle\" style=\"padding-right:6px;\"><\/i>Zakonodaja s podro\u010dja<\/span><\/a>\n<p>Povezave do koristnih spletnih strani:<\/p>\n<p><strong>OPP<\/strong>: <a href=\"https:\/\/www.youtube.com\/watch?v=1WhhAfBg6kg\">https:\/\/www.youtube.com\/watch?v=1WhhAfBg6kg<\/a><\/p>\n<p><strong>AMBULANTNE OBRAVNAVE<\/strong> pri specialnem pedagogu, klini\u010dnem psihologu, pedopsihiatru:<\/p>\n<p><strong>ZD Kran<\/strong>j: <a href=\"http:\/\/www.zd-kranj.si\/DISP_MENTALNO.html\">http:\/\/www.zd-kranj.si\/DISP_MENTALNO.html<\/a><\/p>\n<p><strong>ZD \u0160kofja Loka<\/strong>: <a href=\"http:\/\/www.zd-loka.si\/disp_metalno.html\">http:\/\/www.zd-loka.si\/disp_metalno.html<\/a><\/p>\n<p><strong><span style=\"color: #800080\">SPECIFI\u010cNE U\u010cNE TE\u017dAVE<\/span><\/strong>:<\/p>\n<p><strong>Dru\u0161tvo Bravo<\/strong>: <a href=\"http:\/\/www.drustvo-bravo.si\/\">http:\/\/www.drustvo-bravo.si\/<\/a><\/p>\n<p><strong>Gradiva za star\u0161e<\/strong>: <a href=\"http:\/\/www.drustvo-bravo.si\/prispevki\/gradiva-za-starse\/\">http:\/\/www.drustvo-bravo.si\/prispevki\/gradiva-za-starse\/<\/a><\/p>\n<p><strong>Svetovalni center Ljubljana<\/strong>: <a href=\"http:\/\/www.scoms-lj.si\/\">http:\/\/www.scoms-lj.si\/<\/a><\/p>\n<p><strong>Zavod za slepo in slabovidno mladino &#8211; Center IRIS:<\/strong>\u00a0<a href=\"http:\/\/www.zssm.si\/\">http:\/\/www.zssm.si\/<\/a><\/p>\n<p><strong><span style=\"color: #800080\">MOTNJE AVTISTI\u010cNEGA SPEKTRA:<\/span><\/strong><\/p>\n<p>Infodrom oddaja: <a href=\"https:\/\/www.youtube.com\/watch?v=O47r23GgGaI\">https:\/\/www.youtube.com\/watch?v=O47r23GgGaI<\/a><\/p>\n<p><strong>Facebook stran Zavoda Modri december<\/strong>, za spodbujanje zavedanja o avtizmu in sindromu Asperger: <a href=\"https:\/\/www.facebook.com\/Zavod-Modri-december-Spodbujanje-zavedanja-avtizma-in-sindroma-Asperger-1658877284391830\/\">https:\/\/www.facebook.com\/Zavod-Modri-december-Spodbujanje-zavedanja-avtizma-in-sindroma-Asperger-1658877284391830\/<\/a><\/p>\n<p><strong>Internetna stran zveze za avtizem<\/strong>\u00a0<a href=\"https:\/\/www.zveza-avtizem.eu\/\">https:\/\/www.zveza-avtizem.eu\/<\/a><\/p>\n<p><a href=\"http:\/\/svetkapitala.delo.si\/ikonomija\/avtisti-so-odlicni-inzenirji-delodajalci-se-tega-pocasi-zavedajo-2662\">http:\/\/svetkapitala.delo.si\/ikonomija\/avtisti-so-odlicni-inzenirji-delodajalci-se-tega-pocasi-zavedajo-2662<\/a><\/p>\n<p><a href=\"http:\/\/www.instavtizem.org\/\">http:\/\/www.instavtizem.org\/<\/a><\/p>\n<p><a href=\"http:\/\/www.avtizem.net\/ali-obstaja-zdravilo-za-avtizem\">http:\/\/www.avtizem.net\/ali-obstaja-zdravilo-za-avtizem<\/a><\/p>\n<p><a href=\"https:\/\/www.google.com\/url?q=http:\/\/www.avtizem.net\/terminologija&amp;sa=D&amp;source=hangouts&amp;ust=1539938501453000&amp;usg=AFQjCNFT61NpoY7LPtkZRAmI9ItwL7N9fA\">http:\/\/www.avtizem.net\/terminologija&amp;sa=D&amp;source=hangouts&amp;ust=1539938501453000&amp;usg=AFQjCNFT61NpoY7LPtkZRAmI9ItwL7N9fA<\/a><\/p>\n<p>&nbsp;<\/p>\n<p><strong><span style=\"color: #800080\">POSTOPEK USMERJANJA:<\/span><\/strong><\/p>\n<p><a href=\"https:\/\/www.zrss.si\/usmerjanje-otrok-posebne-potrebe\/obrazci-za-usmerjanje-otrok-s-posebnimi-potrebami\/\">Obrazci za usmerjanje otrok s posebnimi potrebami &#8211; Zavod RS za \u0161olstvo (zrss.si)<\/a><\/p>\n<p style=\"font-weight: 400\"><strong><span style=\"color: #800080\">KORAKI POMO\u010cI:<\/span><\/strong><\/p>\n","protected":false},"excerpt":{"rendered":"<p>Povezave do koristnih spletnih strani: OPP: https:\/\/www.youtube.com\/watch?v=1WhhAfBg6kg AMBULANTNE OBRAVNAVE pri [&hellip;]<\/p>\n","protected":false},"author":24393,"featured_media":0,"parent":8598,"menu_order":3,"comment_status":"closed","ping_status":"closed","template":"","meta":{"ngg_post_thumbnail":0,"footnotes":""},"class_list":["post-8601","page","type-page","status-publish","hentry"],"_links":{"self":[{"href":"https:\/\/sola-poljane.splet.arnes.si\/index.php?rest_route=\/wp\/v2\/pages\/8601","targetHints":{"allow":["GET"]}}],"collection":[{"href":"https:\/\/sola-poljane.splet.arnes.si\/index.php?rest_route=\/wp\/v2\/pages"}],"about":[{"href":"https:\/\/sola-poljane.splet.arnes.si\/index.php?rest_route=\/wp\/v2\/types\/page"}],"author":[{"embeddable":true,"href":"https:\/\/sola-poljane.splet.arnes.si\/index.php?rest_route=\/wp\/v2\/users\/24393"}],"replies":[{"embeddable":true,"href":"https:\/\/sola-poljane.splet.arnes.si\/index.php?rest_route=%2Fwp%2Fv2%2Fcomments&post=8601"}],"version-history":[{"count":8,"href":"https:\/\/sola-poljane.splet.arnes.si\/index.php?rest_route=\/wp\/v2\/pages\/8601\/revisions"}],"predecessor-version":[{"id":23563,"href":"https:\/\/sola-poljane.splet.arnes.si\/index.php?rest_route=\/wp\/v2\/pages\/8601\/revisions\/23563"}],"up":[{"embeddable":true,"href":"https:\/\/sola-poljane.splet.arnes.si\/index.php?rest_route=\/wp\/v2\/pages\/8598"}],"wp:attachment":[{"href":"https:\/\/sola-poljane.splet.arnes.si\/index.php?rest_route=%2Fwp%2Fv2%2Fmedia&parent=8601"}],"curies":[{"name":"wp","href":"https:\/\/api.w.org\/{rel}","templated":true}]}}