{"id":8598,"date":"2018-04-19T06:10:36","date_gmt":"2018-04-19T04:10:36","guid":{"rendered":"http:\/\/ospoljane.modri.net\/?page_id=8575"},"modified":"2023-10-23T10:04:35","modified_gmt":"2023-10-23T08:04:35","slug":"dodatna-strokovna-pomoc","status":"publish","type":"page","link":"https:\/\/sola-poljane.splet.arnes.si\/?page_id=8598","title":{"rendered":"Dodatna strokovna pomo\u010d"},"content":{"rendered":"<a href=\"http:\/\/sola-poljane.splet.arnes.si\/?page_id=8598\"class=\"wpz-sc-button small\" style=\";background:#378DBD\"><span><i class=\"fa fa-play-circle\" style=\"padding-right:6px;\"><\/i>Dodatna strokovna pomo\u010d<\/span><\/a>\n<a href=\"http:\/\/sola-poljane.splet.arnes.si\/?page_id=8599\"class=\"wpz-sc-button small\" style=\";background:#378DBD\"><span><i class=\"fa fa-play-circle\" style=\"padding-right:6px;\"><\/i>Na\u0161e delo<\/span><\/a>\n<a href=\"http:\/\/sola-poljane.splet.arnes.si\/?page_id=8600\"class=\"wpz-sc-button small\" style=\";background:#378DBD\"><span><i class=\"fa fa-play-circle\" style=\"padding-right:6px;\"><\/i>Dobro je poznati<\/span><\/a>\n<a href=\"http:\/\/sola-poljane.splet.arnes.si\/?page_id=8601\"class=\"wpz-sc-button small\" style=\";background:#378DBD\"><span><i class=\"fa fa-play-circle\" style=\"padding-right:6px;\"><\/i>Koristne povezave<\/span><\/a>\n<a href=\"http:\/\/sola-poljane.splet.arnes.si\/?page_id=8602\"class=\"wpz-sc-button small\" style=\";background:#378DBD\"><span><i class=\"fa fa-play-circle\" style=\"padding-right:6px;\"><\/i>Gradiva za star\u0161e<\/span><\/a>\n<a href=\"http:\/\/sola-poljane.splet.arnes.si\/?page_id=9103\"class=\"wpz-sc-button small\" style=\";background:#378DBD\"><span><i class=\"fa fa-play-circle\" style=\"padding-right:6px;\"><\/i>Zakonodaja s podro\u010dja<\/span><\/a>\n<h4><span style=\"color: #800000\">Kdo so u\u010denci s posebnimi potrebami?<\/span><\/h4>\n<p>U\u010denci s posebnimi potrebami so u\u010denci, ki jim Komisija za usmerjanje otrok s posebnimi potrebami dodeli status otroka s posebnimi potrebami in so usmerjeni v izobra\u017eevalni program osnovne \u0161ole s prilagojenim izvajanjem in dodatno strokovno pomo\u010djo. Nudenje dodatne strokovne pomo\u010di poteka v \u0161oli in vrtcu.<br \/>\nDodatna strokovna pomo\u010d se izvaja individualno v ali izven oddelka, v manj\u0161ih skupinah ali kot spremljanje in nudenje pomo\u010di v okviru pouka.<\/p>\n<p>Izvajalke dodatne strokovne pomo\u010di na na\u0161i \u0161oli smo:<\/p>\n\n<table id=\"tablepress-17\" class=\"tablepress tablepress-id-17\">\n<thead>\n<tr class=\"row-1\">\n\t<th class=\"column-1\">Ime in priimek<\/th><th class=\"column-2\">izobrazba<\/th><th class=\"column-3\">Telefon<\/th><th class=\"column-4\">Elektronska po\u0161ta<\/th>\n<\/tr>\n<\/thead>\n<tbody class=\"row-striping row-hover\">\n<tr class=\"row-2\">\n\t<td class=\"column-1\">Ana Filipi\u010d<\/td><td class=\"column-2\">specialna in rehabilitacijska pedagoginja<\/td><td class=\"column-3\">04 50 70 529<\/td><td class=\"column-4\">ana.filipic<br \/>\n(at)sola-poljane.si<\/td>\n<\/tr>\n<tr class=\"row-3\">\n\t<td class=\"column-1\">Barbara Burjek<\/td><td class=\"column-2\">specialna pedagoginja<\/td><td class=\"column-3\">04 50 70 522<\/td><td class=\"column-4\">barbara.burjek<br \/>\n(at)sola-poljane.si<\/td>\n<\/tr>\n<tr class=\"row-4\">\n\t<td class=\"column-1\">Katja \u010carman<\/td><td class=\"column-2\">socialna pedagoginja<\/td><td class=\"column-3\">04 50 70 524<\/td><td class=\"column-4\">katja.carman<br \/>\n(at)sola-poljane.si<\/td>\n<\/tr>\n<\/tbody>\n<\/table>\n<!-- #tablepress-17 from cache -->\n","protected":false},"excerpt":{"rendered":"<p>Kdo so u\u010denci s posebnimi potrebami? U\u010denci s posebnimi potrebami [&hellip;]<\/p>\n","protected":false},"author":24393,"featured_media":0,"parent":8590,"menu_order":2,"comment_status":"closed","ping_status":"closed","template":"","meta":{"ngg_post_thumbnail":0,"footnotes":""},"class_list":["post-8598","page","type-page","status-publish","hentry"],"_links":{"self":[{"href":"https:\/\/sola-poljane.splet.arnes.si\/index.php?rest_route=\/wp\/v2\/pages\/8598","targetHints":{"allow":["GET"]}}],"collection":[{"href":"https:\/\/sola-poljane.splet.arnes.si\/index.php?rest_route=\/wp\/v2\/pages"}],"about":[{"href":"https:\/\/sola-poljane.splet.arnes.si\/index.php?rest_route=\/wp\/v2\/types\/page"}],"author":[{"embeddable":true,"href":"https:\/\/sola-poljane.splet.arnes.si\/index.php?rest_route=\/wp\/v2\/users\/24393"}],"replies":[{"embeddable":true,"href":"https:\/\/sola-poljane.splet.arnes.si\/index.php?rest_route=%2Fwp%2Fv2%2Fcomments&post=8598"}],"version-history":[{"count":17,"href":"https:\/\/sola-poljane.splet.arnes.si\/index.php?rest_route=\/wp\/v2\/pages\/8598\/revisions"}],"predecessor-version":[{"id":34722,"href":"https:\/\/sola-poljane.splet.arnes.si\/index.php?rest_route=\/wp\/v2\/pages\/8598\/revisions\/34722"}],"up":[{"embeddable":true,"href":"https:\/\/sola-poljane.splet.arnes.si\/index.php?rest_route=\/wp\/v2\/pages\/8590"}],"wp:attachment":[{"href":"https:\/\/sola-poljane.splet.arnes.si\/index.php?rest_route=%2Fwp%2Fv2%2Fmedia&parent=8598"}],"curies":[{"name":"wp","href":"https:\/\/api.w.org\/{rel}","templated":true}]}}