{"id":8597,"date":"2018-04-16T14:34:29","date_gmt":"2018-04-16T12:34:29","guid":{"rendered":"http:\/\/ospoljane.splet.arnes.si\/?page_id=6007"},"modified":"2025-07-01T10:46:16","modified_gmt":"2025-07-01T08:46:16","slug":"projekt-shema-solskega-sadja-in-zelenjave","status":"publish","type":"page","link":"https:\/\/sola-poljane.splet.arnes.si\/?page_id=8597","title":{"rendered":"Projekt \u0161olska shema"},"content":{"rendered":"<p><span class=\"auto-style11\">O\u0160 Poljane se je vklju\u010dila v projekt v \u0161olskem letu 2013\/2014.<\/span><\/p>\n<p>\u0160olska shema je nadomestila nekdanji: Shemo \u0161olskega sadja in zelenjave ter Shemo \u0161olskega mleka<\/p>\n<p>\u0160OLSKA SHEMA je nov ukrep skupne kmetijske politike in pomeni pomo\u010d za oskrbo s sadjem in zelenjavo ter mlekom in mle\u010dnimi izdelki v izobra\u017eevalnih ustanovah. Za\u010detek izvajanja \u0161olske sheme je \u0161olsko leto 2017\/2018. Podlaga za njeno na\u010drtno in u\u010dinkovito izvajanje je ta strategija, ki je sprejeta za \u0161estletno obdobje od \u0161olskega leta 2017\/2018 do \u0161olskega leta 2022\/2023. Strategijo je pripravila medresorska delovna skupina na Ministrstvu za kmetijstvo, gozdarstvo in prehrano, sprejel pa jo je minister, pristojen za kmetijstvo, v soglasju z ministrico, pristojno za izobra\u017eevanje in ministrico, pristojno za zdravje. V \u0161olski shemi se otrokom v osnovni \u0161oli in gojencem v zavodih za vzgojo in izobra\u017eevanje otrok in mladostnikov s posebnimi potrebami brezpla\u010dno razdeljuje dodaten obrok sadja in zelenjave oziroma mleka in mle\u010dnih izdelkov ter se jih skozi razli\u010dne dejavnosti spremljevalnih izobra\u017eevalnih ukrepov povezuje s kmetijstvom, izobra\u017euje o zdravih prehranskih navadah, lokalnih prehranskih verigah, ekolo\u0161kemu kmetovanju, trajnostni pridelavi in prepre\u010devanju zavr\u017ekov hrane. \u0160olska shema vklju\u010duje tudi spremljanje in vrednotenje u\u010dinkov sheme ter obve\u0161\u010danje javnosti.<\/p>\n<p>Namen tega ukrepa je ustaviti trend zmanj\u0161evanja porabe sadja in zelenjave ter mleka in mle\u010dnih izdelkov in hkrati omejiti nara\u0161\u010danje pojava prekomerne telesne te\u017ee in debelosti pri otrocih. Slednja namre\u010d pove\u010duje tveganje za nastanek \u0161tevilnih bolezni sodobnega \u010dasa (sladkorna bolezen tipa 2, sr\u010dno-\u017eilne bolezni, rak, osteoporoza) pri \u010demer je dala velik poudarek pomembnosti vklju\u010devanja spremljajo\u010dih izobra\u017eevalnih in promocijskih aktivnosti.<\/p>\n<p>\u0160ole so se morale s \u0161olskim letom 2017\/2018 ob prijavi v novo \u0160olsko shemo odlo\u010diti, ali bodo razdeljevale le \u0161olsko sadje in zelenjavo ali le \u0161olsko mleko ali oboje.<\/p>\n<p>Na na\u0161i \u0161oli bomo od \u0161olskega leta 2017\/2018 dalje nadaljevali z ukrepom Shema \u0161olskega sadja in zelenjave.<br \/>\n\u0160ola mora razdeljevati sadje in zelenjavo kot dodatni obrok poleg redne \u0161olske prehrane. To pomeni, da \u0161ola sadja in zelenjave, ki ga ponuja v okviru \u0161olske prehrane, ne sme nadomestiti s sadjem in zelenjavo iz S\u0160SZ.<br \/>\nTo je ozna\u010deno tudi na jedilniku. Sadje oz. zelenjavo bomo u\u010dencem ponudili 1x na teden. Vsak \u010detrtek pred poukom oziroma v \u010dasu oddel\u010dnih skupnosti na P\u0160 Javorje in pri \u0161olski malici na O\u0160 Poljane. Sadje oziroma zelenjavo bodo delili u\u010denci v razredih.<\/p>\n<p>&nbsp;<\/p>\n<h3>Dogajanje v okviru projekta<\/h3>\n<p><a href=\"https:\/\/sola-poljane.splet.arnes.si\/?page_id=48596\">\u0160olsko leto 2024-2025<\/a><\/p>\n<p><a href=\"https:\/\/sola-poljane.splet.arnes.si\/?page_id=40805\">\u0160olsko leto 2023-2024<\/a><\/p>\n<p><a href=\"https:\/\/sola-poljane.splet.arnes.si\/?page_id=33011\">\u0160olsko leto 2022-2023<\/a><\/p>\n<p><a href=\"https:\/\/sola-poljane.splet.arnes.si\/?page_id=26152\">\u0160olsko leto 2021-2022<\/a><\/p>\n<p><a href=\"http:\/\/sola-poljane.splet.arnes.si\/?page_id=22079\">\u0160olsko leto 2020-2021<\/a><\/p>\n<p><a href=\"https:\/\/sola-poljane.splet.arnes.si\/?page_id=15785\">\u0160olsko leto 2019-2020<\/a><\/p>\n<p><a href=\"http:\/\/sola-poljane.splet.arnes.si\/?page_id=12733\">\u0160olsko leto 2018-2019<\/a><\/p>\n<p><a href=\"http:\/\/sola-poljane.splet.arnes.si\/?page_id=9995\">\u0160olsko leto 2017-2018<\/a><\/p>\n<p><a href=\"http:\/\/sola-poljane.splet.arnes.si\/?page_id=9991\">\u0160olsko leto 2016-2017<\/a><\/p>\n<p><a href=\"http:\/\/sola-poljane.splet.arnes.si\/?page_id=9985\">\u0160olsko leto 2015-2016<\/a><\/p>\n<p><a href=\"http:\/\/sola-poljane.splet.arnes.si\/?page_id=9975\">\u0160olsko leto 2014-2015<\/a><\/p>\n<p>&nbsp;<\/p>\n<p>&nbsp;<\/p>\n<p>&nbsp;<\/p>\n","protected":false},"excerpt":{"rendered":"<p>O\u0160 Poljane se je vklju\u010dila v projekt v \u0161olskem letu [&hellip;]<\/p>\n","protected":false},"author":100990,"featured_media":0,"parent":8596,"menu_order":3,"comment_status":"closed","ping_status":"closed","template":"","meta":{"ngg_post_thumbnail":0,"footnotes":""},"class_list":["post-8597","page","type-page","status-publish","hentry"],"_links":{"self":[{"href":"https:\/\/sola-poljane.splet.arnes.si\/index.php?rest_route=\/wp\/v2\/pages\/8597","targetHints":{"allow":["GET"]}}],"collection":[{"href":"https:\/\/sola-poljane.splet.arnes.si\/index.php?rest_route=\/wp\/v2\/pages"}],"about":[{"href":"https:\/\/sola-poljane.splet.arnes.si\/index.php?rest_route=\/wp\/v2\/types\/page"}],"author":[{"embeddable":true,"href":"https:\/\/sola-poljane.splet.arnes.si\/index.php?rest_route=\/wp\/v2\/users\/100990"}],"replies":[{"embeddable":true,"href":"https:\/\/sola-poljane.splet.arnes.si\/index.php?rest_route=%2Fwp%2Fv2%2Fcomments&post=8597"}],"version-history":[{"count":15,"href":"https:\/\/sola-poljane.splet.arnes.si\/index.php?rest_route=\/wp\/v2\/pages\/8597\/revisions"}],"predecessor-version":[{"id":48598,"href":"https:\/\/sola-poljane.splet.arnes.si\/index.php?rest_route=\/wp\/v2\/pages\/8597\/revisions\/48598"}],"up":[{"embeddable":true,"href":"https:\/\/sola-poljane.splet.arnes.si\/index.php?rest_route=\/wp\/v2\/pages\/8596"}],"wp:attachment":[{"href":"https:\/\/sola-poljane.splet.arnes.si\/index.php?rest_route=%2Fwp%2Fv2%2Fmedia&parent=8597"}],"curies":[{"name":"wp","href":"https:\/\/api.w.org\/{rel}","templated":true}]}}