{"id":8595,"date":"2018-04-16T11:44:36","date_gmt":"2018-04-16T09:44:36","guid":{"rendered":"http:\/\/ospoljane.splet.arnes.si\/?page_id=5993"},"modified":"2025-12-16T11:08:53","modified_gmt":"2025-12-16T10:08:53","slug":"projekt-eko-sola","status":"publish","type":"page","link":"https:\/\/sola-poljane.splet.arnes.si\/?page_id=8595","title":{"rendered":"Projekt EKO \u0160OLA"},"content":{"rendered":"<p>EKO\u0160OLA<\/p>\n<p>Program Eko\u0161ola je mednarodno uveljavljen program celostne okoljske vzgoje in izobra\u017eevanja, namenjen spodbujanju in ve\u010danju ozave\u0161\u010denosti o trajnostnem razvoju med otroki, u\u010denci in dijaki skozi njihov vzgojni in izobra\u017eevalni program ter skozi aktivno udejstvovanje v lokalni skupnosti in \u0161ir\u0161e.<\/p>\n<p>Vsako leto se najuspe\u0161nej\u0161im \u0161olam podelijo mednarodna priznanja \u2013 zelene zastave. To je tudi edino javno in mednarodno priznanje slovenskim \u0161olam za okoljevarstveno delovanje, skladno z mednarodnimi kriteriji FEE (Foundation for Environmental Education). Temelji na metodologiji 7 korakov, (ve\u010d na povezavi <a href=\"https:\/\/ekosola.si\/predstavitev-ekosole\/sedem-korakov\/\">https:\/\/ekosola.si\/predstavitev-ekosole\/sedem-korakov\/<\/a>) &nbsp;ki je primerljiv z okoljskim standardom kakovosti ISO 14001. Predstavlja postopek dela posamezne ustanove, da pridobi oziroma ohrani t. i. zeleno zastavo kot najvi\u0161je priznanje oziroma prepoznavni znak, da spada v mednarodni program Eko\u0161ola.<\/p>\n<p>Na\u0161a \u0161ola je v program vklju\u010dena od aprila 2004 in uspe\u0161no z aktivnostmi \u017ee vsa leta ohranjamo zeleno zastavo.<\/p>\n<p>Glavni cilj slovenskega programa Eko\u0161ola je vzgoja otroka in mladostnika, da skrb za okolje in naravo postane del \u017eivljenja. Zato bodo v \u0161olskem letu 2025\/26 na\u0161i glavni projekti:<\/p>\n<ol>\n<li>Eko-paket<\/li>\n<li>Ohranjanje biotske pestrosti in skrb za vodo<\/li>\n<li>\u0160olska VRTilnica<\/li>\n<li>Ekokviz za O\u0160<\/li>\n<li>Ekobranje za eko\u017eivljenje<\/li>\n<\/ol>\n<p>Ve\u010d o projektih si lahko preberete na povezavi: <a href=\"https:\/\/ekosola.si\/nasi_projekti\/\">https:\/\/ekosola.si\/nasi_projekti\/<\/a><\/p>\n<p>Glavne projekte spremlja \u0161e veliko drugih aktivnosti, v katere je vklju\u010dena celotna \u0161ola, tako u\u010denci, kot tudi u\u010ditelji in ostali zaposleni :<\/p>\n<ol>\n<li>Zbiranje odpadnega papirja in kartona<\/li>\n<li>Zbiranje pokrov\u010dkov<\/li>\n<li>Zbiranje izrabljenih tonerjev in kartu\u0161<\/li>\n<li>Shranjevanje porabljenega (odpadnega) papirja za ponovno uporabo<\/li>\n<li>Uporaba elektronske po\u0161te za komuniciranje s star\u0161i<\/li>\n<li>Elektronsko shranjevanje dokumentov<\/li>\n<li>Ureditev in uporaba kompostnika<\/li>\n<li>Izdelovanje opozorilnih in ozave\u0161\u010devalnih nalepk za stikala in elektronske naprave<\/li>\n<li>Spodbujanje prihodov v \u0161olo pe\u0161, s kolesom, z javnim ali \u0161olskim prevozom med zaposlenimi in u\u010denci<\/li>\n<li>Spodbujanje prevozov z ve\u010d potniki v avtomobilu<\/li>\n<li>podbujanje in izvajanje pohodov in planinskih izletov v naravo<\/li>\n<li>Tradicionalni slovenski zajtrk<\/li>\n<li>Mo\u017enost dobiti manj\u0161o porcijo ali dodaten obrok<\/li>\n<li>Izvajanje aktivnosti za zdravje in dobro po\u010dutje (minute za zdravje, zdravi dnevi, zdravi tedni, drugo &#8230;)<\/li>\n<li>Zagotavljanje \u0161portnih dejavnosti za u\u010dence<\/li>\n<li>Preskrba s hrano iz sve\u017eih, surovih in lokalnih sestavin<\/li>\n<li>Uporaba ekolo\u0161ko pridelane hrane<\/li>\n<li>Skrb za \u017eivali<\/li>\n<li>Vklju\u010devanje u\u010dencev v urejanje okolice ustanove &#8211; pometanje, pobiranje odpadkov, grabljenje, sajenje, pletje, ipd.<\/li>\n<li>Organizacija kulturne ali \u0161portne prireditve<\/li>\n<li>&nbsp;Raziskovanje pomena ohranjanja naravnih \u017eivljenjskih prostorov, virov in kultur po vsem svetu<\/li>\n<\/ol>\n<p>Glavnim projektom in aktivnostim so letos pridru\u017eene \u0161e akcije:<\/p>\n<ol>\n<li>Dru\u017eenje in gibanje vseh generacij<\/li>\n<li>Zbiranje pokrov\u010dkov<\/li>\n<li>Zbiranje tonerjev in kartu\u0161<\/li>\n<li>Zbiranje odpadne elektri\u010dne in elektronske opreme ter odpadnih baterij<\/li>\n<li>Zbiranje igra\u010d in knjig<\/li>\n<\/ol>\n<p>&nbsp;<\/p>\n<p>&nbsp;<\/p>\n<p>&nbsp;<\/p>\n<p>Arhiv<\/p>\n\n<!-- iframe plugin v.5.2 wordpress.org\/plugins\/iframe\/ -->\n<iframe loading=\"lazy\" style=\"width: 100%; border: 0;\" src=\"https:\/\/drive.google.com\/a\/sola-poljane.si\/embeddedfolderview?id=1SJpw5NpPffTR8ovFdYjeVYQH6AljHkN1#list\" width=\"100%\" 0=\"height=&quot;1500&quot;&amp;gt;\" height=\"500\" scrolling=\"yes\" class=\"iframe-class\" frameborder=\"0\" name=\"ARNES\"><\/iframe>\n\n<p>&nbsp;<\/p>\n","protected":false},"excerpt":{"rendered":"<p>EKO\u0160OLA Program Eko\u0161ola je mednarodno uveljavljen program celostne okoljske vzgoje [&hellip;]<\/p>\n","protected":false},"author":1973,"featured_media":0,"parent":8596,"menu_order":0,"comment_status":"closed","ping_status":"closed","template":"","meta":{"ngg_post_thumbnail":0,"footnotes":""},"class_list":["post-8595","page","type-page","status-publish","hentry"],"_links":{"self":[{"href":"https:\/\/sola-poljane.splet.arnes.si\/index.php?rest_route=\/wp\/v2\/pages\/8595","targetHints":{"allow":["GET"]}}],"collection":[{"href":"https:\/\/sola-poljane.splet.arnes.si\/index.php?rest_route=\/wp\/v2\/pages"}],"about":[{"href":"https:\/\/sola-poljane.splet.arnes.si\/index.php?rest_route=\/wp\/v2\/types\/page"}],"author":[{"embeddable":true,"href":"https:\/\/sola-poljane.splet.arnes.si\/index.php?rest_route=\/wp\/v2\/users\/1973"}],"replies":[{"embeddable":true,"href":"https:\/\/sola-poljane.splet.arnes.si\/index.php?rest_route=%2Fwp%2Fv2%2Fcomments&post=8595"}],"version-history":[{"count":15,"href":"https:\/\/sola-poljane.splet.arnes.si\/index.php?rest_route=\/wp\/v2\/pages\/8595\/revisions"}],"predecessor-version":[{"id":50985,"href":"https:\/\/sola-poljane.splet.arnes.si\/index.php?rest_route=\/wp\/v2\/pages\/8595\/revisions\/50985"}],"up":[{"embeddable":true,"href":"https:\/\/sola-poljane.splet.arnes.si\/index.php?rest_route=\/wp\/v2\/pages\/8596"}],"wp:attachment":[{"href":"https:\/\/sola-poljane.splet.arnes.si\/index.php?rest_route=%2Fwp%2Fv2%2Fmedia&parent=8595"}],"curies":[{"name":"wp","href":"https:\/\/api.w.org\/{rel}","templated":true}]}}