{"id":8594,"date":"2018-04-16T08:01:52","date_gmt":"2018-04-16T06:01:52","guid":{"rendered":"http:\/\/ospoljane.splet.arnes.si\/?page_id=5921"},"modified":"2025-06-12T11:54:10","modified_gmt":"2025-06-12T09:54:10","slug":"ucbeniski-sklad","status":"publish","type":"page","link":"https:\/\/sola-poljane.splet.arnes.si\/?page_id=8594","title":{"rendered":"U\u010dbeni\u0161ki sklad"},"content":{"rendered":"<h4>U\u010dbeniki in delovni zvezki<\/h4>\n<p>U\u010denci 4. do 9. razreda bodo u\u010dbenike za prihodnje \u0161olsko leto prejeli v zadnjih dneh pouka ob vra\u010danju leto\u0161njih, u\u010denci 1. do 3. razreda pa v prvih dneh pouka v naslednjem \u0161olskem letu. Enako velja za u\u010dbenike, ki do konca pouka \u0161e ne bodo dobavljeni.<\/p>\n<p>Pri seznamih u\u010dbenikov, delovnih zvezkov in potreb\u0161\u010din, ki jih bo va\u0161 otrok potreboval v naslednjem \u0161olskem letu, bodite pozorni na desni stolpec, kjer je ozna\u010deno, ali bo zapisano otrok prejel v \u0161oli ali kupite star\u0161i.<\/p>\n<h4>Seznam vseh potreb\u0161\u010din za \u0161olsko leto<\/h4>\n\n<!-- iframe plugin v.5.2 wordpress.org\/plugins\/iframe\/ -->\n<iframe loading=\"lazy\" style=\"width: 100%; border: 0;\" src=\"https:\/\/drive.google.com\/a\/sola-poljane.si\/embeddedfolderview?id=11V0LtUIZjYA86B1BAdPIuOO1WgHTJ25v#list\" width=\"300\" 0=\"height=&quot;2500&quot;&gt;\" height=\"500\" scrolling=\"yes\" class=\"iframe-class\" frameborder=\"0\" name=\"ARNES\"><\/iframe>\n\n<p>Lahko se zgodi, da vam mape ne prika\u017ee.<\/p>\n<p>V tem primeru je mo\u017eno ve\u010d vzrokov, najve\u010dkrat pa:<\/p>\n<ul>\n<li>ni posodobljen brskalnik;<\/li>\n<li>imate name\u0161\u010den kak bloker oglasov ali podobno.<\/li>\n<\/ul>\n<p>Preverite lahko tako, da v brskalniku odprete anonimni zavihek\/okno (incognito tab in podobni izrazi) in preverite, \u010de v tem primeru deluje. Obi\u010dajno deluje. V brskalniku Google Chrome <em>Novo anonimno okno<\/em> odprete desno zgoraj \u2013&gt;tri pikice in 3 mo\u017enost od vrha.<\/p>\n<p>V primeru operacijskega sistema Windows 10 ali 11 imate name\u0161\u010den tudi brskalnik Microsoft Edge, ki v privzeti nastavitvi ravno tako odpira to stran brez te\u017eav. Tako da lahko preverite tudi z brskalnikom Microsoft Edge.<\/p>\n<p>&nbsp;<\/p>\n<h4>Spletne povezave<\/h4>\n<p>Na spodnjih povezavah lahko naro\u010dite \u0161olske potreb\u0161\u010dine in delovne zvezke.<\/p>\n<p>&nbsp;<\/p>\n<p><a href=\"https:\/\/www.kopija-nova.si\/os?pmr=89&amp;pmid=ps0z7hgxslo0\">KOPIJA NOVA<\/a><\/p>\n<hr>\n<p><a href=\"https:\/\/www.printink.si\/vse-za-solo\">PRINTINK Vse za \u0161olo<\/a><\/p>\n<hr>\n<p><a href=\"http:\/\/www.papirnica-tops.si\/papirnica\/vse-za-solo\/oddaj-narocilo-za-solske-delovne-zvezke\/\">http:\/\/www.papirnica-tops.si\/papirnica\/vse-za-solo\/oddaj-narocilo-za-solske-delovne-zvezke\/<\/a><\/p>\n<hr>\n<p><a href=\"https:\/\/bit.ly\/OS_Poljane\" target=\"_blank\" rel=\"noopener\"><img loading=\"lazy\" decoding=\"async\" class=\"wp-image-26007 size-full alignnone\" src=\"https:\/\/sola-poljane.splet.arnes.si\/files\/2022\/06\/MK2022.jpg\" alt=\"\" width=\"300\" height=\"300\" srcset=\"https:\/\/sola-poljane.splet.arnes.si\/files\/2022\/06\/MK2022.jpg 300w, https:\/\/sola-poljane.splet.arnes.si\/files\/2022\/06\/MK2022-150x150.jpg 150w, https:\/\/sola-poljane.splet.arnes.si\/files\/2022\/06\/MK2022-55x55.jpg 55w, https:\/\/sola-poljane.splet.arnes.si\/files\/2022\/06\/MK2022-100x100.jpg 100w\" sizes=\"auto, (max-width: 300px) 100vw, 300px\" \/><\/a><\/p>\n<p>O\u0160 Poljane&#8211;&gt;<a href=\"https:\/\/emka.si\/pages\/solsko-leto\/osnovna-sola-poljane-osnovna-sola-splosni-program-1-razred-1251600?parenthandle=osnovna-sola-poljane&amp;program=Splo%C5%A1ni%20program\" target=\"_blank\" rel=\"noopener\" data-saferedirecturl=\"https:\/\/www.google.com\/url?q=https:\/\/bit.ly\/OS_POLJANE&amp;source=gmail&amp;ust=1687582315715000&amp;usg=AOvVaw1BxN-So3J6pMShVZYd6tc_\">EMKA &#8211; Mladinska knjiga<\/a><\/p>\n<p>P\u0160 Javorje&#8212;&gt;<a href=\"https:\/\/emka.si\/pages\/solsko-leto\/osnovna-sola-poljane-podruznicna-sola-javorje-osnovna-sola-splosni-program-1-razred-1251636?parenthandle=osnovna-sola-poljane-podruznicna-sola-javorje&amp;program=Splo%C5%A1ni%20program\" target=\"_blank\" rel=\"noopener\" data-saferedirecturl=\"https:\/\/www.google.com\/url?q=https:\/\/bit.ly\/OS_POLJANE_JAVORJE&amp;source=gmail&amp;ust=1687582315715000&amp;usg=AOvVaw3JDCqgyjgrVS3F2unKcEnU\">EMKA &#8211; Mladinska knjiga( P\u0160 Javorje)<\/a><\/p>\n<hr>\n<p><a href=\"https:\/\/go2school.com\/narocilo-sola-24?displaySchool=Osnovna \u0161ola Poljane\">https:\/\/go2school.com\/narocilo-sola-24?displaySchool=Osnovna \u0161ola Poljane <\/a><\/p>\n<hr>\n<p>&nbsp;<\/p>\n<div>&nbsp;<\/div>\n<div>&nbsp;<\/div>\n<div>&nbsp;<\/div>\n","protected":false},"excerpt":{"rendered":"<p>U\u010dbeniki in delovni zvezki U\u010denci 4. do 9. razreda bodo [&hellip;]<\/p>\n","protected":false},"author":1973,"featured_media":0,"parent":8593,"menu_order":0,"comment_status":"closed","ping_status":"closed","template":"","meta":{"ngg_post_thumbnail":0,"footnotes":""},"class_list":["post-8594","page","type-page","status-publish","hentry"],"_links":{"self":[{"href":"https:\/\/sola-poljane.splet.arnes.si\/index.php?rest_route=\/wp\/v2\/pages\/8594","targetHints":{"allow":["GET"]}}],"collection":[{"href":"https:\/\/sola-poljane.splet.arnes.si\/index.php?rest_route=\/wp\/v2\/pages"}],"about":[{"href":"https:\/\/sola-poljane.splet.arnes.si\/index.php?rest_route=\/wp\/v2\/types\/page"}],"author":[{"embeddable":true,"href":"https:\/\/sola-poljane.splet.arnes.si\/index.php?rest_route=\/wp\/v2\/users\/1973"}],"replies":[{"embeddable":true,"href":"https:\/\/sola-poljane.splet.arnes.si\/index.php?rest_route=%2Fwp%2Fv2%2Fcomments&post=8594"}],"version-history":[{"count":15,"href":"https:\/\/sola-poljane.splet.arnes.si\/index.php?rest_route=\/wp\/v2\/pages\/8594\/revisions"}],"predecessor-version":[{"id":48057,"href":"https:\/\/sola-poljane.splet.arnes.si\/index.php?rest_route=\/wp\/v2\/pages\/8594\/revisions\/48057"}],"up":[{"embeddable":true,"href":"https:\/\/sola-poljane.splet.arnes.si\/index.php?rest_route=\/wp\/v2\/pages\/8593"}],"wp:attachment":[{"href":"https:\/\/sola-poljane.splet.arnes.si\/index.php?rest_route=%2Fwp%2Fv2%2Fmedia&parent=8594"}],"curies":[{"name":"wp","href":"https:\/\/api.w.org\/{rel}","templated":true}]}}