{"id":8593,"date":"2018-04-16T07:58:13","date_gmt":"2018-04-16T05:58:13","guid":{"rendered":"http:\/\/ospoljane.splet.arnes.si\/?page_id=5913"},"modified":"2023-03-08T08:52:32","modified_gmt":"2023-03-08T07:52:32","slug":"knjiznica","status":"publish","type":"page","link":"https:\/\/sola-poljane.splet.arnes.si\/?page_id=8593","title":{"rendered":"Knji\u017enica"},"content":{"rendered":"<h3 style=\"text-align: center\"><strong>\u0160OLSKA KNJI\u017dNICA NA O\u0160 POLJANE<br \/>\n<\/strong><\/h3>\n<p><span style=\"color: #000000\"><u>KNJI\u017dNICA <strong>JE ODPRTA<\/strong><\/u><\/span><\/p>\n<ul>\n<li><span style=\"color: #000000\">OD PONEDELJKA DO \u010cETRTKA&nbsp; <strong>OD 7:15 DO 14:00<\/strong><\/span><\/li>\n<li><span style=\"color: #000000\">IN V PETEK <strong>OD 7:15 DO 13:00<\/strong><\/span><\/li>\n<li><span style=\"color: #000000\">TOREK <strong>OD 7:30 DO 10:00<\/strong> \u2013 P\u0160 JAVORJE<\/span><\/li>\n<\/ul>\n<h4><span style=\"color: #000000\"><strong>\u010cLANSTVO<\/strong><\/span><\/h4>\n<p><span style=\"color: #000000\">\u010clan knji\u017enice je lahko vsak u\u010denec in delavec na\u0161e \u0161ole, otroci iz vrtca po dogovoru z vzgojiteljico.<\/span><\/p>\n<p>&nbsp;<\/p>\n<h4><span style=\"color: #000000\"><strong>ROK IZPOSOJE ZA U\u010cENCE<\/strong><\/span><\/h4>\n<p><span style=\"color: #000000\">Gradivo iz \u0161olske knji\u017enice si u\u010denci izposodite za 14 dni. Rok izposoje lahko tudi podalj\u0161ate, kar pa ni mogo\u010de pri rezerviranem gradivu.<\/span><\/p>\n<p><span style=\"color: #000000\">Nerednim uporabnikom se lahko izposoja za\u010dasno odre\u010de. To pomeni, da si u\u010denec, ki ima izposojeno gradivo, ki mu je pretekel rok izposoje za ve\u010d kot mesec dni, novega gradiva ne more izposoditi, dokler ne vrne zamujenega.<\/span><\/p>\n<p>&nbsp;<\/p>\n<h4><span style=\"color: #000000\"><strong>KNJIGA SE LAHKO REZERVIRA:<\/strong><\/span><\/h4>\n<ul>\n<li><span style=\"color: #000000\">osebno v knji\u017enici, po telefonu ali elektronski po\u0161ti;<\/span><\/li>\n<li>izven urnika izposoje lahko knjige naro\u010dite tudi preko e po\u0161te. Na elektronski naslov &#x6d;&#x61;&#x6a;&#x64;&#97;&#46;ber&#x6e;&#x69;&#x6b;&#x40;&#115;&#111;la-&#x70;&#x6f;&#x6c;&#x6a;&#97;&#110;&#101;&#46;s&#x69; sporo\u010dite avtorja in naslove \u017eeljenih knjig. Naro\u010dene knjige vas \u010dakajo na pultu, ozna\u010dene z imenom.<\/li>\n<\/ul>\n<p>&nbsp;<\/p>\n<p>O prisotnem gradivu v na\u0161i \u0161olski knji\u017enici se lahko informirate v katalogu COBISS <a href=\"https:\/\/plus.si.cobiss.net\/opac7\/bib\/search?db=osposl\">https:\/\/plus.si.cobiss.net\/opac7\/bib\/search?db=osposl<\/a> .<\/p>\n<p>U\u010denci 6. do 9. razreda ste se s tem na\u010dinom iskanja gradiva \u017ee seznanili, mlaj\u0161i pa prosite za pomo\u010d star\u0161e. Pomagate si lahko tudi s <a href=\"https:\/\/drive.google.com\/open?id=1H50HARxrd9Eg0IegdEYw0uDBbL899eVa\">prilo\u017eenimi preprostimi navodili.<\/a><\/p>\n<p>Seznam u\u010dbenikov za teko\u010de \u0161olsko leto dobite na <a href=\"http:\/\/sola-poljane.splet.arnes.si\/?page_id=8594\">strani u\u010dbeni\u0161kega sklada<\/a>.<\/p>\n<h4>&nbsp;<\/h4>\n<h4><span style=\"color: #000000\"><strong>PO\u0160KODOVANO ALI IZGUBLJENO<\/strong><\/span><\/h4>\n<p><span style=\"color: #000000\">\u010ce je gradivo po\u0161kodovano ali izgubljeno, ga je potrebno nadomestiti z novim.<\/span><\/p>\n<h4>&nbsp;<\/h4>\n<h4><span style=\"color: #000000\"><strong>IZKAZNICA<\/strong><\/span><\/h4>\n<p><span style=\"color: #000000\">U\u010denci za izposojo gradiva potrebujejo izkaznico, ki jo dobijo na dogovorjenem mestu v knji\u017enici.<\/span><\/p>\n<h4>&nbsp;<\/h4>\n<h4><span style=\"color: #000000\"><strong>NEKNJI\u017dNO GRADIVO<\/strong><\/span><\/h4>\n<p><span style=\"color: #000000\">Neknji\u017eno gradivo se izposoja le za potrebe pouka.<\/span><\/p>\n<h4>&nbsp;<\/h4>\n<h4><span style=\"color: #000000\"><strong>DAROVI<\/strong><\/span><\/h4>\n<p><span style=\"color: #000000\">Knji\u017enica s podarjenim gradivom razpolaga po lastni presoji.<\/span><\/p>\n<h4>&nbsp;<\/h4>\n<h4><span style=\"color: #000000\"><strong>&nbsp;UPORABNE SPLETNE POVEZAVE<\/strong><\/span><\/h4>\n<p><span style=\"color: #000000\">Virtualna knji\u017enica Slovenije: <a style=\"color: #000000\" href=\"http:\/\/www.cobiss.si\/\">www.cobiss.si<\/a><\/span><\/p>\n<p><span style=\"color: #000000\">Bralna zna\u010dka: <a style=\"color: #000000\" href=\"https:\/\/www.bralnaznacka.si\/sl\/\">https:\/\/www.bralnaznacka.si\/sl\/<\/a><br \/>\n<\/span><\/p>\n<p><span style=\"color: #000000\">Digitalna knji\u017enica: <a style=\"color: #000000\" href=\"http:\/\/www.dlib.si\/\">http:\/\/www.dlib.si<\/a><\/span><\/p>\n<p><span style=\"color: #000000\">Nacionalni projekt: <a style=\"color: #000000\" href=\"http:\/\/www.jakrs.si\/bralna-kultura\/rastem-s-knjigo\/\">http:\/\/www.jakrs.si\/bralna-kultura\/rastem-s-knjigo\/<\/a><\/span><\/p>\n<p><span style=\"color: #000000\">Knji\u017eni\u010dno muzejski MEGA kviz:&nbsp; <a style=\"color: #000000\" href=\"https:\/\/www.megakviz.si\/novice\/\">https:\/\/www.megakviz.si\/novice\/<\/a><\/span><\/p>\n<p><span style=\"color: #000000\">Na\u0161a mala knji\u017enica: <a style=\"color: #000000\" href=\"http:\/\/www.nasamalaknjiznica.si\/\">http:\/\/www.nasamalaknjiznica.si\/<\/a><\/span><\/p>\n<p>&nbsp;<\/p>\n<p class=\"MsoNormal\" style=\"line-height: normal\"><span style=\"font-family: 'Arial',sans-serif\">Knjige \u010dakajo, dobrodo\u0161li v svet branja!<\/span><\/p>\n<p>&nbsp;<\/p>\n<p style=\"text-align: right\">knji\u017eni\u010darka Majda Bernik<\/p>\n","protected":false},"excerpt":{"rendered":"<p>\u0160OLSKA KNJI\u017dNICA NA O\u0160 POLJANE KNJI\u017dNICA JE ODPRTA OD PONEDELJKA [&hellip;]<\/p>\n","protected":false},"author":1973,"featured_media":0,"parent":8562,"menu_order":7,"comment_status":"closed","ping_status":"closed","template":"","meta":{"ngg_post_thumbnail":0,"footnotes":""},"class_list":["post-8593","page","type-page","status-publish","hentry"],"_links":{"self":[{"href":"https:\/\/sola-poljane.splet.arnes.si\/index.php?rest_route=\/wp\/v2\/pages\/8593","targetHints":{"allow":["GET"]}}],"collection":[{"href":"https:\/\/sola-poljane.splet.arnes.si\/index.php?rest_route=\/wp\/v2\/pages"}],"about":[{"href":"https:\/\/sola-poljane.splet.arnes.si\/index.php?rest_route=\/wp\/v2\/types\/page"}],"author":[{"embeddable":true,"href":"https:\/\/sola-poljane.splet.arnes.si\/index.php?rest_route=\/wp\/v2\/users\/1973"}],"replies":[{"embeddable":true,"href":"https:\/\/sola-poljane.splet.arnes.si\/index.php?rest_route=%2Fwp%2Fv2%2Fcomments&post=8593"}],"version-history":[{"count":20,"href":"https:\/\/sola-poljane.splet.arnes.si\/index.php?rest_route=\/wp\/v2\/pages\/8593\/revisions"}],"predecessor-version":[{"id":29892,"href":"https:\/\/sola-poljane.splet.arnes.si\/index.php?rest_route=\/wp\/v2\/pages\/8593\/revisions\/29892"}],"up":[{"embeddable":true,"href":"https:\/\/sola-poljane.splet.arnes.si\/index.php?rest_route=\/wp\/v2\/pages\/8562"}],"wp:attachment":[{"href":"https:\/\/sola-poljane.splet.arnes.si\/index.php?rest_route=%2Fwp%2Fv2%2Fmedia&parent=8593"}],"curies":[{"name":"wp","href":"https:\/\/api.w.org\/{rel}","templated":true}]}}