{"id":8592,"date":"2018-04-16T07:31:10","date_gmt":"2018-04-16T05:31:10","guid":{"rendered":"http:\/\/ospoljane.splet.arnes.si\/?page_id=5899"},"modified":"2025-09-12T11:56:08","modified_gmt":"2025-09-12T09:56:08","slug":"kuhinja","status":"publish","type":"page","link":"https:\/\/sola-poljane.splet.arnes.si\/?page_id=8592","title":{"rendered":"Kuhinja"},"content":{"rendered":"<h3><span style=\"color: #800000\">Organizacija in priprava \u0161olske prehrane<\/span><\/h3>\n<p><strong>Irena Tehovnik<\/strong>, organizatorica \u0161olske prehrane<\/p>\n<ul>\n<li>Telefon: (04) 50-70-506<\/li>\n<li>E-po\u0161ta: irena.tehovnik(at)sola-poljane.si<\/li>\n<\/ul>\n<h4 class=\"fittexted_for_content_h4\"><span style=\"color: #800000\">Osnovna \u0161ola Poljane<\/span><\/h4>\n<p><strong>Martina Dolinar<\/strong>, vodja kuhinje<\/p>\n<ul>\n<li>Telefon: (04) 50-70-519<\/li>\n<li>E-po\u0161ta: martina.dolinar(at)sola-poljane.si<\/li>\n<\/ul>\n<p>Ostali zaposleni: <b>Jurka Kav\u010di\u010d,<\/b>&nbsp;<strong>Klavdija Dolenc<\/strong>, <strong>Bernarda Likar<\/strong> in <strong>Danila Jereb<\/strong>.<\/p>\n<h4 class=\"fittexted_for_content_h4\"><span style=\"color: #800000\">Podru\u017eni\u010dna \u0161ola Javorje<\/span><\/h4>\n<p><strong>Matej Mohori\u010d<\/strong>, vodja kuhinje<\/p>\n<ul>\n<li>Telefon: (04) 50-70-501<\/li>\n<li>E-po\u0161ta: matej.mohoric(at)sola-poljane.si<\/li>\n<\/ul>\n<p>Ostali zaposleni: <b>Tadeja Jesenko<\/b>.<\/p>\n<p>&nbsp;<\/p>\n","protected":false},"excerpt":{"rendered":"<p>Organizacija in priprava \u0161olske prehrane Irena Tehovnik, organizatorica \u0161olske prehrane [&hellip;]<\/p>\n","protected":false},"author":100990,"featured_media":0,"parent":8562,"menu_order":7,"comment_status":"closed","ping_status":"closed","template":"","meta":{"ngg_post_thumbnail":0,"footnotes":""},"class_list":["post-8592","page","type-page","status-publish","hentry"],"_links":{"self":[{"href":"https:\/\/sola-poljane.splet.arnes.si\/index.php?rest_route=\/wp\/v2\/pages\/8592","targetHints":{"allow":["GET"]}}],"collection":[{"href":"https:\/\/sola-poljane.splet.arnes.si\/index.php?rest_route=\/wp\/v2\/pages"}],"about":[{"href":"https:\/\/sola-poljane.splet.arnes.si\/index.php?rest_route=\/wp\/v2\/types\/page"}],"author":[{"embeddable":true,"href":"https:\/\/sola-poljane.splet.arnes.si\/index.php?rest_route=\/wp\/v2\/users\/100990"}],"replies":[{"embeddable":true,"href":"https:\/\/sola-poljane.splet.arnes.si\/index.php?rest_route=%2Fwp%2Fv2%2Fcomments&post=8592"}],"version-history":[{"count":5,"href":"https:\/\/sola-poljane.splet.arnes.si\/index.php?rest_route=\/wp\/v2\/pages\/8592\/revisions"}],"predecessor-version":[{"id":48995,"href":"https:\/\/sola-poljane.splet.arnes.si\/index.php?rest_route=\/wp\/v2\/pages\/8592\/revisions\/48995"}],"up":[{"embeddable":true,"href":"https:\/\/sola-poljane.splet.arnes.si\/index.php?rest_route=\/wp\/v2\/pages\/8562"}],"wp:attachment":[{"href":"https:\/\/sola-poljane.splet.arnes.si\/index.php?rest_route=%2Fwp%2Fv2%2Fmedia&parent=8592"}],"curies":[{"name":"wp","href":"https:\/\/api.w.org\/{rel}","templated":true}]}}