{"id":8591,"date":"2018-04-16T07:21:51","date_gmt":"2018-04-16T05:21:51","guid":{"rendered":"http:\/\/ospoljane.splet.arnes.si\/?page_id=5889"},"modified":"2021-04-07T09:00:39","modified_gmt":"2021-04-07T07:00:39","slug":"svetovalna-sluzba","status":"publish","type":"page","link":"https:\/\/sola-poljane.splet.arnes.si\/?page_id=8591","title":{"rendered":"Svetovalna slu\u017eba"},"content":{"rendered":"<a href=\"http:\/\/sola-poljane.splet.arnes.si\/?page_id=8591\"class=\"wpz-sc-button small\" style=\";background:#378DBD\"><span><i class=\"fa fa-lightbulb-o\" style=\"padding-right:6px;\"><\/i>Svetovalna slu\u017eba<\/span><\/a>\n<a href=\"http:\/\/sola-poljane.splet.arnes.si\/?page_id=8676\"class=\"wpz-sc-button small\" style=\";background:#378DBD\"><span><i class=\"fa fa-lightbulb-o\" style=\"padding-right:6px;\"><\/i>Karierna orientacija-vpis v srednje \u0161ole<\/span><\/a>\n<a href=\"http:\/\/sola-poljane.splet.arnes.si\/?page_id=8678\"class=\"wpz-sc-button small\" style=\";background:#378DBD\"><span><i class=\"fa fa-lightbulb-o\" style=\"padding-right:6px;\"><\/i>Nadarjeni u\u010denci<\/span><\/a>\n<a href=\"http:\/\/sola-poljane.splet.arnes.si\/?page_id=8688\"class=\"wpz-sc-button small\" style=\";background:#378DBD\"><span><i class=\"fa fa-lightbulb-o\" style=\"padding-right:6px;\"><\/i>Prostovoljstvo<\/span><\/a>\n<a href=\"http:\/\/sola-poljane.splet.arnes.si\/?page_id=8690\"class=\"wpz-sc-button small\" style=\";background:#378DBD\"><span><i class=\"fa fa-lightbulb-o\" style=\"padding-right:6px;\"><\/i>Za u\u010dence<\/span><\/a>\n<a href=\"http:\/\/sola-poljane.splet.arnes.si\/?page_id=8692\"class=\"wpz-sc-button small\" style=\";background:#378DBD\"><span><i class=\"fa fa-lightbulb-o\" style=\"padding-right:6px;\"><\/i>Za star\u0161e<\/span><\/a>\n<a href=\"http:\/\/sola-poljane.splet.arnes.si\/?page_id=10821\"class=\"wpz-sc-button small\" style=\";background:#378DBD\"><span><i class=\"fa fa-lightbulb-o\" style=\"padding-right:6px;\"><\/i>Status u\u010denca<\/span><\/a>\n<p>&nbsp;<\/p>\n<p>Glavne naloge \u0161olskega svetovalnega delavca na Osnovni \u0161oli Poljane zajemajo naslednja podro\u010dja:<img loading=\"lazy\" decoding=\"async\" class=\"alignright size-medium wp-image-11347\" src=\"http:\/\/sola-poljane.splet.arnes.si\/files\/2018\/04\/M8cEg6KTa-300x254.gif\" alt=\"\" width=\"300\" height=\"254\" srcset=\"https:\/\/sola-poljane.splet.arnes.si\/files\/2018\/04\/M8cEg6KTa-300x254.gif 300w, https:\/\/sola-poljane.splet.arnes.si\/files\/2018\/04\/M8cEg6KTa-768x651.gif 768w, https:\/\/sola-poljane.splet.arnes.si\/files\/2018\/04\/M8cEg6KTa-65x55.gif 65w, https:\/\/sola-poljane.splet.arnes.si\/files\/2018\/04\/M8cEg6KTa-624x529.gif 624w\" sizes=\"auto, (max-width: 300px) 100vw, 300px\" \/><\/p>\n<p><span style=\"color: #ff6600\"><strong>Vpis otrok v prvi razred<\/strong><\/span><\/p>\n<p>Skozi celotno \u0161olsko leto se spremlja otroke, ki se bodo vpisali v 1. razred (te, ki obiskujejo vrtec).<\/p>\n<p>V mesecu februarju poteka vpis v prvi razred. Od marca do junija pa psiholo\u0161ki pregledi otrok, razgovori s star\u0161i in sestanek komisije, za tiste otroke, kjer je predlagana odlo\u017eitev \u0161olanja.<\/p>\n<p><span style=\"color: #ff6600\"><strong>Karierna orientacija<\/strong><\/span><\/p>\n<p>Vklju\u010duje predavanja za star\u0161e in u\u010dence 9. razreda, Vpra\u0161alnik o poklicni poti in ostala orodja, sprotno informiranje u\u010dencev o vseh pomembnih zadevah v zvezi s karierno orientacijo, individualno svetovanje u\u010dencem in star\u0161em ter pomo\u010d pri izbiri ustrezne poklicne poti. Organiziramo tudi predstavitve nekaterih srednjih \u0161ol in poklicev, v mesecu marcu oz. aprilu poteka vpis v srednje \u0161ole.<\/p>\n<p>Vklju\u010duje tudi seznanitev u\u010dencev 8. in 9. razredov s spletnim portalom mojaizbira.si, uporaba razli\u010dnih virov za predstavitev poklicev (DVD, internet, zlo\u017eenke, plakati, program Kam in kako \u2026). Izvaja predavanja za star\u0161e in u\u010dence 8. razreda.<\/p>\n<p><span style=\"color: #ff6600\"><strong>Svetovalno delo z u\u010denci<\/strong><\/span><\/p>\n<p>Vse \u0161olsko leto obravnava in pomo\u010d u\u010dencem z u\u010dnimi, \u010dustvenimi, vedenjskimi, zdravstvenimi \u2026 te\u017eavami, usklajevanje dela med strokovnimi delavci in star\u0161i u\u010dencev s posebnimi potrebami, evidenca, predlaganje in spremljanje u\u010dencev s posebnimi potrebami in izpolnjevanje dokumentacije po zahtevah odlo\u010db o usmeritvi, sodelovanje v medinstitucionalnih timih za posamezne u\u010dence, skupinsko delo z u\u010denci (v okviru ur oddel\u010dne skupnosti), delo z u\u010denci, ki zaklju\u010dujejo \u0161olsko obveznost, organizacija in na\u010drtovanje predavanj za u\u010dence, testiranje u\u010dencev evidentiranih kot nadarjeni, koordiniranje dela z nadarjenimi u\u010denci. Izvajanje programa NEON.<\/p>\n<p>Ker je svetovalna delavka psihologinja, lahko izvaja diagnosti\u010dne postopke, ki pomagajo pri detekciji vzrokov pojavljajo\u010dih se te\u017eav pri otroku in na njihovi podlagi, skupaj s star\u0161i in strokovnimi delavci, snuje strategije in na\u010dine intervencije ter spremljanja.<\/p>\n<p><span style=\"color: #ff6600\"><strong>Svetovalno delo z u\u010ditelji<\/strong><\/span><\/p>\n<p>Individualni in timski sestanki z u\u010ditelji, sodelovanje na pedago\u0161kih konferencah in strokovnih aktivih, \u00a0sodelovanje pri individualnih obravnavah u\u010dencev, sodelovanje pri oblikovanju individualiziranih programov u\u010dencev s posebnimi potrebami in pomo\u010d pri realizaciji teh programov, sodelovanje na urah oddel\u010dne skupnosti, predavanja za u\u010ditelje.<\/p>\n<p><span style=\"color: #ff6600\"><strong>Svetovalno delo s star\u0161i<\/strong><\/span><\/p>\n<p>Individualno svetovanje star\u0161em, delavnice in predavanja za star\u0161e, na\u010drtovanje in organizacija predavanj za star\u0161e, sodelovanje s star\u0161i pri re\u0161evanju te\u017eav u\u010dencev.<\/p>\n<p><span style=\"color: #ff6600\"><strong>Drugo delo<\/strong><\/span><\/p>\n<p>Sodelovanje z zunanjimi institucijami (O\u0160, srednje \u0161ole, CSD, dispanzer za mentalno zdravje, Zavod za zaposlovanje, Policija \u2026). Koordiniranje prostovoljskega dela. Vodenje evidence kontinuuma pomo\u010di za otroke z u\u010dnimi te\u017eavami, spremljanje zakonodaje, ipd.<\/p>\n","protected":false},"excerpt":{"rendered":"<p>&nbsp; Glavne naloge \u0161olskega svetovalnega delavca na Osnovni \u0161oli Poljane [&hellip;]<\/p>\n","protected":false},"author":54103,"featured_media":0,"parent":8590,"menu_order":1,"comment_status":"closed","ping_status":"closed","template":"","meta":{"ngg_post_thumbnail":0,"footnotes":""},"class_list":["post-8591","page","type-page","status-publish","hentry"],"_links":{"self":[{"href":"https:\/\/sola-poljane.splet.arnes.si\/index.php?rest_route=\/wp\/v2\/pages\/8591","targetHints":{"allow":["GET"]}}],"collection":[{"href":"https:\/\/sola-poljane.splet.arnes.si\/index.php?rest_route=\/wp\/v2\/pages"}],"about":[{"href":"https:\/\/sola-poljane.splet.arnes.si\/index.php?rest_route=\/wp\/v2\/types\/page"}],"author":[{"embeddable":true,"href":"https:\/\/sola-poljane.splet.arnes.si\/index.php?rest_route=\/wp\/v2\/users\/54103"}],"replies":[{"embeddable":true,"href":"https:\/\/sola-poljane.splet.arnes.si\/index.php?rest_route=%2Fwp%2Fv2%2Fcomments&post=8591"}],"version-history":[{"count":10,"href":"https:\/\/sola-poljane.splet.arnes.si\/index.php?rest_route=\/wp\/v2\/pages\/8591\/revisions"}],"predecessor-version":[{"id":21599,"href":"https:\/\/sola-poljane.splet.arnes.si\/index.php?rest_route=\/wp\/v2\/pages\/8591\/revisions\/21599"}],"up":[{"embeddable":true,"href":"https:\/\/sola-poljane.splet.arnes.si\/index.php?rest_route=\/wp\/v2\/pages\/8590"}],"wp:attachment":[{"href":"https:\/\/sola-poljane.splet.arnes.si\/index.php?rest_route=%2Fwp%2Fv2%2Fmedia&parent=8591"}],"curies":[{"name":"wp","href":"https:\/\/api.w.org\/{rel}","templated":true}]}}