{"id":8588,"date":"2018-04-14T12:18:11","date_gmt":"2018-04-14T10:18:11","guid":{"rendered":"http:\/\/ospoljane.splet.arnes.si\/?page_id=5847"},"modified":"2026-03-19T11:06:58","modified_gmt":"2026-03-19T10:06:58","slug":"obvezni-izbirni-predmeti","status":"publish","type":"page","link":"https:\/\/sola-poljane.splet.arnes.si\/?page_id=8588","title":{"rendered":"Obvezni izbirni predmeti (IP)"},"content":{"rendered":"<h4><span style=\"color: #800000\">Obvezni izbirni predmeti za teko\u010de \u0161olsko leto<\/span><\/h4>\n\n<table id=\"tablepress-14\" class=\"tablepress tablepress-id-14\">\n<thead>\n<tr class=\"row-1\">\n\t<th class=\"column-1\">Elektrotehnika<\/th><th class=\"column-2\"><a href=\"https:\/\/drive.google.com\/open?id=1DZWAUyb2m-6sa-fgZw3BoT_GYZUoX0L3\">Opis predmeta<\/a><\/th><th class=\"column-3\">IP-ELE<\/th><th class=\"column-4\">8, 9<\/th>\n<\/tr>\n<\/thead>\n<tbody class=\"row-striping row-hover\">\n<tr class=\"row-2\">\n\t<td class=\"column-1\">Gledali\u0161ki klub<\/td><td class=\"column-2\"><a href=\"https:\/\/drive.google.com\/open?id=1D5U8ANmn3FEPmHsBUNxcQf0kcgHn2rfi\">Opis predmeta<\/a><\/td><td class=\"column-3\">IP-GKL<\/td><td class=\"column-4\">7,8<\/td>\n<\/tr>\n<tr class=\"row-3\">\n\t<td class=\"column-1\">Izbrani \u0161port<\/td><td class=\"column-2\"><a href=\"https:\/\/drive.google.com\/open?id=1De_rRMie5785GQmDivpuw3HO26EtGXhI\">Opis predmeta<\/a><\/td><td class=\"column-3\">IP-I\u0160P<\/td><td class=\"column-4\">8<\/td>\n<\/tr>\n<tr class=\"row-4\">\n\t<td class=\"column-1\">Likovno snovanje I<\/td><td class=\"column-2\"><a href=\"https:\/\/drive.google.com\/open?id=1EAFdkRccXLjTAlL3zFUwMZkK-VRGUnup\">Opis predmeta<\/a><\/td><td class=\"column-3\">IP-LS1<\/td><td class=\"column-4\">7<\/td>\n<\/tr>\n<tr class=\"row-5\">\n\t<td class=\"column-1\">Likovno snovanje II<\/td><td class=\"column-2\"><a href=\"https:\/\/drive.google.com\/open?id=1EAFdkRccXLjTAlL3zFUwMZkK-VRGUnup\">Opis predmeta<\/a><\/td><td class=\"column-3\">IP-LS2<\/td><td class=\"column-4\">8<\/td>\n<\/tr>\n<tr class=\"row-6\">\n\t<td class=\"column-1\">Likovno snovanje III<\/td><td class=\"column-2\"><a href=\"https:\/\/drive.google.com\/open?id=1EAFdkRccXLjTAlL3zFUwMZkK-VRGUnup\">Opis predmeta<\/a><\/td><td class=\"column-3\">IP-LS3<\/td><td class=\"column-4\">9<\/td>\n<\/tr>\n<tr class=\"row-7\">\n\t<td class=\"column-1\">Na\u010dini prehranjevanja<\/td><td class=\"column-2\"><a href=\"https:\/\/drive.google.com\/open?id=1DANYfLY-y0mAP85Q2bWJtA1e7zR1dviX\">Opis predmeta<\/a><\/td><td class=\"column-3\">IP-NPH<\/td><td class=\"column-4\">9<\/td>\n<\/tr>\n<tr class=\"row-8\">\n\t<td class=\"column-1\">Nem\u0161\u010dina I<\/td><td class=\"column-2\"><a href=\"https:\/\/drive.google.com\/open?id=1E2bziF53RsMDhM9JJjs9E49Kdk8sGJkV\">Opis predmeta<\/a><\/td><td class=\"column-3\">IP-NI1<\/td><td class=\"column-4\">7<\/td>\n<\/tr>\n<tr class=\"row-9\">\n\t<td class=\"column-1\">Nem\u0161\u010dina II<\/td><td class=\"column-2\"><a href=\"https:\/\/drive.google.com\/open?id=1E-MMz-te4sXWqRp2dXP9UDIaVpnmgoIu\">Opis predmeta<\/a><\/td><td class=\"column-3\">IP-NI2<\/td><td class=\"column-4\">8<\/td>\n<\/tr>\n<tr class=\"row-10\">\n\t<td class=\"column-1\">Nem\u0161\u010dina III<\/td><td class=\"column-2\"><a href=\"https:\/\/drive.google.com\/open?id=1Do9wJE4YYNmhbPJ-_TPjTbqvI4I7HmXt\">Opis predmeta<\/a><\/td><td class=\"column-3\">IP-NI3<\/td><td class=\"column-4\">9<\/td>\n<\/tr>\n<tr class=\"row-11\">\n\t<td class=\"column-1\">Obdelava gradiv: les<\/td><td class=\"column-2\"><a href=\"https:\/\/drive.google.com\/open?id=1Dj_NIu88nXlL9-1feHvCvg20NiaDPi5e\">Opis predmeta<\/a><\/td><td class=\"column-3\">IP-OGL<\/td><td class=\"column-4\">7<\/td>\n<\/tr>\n<tr class=\"row-12\">\n\t<td class=\"column-1\">Ra\u010dunalni\u0161ka omre\u017eja<\/td><td class=\"column-2\"><a href=\"https:\/\/drive.google.com\/open?id=1D2l-Gknruh6bQuqFrUR3mUsjwblGwNRK\">Opis predmeta<\/a><\/td><td class=\"column-3\">IP-ROM<\/td><td class=\"column-4\">8<\/td>\n<\/tr>\n<tr class=\"row-13\">\n\t<td class=\"column-1\">Sodobna priprava hrane<\/td><td class=\"column-2\"><a href=\"https:\/\/drive.google.com\/open?id=1DCllyDZsMAphOCHA9OtWTwTlGr9M9qLI\">Opis predmeta<\/a><\/td><td class=\"column-3\">IP-SPH<\/td><td class=\"column-4\">7<\/td>\n<\/tr>\n<tr class=\"row-14\">\n\t<td class=\"column-1\">\u0160olsko novinarstvo<\/td><td class=\"column-2\"><a href=\"https:\/\/drive.google.com\/open?id=1DSAJIvKmrBfcSgI-cGsJyYaglAvL2OKi\">Opis predmeta<\/a><\/td><td class=\"column-3\">IP-\u0160NO<\/td><td class=\"column-4\">7,8,9<\/td>\n<\/tr>\n<tr class=\"row-15\">\n\t<td class=\"column-1\">\u0160port za sprostitev<\/td><td class=\"column-2\"><a href=\"https:\/\/drive.google.com\/open?id=1E4QxhVlm4Ig5F7S93AHrEbVQWLrhRZe2\">Opis predmeta<\/a><\/td><td class=\"column-3\">IP-\u0160SP<\/td><td class=\"column-4\">7<\/td>\n<\/tr>\n<tr class=\"row-16\">\n\t<td class=\"column-1\">\u0160port za zdravje<\/td><td class=\"column-2\"><a href=\"https:\/\/drive.google.com\/open?id=1E5uLlMSUvC_LRAwUAkmefVBCxvGDV1R7\">Opis predmeta<\/a><\/td><td class=\"column-3\">IP-\u0160ZZ<\/td><td class=\"column-4\">9<\/td>\n<\/tr>\n<tr class=\"row-17\">\n\t<td class=\"column-1\">Urejanje besedil<\/td><td class=\"column-2\"><a href=\"https:\/\/drive.google.com\/open?id=1D2l-Gknruh6bQuqFrUR3mUsjwblGwNRK\">Opis predmeta<\/a><\/td><td class=\"column-3\">IP-UBE<\/td><td class=\"column-4\">7<\/td>\n<\/tr>\n<\/tbody>\n<\/table>\n\n<h4><span style=\"color: #993300\">U\u010dni na\u010drti<\/span><\/h4>\n<p><a href=\"https:\/\/www.gov.si\/teme\/programi-in-ucni-nacrti-v-osnovni-soli\/\" target=\"_blank\" rel=\"noopener noreferrer\">Povezava do u\u010dnih na\u010drtov na spletni strani ministrstva<\/a><\/p>\n<h4><span style=\"color: #800000\">Opisi ponujenih predmetov<\/span><\/h4>\n\n<!-- iframe plugin v.5.2 wordpress.org\/plugins\/iframe\/ -->\n<iframe loading=\"lazy\" style=\"width: 100%; border: 0;\" src=\"https:\/\/drive.google.com\/a\/sola-poljane.si\/embeddedfolderview?id=1CYLzVTjs38gbb8TnR0U_sJbqSI2p7eb4#list\" 0=\"height=&quot;3000&quot;&gt;\" width=\"100%\" height=\"500\" scrolling=\"yes\" class=\"iframe-class\" frameborder=\"0\" name=\"ARNES\"><\/iframe>\n\n","protected":false},"excerpt":{"rendered":"<p>Obvezni izbirni predmeti za teko\u010de \u0161olsko leto U\u010dni na\u010drti Povezava [&hellip;]<\/p>\n","protected":false},"author":1973,"featured_media":0,"parent":8583,"menu_order":0,"comment_status":"closed","ping_status":"closed","template":"","meta":{"ngg_post_thumbnail":0,"footnotes":""},"class_list":["post-8588","page","type-page","status-publish","hentry"],"_links":{"self":[{"href":"https:\/\/sola-poljane.splet.arnes.si\/index.php?rest_route=\/wp\/v2\/pages\/8588","targetHints":{"allow":["GET"]}}],"collection":[{"href":"https:\/\/sola-poljane.splet.arnes.si\/index.php?rest_route=\/wp\/v2\/pages"}],"about":[{"href":"https:\/\/sola-poljane.splet.arnes.si\/index.php?rest_route=\/wp\/v2\/types\/page"}],"author":[{"embeddable":true,"href":"https:\/\/sola-poljane.splet.arnes.si\/index.php?rest_route=\/wp\/v2\/users\/1973"}],"replies":[{"embeddable":true,"href":"https:\/\/sola-poljane.splet.arnes.si\/index.php?rest_route=%2Fwp%2Fv2%2Fcomments&post=8588"}],"version-history":[{"count":7,"href":"https:\/\/sola-poljane.splet.arnes.si\/index.php?rest_route=\/wp\/v2\/pages\/8588\/revisions"}],"predecessor-version":[{"id":21361,"href":"https:\/\/sola-poljane.splet.arnes.si\/index.php?rest_route=\/wp\/v2\/pages\/8588\/revisions\/21361"}],"up":[{"embeddable":true,"href":"https:\/\/sola-poljane.splet.arnes.si\/index.php?rest_route=\/wp\/v2\/pages\/8583"}],"wp:attachment":[{"href":"https:\/\/sola-poljane.splet.arnes.si\/index.php?rest_route=%2Fwp%2Fv2%2Fmedia&parent=8588"}],"curies":[{"name":"wp","href":"https:\/\/api.w.org\/{rel}","templated":true}]}}