{"id":8587,"date":"2018-04-14T12:16:53","date_gmt":"2018-04-14T10:16:53","guid":{"rendered":"http:\/\/ospoljane.splet.arnes.si\/?page_id=5843"},"modified":"2018-04-14T12:16:53","modified_gmt":"2018-04-14T10:16:53","slug":"manjse-ucne-skupine","status":"publish","type":"page","link":"https:\/\/sola-poljane.splet.arnes.si\/?page_id=8587","title":{"rendered":"Manj\u0161e u\u010dne skupine"},"content":{"rendered":"<p>Pouk dolo\u010denih predmetov poteka v manj\u0161ih u\u010dnih skupinah.<\/p>\n<h4><span style=\"color: #800000\">U\u010ditelji, ki pou\u010dujejo manj\u0161e skupine v 5. razredu<\/span><\/h4>\n\n<table id=\"tablepress-9\" class=\"tablepress tablepress-id-9\">\n<thead>\n<tr class=\"row-1\">\n\t<th class=\"column-1\">Matematika (MAT)<\/th><th class=\"column-2\">Sloven\u0161\u010dina (SLJ)<\/th><th class=\"column-3\">Tuji jezik- angle\u0161\u010dina (TJA)<\/th>\n<\/tr>\n<\/thead>\n<tbody class=\"row-striping row-hover\">\n<\/tbody>\n<\/table>\n<!-- #tablepress-9 from cache -->\n<h4><span style=\"color: #800000\">U\u010ditelji, ki pou\u010dujejo manj\u0161e skupine v 6. razredu<\/span><\/h4>\n\n<table id=\"tablepress-10\" class=\"tablepress tablepress-id-10\">\n<thead>\n<tr class=\"row-1\">\n\t<th class=\"column-1\">Matematika (MAT)<\/th><th class=\"column-2\">Sloven\u0161\u010dina (SLJ)<\/th><th class=\"column-3\">Tuji jezik- angle\u0161\u010dina (TJA)<\/th>\n<\/tr>\n<\/thead>\n<tbody class=\"row-striping row-hover\">\n<tr class=\"row-2\">\n\t<td class=\"column-1\">Edi Bajt<\/td><td class=\"column-2\">Mateja Nastran<\/td><td class=\"column-3\">Andrej Ivanovi\u0107<\/td>\n<\/tr>\n<tr class=\"row-3\">\n\t<td class=\"column-1\">Petra Oblak<\/td><td class=\"column-2\">Rok Kr\u017ei\u0161nik<\/td><td class=\"column-3\">Rok Kr\u017ei\u0161nik<\/td>\n<\/tr>\n<tr class=\"row-4\">\n\t<td class=\"column-1\"><\/td><td class=\"column-2\">Barbara Levstek<\/td><td class=\"column-3\">Neva Lajovic<\/td>\n<\/tr>\n<\/tbody>\n<\/table>\n<!-- #tablepress-10 from cache -->\n<h4><span style=\"color: #800000\">U\u010ditelji, ki pou\u010dujejo manj\u0161e skupine v 7. razredu<\/span><\/h4>\n\n<table id=\"tablepress-11\" class=\"tablepress tablepress-id-11\">\n<thead>\n<tr class=\"row-1\">\n\t<th class=\"column-1\">Matematika (MAT)<\/th><th class=\"column-2\">Sloven\u0161\u010dina (SLJ)<\/th><th class=\"column-3\">Tuji jezik- angle\u0161\u010dina (TJA)<\/th>\n<\/tr>\n<\/thead>\n<tbody class=\"row-striping row-hover\">\n<tr class=\"row-2\">\n\t<td class=\"column-1\">Edi Bajt<\/td><td class=\"column-2\">Bernarda Pintar<\/td><td class=\"column-3\">Bernarda Pintar<\/td>\n<\/tr>\n<tr class=\"row-3\">\n\t<td class=\"column-1\">Petra Oblak<\/td><td class=\"column-2\">Mateja Nastran<\/td><td class=\"column-3\">Neva Lajovic<\/td>\n<\/tr>\n<tr class=\"row-4\">\n\t<td class=\"column-1\"><\/td><td class=\"column-2\">Barbara Levstek<\/td><td class=\"column-3\">Andrej Ivanovi\u0107<\/td>\n<\/tr>\n<\/tbody>\n<\/table>\n<!-- #tablepress-11 from cache -->\n<h4><span style=\"color: #800000\">U\u010ditelji, ki pou\u010dujejo manj\u0161e skupine v 8. razredu<\/span><\/h4>\n\n<table id=\"tablepress-12\" class=\"tablepress tablepress-id-12\">\n<thead>\n<tr class=\"row-1\">\n\t<th class=\"column-1\">Matematika (MAT)<\/th><th class=\"column-2\">Sloven\u0161\u010dina (SLJ)<\/th><th class=\"column-3\">Tuji jezik- angle\u0161\u010dina (TJA)<\/th>\n<\/tr>\n<\/thead>\n<tbody class=\"row-striping row-hover\">\n<tr class=\"row-2\">\n\t<td class=\"column-1\">Ur\u0161ka Ore\u0161nik<\/td><td class=\"column-2\">Bernarda Pintar<\/td><td class=\"column-3\">Neva Lajovic<\/td>\n<\/tr>\n<tr class=\"row-3\">\n\t<td class=\"column-1\">Petra Oblak<\/td><td class=\"column-2\">Mateja Nastran<\/td><td class=\"column-3\">Andrej Ivanovi\u0107<\/td>\n<\/tr>\n<tr class=\"row-4\">\n\t<td class=\"column-1\">Edi Bajt<\/td><td class=\"column-2\">Barbara Levstek<\/td><td class=\"column-3\">Bernarda Pintar<\/td>\n<\/tr>\n<\/tbody>\n<\/table>\n<!-- #tablepress-12 from cache -->\n<h4><span style=\"color: #800000\">U\u010ditelji, ki pou\u010dujejo manj\u0161e skupine v 9. razredu<\/span><\/h4>\n\n<table id=\"tablepress-13\" class=\"tablepress tablepress-id-13\">\n<thead>\n<tr class=\"row-1\">\n\t<th class=\"column-1\">Matematika (MAT)<\/th><th class=\"column-2\">Sloven\u0161\u010dina (SLJ)<\/th><th class=\"column-3\">Tuji jezik- angle\u0161\u010dina (TJA)<\/th>\n<\/tr>\n<\/thead>\n<tbody class=\"row-striping row-hover\">\n<tr class=\"row-2\">\n\t<td class=\"column-1\">Edi Bajt<\/td><td class=\"column-2\">Barbara Levstek<\/td><td class=\"column-3\">Andrej Ivanovi\u0107<\/td>\n<\/tr>\n<tr class=\"row-3\">\n\t<td class=\"column-1\">Petra Oblak<\/td><td class=\"column-2\">Mateja Nastran<\/td><td class=\"column-3\">Neva Lajovic<\/td>\n<\/tr>\n<tr class=\"row-4\">\n\t<td class=\"column-1\"><\/td><td class=\"column-2\"><\/td><td class=\"column-3\"><\/td>\n<\/tr>\n<\/tbody>\n<\/table>\n<!-- #tablepress-13 from cache -->\n","protected":false},"excerpt":{"rendered":"<p>Pouk dolo\u010denih predmetov poteka v manj\u0161ih u\u010dnih skupinah. U\u010ditelji, ki [&hellip;]<\/p>\n","protected":false},"author":1973,"featured_media":0,"parent":8583,"menu_order":0,"comment_status":"closed","ping_status":"closed","template":"","meta":{"ngg_post_thumbnail":0,"footnotes":""},"class_list":["post-8587","page","type-page","status-publish","hentry"],"_links":{"self":[{"href":"https:\/\/sola-poljane.splet.arnes.si\/index.php?rest_route=\/wp\/v2\/pages\/8587","targetHints":{"allow":["GET"]}}],"collection":[{"href":"https:\/\/sola-poljane.splet.arnes.si\/index.php?rest_route=\/wp\/v2\/pages"}],"about":[{"href":"https:\/\/sola-poljane.splet.arnes.si\/index.php?rest_route=\/wp\/v2\/types\/page"}],"author":[{"embeddable":true,"href":"https:\/\/sola-poljane.splet.arnes.si\/index.php?rest_route=\/wp\/v2\/users\/1973"}],"replies":[{"embeddable":true,"href":"https:\/\/sola-poljane.splet.arnes.si\/index.php?rest_route=%2Fwp%2Fv2%2Fcomments&post=8587"}],"version-history":[{"count":0,"href":"https:\/\/sola-poljane.splet.arnes.si\/index.php?rest_route=\/wp\/v2\/pages\/8587\/revisions"}],"up":[{"embeddable":true,"href":"https:\/\/sola-poljane.splet.arnes.si\/index.php?rest_route=\/wp\/v2\/pages\/8583"}],"wp:attachment":[{"href":"https:\/\/sola-poljane.splet.arnes.si\/index.php?rest_route=%2Fwp%2Fv2%2Fmedia&parent=8587"}],"curies":[{"name":"wp","href":"https:\/\/api.w.org\/{rel}","templated":true}]}}