{"id":8586,"date":"2018-04-14T11:57:52","date_gmt":"2018-04-14T09:57:52","guid":{"rendered":"http:\/\/ospoljane.splet.arnes.si\/?page_id=5801"},"modified":"2025-09-01T09:32:23","modified_gmt":"2025-09-01T07:32:23","slug":"koledar-npz-in-izbor-predmetov","status":"publish","type":"page","link":"https:\/\/sola-poljane.splet.arnes.si\/?page_id=8586","title":{"rendered":"Koledar NPZ in izbor predmetov"},"content":{"rendered":"<h4><span style=\"color: #800000\">Koledar nacionalnega preverjanja znanja (NPZ)<\/span><\/h4>\n<p>Koledar nacionalnega preverjanja znanja (NPZ)&nbsp; je dolo\u010den s strani ministrstva, pristojnega za osnovno \u0161olo ter Dr\u017eavnega izpitnega centra (RIC).<\/p>\n<p><a href=\"http:\/\/www.ric.si\/preverjanje_znanja\/splosne_informacije\/\">Splo\u0161ne informacije o NPZ (Povezava na RIC)<\/a><\/p>\n<p><a href=\"https:\/\/www.ric.si\/nacionalno-preverjanje-znanja\/koledar-npz\/\">Koledar NPZ (Povezava na RIC)<\/a><\/p>\n<p>Na prej na\u0161tetih straneh RIC-a lahko dobite tudi statisti\u010dne podatke, poro\u010dila in naloge za pretekla leta.<\/p>\n<h4><span style=\"color: #800000\"> Izbor tretjega predmeta za NPZ za 9. razred na O\u0160 Poljane za \u0161olsko leto 2025\/2026<\/span><\/h4>\n<p>Ministrstvo je s <a href=\"https:\/\/www.gov.si\/assets\/ministrstva\/MVI\/Dokumenti\/Sklep-o-izboru-predmetov-za-NPZ-v-9.-razredu-1.-9.-2025.pdf\">sklepom<\/a>&nbsp;dolo\u010dilo 4 predmete za leto\u0161nje NPZ.<br \/>\nNa O\u0160 Poljane je kot&nbsp;<a href=\"https:\/\/www.gov.si\/assets\/ministrstva\/MVI\/Dokumenti\/NPZ-2026_Priloga-3.-predmet_01092025.pdf\">tretji predmet za 9. razred izbran predmet tehnika in tehnologija.<\/a><\/p>\n","protected":false},"excerpt":{"rendered":"<p>Koledar nacionalnega preverjanja znanja (NPZ) Koledar nacionalnega preverjanja znanja (NPZ)&nbsp; [&hellip;]<\/p>\n","protected":false},"author":1973,"featured_media":0,"parent":8583,"menu_order":0,"comment_status":"closed","ping_status":"closed","template":"","meta":{"ngg_post_thumbnail":0,"footnotes":""},"class_list":["post-8586","page","type-page","status-publish","hentry"],"_links":{"self":[{"href":"https:\/\/sola-poljane.splet.arnes.si\/index.php?rest_route=\/wp\/v2\/pages\/8586","targetHints":{"allow":["GET"]}}],"collection":[{"href":"https:\/\/sola-poljane.splet.arnes.si\/index.php?rest_route=\/wp\/v2\/pages"}],"about":[{"href":"https:\/\/sola-poljane.splet.arnes.si\/index.php?rest_route=\/wp\/v2\/types\/page"}],"author":[{"embeddable":true,"href":"https:\/\/sola-poljane.splet.arnes.si\/index.php?rest_route=\/wp\/v2\/users\/1973"}],"replies":[{"embeddable":true,"href":"https:\/\/sola-poljane.splet.arnes.si\/index.php?rest_route=%2Fwp%2Fv2%2Fcomments&post=8586"}],"version-history":[{"count":15,"href":"https:\/\/sola-poljane.splet.arnes.si\/index.php?rest_route=\/wp\/v2\/pages\/8586\/revisions"}],"predecessor-version":[{"id":48665,"href":"https:\/\/sola-poljane.splet.arnes.si\/index.php?rest_route=\/wp\/v2\/pages\/8586\/revisions\/48665"}],"up":[{"embeddable":true,"href":"https:\/\/sola-poljane.splet.arnes.si\/index.php?rest_route=\/wp\/v2\/pages\/8583"}],"wp:attachment":[{"href":"https:\/\/sola-poljane.splet.arnes.si\/index.php?rest_route=%2Fwp%2Fv2%2Fmedia&parent=8586"}],"curies":[{"name":"wp","href":"https:\/\/api.w.org\/{rel}","templated":true}]}}