{"id":8585,"date":"2018-04-14T11:53:10","date_gmt":"2018-04-14T09:53:10","guid":{"rendered":"http:\/\/ospoljane.splet.arnes.si\/?page_id=5797"},"modified":"2025-08-26T12:37:39","modified_gmt":"2025-08-26T10:37:39","slug":"solski-koledar","status":"publish","type":"page","link":"https:\/\/sola-poljane.splet.arnes.si\/?page_id=8585","title":{"rendered":"\u0160olski koledar"},"content":{"rendered":"<h4><span style=\"color: #800000\">\u0160olski koledar O\u0160 Poljane<\/span><\/h4>\n<p>\u0160olski koledar je dolo\u010den s strani ministrstva, pristojnega za osnovno \u0161olo.<\/p>\n<p>Osnovna \u0161ola Poljane v skladu z letnim delovnim na\u010drtom pripravlja svoj koledar, ki je objavljen na prvi strani spletne strani. Koledar se dnevno posodablja in dopolnjuje.<\/p>\n<p><span style=\"color: #800000\">\u0160olski koledar, ki ga pripravi ministrstvo<\/span><\/p>\n<p>Koledar, ki ga pripravi ministrstvo, pristojno za osnovno \u0161olo, si lahko ogledate na naslednjih povezavah.<\/p>\n<p><a href=\"https:\/\/www.gov.si\/assets\/ministrstva\/MVI\/Dokumenti\/Osnovna-sola\/Solski-koledar\/2025_2026\/Navodila_SK_OS_25_26.pdf\">\u0160olski koledar za leto 2025\/2026<\/a><\/p>\n<p>Arhiv:<\/p>\n\n<!-- iframe plugin v.5.2 wordpress.org\/plugins\/iframe\/ -->\n<iframe loading=\"lazy\" style=\"width: 100%; border: 0;\" src=\"https:\/\/drive.google.com\/a\/sola-poljane.si\/embeddedfolderview?id=1jc2Qx0YeCDAPL9IxeTQF5IyN3lgw31To#list\" width=\"300\" height=\"1500\" 0=\"&gt;\" scrolling=\"yes\" class=\"iframe-class\" frameborder=\"0\" name=\"ARNES\"><\/iframe>\n\n","protected":false},"excerpt":{"rendered":"<p>\u0160olski koledar O\u0160 Poljane \u0160olski koledar je dolo\u010den s strani [&hellip;]<\/p>\n","protected":false},"author":1973,"featured_media":0,"parent":8583,"menu_order":0,"comment_status":"closed","ping_status":"closed","template":"","meta":{"ngg_post_thumbnail":0,"footnotes":""},"class_list":["post-8585","page","type-page","status-publish","hentry"],"_links":{"self":[{"href":"https:\/\/sola-poljane.splet.arnes.si\/index.php?rest_route=\/wp\/v2\/pages\/8585","targetHints":{"allow":["GET"]}}],"collection":[{"href":"https:\/\/sola-poljane.splet.arnes.si\/index.php?rest_route=\/wp\/v2\/pages"}],"about":[{"href":"https:\/\/sola-poljane.splet.arnes.si\/index.php?rest_route=\/wp\/v2\/types\/page"}],"author":[{"embeddable":true,"href":"https:\/\/sola-poljane.splet.arnes.si\/index.php?rest_route=\/wp\/v2\/users\/1973"}],"replies":[{"embeddable":true,"href":"https:\/\/sola-poljane.splet.arnes.si\/index.php?rest_route=%2Fwp%2Fv2%2Fcomments&post=8585"}],"version-history":[{"count":11,"href":"https:\/\/sola-poljane.splet.arnes.si\/index.php?rest_route=\/wp\/v2\/pages\/8585\/revisions"}],"predecessor-version":[{"id":48619,"href":"https:\/\/sola-poljane.splet.arnes.si\/index.php?rest_route=\/wp\/v2\/pages\/8585\/revisions\/48619"}],"up":[{"embeddable":true,"href":"https:\/\/sola-poljane.splet.arnes.si\/index.php?rest_route=\/wp\/v2\/pages\/8583"}],"wp:attachment":[{"href":"https:\/\/sola-poljane.splet.arnes.si\/index.php?rest_route=%2Fwp%2Fv2%2Fmedia&parent=8585"}],"curies":[{"name":"wp","href":"https:\/\/api.w.org\/{rel}","templated":true}]}}