{"id":8584,"date":"2018-04-14T11:47:07","date_gmt":"2018-04-14T09:47:07","guid":{"rendered":"http:\/\/ospoljane.splet.arnes.si\/?page_id=5789"},"modified":"2018-04-14T11:47:07","modified_gmt":"2018-04-14T09:47:07","slug":"solski-zvonec","status":"publish","type":"page","link":"https:\/\/sola-poljane.splet.arnes.si\/?page_id=8584","title":{"rendered":"\u0160olski zvonec"},"content":{"rendered":"<h4><span style=\"color: #800000\">\u0160olski zvonec na mati\u010dni \u0161oli Poljane<br \/>\n<\/span><\/h4>\n\n<table id=\"tablepress-7\" class=\"tablepress tablepress-id-7\">\n<thead>\n<tr class=\"row-1\">\n\t<th class=\"column-1\">Ura\/odmor<\/th><th class=\"column-2\">\u010cas<\/th>\n<\/tr>\n<\/thead>\n<tbody class=\"row-striping row-hover\">\n<tr class=\"row-2\">\n\t<td class=\"column-1\">Pred<\/td><td class=\"column-2\">7:30-8:15<\/td>\n<\/tr>\n<tr class=\"row-3\">\n\t<td class=\"column-1\">prvi odmor<\/td><td class=\"column-2\">8.15-8:20<\/td>\n<\/tr>\n<tr class=\"row-4\">\n\t<td class=\"column-1\">1. ura<\/td><td class=\"column-2\">8:20-9:05<\/td>\n<\/tr>\n<tr class=\"row-5\">\n\t<td class=\"column-1\">drugi odmor<\/td><td class=\"column-2\">9:05-9:10<\/td>\n<\/tr>\n<tr class=\"row-6\">\n\t<td class=\"column-1\">2. ura<\/td><td class=\"column-2\">9:10-9:55<\/td>\n<\/tr>\n<tr class=\"row-7\">\n\t<td class=\"column-1\">glavni odmor <br \/>\n- za malico<\/td><td class=\"column-2\">9:55-10:15<\/td>\n<\/tr>\n<tr class=\"row-8\">\n\t<td class=\"column-1\">3. ura<\/td><td class=\"column-2\">10:15-11:00<\/td>\n<\/tr>\n<tr class=\"row-9\">\n\t<td class=\"column-1\">\u010detrti odmor<\/td><td class=\"column-2\">11:00-11:05<\/td>\n<\/tr>\n<tr class=\"row-10\">\n\t<td class=\"column-1\">4. ura<\/td><td class=\"column-2\">11:05-11:50<\/td>\n<\/tr>\n<tr class=\"row-11\">\n\t<td class=\"column-1\">peti odmor<\/td><td class=\"column-2\">11:50-11:55<\/td>\n<\/tr>\n<tr class=\"row-12\">\n\t<td class=\"column-1\">5. ura<\/td><td class=\"column-2\">11.55-12:40<\/td>\n<\/tr>\n<tr class=\"row-13\">\n\t<td class=\"column-1\">\u0161esti odmor<\/td><td class=\"column-2\">12:40-12:45<\/td>\n<\/tr>\n<tr class=\"row-14\">\n\t<td class=\"column-1\">6. ura<\/td><td class=\"column-2\">12:45-13:30<\/td>\n<\/tr>\n<tr class=\"row-15\">\n\t<td class=\"column-1\">sedmi odmor<\/td><td class=\"column-2\">13:30-13:35<\/td>\n<\/tr>\n<tr class=\"row-16\">\n\t<td class=\"column-1\">7. ura<\/td><td class=\"column-2\">13:35-14:20<\/td>\n<\/tr>\n<tr class=\"row-17\">\n\t<td class=\"column-1\">osmi odmor<\/td><td class=\"column-2\">14:20-14:25<\/td>\n<\/tr>\n<tr class=\"row-18\">\n\t<td class=\"column-1\">8. ura<\/td><td class=\"column-2\">14:25-15:10<\/td>\n<\/tr>\n<\/tbody>\n<\/table>\n<!-- #tablepress-7 from cache -->\n<h4><span style=\"color: #800000\">\u0160olski zvonec na podru\u017eni\u010dni \u0161oli Javorje<br \/>\n<\/span><\/h4>\n\n<table id=\"tablepress-8\" class=\"tablepress tablepress-id-8\">\n<thead>\n<tr class=\"row-1\">\n\t<th class=\"column-1\">Ura\/odmor<\/th><th class=\"column-2\">\u010cas<\/th>\n<\/tr>\n<\/thead>\n<tbody class=\"row-striping row-hover\">\n<tr class=\"row-2\">\n\t<td class=\"column-1\">1. ura<\/td><td class=\"column-2\">7:30-8:15<\/td>\n<\/tr>\n<tr class=\"row-3\">\n\t<td class=\"column-1\">prvi odmor<\/td><td class=\"column-2\">8:15-8:20<\/td>\n<\/tr>\n<tr class=\"row-4\">\n\t<td class=\"column-1\">2. ura<\/td><td class=\"column-2\">8:20-9:05<\/td>\n<\/tr>\n<tr class=\"row-5\">\n\t<td class=\"column-1\">glavni odmor <br \/>\n- za malico<\/td><td class=\"column-2\">9:05-9:25<\/td>\n<\/tr>\n<tr class=\"row-6\">\n\t<td class=\"column-1\">3. ura<\/td><td class=\"column-2\">9:25-10:10<\/td>\n<\/tr>\n<tr class=\"row-7\">\n\t<td class=\"column-1\">tretji odmor<\/td><td class=\"column-2\">10:10-10:15<\/td>\n<\/tr>\n<tr class=\"row-8\">\n\t<td class=\"column-1\">4. ura<\/td><td class=\"column-2\">10:15-11:00<\/td>\n<\/tr>\n<tr class=\"row-9\">\n\t<td class=\"column-1\">\u010detrti odmor<\/td><td class=\"column-2\">11:00-11:05<\/td>\n<\/tr>\n<tr class=\"row-10\">\n\t<td class=\"column-1\">5. ura<\/td><td class=\"column-2\">11:05-11:50<\/td>\n<\/tr>\n<tr class=\"row-11\">\n\t<td class=\"column-1\">peti odmor<\/td><td class=\"column-2\">11:50-11:55<\/td>\n<\/tr>\n<tr class=\"row-12\">\n\t<td class=\"column-1\">6. ura<\/td><td class=\"column-2\">11:55-12:40<\/td>\n<\/tr>\n<tr class=\"row-13\">\n\t<td class=\"column-1\">\u0161esti odmor<\/td><td class=\"column-2\">12:40-12:45<\/td>\n<\/tr>\n<tr class=\"row-14\">\n\t<td class=\"column-1\">7. ura<\/td><td class=\"column-2\">12:45-13:30<\/td>\n<\/tr>\n<\/tbody>\n<\/table>\n<!-- #tablepress-8 from cache -->\n","protected":false},"excerpt":{"rendered":"<p>\u0160olski zvonec na mati\u010dni \u0161oli Poljane \u0160olski zvonec na podru\u017eni\u010dni [&hellip;]<\/p>\n","protected":false},"author":1973,"featured_media":0,"parent":8583,"menu_order":0,"comment_status":"closed","ping_status":"closed","template":"","meta":{"ngg_post_thumbnail":0,"footnotes":""},"class_list":["post-8584","page","type-page","status-publish","hentry"],"_links":{"self":[{"href":"https:\/\/sola-poljane.splet.arnes.si\/index.php?rest_route=\/wp\/v2\/pages\/8584","targetHints":{"allow":["GET"]}}],"collection":[{"href":"https:\/\/sola-poljane.splet.arnes.si\/index.php?rest_route=\/wp\/v2\/pages"}],"about":[{"href":"https:\/\/sola-poljane.splet.arnes.si\/index.php?rest_route=\/wp\/v2\/types\/page"}],"author":[{"embeddable":true,"href":"https:\/\/sola-poljane.splet.arnes.si\/index.php?rest_route=\/wp\/v2\/users\/1973"}],"replies":[{"embeddable":true,"href":"https:\/\/sola-poljane.splet.arnes.si\/index.php?rest_route=%2Fwp%2Fv2%2Fcomments&post=8584"}],"version-history":[{"count":0,"href":"https:\/\/sola-poljane.splet.arnes.si\/index.php?rest_route=\/wp\/v2\/pages\/8584\/revisions"}],"up":[{"embeddable":true,"href":"https:\/\/sola-poljane.splet.arnes.si\/index.php?rest_route=\/wp\/v2\/pages\/8583"}],"wp:attachment":[{"href":"https:\/\/sola-poljane.splet.arnes.si\/index.php?rest_route=%2Fwp%2Fv2%2Fmedia&parent=8584"}],"curies":[{"name":"wp","href":"https:\/\/api.w.org\/{rel}","templated":true}]}}