{"id":8581,"date":"2018-04-14T11:28:40","date_gmt":"2018-04-14T09:28:40","guid":{"rendered":"http:\/\/ospoljane.splet.arnes.si\/?page_id=5755"},"modified":"2018-04-14T11:28:40","modified_gmt":"2018-04-14T09:28:40","slug":"roditeljski-sestanki","status":"publish","type":"page","link":"https:\/\/sola-poljane.splet.arnes.si\/?page_id=8581","title":{"rendered":"Roditeljski sestanki"},"content":{"rendered":"<p>Roditeljski sestanki se ogranizirajo vsako \u0161olsko leto vsaj trikrat.<\/p>\n<ol>\n<li>roditeljski sestanek je praviloma organiziran v septembru;<\/li>\n<li>roditeljski sestanek je praviloma organiziran v januarju;<\/li>\n<li>roditeljski sestanek je praviloma organiziran v aprilu.<\/li>\n<\/ol>\n<p>Natan\u010dnej\u0161i termini roditeljskih sestankov so objavljeni v koledarju na prvi strani spletne strani, star\u0161i pa prejmete pisna vabila.<\/p>\n","protected":false},"excerpt":{"rendered":"<p>Roditeljski sestanki se ogranizirajo vsako \u0161olsko leto vsaj trikrat. roditeljski [&hellip;]<\/p>\n","protected":false},"author":1973,"featured_media":0,"parent":8580,"menu_order":0,"comment_status":"closed","ping_status":"closed","template":"","meta":{"ngg_post_thumbnail":0,"footnotes":""},"class_list":["post-8581","page","type-page","status-publish","hentry"],"_links":{"self":[{"href":"https:\/\/sola-poljane.splet.arnes.si\/index.php?rest_route=\/wp\/v2\/pages\/8581","targetHints":{"allow":["GET"]}}],"collection":[{"href":"https:\/\/sola-poljane.splet.arnes.si\/index.php?rest_route=\/wp\/v2\/pages"}],"about":[{"href":"https:\/\/sola-poljane.splet.arnes.si\/index.php?rest_route=\/wp\/v2\/types\/page"}],"author":[{"embeddable":true,"href":"https:\/\/sola-poljane.splet.arnes.si\/index.php?rest_route=\/wp\/v2\/users\/1973"}],"replies":[{"embeddable":true,"href":"https:\/\/sola-poljane.splet.arnes.si\/index.php?rest_route=%2Fwp%2Fv2%2Fcomments&post=8581"}],"version-history":[{"count":0,"href":"https:\/\/sola-poljane.splet.arnes.si\/index.php?rest_route=\/wp\/v2\/pages\/8581\/revisions"}],"up":[{"embeddable":true,"href":"https:\/\/sola-poljane.splet.arnes.si\/index.php?rest_route=\/wp\/v2\/pages\/8580"}],"wp:attachment":[{"href":"https:\/\/sola-poljane.splet.arnes.si\/index.php?rest_route=%2Fwp%2Fv2%2Fmedia&parent=8581"}],"curies":[{"name":"wp","href":"https:\/\/api.w.org\/{rel}","templated":true}]}}