{"id":8577,"date":"2018-04-14T11:01:50","date_gmt":"2018-04-14T09:01:50","guid":{"rendered":"http:\/\/ospoljane.splet.arnes.si\/?page_id=5729"},"modified":"2025-09-01T09:28:44","modified_gmt":"2025-09-01T07:28:44","slug":"urejenost-stavbe-in-okolice","status":"publish","type":"page","link":"https:\/\/sola-poljane.splet.arnes.si\/?page_id=8577","title":{"rendered":"Urejenost stavbe in okolice"},"content":{"rendered":"<p>Za urejenost \u0161ole, vrtca, opreme, zelenja in zunanje okolice skrbita hi\u0161nika in osebje za \u010di\u0161\u010denje.<\/p>\n<p>Hi\u0161nika sta Du\u0161an Skopec in Peter Herega.<\/p>\n<p>Za \u010di\u0161\u010denje skrbijo Martina Kumer, Romana Stanonik, Majda More, Stanka Prosen, Verica Keber, Andreja Vrbinc, Ga\u0161per Kumer in Tadeja Jesenko.<\/p>\n","protected":false},"excerpt":{"rendered":"<p>Za urejenost \u0161ole, vrtca, opreme, zelenja in zunanje okolice skrbita [&hellip;]<\/p>\n","protected":false},"author":1973,"featured_media":0,"parent":8562,"menu_order":9,"comment_status":"closed","ping_status":"closed","template":"","meta":{"ngg_post_thumbnail":0,"footnotes":""},"class_list":["post-8577","page","type-page","status-publish","hentry"],"_links":{"self":[{"href":"https:\/\/sola-poljane.splet.arnes.si\/index.php?rest_route=\/wp\/v2\/pages\/8577","targetHints":{"allow":["GET"]}}],"collection":[{"href":"https:\/\/sola-poljane.splet.arnes.si\/index.php?rest_route=\/wp\/v2\/pages"}],"about":[{"href":"https:\/\/sola-poljane.splet.arnes.si\/index.php?rest_route=\/wp\/v2\/types\/page"}],"author":[{"embeddable":true,"href":"https:\/\/sola-poljane.splet.arnes.si\/index.php?rest_route=\/wp\/v2\/users\/1973"}],"replies":[{"embeddable":true,"href":"https:\/\/sola-poljane.splet.arnes.si\/index.php?rest_route=%2Fwp%2Fv2%2Fcomments&post=8577"}],"version-history":[{"count":8,"href":"https:\/\/sola-poljane.splet.arnes.si\/index.php?rest_route=\/wp\/v2\/pages\/8577\/revisions"}],"predecessor-version":[{"id":48663,"href":"https:\/\/sola-poljane.splet.arnes.si\/index.php?rest_route=\/wp\/v2\/pages\/8577\/revisions\/48663"}],"up":[{"embeddable":true,"href":"https:\/\/sola-poljane.splet.arnes.si\/index.php?rest_route=\/wp\/v2\/pages\/8562"}],"wp:attachment":[{"href":"https:\/\/sola-poljane.splet.arnes.si\/index.php?rest_route=%2Fwp%2Fv2%2Fmedia&parent=8577"}],"curies":[{"name":"wp","href":"https:\/\/api.w.org\/{rel}","templated":true}]}}