{"id":8574,"date":"2018-04-14T10:44:27","date_gmt":"2018-04-14T08:44:27","guid":{"rendered":"http:\/\/ospoljane.splet.arnes.si\/?page_id=5701"},"modified":"2023-10-23T10:03:34","modified_gmt":"2023-10-23T08:03:34","slug":"uciteljice-dodatne-strokovne-pomoci","status":"publish","type":"page","link":"https:\/\/sola-poljane.splet.arnes.si\/?page_id=8574","title":{"rendered":"U\u010diteljice dodatne strokovne pomo\u010di"},"content":{"rendered":"<h4>Dodatno strokovno pomo\u010d pripravljajo in izvajajo:<\/h4>\n\n<table id=\"tablepress-17\" class=\"tablepress tablepress-id-17\">\n<thead>\n<tr class=\"row-1\">\n\t<th class=\"column-1\">Ime in priimek<\/th><th class=\"column-2\">izobrazba<\/th><th class=\"column-3\">Telefon<\/th><th class=\"column-4\">Elektronska po\u0161ta<\/th>\n<\/tr>\n<\/thead>\n<tbody class=\"row-striping row-hover\">\n<tr class=\"row-2\">\n\t<td class=\"column-1\">Ana Filipi\u010d<\/td><td class=\"column-2\">specialna in rehabilitacijska pedagoginja<\/td><td class=\"column-3\">04 50 70 529<\/td><td class=\"column-4\">ana.filipic<br \/>\n(at)sola-poljane.si<\/td>\n<\/tr>\n<tr class=\"row-3\">\n\t<td class=\"column-1\">Barbara Burjek<\/td><td class=\"column-2\">specialna pedagoginja<\/td><td class=\"column-3\">04 50 70 522<\/td><td class=\"column-4\">barbara.burjek<br \/>\n(at)sola-poljane.si<\/td>\n<\/tr>\n<tr class=\"row-4\">\n\t<td class=\"column-1\">Katja \u010carman<\/td><td class=\"column-2\">socialna pedagoginja<\/td><td class=\"column-3\">04 50 70 524<\/td><td class=\"column-4\">katja.carman<br \/>\n(at)sola-poljane.si<\/td>\n<\/tr>\n<\/tbody>\n<\/table>\n<!-- #tablepress-17 from cache -->\n","protected":false},"excerpt":{"rendered":"<p>Dodatno strokovno pomo\u010d pripravljajo in izvajajo:<\/p>\n","protected":false},"author":1973,"featured_media":0,"parent":8562,"menu_order":7,"comment_status":"closed","ping_status":"closed","template":"","meta":{"ngg_post_thumbnail":0,"footnotes":""},"class_list":["post-8574","page","type-page","status-publish","hentry"],"_links":{"self":[{"href":"https:\/\/sola-poljane.splet.arnes.si\/index.php?rest_route=\/wp\/v2\/pages\/8574","targetHints":{"allow":["GET"]}}],"collection":[{"href":"https:\/\/sola-poljane.splet.arnes.si\/index.php?rest_route=\/wp\/v2\/pages"}],"about":[{"href":"https:\/\/sola-poljane.splet.arnes.si\/index.php?rest_route=\/wp\/v2\/types\/page"}],"author":[{"embeddable":true,"href":"https:\/\/sola-poljane.splet.arnes.si\/index.php?rest_route=\/wp\/v2\/users\/1973"}],"replies":[{"embeddable":true,"href":"https:\/\/sola-poljane.splet.arnes.si\/index.php?rest_route=%2Fwp%2Fv2%2Fcomments&post=8574"}],"version-history":[{"count":9,"href":"https:\/\/sola-poljane.splet.arnes.si\/index.php?rest_route=\/wp\/v2\/pages\/8574\/revisions"}],"predecessor-version":[{"id":34734,"href":"https:\/\/sola-poljane.splet.arnes.si\/index.php?rest_route=\/wp\/v2\/pages\/8574\/revisions\/34734"}],"up":[{"embeddable":true,"href":"https:\/\/sola-poljane.splet.arnes.si\/index.php?rest_route=\/wp\/v2\/pages\/8562"}],"wp:attachment":[{"href":"https:\/\/sola-poljane.splet.arnes.si\/index.php?rest_route=%2Fwp%2Fv2%2Fmedia&parent=8574"}],"curies":[{"name":"wp","href":"https:\/\/api.w.org\/{rel}","templated":true}]}}