{"id":8573,"date":"2018-04-14T10:39:50","date_gmt":"2018-04-14T08:39:50","guid":{"rendered":"http:\/\/ospoljane.splet.arnes.si\/?page_id=5697"},"modified":"2025-09-05T08:56:07","modified_gmt":"2025-09-05T06:56:07","slug":"svetovalna-delavka","status":"publish","type":"page","link":"https:\/\/sola-poljane.splet.arnes.si\/?page_id=8573","title":{"rendered":"Svetovalna delavka"},"content":{"rendered":"<h4><span style=\"color: #800000\">Svetovalna delavka<\/span><\/h4>\n<p>Svetovalni delavki na O\u0160 Poljane sta pedagoginja <strong>Damjana Bon\u010da<\/strong> in psihologinja <strong>Polona Zupan<\/strong>.<\/p>\n<p>\u010cas pogovornih ur za star\u0161e je vsak dan 7.00\u20138.00 in 12.00\u201314.00<br \/>\nter v \u010dasu popoldanskih pogovornih ur.<\/p>\n<ul>\n<li>E-po\u0161ta: <span style=\"color: #ff6600\">damjana.bonca(at)sola-poljane.si<\/span> in <span style=\"color: #ff6600\">polona.zupan(at)sola-poljane.si<\/span><\/li>\n<li>Telefon: <span style=\"color: #ff6600\">(04) 50-70-520<\/span> (Damjana Bon\u010da) in <span style=\"color: #ff6600\">(04) 50-70-525<\/span> (Polona Zupan)<\/li>\n<\/ul>\n<p>&nbsp;<\/p>\n<p><strong>Damjana Bon\u010da<\/strong> skrbi za:<\/p>\n<ul>\n<li>u\u010dence od 1. do 3. razreda;<\/li>\n<li>svetovanje in pomo\u010d star\u0161em;<\/li>\n<li>vpis v 1. razred;<\/li>\n<li>prepis in izpis;<\/li>\n<li>status u\u010denca (status \u0161portnika in umetnika);<\/li>\n<li>delo s prostovoljci;<\/li>\n<li>DOBRO SEM;<\/li>\n<li>prijave na tabore, kolonije in letovanja u\u010dencev;<\/li>\n<li>usmerjanje otrok s posebnimi potrebami (od 1. do 3. razreda);<\/li>\n<li>izvajanje delavnic, predavanj in izobra\u017eevanj za star\u0161e in u\u010dence;<\/li>\n<li>sodelovanje z zunanjimi institucijami;<\/li>\n<li>izvajanje testiranja in ocenjevanja;<\/li>\n<li>projekt UNESCO;<\/li>\n<li>izvajanje projekta Varno in spodbudno u\u010dno okolje;<\/li>\n<li>izvajanje dodatne strokovne pomo\u010di;<\/li>\n<li>svetovalno delo v vrtcu.<\/li>\n<\/ul>\n<p>&nbsp;<\/p>\n<p>&nbsp;<\/p>\n<p><strong>Polona Zupan<\/strong> skrbi za:<\/p>\n<ul>\n<li>u\u010dence od 4. do 9. razreda;<\/li>\n<li>svetovanje in pomo\u010d star\u0161em;<\/li>\n<li>vpis v srednjo \u0161olo (karierna orientacija);<\/li>\n<li>nadarjene u\u010dence;<\/li>\n<li>izvajanje psiholo\u0161kega testiranja in ocenjevanja;<\/li>\n<li>ISP (individualna in skupnska pomo\u010d);<\/li>\n<li>NEON;<\/li>\n<li>u\u010dence tujce;<\/li>\n<li>predavanja, izobra\u017eevanja in delavnice za star\u0161e, u\u010dence in u\u010ditelje;<\/li>\n<li>akcijo Pokloni zvezek in podobne aktivnosti;<\/li>\n<li>usmerjanje otrok s posebnimi potrebami (od 4. do 9. razreda);<\/li>\n<li>izvajanje delavnic, predavanj in izobra\u017eevanj za star\u0161e in u\u010dence;<\/li>\n<li>izvajanje dodatne strokovne pomo\u010di;<\/li>\n<li>sodelovanje z zunanjimi institucijami.<\/li>\n<\/ul>\n","protected":false},"excerpt":{"rendered":"<p>Svetovalna delavka Svetovalni delavki na O\u0160 Poljane sta pedagoginja Damjana [&hellip;]<\/p>\n","protected":false},"author":54103,"featured_media":0,"parent":8562,"menu_order":5,"comment_status":"closed","ping_status":"closed","template":"","meta":{"ngg_post_thumbnail":0,"footnotes":""},"class_list":["post-8573","page","type-page","status-publish","hentry"],"_links":{"self":[{"href":"https:\/\/sola-poljane.splet.arnes.si\/index.php?rest_route=\/wp\/v2\/pages\/8573","targetHints":{"allow":["GET"]}}],"collection":[{"href":"https:\/\/sola-poljane.splet.arnes.si\/index.php?rest_route=\/wp\/v2\/pages"}],"about":[{"href":"https:\/\/sola-poljane.splet.arnes.si\/index.php?rest_route=\/wp\/v2\/types\/page"}],"author":[{"embeddable":true,"href":"https:\/\/sola-poljane.splet.arnes.si\/index.php?rest_route=\/wp\/v2\/users\/54103"}],"replies":[{"embeddable":true,"href":"https:\/\/sola-poljane.splet.arnes.si\/index.php?rest_route=%2Fwp%2Fv2%2Fcomments&post=8573"}],"version-history":[{"count":13,"href":"https:\/\/sola-poljane.splet.arnes.si\/index.php?rest_route=\/wp\/v2\/pages\/8573\/revisions"}],"predecessor-version":[{"id":26241,"href":"https:\/\/sola-poljane.splet.arnes.si\/index.php?rest_route=\/wp\/v2\/pages\/8573\/revisions\/26241"}],"up":[{"embeddable":true,"href":"https:\/\/sola-poljane.splet.arnes.si\/index.php?rest_route=\/wp\/v2\/pages\/8562"}],"wp:attachment":[{"href":"https:\/\/sola-poljane.splet.arnes.si\/index.php?rest_route=%2Fwp%2Fv2%2Fmedia&parent=8573"}],"curies":[{"name":"wp","href":"https:\/\/api.w.org\/{rel}","templated":true}]}}