{"id":8570,"date":"2018-04-09T08:22:58","date_gmt":"2018-04-09T07:22:58","guid":{"rendered":"http:\/\/ospoljane.modri.net\/?page_id=13"},"modified":"2021-09-30T08:14:19","modified_gmt":"2021-09-30T06:14:19","slug":"osnovni-podatki-o-soli","status":"publish","type":"page","link":"https:\/\/sola-poljane.splet.arnes.si\/?page_id=8570","title":{"rendered":"Osnovni podatki o \u0161oli"},"content":{"rendered":"<p>Osnovna \u0161ola Poljane, Poljane nad \u0160kofjo Loko 100, 4223 Poljane nad \u0160kofjo Loko<br \/>\ntelefon: 04 50 70 500<br \/>\nE po\u0161ta: group.oskrpo(at)guest.arnes.si<\/p>\n<p>Ustanovitelj Osnovne \u0161ole Poljane je Ob\u010dina Gorenja vas \u2013 Poljane. Ob\u010dina ima svoj sede\u017e v Gorenji vasi na Poljanski cesti 87 in iz sredstev prora\u010duna financira del programa za redne in nadstandardne dejavnosti.<\/p>\n<p>\u0160tevilka ra\u010duna pri UJP: 01227-6030650456<br \/>\nID za DDV, nismo dav\u010dni zavezanec: 95058354<br \/>\nMati\u010dna \u0161tevilka: 1199498000<br \/>\n\u0160ifra dejavnosti :85.200<\/p>\n<p>V okviru \u0161ole delujejo: <strong>Osnovna \u0161ola Poljane<\/strong>, <strong>Podru\u017eni\u010dna \u0161ola Javorje<\/strong> in <strong>Vrtec Agata<\/strong>.<\/p>\n","protected":false},"excerpt":{"rendered":"<p>Osnovna \u0161ola Poljane, Poljane nad \u0160kofjo Loko 100, 4223 Poljane [&hellip;]<\/p>\n","protected":false},"author":1973,"featured_media":0,"parent":8569,"menu_order":0,"comment_status":"closed","ping_status":"closed","template":"template-noleft.php","meta":{"ngg_post_thumbnail":0,"footnotes":""},"class_list":["post-8570","page","type-page","status-publish","hentry"],"_links":{"self":[{"href":"https:\/\/sola-poljane.splet.arnes.si\/index.php?rest_route=\/wp\/v2\/pages\/8570","targetHints":{"allow":["GET"]}}],"collection":[{"href":"https:\/\/sola-poljane.splet.arnes.si\/index.php?rest_route=\/wp\/v2\/pages"}],"about":[{"href":"https:\/\/sola-poljane.splet.arnes.si\/index.php?rest_route=\/wp\/v2\/types\/page"}],"author":[{"embeddable":true,"href":"https:\/\/sola-poljane.splet.arnes.si\/index.php?rest_route=\/wp\/v2\/users\/1973"}],"replies":[{"embeddable":true,"href":"https:\/\/sola-poljane.splet.arnes.si\/index.php?rest_route=%2Fwp%2Fv2%2Fcomments&post=8570"}],"version-history":[{"count":4,"href":"https:\/\/sola-poljane.splet.arnes.si\/index.php?rest_route=\/wp\/v2\/pages\/8570\/revisions"}],"predecessor-version":[{"id":22581,"href":"https:\/\/sola-poljane.splet.arnes.si\/index.php?rest_route=\/wp\/v2\/pages\/8570\/revisions\/22581"}],"up":[{"embeddable":true,"href":"https:\/\/sola-poljane.splet.arnes.si\/index.php?rest_route=\/wp\/v2\/pages\/8569"}],"wp:attachment":[{"href":"https:\/\/sola-poljane.splet.arnes.si\/index.php?rest_route=%2Fwp%2Fv2%2Fmedia&parent=8570"}],"curies":[{"name":"wp","href":"https:\/\/api.w.org\/{rel}","templated":true}]}}