{"id":8563,"date":"2018-04-09T08:26:37","date_gmt":"2018-04-09T07:26:37","guid":{"rendered":"http:\/\/ospoljane.modri.net\/?page_id=23"},"modified":"2025-04-25T11:11:08","modified_gmt":"2025-04-25T09:11:08","slug":"vodstvo-sole-in-strokovne-sluzbe","status":"publish","type":"page","link":"https:\/\/sola-poljane.splet.arnes.si\/?page_id=8563","title":{"rendered":"Vodstvo \u0161ole in strokovne slu\u017ebe"},"content":{"rendered":"<h3><span style=\"color: #800000\">Osnovna \u0161ola Poljane<\/span><br \/>\n<span style=\"color: #800000\">Poljane nad \u0160kofjo Loko 100<\/span><br \/>\n<span style=\"color: #800000\">4223 Poljane nad \u0160kofjo Loko<\/span><\/h3>\n<h4>Poslovni \u010das: 7.00-16.10<br \/>\nUradne ure: 7.00-8.00 in 13.00-14.00<\/h4>\n\n<table id=\"tablepress-15\" class=\"tablepress tablepress-id-15\">\n<thead>\n<tr class=\"row-1\">\n\t<th class=\"column-1\">Uprava \u0161ole in ostale slu\u017ebe<\/th><th class=\"column-2\">Kontakt<\/th>\n<\/tr>\n<\/thead>\n<tbody class=\"row-striping row-hover\">\n<tr class=\"row-2\">\n\t<td class=\"column-1\">Ravnatelj: <br \/>\n<strong>Toma\u017e Lang<\/strong><\/td><td class=\"column-2\">Telefon: (04) 50-70-513<br \/>\nE-po\u0161ta: tomaz.lang(at)sola-poljane.si<\/td>\n<\/tr>\n<tr class=\"row-3\">\n\t<td class=\"column-1\">Pomo\u010dnica ravnatelja (\u0161ola): <br \/>\n<strong>Andreja Poklukar<\/strong><\/td><td class=\"column-2\">Telefon: (04) 50-70-512<br \/>\nE-po\u0161ta: andreja.poklukar(at)sola-poljane.si<\/td>\n<\/tr>\n<tr class=\"row-4\">\n\t<td class=\"column-1\">Pomo\u010dnica ravnatelja (vrtec): <br \/>\n<strong>Mateja Matja\u0161ec<\/strong><\/td><td class=\"column-2\">Telefon: (04) 50-70-516<br \/>\nE-po\u0161ta: mateja.matjasec(at)sola-poljane.si<\/td>\n<\/tr>\n<tr class=\"row-5\">\n\t<td class=\"column-1\">Vodja podru\u017eni\u010dne \u0161ole Javorje: <br \/>\n<strong>Maja Kokalj<\/strong><\/td><td class=\"column-2\">Telefon: (04) 50-70-501<br \/>\nE-po\u0161ta: podruznica.javorje(at)sola-poljane.si<\/td>\n<\/tr>\n<tr class=\"row-6\">\n\t<td class=\"column-1\">Poslovna sekretarka: <br \/>\n<strong>Marinka Toma\u017ein<\/strong><\/td><td class=\"column-2\">Telefon: (04) 50-70-500<br \/>\nE-po\u0161ta: marinka.tomazin(at)sola-poljane.si<\/td>\n<\/tr>\n<tr class=\"row-7\">\n\t<td class=\"column-1\">Ra\u010dunovodstvo: <br \/>\n<strong>Ana Plestenjak<\/strong><\/td><td class=\"column-2\">Telefon: (04) 50-70-528<br \/>\nE-po\u0161ta: ana.plestenjak(at)sola-poljane.si<\/td>\n<\/tr>\n<tr class=\"row-8\">\n\t<td class=\"column-1\">Knjigovodstvo: <br \/>\n<strong>Nu\u0161a Rakovec<\/strong><\/td><td class=\"column-2\">Telefon: (04) 50-70-514<br \/>\nE-po\u0161ta: nusa.rakovec(at)sola-poljane.si<\/td>\n<\/tr>\n<tr class=\"row-9\">\n\t<td class=\"column-1\">Svetovalna delavka: <br \/>\n<strong>Polona Zupan<\/strong><\/td><td class=\"column-2\">Telefon: (04) 50-70-525<br \/>\nE-po\u0161ta: polona.zupan(at)sola-poljane.si<\/td>\n<\/tr>\n<tr class=\"row-10\">\n\t<td class=\"column-1\">Svetovalna delavka: <br \/>\n<strong>Damjana Bon\u010da<\/strong><\/td><td class=\"column-2\">Telefon: (04) 50-70-520<br \/>\nE-po\u0161ta: damjana.bonca(at)sola-poljane.si<\/td>\n<\/tr>\n<tr class=\"row-11\">\n\t<td class=\"column-1\">Knji\u017eni\u010darka: <br \/>\n<strong>Majda Bernik<\/strong><\/td><td class=\"column-2\">Telefon: (04) 50-70-526<br \/>\nE-po\u0161ta: majda.bernik(at)sola-poljane.si<\/td>\n<\/tr>\n<tr class=\"row-12\">\n\t<td class=\"column-1\">Ra\u010dunalnikar: <br \/>\n<strong>Jurij Kumer<\/strong><\/td><td class=\"column-2\">Telefon: (04) 50-70-527<br \/>\nE-po\u0161ta: jure.kumer\u02d9(at)sola-poljane.si<\/td>\n<\/tr>\n<\/tbody>\n<\/table>\n<!-- #tablepress-15 from cache -->\n","protected":false},"excerpt":{"rendered":"<p>Osnovna \u0161ola Poljane Poljane nad \u0160kofjo Loko 100 4223 Poljane [&hellip;]<\/p>\n","protected":false},"author":1973,"featured_media":0,"parent":8562,"menu_order":1,"comment_status":"closed","ping_status":"closed","template":"","meta":{"ngg_post_thumbnail":0,"footnotes":""},"class_list":["post-8563","page","type-page","status-publish","hentry"],"_links":{"self":[{"href":"https:\/\/sola-poljane.splet.arnes.si\/index.php?rest_route=\/wp\/v2\/pages\/8563","targetHints":{"allow":["GET"]}}],"collection":[{"href":"https:\/\/sola-poljane.splet.arnes.si\/index.php?rest_route=\/wp\/v2\/pages"}],"about":[{"href":"https:\/\/sola-poljane.splet.arnes.si\/index.php?rest_route=\/wp\/v2\/types\/page"}],"author":[{"embeddable":true,"href":"https:\/\/sola-poljane.splet.arnes.si\/index.php?rest_route=\/wp\/v2\/users\/1973"}],"replies":[{"embeddable":true,"href":"https:\/\/sola-poljane.splet.arnes.si\/index.php?rest_route=%2Fwp%2Fv2%2Fcomments&post=8563"}],"version-history":[{"count":15,"href":"https:\/\/sola-poljane.splet.arnes.si\/index.php?rest_route=\/wp\/v2\/pages\/8563\/revisions"}],"predecessor-version":[{"id":46406,"href":"https:\/\/sola-poljane.splet.arnes.si\/index.php?rest_route=\/wp\/v2\/pages\/8563\/revisions\/46406"}],"up":[{"embeddable":true,"href":"https:\/\/sola-poljane.splet.arnes.si\/index.php?rest_route=\/wp\/v2\/pages\/8562"}],"wp:attachment":[{"href":"https:\/\/sola-poljane.splet.arnes.si\/index.php?rest_route=%2Fwp%2Fv2%2Fmedia&parent=8563"}],"curies":[{"name":"wp","href":"https:\/\/api.w.org\/{rel}","templated":true}]}}