{"id":45893,"date":"2025-04-17T08:58:27","date_gmt":"2025-04-17T06:58:27","guid":{"rendered":"https:\/\/sola-poljane.splet.arnes.si\/?page_id=45893"},"modified":"2025-08-31T17:38:11","modified_gmt":"2025-08-31T15:38:11","slug":"rap-dejavnosti","status":"publish","type":"page","link":"https:\/\/sola-poljane.splet.arnes.si\/?page_id=45893","title":{"rendered":"RaP dejavnosti"},"content":{"rendered":"<a href=\"https:\/\/sola-poljane.splet.arnes.si\/?page_id=45635\"class=\"wpz-sc-button  orange small\" style=\"\"><span class=\"wpz-\">Splo\u0161ne informacije<\/span><\/a>\r\n<!-- \/wp:post-content -->\r\n\r\n<!-- wp:paragraph -->\r\n<h3><span style=\"color: #993300\">Opisi dejavnosti v \u0161olskem letu 2025-26 za mati\u010dno \u0161olo v Poljanah<\/span><\/h3>\r\n<p><a href=\"https:\/\/drive.google.com\/open?id=19oq7nAh8DZ7e_PHcPbj7S_vlclkslyov&amp;usp=drive_fs\"><img loading=\"lazy\" decoding=\"async\" class=\"wp-image-48656 size-medium alignleft\" src=\"https:\/\/sola-poljane.splet.arnes.si\/files\/2025\/08\/RAP_OSPoljane_2025_1-9R-212x300.jpg\" alt=\"\" width=\"212\" height=\"300\" srcset=\"https:\/\/sola-poljane.splet.arnes.si\/files\/2025\/08\/RAP_OSPoljane_2025_1-9R-212x300.jpg 212w, https:\/\/sola-poljane.splet.arnes.si\/files\/2025\/08\/RAP_OSPoljane_2025_1-9R-39x55.jpg 39w, https:\/\/sola-poljane.splet.arnes.si\/files\/2025\/08\/RAP_OSPoljane_2025_1-9R.jpg 400w\" sizes=\"auto, (max-width: 212px) 100vw, 212px\" \/><\/a><\/p>\r\n<p><a href=\"https:\/\/drive.google.com\/open?id=19oq7nAh8DZ7e_PHcPbj7S_vlclkslyov&amp;usp=drive_fs\">Bro\u0161ura z opisi O\u0160 Poljane (PDF)<\/a><\/p>\r\n<h3>&nbsp;<\/h3>\r\n<h3>&nbsp;<\/h3>\r\n<h3>&nbsp;<\/h3>\r\n<h3>&nbsp;<\/h3>\r\n<h3>&nbsp;<\/h3>\r\n<h3>&nbsp;<\/h3>\r\n<h3><span style=\"color: #993300\">Opisi dejavnosti v \u0161olskem letu 2025-26 za podru\u017eni\u010dno \u0161olo v Javorjah<\/span><\/h3>\r\n<p><a href=\"https:\/\/drive.google.com\/open?id=16Qv5bTJ-QEUjJyv8cygmzgbpRx84Dmt9&amp;usp=drive_fs\"><img loading=\"lazy\" decoding=\"async\" class=\"alignleft wp-image-48658 size-medium\" src=\"https:\/\/sola-poljane.splet.arnes.si\/files\/2025\/08\/RAP_PSJavorje_2025_1-5R-212x300.jpg\" alt=\"\" width=\"212\" height=\"300\" srcset=\"https:\/\/sola-poljane.splet.arnes.si\/files\/2025\/08\/RAP_PSJavorje_2025_1-5R-212x300.jpg 212w, https:\/\/sola-poljane.splet.arnes.si\/files\/2025\/08\/RAP_PSJavorje_2025_1-5R-723x1024.jpg 723w, https:\/\/sola-poljane.splet.arnes.si\/files\/2025\/08\/RAP_PSJavorje_2025_1-5R-768x1087.jpg 768w, https:\/\/sola-poljane.splet.arnes.si\/files\/2025\/08\/RAP_PSJavorje_2025_1-5R-39x55.jpg 39w, https:\/\/sola-poljane.splet.arnes.si\/files\/2025\/08\/RAP_PSJavorje_2025_1-5R-947x1341.jpg 947w, https:\/\/sola-poljane.splet.arnes.si\/files\/2025\/08\/RAP_PSJavorje_2025_1-5R-624x884.jpg 624w, https:\/\/sola-poljane.splet.arnes.si\/files\/2025\/08\/RAP_PSJavorje_2025_1-5R.jpg 1046w\" sizes=\"auto, (max-width: 212px) 100vw, 212px\" \/><\/a><\/p>\r\n<p><a href=\"https:\/\/drive.google.com\/open?id=16Qv5bTJ-QEUjJyv8cygmzgbpRx84Dmt9&amp;usp=drive_fs\">Bro\u0161ura z opisi P\u0160 Javorje (PDF)<\/a><\/p>","protected":false},"excerpt":{"rendered":"<p>Opisi dejavnosti v \u0161olskem letu 2025-26 za mati\u010dno \u0161olo v [&hellip;]<\/p>\n","protected":false},"author":4023,"featured_media":0,"parent":45635,"menu_order":0,"comment_status":"closed","ping_status":"closed","template":"","meta":{"ngg_post_thumbnail":0,"footnotes":""},"class_list":["post-45893","page","type-page","status-publish","hentry"],"_links":{"self":[{"href":"https:\/\/sola-poljane.splet.arnes.si\/index.php?rest_route=\/wp\/v2\/pages\/45893","targetHints":{"allow":["GET"]}}],"collection":[{"href":"https:\/\/sola-poljane.splet.arnes.si\/index.php?rest_route=\/wp\/v2\/pages"}],"about":[{"href":"https:\/\/sola-poljane.splet.arnes.si\/index.php?rest_route=\/wp\/v2\/types\/page"}],"author":[{"embeddable":true,"href":"https:\/\/sola-poljane.splet.arnes.si\/index.php?rest_route=\/wp\/v2\/users\/4023"}],"replies":[{"embeddable":true,"href":"https:\/\/sola-poljane.splet.arnes.si\/index.php?rest_route=%2Fwp%2Fv2%2Fcomments&post=45893"}],"version-history":[{"count":15,"href":"https:\/\/sola-poljane.splet.arnes.si\/index.php?rest_route=\/wp\/v2\/pages\/45893\/revisions"}],"predecessor-version":[{"id":48660,"href":"https:\/\/sola-poljane.splet.arnes.si\/index.php?rest_route=\/wp\/v2\/pages\/45893\/revisions\/48660"}],"up":[{"embeddable":true,"href":"https:\/\/sola-poljane.splet.arnes.si\/index.php?rest_route=\/wp\/v2\/pages\/45635"}],"wp:attachment":[{"href":"https:\/\/sola-poljane.splet.arnes.si\/index.php?rest_route=%2Fwp%2Fv2%2Fmedia&parent=45893"}],"curies":[{"name":"wp","href":"https:\/\/api.w.org\/{rel}","templated":true}]}}