{"id":40799,"date":"2024-07-03T08:22:02","date_gmt":"2024-07-03T06:22:02","guid":{"rendered":"https:\/\/sola-poljane.splet.arnes.si\/?page_id=40799"},"modified":"2024-07-03T08:29:50","modified_gmt":"2024-07-03T06:29:50","slug":"zdrava-sola-2023-24","status":"publish","type":"page","link":"https:\/\/sola-poljane.splet.arnes.si\/?page_id=40799","title":{"rendered":"Zdrava \u0161ola 2023\/24"},"content":{"rendered":"<h1>Lepa beseda lepe odnose najde \u2013 pesmi deveto\u0161olcev<\/h1>\n<p>Rde\u010da nit Zdrave \u0161ole v \u0161olskem letu 2023\/2024 je <strong>Lepa beseda lepe odnose najde.<\/strong><\/p>\n<p>Povezave, ki jih gradimo z drugimi, so klju\u010dne za socialno, psihi\u010dno in telesno zdravje. Medosebni odnosi so tisti, ki pomembno prispevajo k smislu \u017eivljenja in vplivajo na to, kako posameznik zaznava kakovost svojega \u017eivljenja. Spo\u0161tljiva, prijazna komunikacija predstavlja pomembno vlogo v izbolj\u0161evanju odnosov z drugimi.<\/p>\n<p>Mo\u010d na\u0161ih besed in dejanj so deveto\u0161olci izrazili z oblikovanjem razli\u010dnih haikujev in pesmic. Svoje delo so odli\u010dno opravili.<\/p>\n<p>&nbsp;<\/p>\n<p><em><strong>Barbara Levstek<\/strong><\/em><\/p>\n<p>&nbsp;<\/p>\n<table>\n<tbody>\n<tr>\n<td width=\"340\"><strong>MO\u010c BESEDE<\/strong><\/p>\n<p>Lepa beseda ni vedno lahka,<br \/>\nsaj vsak ne spregovori je zlahka.<br \/>\nNekomu lahko polep\u0161a dan<br \/>\nin odpravi \u017ealost stran.<\/p>\n<p>Odnosi med ljudmi niso vedno dobri,<br \/>\nzato pogovori so zmeraj dobrodo\u0161li.<br \/>\nLepa beseda ali dve,<br \/>\nproblem lahko re\u0161i \u017ee.<\/p>\n<p>\u017dal na svetu so ljudje,<br \/>\nki v\u010dasih cenijo te ne.<br \/>\nLepe namene presli\u0161ijo<br \/>\nin te iz \u017eivljenja izbri\u0161ejo.<\/p>\n<p>Lepa beseda na koncu premaga vse,<br \/>\n\u010de \u010dlovek razume in poslu\u0161a te.<br \/>\nJe klju\u010d do dobre zveze,<br \/>\ns katerim ljudi pove\u017ee.<\/p>\n<p><em><strong>Nina Habjan, 9. b<\/strong><\/em><\/p>\n<p>&nbsp;<\/td>\n<td width=\"359\"><strong>TOPLE BESEDE<\/strong><\/p>\n<p>Ko se rodi\u0161,<br \/>\nkot nepopisan list papirja se zdi\u0161.<br \/>\nPrva stvar, ki se v tvoja u\u0161esa vrine,<br \/>\nso besede, polne topline.<br \/>\nNe \u010dakaj na prilo\u017enost,<br \/>\nampak si sam ustvari mo\u017enost,<br \/>\nki prinese jih beseda mala \u2013<br \/>\nkdaj pa kdaj dovolj so \u017ee<br \/>\nprosim, oprosti in hvala.<\/p>\n<p><em>Besede so kot klju\u010di,<br \/>\n<\/em><em>ki odpirajo vrata v srca ljudi.<\/em><\/p>\n<p><strong>&nbsp;<\/strong>Mo\u017enost govora odpira vse poti.<br \/>\nBesede nas pove\u017eejo,<br \/>\nzapletejo in sklenejo.<br \/>\nOdnose nam ustvarjajo,<br \/>\nrazdirajo, popravljajo.<br \/>\nLjudje \u017eivijo in umrejo,<br \/>\nbesede pa se ohranijo,<br \/>\nv srcih ostanejo,<br \/>\nnam spomine dajejo.<\/p>\n<p><em>Besede so kot klju\u010di,<br \/>\n<\/em><em>ki odpirajo vrata v srca ljudi.<\/em><\/p>\n<p><em><strong>Ema Krek, Ivana Krek <\/strong><\/em><br \/>\n<em><strong>in Jerca Gantar, 9. a<\/strong><\/em><\/p>\n<p>&nbsp;<\/td>\n<td width=\"321\"><strong>RADA TE IMAM, OPROSTI<\/strong><\/p>\n<p>Ko stopim s tabo skozi vrata,<br \/>\nodpre se mi ta \u0161irni svet,<br \/>\ns tabo nikoli ni zagata<br \/>\nin sre\u010dna sva spet.<\/p>\n<p><em>Lepa beseda<br \/>\n<\/em><em>lepe odnose najde.<br \/>\n<\/em><em>Rada te imam.<\/em><\/p>\n<p>Moji prijatelji so brez besed,<br \/>\nne vejo, kaj prestajam,<br \/>\npo\u010dutim se kot stopljen sladoled,<br \/>\nza svoje pravice se vedno pogajam.<\/p>\n<p><em>Velikokrat sem<br \/>\n<\/em><em>pomislila \u017ee nate.<br \/>\n<\/em><em>Rada te imam.<\/em><\/p>\n<p>Za to sem dala vse, kar lahko,<br \/>\npovabila sem jih na zabavo,<br \/>\na ko pri\u0161el si ti, tako<br \/>\npostalo je vse za \u0161alo.<\/p>\n<p><em>Ker nisi bil moj,<br \/>\n<\/em><em>da te tako izgubim.<br \/>\n<\/em><em>Rada te imam.<\/em><\/p>\n<p><em>&nbsp;<strong>Eva Debeljak in \u017dana Er\u017een, 9. b<\/strong><\/em><\/p>\n<p>&nbsp;<\/td>\n<\/tr>\n<\/tbody>\n<\/table>\n<p>&nbsp;<\/p>\n<p><strong>NAJLEP\u0160E BESEDE<\/strong><\/p>\n<p>Lepa beseda<br \/>\nlepe odnose najde \u2013<br \/>\nvedno in povsod.<\/p>\n<p>Lepa beseda<br \/>\nlepe odnose najde,<br \/>\nko smo veseli.<\/p>\n<p>Lepa beseda<br \/>\nsrce napolni mi, ko<br \/>\npove\u0161 mi jo ti.<\/p>\n<p>Hvala in prosim<br \/>\nres lepi sta besedi,<br \/>\nreci ju vsak dan.<\/p>\n<p>\u010ce ne najdemo<br \/>\nvseh teh najlep\u0161ih besed,<br \/>\nbodimo tiho.<\/p>\n<p><em><strong>\u0110or\u0111e Devi\u0107 in Kri\u0161tof Pisk, 9. a<\/strong><\/em><\/p>\n<p>&nbsp;<\/p>\n<p>&nbsp;<\/p>\n<p><strong>IGRA HAIKUJEV<\/strong><\/p>\n<p>&nbsp;<\/p>\n<table width=\"765\">\n<tbody>\n<tr>\n<td width=\"236\">Lepa beseda<br \/>\nlepe odnose najde<br \/>\nv mojem srcu.<\/p>\n<p>Lepa beseda<br \/>\npogreje srca na\u0161a,<br \/>\nko jo sli\u0161imo.<\/p>\n<p>Lepa beseda<br \/>\nse vedno rada igra,<br \/>\ndan mi polep\u0161a.<\/p>\n<p>Lepe besede<br \/>\nnam polep\u0161ajo dneve<br \/>\nob slabi volji.<\/p>\n<p>Lepa beseda<br \/>\nje vedno toplo sonce<br \/>\nmed mo\u010dnim de\u017ejem.<\/p>\n<p>&nbsp;<\/td>\n<td width=\"274\">Lepa beseda<br \/>\nlepe odnose najde,<br \/>\nko se igramo.Lepi odnosi<br \/>\nse najdejo v srcih<br \/>\nvseh dobrih ljudi.<\/p>\n<p>Lepi odnosi<br \/>\nprina\u0161ajo veselje<br \/>\nmed prijatelji.<\/p>\n<p>Lepi odnosi<br \/>\nso pomembni za prav vse,<br \/>\nza prijateljstvo.<\/p>\n<p>Lepe odnose<br \/>\ngradijo dobri ljudje<br \/>\ndo drugih ljudi.<\/td>\n<td width=\"255\">Lepe odnose<br \/>\ngradimo prav vsi skupaj.<br \/>\nTo je pomembno.<\/p>\n<p>Lepo je morje<br \/>\nz lepimi odnosi,<br \/>\nki valovijo.<\/p>\n<p>Na\u0161a srca so<br \/>\nzadonela zaradi<br \/>\nlepih besed.<\/p>\n<p><em><strong>Lana \u0160ikovec, Ema Kr\u017ei\u0161nik<\/strong><\/em><br \/>\n<em><strong>in Jerca Tu\u0161ek, 9. b<\/strong><\/em><\/p>\n<p>&nbsp;<\/p>\n<p>&nbsp;<\/td>\n<\/tr>\n<\/tbody>\n<\/table>\n<p>&nbsp;<\/p>\n<p><strong>NAVIHANI HAIKUJI<\/strong><\/p>\n<p>&nbsp;<\/p>\n<table>\n<tbody>\n<tr>\n<td width=\"236\">Iskren oprosti,<br \/>\nmalo sem se razburil<br \/>\nkot temen oblak.<\/p>\n<p>Ne bodi kot Zevs,<br \/>\nki svoje otroke na<br \/>\nzemlji kaznuje.<\/p>\n<p>Lepa beseda<br \/>\nlepe odnose najde<br \/>\nv vsaki temi.<\/p>\n<p>Radiraj zlobo,<br \/>\nbodimo prijatelji,<br \/>\npodpirajmo se.<\/p>\n<p>&nbsp;<\/td>\n<td width=\"274\">Vljudno pozdravi,<br \/>\nvljudno nazaj odzdravi,<br \/>\nprikli\u010di nasmeh.V svojih sanjah<br \/>\nbodi dober do drugih<br \/>\nkot pe\u010den pi\u0161kot.<\/p>\n<p>Ob topli kavi<br \/>\npostani moj prijatelj<br \/>\nza ve\u010dne \u010dase.<\/p>\n<p>Topel objem\u010dek<br \/>\nza ob\u010dutek varnosti<br \/>\nnameni vsem nam.&nbsp;<\/td>\n<td width=\"255\">Ne bodi naboj,<br \/>\nki srce ti prebije,<br \/>\ndu\u0161o razbije.<\/p>\n<p>Greva na kavo<br \/>\nvse obrnit na glavo,<br \/>\ngovorit pravo.<\/p>\n<p><em><strong>Ana Omejc, Sima Rupar<br \/>\n<\/strong><\/em><em><strong>in Ester \u0160inkovec, 9. a<\/strong><\/em><\/p>\n<p>&nbsp;<\/td>\n<\/tr>\n<\/tbody>\n<\/table>\n<p>&nbsp;<\/p>\n<hr>\n<h1>7. april \u2212 svetovni dan zdravja<\/h1>\n<p><strong>Svetovna zdravstvena organizacija ob svetovnem dnevu zdravja, ki ga vsako leto obele\u017eujemo 7. aprila, letos poudarja pomembnost pravice do zdravja posameznika. &nbsp;<\/strong><\/p>\n<p>Po vsem svetu je zaradi voja\u0161kih konfliktov, onesna\u017eenosti okolja in podnebnih sprememb pravica milijonov ljudi do zdravja vse bolj ogro\u017eena.<br \/>\nLeto\u0161nji slogan poudarja pravico vsakega posameznika do dostopa do zdravstvenih storitev, izobra\u017eevanja in informacij, pa tudi do varne pitne vode, \u010distega zraka, zdrave prehrane, kakovostnega bivalnega okolja, dostojnih delovnih pogojev in za\u0161\u010dito pred diskriminacijo. Vsak posameznik si zaslu\u017ei dostop do kakovostne zdravstvene oskrbe, ne glede na svoj socialni, ekonomski ali kulturni polo\u017eaj. Zdravje ni le privilegij, ampak temeljna \u010dlovekova pravica. Skupaj si prizadevamo za bolj\u0161e zdravje in pravi\u010dnej\u0161i dostop do zdravstvenih storitev za vse.<\/p>\n<p><strong>Na tem mestu pa naj ponovno poudarimo, da pravica do zdravja prina\u0161a tudi odgovornosti.<\/strong> Vsak posameznik je odgovoren za skrb za svoje zdravje in dobro po\u010dutje ter za poznavanje in upo\u0161tevanje zdravstvenih smernic in priporo\u010dil. To pomeni, da se zavedamo pomena skrbi za svoje zdravje z uravnote\u017eeno prehrano, redno telesno vadbo in izogibanjem \u0161kodljivim razvadam, kot sta kajenje in prekomerno u\u017eivanje alkohola. Prav tako je pomembno odzivanje na vabila presejalnih programov in drugih preventivnih pregledov in cepljenj ter upo\u0161tevanje zdravstvenih nasvetov strokovnjakov.<\/p>\n<p>Pravica do zdravja gre z roko v roki z odgovornostjo do lastnega zdravja in zavedanjem, da lahko vsak posameznik prispeva k ohranjanju svojega zdravja ter zdravja skupnosti.<\/p>\n<p>Povzeto po:<\/p>\n<p><a href=\"https:\/\/nijz.si\/obmocna-enota-ljubljana\/svetovni-dan-zdravja-2024\/\">https:\/\/nijz.si\/obmocna-enota-ljubljana\/svetovni-dan-zdravja-2024\/<\/a>, 7. 4. 2024<\/p>\n<p><a href=\"https:\/\/europadonna.si\/novice\/7-4-svetovni-dan-zdravja\/\">https:\/\/europadonna.si\/novice\/7-4-svetovni-dan-zdravja\/<\/a>, 7. 4. 2024<\/p>\n<p>&nbsp;<\/p>\n<p><strong><em>Irena Tehovnik<\/em><\/strong><\/p>\n<p>&nbsp;<\/p>\n<p><a href=\"https:\/\/sola-poljane.splet.arnes.si\/files\/2024\/04\/boljsa.jpg\"><img loading=\"lazy\" decoding=\"async\" class=\"alignnone size-full wp-image-38583\" src=\"https:\/\/sola-poljane.splet.arnes.si\/files\/2024\/04\/boljsa.jpg\" alt=\"\" width=\"700\" height=\"700\" srcset=\"https:\/\/sola-poljane.splet.arnes.si\/files\/2024\/04\/boljsa.jpg 700w, https:\/\/sola-poljane.splet.arnes.si\/files\/2024\/04\/boljsa-300x300.jpg 300w, https:\/\/sola-poljane.splet.arnes.si\/files\/2024\/04\/boljsa-150x150.jpg 150w, https:\/\/sola-poljane.splet.arnes.si\/files\/2024\/04\/boljsa-55x55.jpg 55w, https:\/\/sola-poljane.splet.arnes.si\/files\/2024\/04\/boljsa-624x624.jpg 624w, https:\/\/sola-poljane.splet.arnes.si\/files\/2024\/04\/boljsa-100x100.jpg 100w\" sizes=\"auto, (max-width: 700px) 100vw, 700px\" \/><\/a><\/p>\n<p>&nbsp;<\/p>\n<hr>\n<h1>15. marec &#8211; svetovni dan spanja<\/h1>\n<p><em>V petek, <strong>15. marca 2024<\/strong>, smo \u017ee sedemnajsti\u010d obele\u017eili <strong>svetovni dan spanja<\/strong>, ki letos poteka pod sloganom: <strong>&#8220;Enake pravice do spanja za globalno zdravje&#8221;<\/strong>, s katerim \u017eelimo poudariti, da \u010de \u017eelimo izbolj\u0161ati zdravje prebivalstva, moramo zmanj\u0161ati neenakosti in zagotoviti enake pravice do zdravega spanja za vse.<\/em><\/p>\n<p>Spanje je poleg zdrave prehrane in telesne dejavnosti eden od klju\u010dnih gradnikov posameznikovega telesnega, du\u0161evnega in socialnega blagostanja.&nbsp;<\/p>\n<p><strong>Kaj ka\u017eejo podatki v Sloveniji?<br \/>\n<\/strong>Na NIJZ prepoznavajo spanje kot enega od temeljnih gradnikov zdravja. Kazalci spanja so generalno gledano slabi v vseh pregledanih starostnih skupinah prebivalstva, med njimi pa najbolj zaskrbljujo\u010de izstopajo podatki o otrocih in mladostnikih.<strong><br \/>\n<\/strong>Zadnja raziskava, ki vklju\u010duje podro\u010dje spanja, je raziskava Z zdravjem povezana vedenja v \u0161olskem obdobju 2022 (HBSC, Jeri\u010dek Klan\u0161\u010dek idr., 2023). Ta ka\u017ee, da le nekaj ve\u010d kot tretjina (38,7 %) 11- in 13-letnikov in pribli\u017eno petina (19,3 %) 15- in 17-letnikov med \u0161olskimi dnevi spi v skladu s priporo\u010dili. Primerjava s preteklimi raziskavami ka\u017ee, da se je zvi\u0161al dele\u017e fantov, ki spi v skladu s priporo\u010dili ter da se je zni\u017eal dele\u017e deklet, ki spijo skladno s priporo\u010dili v vseh starostnih skupinah. Dele\u017e mladostnikov, ki spijo skladno s priporo\u010dili, s starostjo pada. <strong>Glede na priporo\u010dila, naj bi otroci stari od 6 do 13 let spali 9\u201311 ur na no\u010d in najstniki stari od 14 do 17 let 8\u201310 ur na no\u010d.<br \/>\n<\/strong>Ker v Sloveniji generalno premalo in slabo spimo, je osve\u0161\u010danje javnosti o pomenu spanja \u0161e toliko bolj pomembno.<br \/>\nSpanje je klju\u010dni pokazatelj splo\u0161nega zdravja in dobrega po\u010dutja. Blagodejno vpliva na srce in o\u017eilje, zni\u017euje krvni tlak, vpliva na celi\u010dno obnovo in presnovo, uravnava koli\u010dino inzulina in glukoze, tek in telesno te\u017eo, ohranja bogat mikrobiom \u010drevesja ter vpliva na raven razpolo\u017eljive energije in na\u0161o telesno pripravljenost. Spanje je pomembno za normalno delovanje mo\u017eganov, saj okrepi vrsto mo\u017eganskih funkcij, vklju\u010dno s sposobnostjo za u\u010denje, pomnjenje ter sprejemanje logi\u010dnih odlo\u010ditev in dobrih izbir. Urejeno spanje krepi imunski sistem, pri \u010demer izbolj\u0161uje na\u0161o odpornost in imunske odzive ter na ta na\u010din pomembno prispeva k prepre\u010devanju oku\u017eb, rakastih obolenj in ostalih kroni\u010dnih nenalezljivih boleznih. Tudi zdrav imunski sistem ugodno vpliva na spanje. Nenazadnje pa ima spanje ugoden vpliv tudi na na\u0161e du\u0161evno zdravje in dobro po\u010dutje, kar omogo\u010da, da se zbrano in trezno lotimo dru\u017ebenih in umskih izzivov.<\/p>\n<p><em>Povzeto po:<br \/>\n<\/em>Izjava za javnost Svetovni dan spanja 2024<br \/>\n<a href=\"https:\/\/nijz.si\/zivljenjski-slog\/spanje\/\">https:\/\/nijz.si\/zivljenjski-slog\/spanje\/<\/a>, 14.&nbsp;3.&nbsp;2024<br \/>\n<a href=\"https:\/\/nijz.si\/zivljenjski-slog\/spanje\/svetovni-dan-spanja-2023%20\/\">https:\/\/nijz.si\/zivljenjski-slog\/spanje\/svetovni-dan-spanja-2023 \/<\/a>,14.&nbsp;3.&nbsp;20244<\/p>\n<p>&nbsp;<\/p>\n<p><strong><em>Irena Tehovnik<\/em><\/strong><\/p>\n<p>&nbsp;<\/p>\n<p><a href=\"https:\/\/sola-poljane.splet.arnes.si\/files\/2024\/03\/priporocila-za-dobro-spanje_za_otroke_in_mladostnike.pdf\">priporocila-za-dobro-spanje_za_otroke_in_mladostnike<\/a><\/p>\n<p><a href=\"https:\/\/sola-poljane.splet.arnes.si\/files\/2024\/03\/10_priporocil_za_zdravo_spanje_odraslih-1.pdf\">10_priporocil_za_zdravo_spanje_odraslih (1)<\/a><\/p>\n<p><a href=\"https:\/\/sola-poljane.splet.arnes.si\/files\/2024\/03\/Spanje_in_zdravje_plakat-A4_page.jpg\"><img loading=\"lazy\" decoding=\"async\" class=\"alignnone size-large wp-image-38187\" src=\"https:\/\/sola-poljane.splet.arnes.si\/files\/2024\/03\/Spanje_in_zdravje_plakat-A4_page-725x1024.jpg\" alt=\"\" width=\"725\" height=\"1024\" srcset=\"https:\/\/sola-poljane.splet.arnes.si\/files\/2024\/03\/Spanje_in_zdravje_plakat-A4_page-725x1024.jpg 725w, https:\/\/sola-poljane.splet.arnes.si\/files\/2024\/03\/Spanje_in_zdravje_plakat-A4_page-212x300.jpg 212w, https:\/\/sola-poljane.splet.arnes.si\/files\/2024\/03\/Spanje_in_zdravje_plakat-A4_page-768x1085.jpg 768w, https:\/\/sola-poljane.splet.arnes.si\/files\/2024\/03\/Spanje_in_zdravje_plakat-A4_page-39x55.jpg 39w, https:\/\/sola-poljane.splet.arnes.si\/files\/2024\/03\/Spanje_in_zdravje_plakat-A4_page-1087x1536.jpg 1087w, https:\/\/sola-poljane.splet.arnes.si\/files\/2024\/03\/Spanje_in_zdravje_plakat-A4_page-947x1338.jpg 947w, https:\/\/sola-poljane.splet.arnes.si\/files\/2024\/03\/Spanje_in_zdravje_plakat-A4_page-624x882.jpg 624w, https:\/\/sola-poljane.splet.arnes.si\/files\/2024\/03\/Spanje_in_zdravje_plakat-A4_page.jpg 1241w\" sizes=\"auto, (max-width: 725px) 100vw, 725px\" \/><\/a><\/p>\n<p>&nbsp;<\/p>\n<hr>\n<h1>Super zajtrk, potem \u0161e super tehni\u0161ki dan!<\/h1>\n<p><strong>Tradicionalni slovenski zajtrk<\/strong> je \u017ee trinajsto leto nepogre\u0161ljiv \u0161olski dogodek vsak tretji petek v novembru, z njim \u017ee od leta 2012 obele\u017eimo tudi <strong>dan slovenske hrane<\/strong>.&nbsp;<\/p>\n<p>Leto\u0161nji Tradicionalni slovenski zajtrk je v petek, <strong>17. novembra,<\/strong>&nbsp;potekal pod sloganom&nbsp;<em><strong>\u00bbKruh za zajtrk \u2013 super dan!\u00ab<\/strong><\/em>. Kruh je poleg masla, mleka, medu in jabolka ali drugega slovenskega sadja ena od sestavin Tradicionalnega slovenskega zajtrka.&nbsp;Leto\u0161nje leto je tudi mednarodno leto prosa, zato je temu \u017eitu namenjena ve\u010dja pozornost.<\/p>\n<p><a href=\"https:\/\/sola-poljane.splet.arnes.si\/files\/2023\/11\/TSZ_1a-3b-zbornica_202305.jpg\">&nbsp; &nbsp; &nbsp; &nbsp; &nbsp;<img loading=\"lazy\" decoding=\"async\" class=\"alignnone wp-image-35305\" src=\"https:\/\/sola-poljane.splet.arnes.si\/files\/2023\/11\/TSZ_1a-3b-zbornica_202305-150x300.jpg\" alt=\"\" width=\"188\" height=\"376\" srcset=\"https:\/\/sola-poljane.splet.arnes.si\/files\/2023\/11\/TSZ_1a-3b-zbornica_202305-150x300.jpg 150w, https:\/\/sola-poljane.splet.arnes.si\/files\/2023\/11\/TSZ_1a-3b-zbornica_202305-27x55.jpg 27w, https:\/\/sola-poljane.splet.arnes.si\/files\/2023\/11\/TSZ_1a-3b-zbornica_202305.jpg 277w\" sizes=\"auto, (max-width: 188px) 100vw, 188px\" \/>&nbsp; &nbsp; &nbsp; <img loading=\"lazy\" decoding=\"async\" class=\"\" src=\"https:\/\/sola-poljane.splet.arnes.si\/files\/2023\/11\/TSZ_cel-plakat.jpg\" width=\"285\" height=\"409\">&nbsp; &nbsp;&nbsp;<\/a> <a href=\"https:\/\/sola-poljane.splet.arnes.si\/files\/2023\/11\/TSZ_1a-3b-zbornica_202306.jpg\"><img loading=\"lazy\" decoding=\"async\" class=\"alignnone wp-image-35306\" src=\"https:\/\/sola-poljane.splet.arnes.si\/files\/2023\/11\/TSZ_1a-3b-zbornica_202306-162x300.jpg\" alt=\"\" width=\"203\" height=\"376\" srcset=\"https:\/\/sola-poljane.splet.arnes.si\/files\/2023\/11\/TSZ_1a-3b-zbornica_202306-162x300.jpg 162w, https:\/\/sola-poljane.splet.arnes.si\/files\/2023\/11\/TSZ_1a-3b-zbornica_202306-30x55.jpg 30w, https:\/\/sola-poljane.splet.arnes.si\/files\/2023\/11\/TSZ_1a-3b-zbornica_202306.jpg 324w\" sizes=\"auto, (max-width: 203px) 100vw, 203px\" \/><\/a><\/p>\n<p>Tradicionalni slovenski zajtrk je bil na vrsti \u017ee takoj prvo \u0161olsko uro. Za uvod so otroci pritegnili znani pesmi Lojzeta Slaka <em>\u010cebelice.<\/em>&nbsp;<\/p>\n<p>&nbsp;<\/p>\n<p><strong>U\u010denke in u\u010denci 3. b so si pripravili tudi pogrinjke.<\/strong><\/p>\nngg_shortcode_0_placeholder\n<p><strong>V 1. a razredu so po zajtrku spekli nekaj slastnega.<\/strong><\/p>\nngg_shortcode_1_placeholder\n<p>&nbsp;<\/p>\n<p><strong>************************************<\/strong><\/p>\n<p>U\u010denke in u\u010dence smo spra\u0161evali, kak\u0161en je bil zajtrk, kaj so po\u010deli na dana\u0161nji dan, kako so se imeli.&nbsp;<br \/>\n<strong>Poslu\u0161ajte <a href=\"https:\/\/www.radio-sora.si\/arhiv-oddaj\/zanimive-teme\/90\/4829\">zvo\u010dni posnetek, objavljen na Radiu Sora<\/a><\/strong>.<\/p>\n<p><strong>************************************<\/strong><\/p>\n<p>&nbsp;<\/p>\n<p>Po zajtrku so se <strong>U\u010cENKE IN U\u010cENCI RAZREDNE STOPNJE<\/strong> posvetili \u0161e drugim dejavnostim \u2013 prvo\u0161olci so pekli \u017eemljice, drugo\u0161olci so se posve\u010dali skrbi za zobe. V 4. in 5. razredu se z izdelovanjem vo\u0161\u010dilnic \u017ee pripravljajo na \u0161olski dobrodelni sejem, ki bo 29. novembra.<\/p>\n<p>ngg_shortcode_2_placeholder<strong>TEHNI\u0160KI DAN ZA U\u010cENCE OD 6. DO 9. RAZREDA<\/strong><\/p>\n<p>Nadaljevanje dopoldneva so u\u010denke in u\u010denci od 6. do 9. razreda izkoristili za tehni\u0161ki dan, katerega vsebine so bile povezane s skrbjo za zdravje:&nbsp;<\/p>\n<ul>\n<li>prva pomo\u010d (PGD Poljane)<\/li>\n<li>predavanje Jem lokalno \u2013 jem bolje (ga. Lidija Snut)<\/li>\n<li>delavnica Prekomerna raba sodobnih tehnologij (SAFE.si)<\/li>\n<li>gibalne aktivnosti<\/li>\n<li>oblikovanje plakatov za \u0161olsko shemo<\/li>\n<\/ul>\n<p><strong>6. razred<\/strong><\/p>\n<p>ngg_shortcode_3_placeholder<strong>7. razred<\/strong><\/p>\n<p>ngg_shortcode_4_placeholder<strong>8. razred<\/strong><\/p>\n<p>ngg_shortcode_5_placeholder<strong>9. razred<\/strong><\/p>\nngg_shortcode_6_placeholder\n<hr>\n<h1 class=\"post-title\">29. september \u2013 mednarodni dan ozave\u0161\u010danja o izgubah hrane in odpadni hrani<\/h1>\n<div class=\"post-content\">\n<p>Generalna skup\u0161\u010dina Zdru\u017eenih narodov je 29. september razglasila za <strong>mednarodni dan ozave\u0161\u010danja o izgubah hrane in odpadni hrani<\/strong>. Obele\u017eevanje tega dne je pomembno za ozave\u0161\u010danje o razse\u017enosti te\u017eave in morebitnih re\u0161itvah na vseh ravneh.<\/p>\n<p><strong>V EU<\/strong> se vsako leto zavr\u017ee skoraj 59&nbsp;milijonov ton hrane <strong>(131&nbsp;kg na prebivalca),<\/strong> katere tr\u017ena vrednost je ocenjena<strong>&nbsp;na 132&nbsp;milijard evrov<\/strong>. Ve\u010d kot&nbsp;<strong>polovica odpadne hrane (53&nbsp;%) se zavr\u017ee<\/strong>&nbsp;<strong>v gospodinjstvih.<br \/>\n<\/strong><strong>V Sloveniji<\/strong> po podatkih Statisti\u010dnega urada na leto zavr\u017eemo <strong>okoli 143.000 ton hrane (40&nbsp;% je \u0161e vedno u\u017eitne hrane) oziroma 68 kg na prebivalca.<\/strong> <strong>Najve\u010d odpadne hrane se pridela v gospodinjstvih (52&nbsp;%),<\/strong> gostinstvu in drugih dejavnostih, v katerih se stre\u017ee hrana (npr. v \u0161olah, vrtcih, bolni\u0161nicah, domovih za starej\u0161e) (30 %), v distribuciji in trgovinah (11 %) ter pri proizvodnji hrane (vklju\u010dno s primarno proizvodnjo hrane) (7 %).<\/p>\n<p><strong>Globalno gledano vr\u017eemo stran toliko hrane, kot je pridelamo na pridelovalni povr\u0161ini, veliki za kar 635 Slovenij.<br \/>\n<\/strong>Zaradi hrane, ki je mogo\u010de sploh ne u\u017eijemo, smo izsekali gozdove, v izumrtje poslali \u0161tevilne rastlinske in \u017eivalske vrste, preselili avtohtona prebivalstva in degradirali prst. \u0160e ve\u010d, zavr\u017eena hrana prispeva k pove\u010devanju izpustov toplogrednih plinov, saj z razgradnjo organskih odpadkov nastaja toplogredni plin metan, ki v primerjavi z ogljikovim dioksidom \u0161e intenzivneje vpliva na globalno segrevanje. Vpliv zavr\u017eene hrane na okolje sega \u0161e nekoliko dlje \u2013 skupaj s hrano namre\u010d zavr\u017eemo tudi ogromne koli\u010dine vode in energije. <strong>Na ravni Evropske unije denimo za pridelavo hrane, ki jo potem zavr\u017eemo, porabimo toliko vode, kot je je v treh \u017denevskih ali pa v kar 267-ih Bohinjskih jezerih.<\/strong><\/p>\n<p>V okviru organizirane \u0161olske prehrane dajemo posebno pozornost odgovornemu odnosu do hrane.<br \/>\n\u0160ola ima pomembno vzgojno in izobra\u017eevalno vlogo pri razvijanju zavesti o zdravi prehrani, zdravih prehranjevalnih navadah, kulturi prehranjevanja in razvijanju odgovornega odnosa do hrane ter zmanj\u0161anju koli\u010din odpadne hrane.<\/p>\n<p>Na na\u0161i \u0161oli bomo vse dni v letu, posebej pa&nbsp; ob mednarodnem dnevu ozave\u0161\u010danja o izgubah hrane in odpadni hrani posvetili temi posebno pozornost <strong>n<\/strong><strong>a urah oddel\u010dnih skupnosti.<\/strong><\/p>\n<p><strong>Posvetimo nekaj trenutkov tej temi tudi doma in se z otroki pogovarjajmo o odgovornem odnosu do hrane. Pomembno je, da odrasli s svojimi besedami in zgledom spodbudimo otroke k spremembam.<\/strong><\/p>\n<p>&nbsp;<\/p>\n<p><em><strong>Irena Tehovnik<\/strong><\/em><\/p>\n<p>&nbsp;<\/p>\n<p>Povzeto po:<\/p>\n<ul>\n<li><a href=\"https:\/\/skupnost.sio.si\/mod\/forum\/discuss.php?d=219695\">https:\/\/skupnost.sio.si\/mod\/forum\/discuss.php?d=219695<\/a>, 26. 9. 2023<\/li>\n<li><a href=\"https:\/\/www.gov.si\/teme\/zmanjsevanje-odpadne-hrane\/\">https:\/\/www.gov.si\/teme\/zmanjsevanje-odpadne-hrane\/<\/a>, 27. 9. 2023<\/li>\n<li><a href=\"https:\/\/www.gov.si\/novice\/2022-04-22-dan-brez-zavrzene-hrane\/\">https:\/\/www.gov.si\/novice\/2022-04-22-dan-brez-zavrzene-hrane\/<\/a>, 28. 9. 2023<\/li>\n<\/ul>\n<p>&nbsp;<\/p>\n<p><a href=\"https:\/\/sola-poljane.splet.arnes.si\/files\/2023\/09\/PPT-predstavitev-29.-9.-1.ppsx\">PPT predstavitev \u2013 29. 9.<\/a><\/p>\n<p><strong><a href=\"https:\/\/sola-poljane.splet.arnes.si\/files\/2023\/09\/9-NAMIGOV-PROTI-ODPADNI-HRANI.pdf\">9 NAMIGOV PROTI ODPADNI HRANI<\/a><\/strong><\/p>\n<\/div>\n","protected":false},"excerpt":{"rendered":"<p>Lepa beseda lepe odnose najde \u2013 pesmi deveto\u0161olcev Rde\u010da nit [&hellip;]<\/p>\n","protected":false},"author":1973,"featured_media":0,"parent":10175,"menu_order":0,"comment_status":"closed","ping_status":"closed","template":"","meta":{"ngg_post_thumbnail":0,"footnotes":""},"class_list":["post-40799","page","type-page","status-publish","hentry"],"_links":{"self":[{"href":"https:\/\/sola-poljane.splet.arnes.si\/index.php?rest_route=\/wp\/v2\/pages\/40799","targetHints":{"allow":["GET"]}}],"collection":[{"href":"https:\/\/sola-poljane.splet.arnes.si\/index.php?rest_route=\/wp\/v2\/pages"}],"about":[{"href":"https:\/\/sola-poljane.splet.arnes.si\/index.php?rest_route=\/wp\/v2\/types\/page"}],"author":[{"embeddable":true,"href":"https:\/\/sola-poljane.splet.arnes.si\/index.php?rest_route=\/wp\/v2\/users\/1973"}],"replies":[{"embeddable":true,"href":"https:\/\/sola-poljane.splet.arnes.si\/index.php?rest_route=%2Fwp%2Fv2%2Fcomments&post=40799"}],"version-history":[{"count":4,"href":"https:\/\/sola-poljane.splet.arnes.si\/index.php?rest_route=\/wp\/v2\/pages\/40799\/revisions"}],"predecessor-version":[{"id":40804,"href":"https:\/\/sola-poljane.splet.arnes.si\/index.php?rest_route=\/wp\/v2\/pages\/40799\/revisions\/40804"}],"up":[{"embeddable":true,"href":"https:\/\/sola-poljane.splet.arnes.si\/index.php?rest_route=\/wp\/v2\/pages\/10175"}],"wp:attachment":[{"href":"https:\/\/sola-poljane.splet.arnes.si\/index.php?rest_route=%2Fwp%2Fv2%2Fmedia&parent=40799"}],"curies":[{"name":"wp","href":"https:\/\/api.w.org\/{rel}","templated":true}]}}