{"id":26147,"date":"2022-07-11T10:43:38","date_gmt":"2022-07-11T08:43:38","guid":{"rendered":"https:\/\/sola-poljane.splet.arnes.si\/?page_id=26147"},"modified":"2022-07-11T10:50:34","modified_gmt":"2022-07-11T08:50:34","slug":"zdrava-sola-2021-22","status":"publish","type":"page","link":"https:\/\/sola-poljane.splet.arnes.si\/?page_id=26147","title":{"rendered":"Zdrava \u0161ola 2021\/22"},"content":{"rendered":"<p>Petek, 19. novembra, <strong>dan slovenske hrane<\/strong>, se je za u\u010dence od 6. do 9. razreda po tradicionalnem slovenskem zajtrku nadaljeval z vsebinami projektov Zdrava \u0161ola in \u0160olska shema.<\/p>\n<p>Osrednja tema tehni\u0161kega dneva \u2013 <strong>JABLANA IN JABOLKA<\/strong>.<\/p>\n<p>V 6. razredu so se posvetili <strong>jablani in jabolkom spomladi<\/strong>. Narisali, pobarvali in izrezali so <strong>cvetove jablan<\/strong>.<br \/>\nU\u010denci 7. razreda so predstavili <strong>jablano in jabolka poleti<\/strong>. Izdelali so <strong>plodove jablan<\/strong>.<br \/>\nOsmo\u0161olci so na temo <strong>jablana in jabolka jeseni<\/strong> ustvarili <strong>liste jablan<\/strong>.<br \/>\nDeveto\u0161olci so ob temi <strong>jablana in jabolka pozimi<\/strong> sodelovali pri izdelavi in postavitvi <strong>makete drevesa<\/strong> ter oblikovali plakat <strong>plakat<\/strong> o hranilni vrednosti jabolk in slovenskih vrstah jabolk.<\/p>\n<p>Vsi u\u010denci predmetne stopnje so del dopoldneva namenili tudi <strong>\u0161portni aktivnosti<\/strong>, \u0161e posebej koristna pa je bila predstavitev zelo aktualne teme \u2013 <strong>SPANJE IN UPORABA ZASLONOV PRI OTROCIH IN MLADOSTNIKIH<\/strong>, ki si jo lahko ogledate tudi tukaj:<br \/>\n<a href=\"https:\/\/sola-poljane.splet.arnes.si\/files\/2021\/11\/SPANJE-IN-UPORABA-ZASLONOV-PRI-OTROCIH-IN-MLADOSTNIKIH.pptx\">SPANJE IN UPORABA ZASLONOV PRI OTROCIH IN MLADOSTNIKIH<\/a><\/p>\n<p>&nbsp;<\/p>\n<p><strong>Ustvarjanje<\/strong><\/p>\nngg_shortcode_0_placeholder\n<p>&nbsp;<\/p>\n<p><strong>Izdelki<\/strong><\/p>\nngg_shortcode_1_placeholder\n<hr>\n<p>Leto 2021 je <strong>mednarodno leto sadja in zelenjave<\/strong> in temu ustreza tudi slogan leto\u0161njega tradicionalnega slovenskega zajtrka&nbsp;<strong>ZAJTRK S SADJEM \u2013 SUPER DAN!&nbsp;<\/strong><\/p>\n<p>Tudi leto\u0161nji skupni zajtrk smo izpeljali tretji petek v novembru, ko obele\u017eujemo <strong>DAN SLOVENSKE HRANE<\/strong>. Prvo \u0161olsko uro nas je po zvo\u010dniku na pomen zajtrka in slovenske hrane spomnila gospa ravnateljica, nato pa je po \u0161oli zadonela in\u0161trumentalna izvedba pesmi \u010cebelar. Sledil je zajtrk, ki je teknil prav vsem \u2013 u\u010dencem in delavcem \u0161ole.<\/p>\n<p><strong>In kako je bil slovenski tradicionalni zajtrk sestavljen?<\/strong><\/p>\n<ul>\n<li>lokalni med <em>(\u010cebelarstvo Mur Podgora)<\/em><\/li>\n<li>BIO maslo <em>(Bio Dobrote Postojna)<\/em><\/li>\n<li>lokalno mleko <em>(Kmetija sirarna Bogataj)<\/em><\/li>\n<li>lokalni \u010drni kruh <em>(Majda Mo\u017eina Dolen\u010dice, Pekarna \u017diri)<\/em><\/li>\n<li>lokalni suhi jabol\u010dni krhlji <em>(Majda Mo\u017eina Dolen\u010dice, Kmetija Matic Hotavlje)<\/em><\/li>\n<\/ul>\n<p><strong>Poleg zajtrka se je letos prvi\u010d odvijala tudi akcija TRADICIONALNO SLOVENSKO KOSILO<\/strong>, ki je vsebovalo:<\/p>\n<ul>\n<li>kislo repo s suhim mesom <em>(Kmetija Lojz Fu\u017eine, Lo\u0161ke mesnine)<\/em><\/li>\n<li>osje gnezdo <em>(Doma\u010dija Karlovski mlin \u017dirovski vrh)<\/em><\/li>\n<li>doma\u010di jabol\u010dni sok <em>(Kmetija Matic Hotavlje)<\/em><\/li>\n<\/ul>\n<p>Prvo\u0161olci in drugo\u0161olci so zajtrk zdru\u017eili z naravoslovnim dnevom &#8211; pogovarjali so se o zdravju, zdravi prehrani ter izdelali satovje ter \u010debelnjak s panjskimi kon\u010dnicami.<\/p>\n<p>Vsi u\u010denci so si pred zajtrkom z u\u010ditelji ogledali tudi naslednjo predstavitev tradicionalnega slovenskega zajtrka in tradicionalnega slovenskega kosila:<\/p>\n<p><a href=\"https:\/\/sola-poljane.splet.arnes.si\/files\/2021\/11\/Tradicionalni-slovenski-zajtrk.pptx\">Tradicionalni slovenski zajtrk<\/a><\/p>\n<p>&nbsp;<\/p>\n<p>Kako pa so ob zajtrku u\u017eivali na\u0161i u\u010denci, vam razkrijejo <strong>spodnje fotografije<\/strong>.<\/p>\nngg_shortcode_2_placeholder\n","protected":false},"excerpt":{"rendered":"<p>Petek, 19. novembra, dan slovenske hrane, se je za u\u010dence [&hellip;]<\/p>\n","protected":false},"author":1973,"featured_media":0,"parent":10175,"menu_order":5,"comment_status":"closed","ping_status":"closed","template":"","meta":{"ngg_post_thumbnail":0,"footnotes":""},"class_list":["post-26147","page","type-page","status-publish","hentry"],"_links":{"self":[{"href":"https:\/\/sola-poljane.splet.arnes.si\/index.php?rest_route=\/wp\/v2\/pages\/26147","targetHints":{"allow":["GET"]}}],"collection":[{"href":"https:\/\/sola-poljane.splet.arnes.si\/index.php?rest_route=\/wp\/v2\/pages"}],"about":[{"href":"https:\/\/sola-poljane.splet.arnes.si\/index.php?rest_route=\/wp\/v2\/types\/page"}],"author":[{"embeddable":true,"href":"https:\/\/sola-poljane.splet.arnes.si\/index.php?rest_route=\/wp\/v2\/users\/1973"}],"replies":[{"embeddable":true,"href":"https:\/\/sola-poljane.splet.arnes.si\/index.php?rest_route=%2Fwp%2Fv2%2Fcomments&post=26147"}],"version-history":[{"count":3,"href":"https:\/\/sola-poljane.splet.arnes.si\/index.php?rest_route=\/wp\/v2\/pages\/26147\/revisions"}],"predecessor-version":[{"id":26150,"href":"https:\/\/sola-poljane.splet.arnes.si\/index.php?rest_route=\/wp\/v2\/pages\/26147\/revisions\/26150"}],"up":[{"embeddable":true,"href":"https:\/\/sola-poljane.splet.arnes.si\/index.php?rest_route=\/wp\/v2\/pages\/10175"}],"wp:attachment":[{"href":"https:\/\/sola-poljane.splet.arnes.si\/index.php?rest_route=%2Fwp%2Fv2%2Fmedia&parent=26147"}],"curies":[{"name":"wp","href":"https:\/\/api.w.org\/{rel}","templated":true}]}}