{"id":22318,"date":"2021-09-02T11:15:06","date_gmt":"2021-09-02T09:15:06","guid":{"rendered":"https:\/\/sola-poljane.splet.arnes.si\/?page_id=22318"},"modified":"2025-06-20T11:45:03","modified_gmt":"2025-06-20T09:45:03","slug":"solanje-na-domu","status":"publish","type":"page","link":"https:\/\/sola-poljane.splet.arnes.si\/?page_id=22318","title":{"rendered":"Izobra\u017eevanje na domu"},"content":{"rendered":"<h3>Informacije o izobra\u017eevanju u\u010dencev na domu<\/h3>\n<h4>1. Pravna podlaga<\/h4>\n<p>Izobra\u017eevanje na domu je urejeno v Zakonu o osnovni \u0161oli (\u010dleni 88. do 92.). Zakon star\u0161em daje mo\u017enost, da uveljavijo pravico do izobra\u017eevanja svojih otrok na domu.<\/p>\n<p>Zakonodaja to tematiko opredeljuje v <a href=\"http:\/\/pisrs.si\/Pis.web\/pregledPredpisa?id=ZAKO448\">Zakonu o osnovni \u0161oli<\/a> in<a href=\"http:\/\/www.pisrs.si\/Pis.web\/pregledPredpisa?id=PRAV11583\"> Pravilniku o preverjanju in ocenjevanju ter napredovanju u\u010dencev v osnovni \u0161oli<\/a>.<\/p>\n<p>Za u\u010dence s posebnimi potrebami (u\u010dence z odlo\u010dbo o usmeritvi) dodatno to ureja \u0161e <a href=\"http:\/\/www.pisrs.si\/Pis.web\/pregledPredpisa?id=PRAV12819\">Pravilnik o osnovno\u0161olskem izobra\u017eevanju u\u010dencev s posebnimi potrebami na domu.<\/a><\/p>\n<h5>1.A) IZVLE\u010cEK ZAKONA O OSNOVNI \u0160OLI<\/h5>\n<p><a href=\"https:\/\/drive.google.com\/file\/d\/1kYJ6iGzDCCjZfw5irdj9-b0-kWfWSXjV\/view?usp=drive_link\">Izvle\u010dek iz Zakona o osnovni \u0161oli<\/a><\/p>\n<h5>1.B) IZVLE\u010cEK PRAVILNIKA O PREVERJANJU IN OCENJEVANJU ZNANJA TER NAPREDOVANJU U\u010cENCEV V OSNOVNI \u0160OLI<\/h5>\n<p><a href=\"https:\/\/drive.google.com\/open?id=1PI5Us_P2k3NzVdd64UgA8gqdWsSxTomN&amp;usp=drive_fs\">Izvle\u010dek iz Pravilnika o preverjanju in ocenjevanju znanja ter napredovanju u\u010dencev v osnovni \u0161oli<\/a><\/p>\n<h4>2. Uveljavitev pravice do izobra\u017eevanja na domu<\/h4>\n<p>Star\u0161i morajo najkasneje do za\u010detka \u0161olskega leta o izobra\u017eevanju na domu pisno obvestiti osnovno \u0161olo, na katero je otrok vpisan. Med \u0161olskim letom pravice do izobra\u017eevanja na domu ni mo\u017eno uveljavljati. Zakon o osnovni \u0161oli dolo\u010da, da obvestilo vsebuje: ime in priimek otroka, kraj, kjer bo izobra\u017eevanje potekalo in ime ter priimek osebe, ki bo otroka pou\u010devala.<\/p>\n<p>Zakon ne zahteva, da bi morali star\u0161i utemeljiti razloge, iz katerih uveljavljajo to pravico, morajo pa \u0161olo o tej obliki izobra\u017eevanja obvestiti za vsako \u0161olsko leto posebej. \u0160ola v primeru izobra\u017eevanja na domu star\u0161em ne izda nobenega upravnega akta (dovoljenja, soglasja). Za to obliko se star\u0161i in u\u010denec odlo\u010dijo prostovoljno, zavezani pa so z dolo\u010dbami, ki se nana\u0161ajo na preverjanje in ocenjevanje znanja ob koncu \u0161olskega leta oziroma ob koncu vzgojno-izobra\u017eevalnih obdobij. Zakon ne predpisuje pogojev za osebe, ki otroka pou\u010dujejo na domu, niti jim v ta namen niso zagotovljena javna sredstva. Ob tem \u0161e pojasnjujemo, da osnovno\u0161olska zakonodaja ne predvideva t. i. \u0161olanja na daljavo oziroma izobra\u017eevanja preko spleta.<\/p>\n<p>\u010ce se star\u0161i za to obliko izobra\u017eevanja odlo\u010dijo \u017ee na za\u010detku, to je ob vpisu otroka v osnovno \u0161olo, se otrok vpi\u0161e v tisto osnovno \u0161olo, ki ga je v skladu z 48. \u010dlenom Zakona o osnovni \u0161oli dol\u017ena vpisati, to je \u0161ola \u0161olskega okoli\u0161a, v katerem otrok stalno oziroma za\u010dasno prebiva. \u010ce bi star\u0161i \u017eeleli izobra\u017eevanje na domu izvajati preko druge \u0161ole (torej \u0161ole izven mati\u010dnega \u0161olskega okoli\u0161a), v tem primeru glede vpisa in prepisa na drugo \u0161olo veljajo enaki pogoji oziroma postopek kot za ostale u\u010dence, kar pomeni, da se poleg Zakona o osnovni \u0161oli upo\u0161teva tudi Uredbe Vlade, ki ureja merila za oblikovanje javne mre\u017ee osnovnih \u0161ol.<\/p>\n<p>V kolikor izobra\u017eevanje na domu ne poteka v skladu z 89., 90. in 91. \u010dlenom Zakona o osnovni \u0161oli in gre za razloge na strani star\u0161ev, je to prekr\u0161ek po 102. \u010dlenu zakona, ki ga na podlagi prijave \u0161ole obravnava In\u0161pektorat RS za \u0161olstvo in \u0161port.<\/p>\n<p><strong>Za star\u0161e otroka s posebnimi potrebami<\/strong><\/p>\n<p>V skladu s 4. \u010dlenom Pravilnika o osnovno\u0161olskem izobra\u017eevanju u\u010dencev s posebnimi potrebami na domu \u2013 postopek uveljavljenja pravic do izobra\u017eevanja na domu, star\u0161i vlo\u017eijo pri pristojni obmo\u010dni enoti Zavoda za \u0161olstvo.<\/p>\n<p>Vloga za izobra\u017eevanje na domu, ki jo star\u0161i vlo\u017eijo pri pristojni obmo\u010dni enoti Zavoda Republike Slovenije za \u0161olstvo vsebuje:<\/p>\n<ul>\n<li>ime in priimek u\u010denca,<\/li>\n<li>razloge za izvajanje izobra\u017eevanja na domu in njihovo utemeljitev,<\/li>\n<li>naslov, kjer bo izobra\u017eevanje potekalo,<\/li>\n<li>ime in priimek in potrdilo o pridobljeni izobrazbi izvajalca ter<\/li>\n<li>opis opreme oziroma didakti\u010dnih pripomo\u010dkov.<\/li>\n<\/ul>\n<p><strong>NORMATIVNE PODLAGE<\/strong><\/p>\n<p><strong>1. Izvajanje pravice do izobra\u017eevanja na domu<\/strong><\/p>\n<p><strong>U\u010denec, ki se izobra\u017euje na domu, je vpisan na dolo\u010deno \u0161olo in ima status u\u010denca ter se vodi v \u0161olski dokumentaciji kot u\u010denec, ki je vklju\u010den v oddelek posameznega razreda.<\/strong><\/p>\n<p>\u0160olska dokumentacija, ki je predpisana s <strong>Pravilnikom o dokumentaciji v osnovni \u0161oli<\/strong>, se smiselno uporablja tudi za u\u010dence, ki se izobra\u017eujejo na domu. Za u\u010dence, ki se izobra\u017eujejo na domu, se vodi naslednja dokumentacija: vpisni list, mati\u010dni list, mati\u010dna knjiga, dnevnik, redovalnica, izdajajo pa se jim predpisana spri\u010devala, obvestila in potrdila.<\/p>\n<p>Ob tem vas napotujemo \u0161e na dolo\u010dila podzakonskih aktov (<strong>Pravilnik o preverjanju in ocenjevanju znanja ter napredovanju u\u010dencev v osnovni \u0161oli, Pravilnik o \u0161olskem koledarju za osnovne \u0161ole, Pravilnik o obrazcih javnih listin v osnovni \u0161oli, Pravilnik o nacionalnem preverjanju znanja v osnovni \u0161oli<\/strong>), ki dolo\u010dajo roke ter na\u010dine preverjanja in ocenjevanja znanja ter napredovanje u\u010dencev ter izdajo listin u\u010dencem, ki se izobra\u017eujejo na domu.<\/p>\n<p>Zakon ne predvideva, da bi se izobra\u017eevanje na domu izvajalo tako, da bi bil u\u010denec vmes prisoten pri pouku oziroma bi se udele\u017eeval dejavnosti, ki jih v skladu z letnim delovnim na\u010drtom organizira \u0161ola. Medletnega preverjanja oziroma ocenjevanja znanja za u\u010dence, ki se izobra\u017eujejo na domu, \u0161olska zakonodaja ne predvideva, niti ni predvideno, da bi \u0161ola u\u010dencu posredovala preizkuse znanja.<\/p>\n<p>Predpostavlja se, da bo u\u010denec v izobra\u017eevanje na domu vklju\u010den skozi celo \u0161olsko leto in torej ni posebej predvideno, da bi to obliko izobra\u017eevanja med \u0161olskim letom prekinil. Star\u0161i namre\u010d z izbiro za tovrstno obliko izobra\u017eevanja v celoti prevzemajo odgovornost za izvedbo izobra\u017eevanja svojega otroka. Izjemoma bi bila prekinitev izobra\u017eevanja na podlagi vloge star\u0161ev sicer mo\u017ena, vendar pa mora u\u010denec nadoknaditi manjkajo\u010di del snovi in pridobiti ocene iz vseh predmetov za posamezni razred. V takem primeru je \u0161ola star\u0161e zato dol\u017ena opozoriti, da z vklju\u010ditvijo v redni re\u017eim izobra\u017eevanja za njihovega otroka od vklju\u010ditve dalje veljajo enaka pravila kot za ostale u\u010dence (glede prisotnosti pri pouku, preverjanja in ocenjevanja znanja ter napredovanja). To tudi pomeni, da bo u\u010denec od vklju\u010ditve dalje moral pridobivati ocene iz vseh predmetov po obveznem predmetniku in torej zanj glede preverjanja znanja ne velja ve\u010d dolo\u010dba 90. \u010dlena Zakona o osnovni \u0161oli.<\/p>\n<p><strong>2. Dalj\u0161i izostanek od pouka<\/strong><\/p>\n<p>V praksi smo bili seznanjeni tudi z nekaterimi primeri, ko so bili u\u010denci dlje \u010dasa odsotni od pouka in so star\u0161i med letom \u017eeleli za vmesno obdobje oziroma za \u010das do zaklju\u010dka \u0161olskega leta uveljavljati pravico do izobra\u017eevanja na domu. Ker tak\u0161ne mo\u017enosti v zakonu ni, kombinacija obeh omenjenih na\u010dinov izobra\u017eevanja ni izvedljiva. Zakon o osnovni \u0161oli v 53. \u010dlenu pa omogo\u010da, da lahko ravnatelj na \u017eeljo star\u0161ev iz opravi\u010dljivih razlogov dovoli u\u010dencu dalj\u0161i izostanek od pouka. V takem primeru se je glede na 27. \u010dlen pravilnika, ki ureja preverjanje in ocenjevanje znanja, potrebno s star\u0161i dogovoriti, kako bo u\u010denec nadoknadil manjkajo\u010do snov in pridobil ocene. O prilagoditvah odlo\u010di u\u010diteljski zbor. \u010ce pa je u\u010denec zaradi opravi\u010dene odsotnosti ob koncu pouka neocenjen iz posameznega predmeta, lahko do konca \u0161olskega leta opravlja predmetni izpit.<\/p>\n<p><strong>3. Preverjanje in ocenjevanje znanja u\u010dencev<\/strong><\/p>\n<p>Z izobra\u017eevanjem na domu mora u\u010denec pridobiti vsaj enakovreden izobrazbeni standard, kot ga zagotavlja program javne \u0161ole. U\u010denec mora s tem namenom opravljati preverjanje znanja, ki je v funkciji ocenjevanja znanja, na podlagi katerega se ugotovi dose\u017eeni standard znanja. Dose\u017eeni standard znanja preverja osnovna \u0161ola, na katero je u\u010denec vpisan.<\/p>\n<p>U\u010denec opravlja preverjanje znanja, na podlagi katerega se ugotovi dose\u017eeni standard znanja. <strong>Nabor predmetov<\/strong> je po posameznih vzgojno-izobra\u017eevalnih obdobjih dolo\u010den v 90. \u010dlenu Zakona o osnovni \u0161oli:<\/p>\n<blockquote><p><em>90. \u010dlen<\/em><br \/>\n<em>(ocenjevanje znanja)<\/em><br \/>\n<em>Za u\u010denca, ki se izobra\u017euje na domu, se ocenjuje znanje iz vseh predmetov glede na predmetnik posameznega razreda javno veljavnega programa osnovne \u0161ole, v katerem se u\u010denec izobra\u017euje.<\/em><br \/>\n<em>U\u010denec, ki se izobra\u017euje na domu, se udele\u017ei ocenjevanja znanja, ki je dolo\u010deno v skladu s tem zakonom in podzakonskimi akti. Ocenjevanje znanja izvaja osnovna \u0161ola, v katero je u\u010denec vpisan. Znanje u\u010denca oceni izpitna komisija.<\/em><br \/>\n<em>\u010ce u\u010denec, ki se izobra\u017euje na domu, ne dose\u017ee minimalnih standardov znanja oziroma je negativno ocenjen pri posameznem predmetu, ima pravico do ponovnega ocenjevanja znanja pred za\u010detkom naslednjega \u0161olskega leta.<\/em><br \/>\n<em>\u010ce u\u010denec, ki se izobra\u017euje na domu, ponovnega ocenjevanja znanja ne opravi uspe\u0161no, mora v naslednjem \u0161olskem letu nadaljevati osnovno\u0161olsko izobra\u017eevanje v javni ali zasebni osnovni \u0161oli iz prve ali druge alineje 5. \u010dlena tega zakona. V tem primeru star\u0161i pravice do izobra\u017eevanja u\u010denca na domu v naslednjih razredih ne smejo ve\u010d uveljavljati.<\/em><br \/>\n<em>\u010ce u\u010denec 9. razreda, ki se izobra\u017euje na domu, ponovnega ocenjevanja znanja ne opravi uspe\u0161no, lahko opravlja popravni izpit ali 9. razred ponavlja.<\/em><\/p><\/blockquote>\n<p>&nbsp;<\/p>\n<p>Ob koncu \u0161olskega leta u\u010denci opravljajo preverjanje znanja <strong>pred izpitno komisijo<\/strong>, ki oceni njihovo znanje iz predpisanih predmetov. Glede izpitne komisije in izpitov se uporabljajo dolo\u010dbe pravilnika, ki ureja preverjanje in ocenjevanje znanja. Sestava izpitne komisije je identi\u010dna kot za predmetne izpite. Izpitna komisija ima predsednika in dva \u010dlana, ki jih imenuje ravnatelj praviloma izmed u\u010diteljev \u0161ole, v posameznih primerih pa lahko za \u010dlana komisije imenuje tudi u\u010ditelja druge \u0161ole.<\/p>\n<p><strong>&nbsp;<\/strong><strong>Roki za preverjanje znanja<\/strong><\/p>\n<p>Za u\u010dence, ki se izobra\u017eujejo na domu, poteka ocenjevanje znanja <strong>v prvem roku v \u010dasu od februarja do konca drugega ocenjevalnega obdobja, ter v drugem roku v desetih delovnih dneh pred za\u010detkom novega \u0161olskega leta.<\/strong> Roki so dolo\u010deni s \u0161olskim koledarjem (pravilnik in navodila ministra). \u0160ola star\u0161e u\u010denca, ki se izobra\u017euje na domu, sproti obve\u0161\u010da o rokih in na\u010dinu izvedbe ocenjevanja znanja u\u010denca.<\/p>\n<p>\u010ce u\u010denec ne dose\u017ee standarda znanja za posamezni razred, ima <strong>pravico do ponovnega preverjanja znanja<\/strong> pred za\u010detkom naslednjega \u0161olskega leta. \u010ce u\u010denec ponovnega preverjanja znanja ne opravi uspe\u0161no, mora v naslednjem \u0161olskem letu nadaljevati osnovno\u0161olsko izobra\u017eevanje v javni ali zasebni \u0161oli. Za u\u010dence, ki se izobra\u017eujejo na domu, glede napredovanja v naslednji razred veljajo enaka pravila, kot za ostale u\u010dence. \u010ce u\u010denec 9. razreda ponovnega preverjanja ne opravi uspe\u0161no, lahko 9. razred ponavlja ali opravlja popravni izpit.<\/p>\n<p><strong>&nbsp;<\/strong><strong>Nacionalno preverjanje znanja<\/strong><\/p>\n<p>U\u010denci, ki se izobra\u017eujejo na domu, opravljajo tudi nacionalno preverjanje znanja. Za te u\u010dence se uporablja 64. \u010dlen Zakona o osnovni \u0161oli, ki dolo\u010da, da je nacionalno preverjanje znanja za u\u010dence 6. in 9. razreda obvezno. Podrobnej\u0161e dolo\u010dbe so predpisane s Pravilnikom o nacionalnem preverjanju znanja v osnovni \u0161oli, glede rokov se upo\u0161teva Pravilnik o \u0161olskem koledarju za osnovne \u0161ole in s tem povezana podrobnej\u0161a navodila ministra, glede izvedbe pa je potrebno upo\u0161tevati vsakoletna navodila za izvedbo nacionalnega preverjanja znanja v osnovni \u0161oli. \u0160ola k nacionalnemu preverjanju znanja prijavi tudi u\u010dence, ki se izobra\u017eujejo na domu. Pisno preverjanje znanja ti u\u010denci opravljajo hkrati z ostalimi u\u010denci. Za u\u010dence, ki se izobra\u017eujejo na domu, veljajo enaka dolo\u010dila o na\u010dinu in trajanju nacionalnega preverjanja znanja kot za ostale u\u010dence. V primeru, da se u\u010denec iz utemeljenih razlogov nacionalnega preverjanja znanja ne udele\u017ei, star\u0161i o tem obvestijo \u0161olo. \u0160ole morajo star\u0161e pravo\u010dasno seznaniti z navodili in roki za nacionalno preverjanje znanja in na\u010dinom izvedbe.<\/p>\n<p><strong>4. Vodenje dokumentacije in izdajanje listin (spri\u010devala, obvestila in potrdila)<\/strong><\/p>\n<p>O poteku ocenjevanja znanja u\u010denca, ki se izobra\u017euje na domu, komisija vodi <strong>zapisnik,<\/strong> ki poleg podatkov o u\u010dencu (ime in priimek, datum rojstva, \u0161tevilka mati\u010dnega lista, razred in oddelek), vsebuje tudi datum in \u010das opravljanja ustnega in\/ali pisnega izpita, predmete, pri katerih u\u010denec opravlja izpit, naloge in pridobljene ocene, navedeni pa so tudi \u010dlani izpitne komisije.<\/p>\n<p>Osnovna \u0161ola, na katero je otrok vpisan, ob koncu pouka v \u0161olskem letu izda spri\u010devalo, ki je javna listina. V tem delu se uporabljajo dolo\u010dbe Zakona o osnovni \u0161oli in Pravilnika o dokumentaciji v osnovni \u0161oli. \u0160ola uporabi predpisan obrazec za spri\u010devalo v skladu s Pravilnikom o obrazcih javnih listin v osnovni \u0161oli. \u010ce u\u010denec opravlja osnovno\u0161olsko izobra\u017eevanje na domu, se to vpi\u0161e na spri\u010devalo pod \u00bbOpombe\u00ab. U\u010dencem, ki se izobra\u017eujejo na domu, \u0161ola izda tudi druge listine (obvestila in potrdila), ki se nana\u0161ajo na ocenjevanje znanja in izobra\u017eevanje u\u010denca (npr. obvestilo o dose\u017ekih pri nacionalnem preverjanju znanja, potrdilo o \u0161olanju).<\/p>\n<p>Osnovna \u0161ola star\u0161e u\u010denca, ki se izobra\u017euje na domu, pisno obvesti o dose\u017ekih u\u010denca pri nacionalnem preverjanju znanja na obrazcu \u00bbObvestilo o dose\u017ekih pri nacionalnem preverjanju znanja.\u00ab<\/p>\n<p><strong>5. Izposoja u\u010dbenikov iz u\u010dbeni\u0161kega sklada<\/strong><\/p>\n<p>U\u010denci, ki se izobra\u017eujejo na domu, imajo pravico do izposoje u\u010dbenikov iz u\u010dbeni\u0161kega sklada. Glede mo\u017enosti izposoje u\u010dbenikov iz u\u010dbeni\u0161kega sklada \u0161ola do za\u010detka \u0161olskega leta obvesti star\u0161e u\u010dencev, ki se izobra\u017eujejo na domu. Izposoja poteka na enak na\u010din kot za ostale u\u010dence.<\/p>\n<p><strong>6. U\u010denci s posebnimi potrebami<\/strong><\/p>\n<p>U\u010denci s posebnimi potrebami se lahko izobra\u017eujejo na domu Ie na podlagi odlo\u010dbe o usmeritvi, \u010de zaradi primanjkljajev, ovir oziroma motenj ne morejo prisostvovati pouku in zaradi individualiziranega pristopa la\u017eje dosegajo cilje oziroma standarde znanja, dolo\u010dene z u\u010dnimi na\u010drti. Pogoje in kriterije za financiranje podrobneje dolo\u010da Pravilnik o osnovno\u0161olskem izobra\u017eevanju u\u010dencev s posebnimi potrebami na domu.<\/p>\n","protected":false},"excerpt":{"rendered":"<p>Informacije o izobra\u017eevanju u\u010dencev na domu 1. Pravna podlaga Izobra\u017eevanje [&hellip;]<\/p>\n","protected":false},"author":1973,"featured_media":0,"parent":8583,"menu_order":3,"comment_status":"closed","ping_status":"closed","template":"template-fullwidth.php","meta":{"ngg_post_thumbnail":0,"footnotes":""},"class_list":["post-22318","page","type-page","status-publish","hentry"],"_links":{"self":[{"href":"https:\/\/sola-poljane.splet.arnes.si\/index.php?rest_route=\/wp\/v2\/pages\/22318","targetHints":{"allow":["GET"]}}],"collection":[{"href":"https:\/\/sola-poljane.splet.arnes.si\/index.php?rest_route=\/wp\/v2\/pages"}],"about":[{"href":"https:\/\/sola-poljane.splet.arnes.si\/index.php?rest_route=\/wp\/v2\/types\/page"}],"author":[{"embeddable":true,"href":"https:\/\/sola-poljane.splet.arnes.si\/index.php?rest_route=\/wp\/v2\/users\/1973"}],"replies":[{"embeddable":true,"href":"https:\/\/sola-poljane.splet.arnes.si\/index.php?rest_route=%2Fwp%2Fv2%2Fcomments&post=22318"}],"version-history":[{"count":15,"href":"https:\/\/sola-poljane.splet.arnes.si\/index.php?rest_route=\/wp\/v2\/pages\/22318\/revisions"}],"predecessor-version":[{"id":48394,"href":"https:\/\/sola-poljane.splet.arnes.si\/index.php?rest_route=\/wp\/v2\/pages\/22318\/revisions\/48394"}],"up":[{"embeddable":true,"href":"https:\/\/sola-poljane.splet.arnes.si\/index.php?rest_route=\/wp\/v2\/pages\/8583"}],"wp:attachment":[{"href":"https:\/\/sola-poljane.splet.arnes.si\/index.php?rest_route=%2Fwp%2Fv2%2Fmedia&parent=22318"}],"curies":[{"name":"wp","href":"https:\/\/api.w.org\/{rel}","templated":true}]}}