{"id":22079,"date":"2021-06-17T09:05:36","date_gmt":"2021-06-17T07:05:36","guid":{"rendered":"http:\/\/sola-poljane.splet.arnes.si\/?page_id=22079"},"modified":"2021-06-17T09:06:23","modified_gmt":"2021-06-17T07:06:23","slug":"solska-shema-2020-21","status":"publish","type":"page","link":"https:\/\/sola-poljane.splet.arnes.si\/?page_id=22079","title":{"rendered":"\u0160olska shema 2020\/21"},"content":{"rendered":"<p>Vsako \u0161olsko leto izpeljemo spremljajo\u010de aktivnosti za projekt. V \u0161olskem letu 2020\/2021 so u\u010denci sestavljali dru\u017eabne igre, izdelovali trganke in rezanke, ustvarjali iz naravnih materialov, risali s kredami, sestavljali kri\u017eanke, uganke, pisali pesmice in izdelovali plakate o priljubljenih vrstah sadja in zelenjave.<\/p>\n<p>&nbsp;<\/p>\n<p><a href=\"http:\/\/sola-poljane.splet.arnes.si\/files\/2021\/06\/\u0160olska-shema_202107.jpg\"><img loading=\"lazy\" decoding=\"async\" class=\"size-full wp-image-22037 aligncenter\" src=\"http:\/\/sola-poljane.splet.arnes.si\/files\/2021\/06\/\u0160olska-shema_202107.jpg\" alt=\"\" width=\"400\" height=\"570\" srcset=\"https:\/\/sola-poljane.splet.arnes.si\/files\/2021\/06\/\u0160olska-shema_202107.jpg 400w, https:\/\/sola-poljane.splet.arnes.si\/files\/2021\/06\/\u0160olska-shema_202107-211x300.jpg 211w, https:\/\/sola-poljane.splet.arnes.si\/files\/2021\/06\/\u0160olska-shema_202107-39x55.jpg 39w\" sizes=\"auto, (max-width: 400px) 100vw, 400px\" \/><\/a><\/p>\n<p>&nbsp;<\/p>\n<p>&nbsp;<\/p>\n<p>&nbsp;<\/p>\n<h3><strong>KRI\u017dANKA<\/strong><\/h3>\n<h6>Klikni na kri\u017eanko, da se bo pove\u010dala.<\/h6>\n<p><a href=\"http:\/\/sola-poljane.splet.arnes.si\/files\/2021\/06\/David_Ga\u0161per_kri\u017eanka.jpg\"><img loading=\"lazy\" decoding=\"async\" class=\" wp-image-22038 aligncenter\" src=\"http:\/\/sola-poljane.splet.arnes.si\/files\/2021\/06\/David_Ga\u0161per_kri\u017eanka.jpg\" alt=\"\" width=\"980\" height=\"593\" srcset=\"https:\/\/sola-poljane.splet.arnes.si\/files\/2021\/06\/David_Ga\u0161per_kri\u017eanka.jpg 1323w, https:\/\/sola-poljane.splet.arnes.si\/files\/2021\/06\/David_Ga\u0161per_kri\u017eanka-300x181.jpg 300w, https:\/\/sola-poljane.splet.arnes.si\/files\/2021\/06\/David_Ga\u0161per_kri\u017eanka-1024x619.jpg 1024w, https:\/\/sola-poljane.splet.arnes.si\/files\/2021\/06\/David_Ga\u0161per_kri\u017eanka-768x464.jpg 768w, https:\/\/sola-poljane.splet.arnes.si\/files\/2021\/06\/David_Ga\u0161per_kri\u017eanka-91x55.jpg 91w, https:\/\/sola-poljane.splet.arnes.si\/files\/2021\/06\/David_Ga\u0161per_kri\u017eanka-947x573.jpg 947w, https:\/\/sola-poljane.splet.arnes.si\/files\/2021\/06\/David_Ga\u0161per_kri\u017eanka-624x377.jpg 624w\" sizes=\"auto, (max-width: 980px) 100vw, 980px\" \/><\/a><\/p>\n<p>&nbsp;<\/p>\n<p><em><strong>David Omejc in Ga\u0161per \u010cade\u017e, 9. a<\/strong><\/em><\/p>\n<p>&nbsp;<\/p>\n<p>&nbsp;<\/p>\n<p><strong>\u0160olska shema P\u0160 Javorje<\/strong><\/p>\nngg_shortcode_0_placeholder\n<p>&nbsp;<\/p>\n<p><strong>\u0160olska shema O\u0160 Poljane<\/strong><\/p>\nngg_shortcode_1_placeholder\n<p>&nbsp;<\/p>\n","protected":false},"excerpt":{"rendered":"<p>Vsako \u0161olsko leto izpeljemo spremljajo\u010de aktivnosti za projekt. V \u0161olskem [&hellip;]<\/p>\n","protected":false},"author":1973,"featured_media":0,"parent":8597,"menu_order":0,"comment_status":"closed","ping_status":"closed","template":"","meta":{"ngg_post_thumbnail":0,"footnotes":""},"class_list":["post-22079","page","type-page","status-publish","hentry"],"_links":{"self":[{"href":"https:\/\/sola-poljane.splet.arnes.si\/index.php?rest_route=\/wp\/v2\/pages\/22079","targetHints":{"allow":["GET"]}}],"collection":[{"href":"https:\/\/sola-poljane.splet.arnes.si\/index.php?rest_route=\/wp\/v2\/pages"}],"about":[{"href":"https:\/\/sola-poljane.splet.arnes.si\/index.php?rest_route=\/wp\/v2\/types\/page"}],"author":[{"embeddable":true,"href":"https:\/\/sola-poljane.splet.arnes.si\/index.php?rest_route=\/wp\/v2\/users\/1973"}],"replies":[{"embeddable":true,"href":"https:\/\/sola-poljane.splet.arnes.si\/index.php?rest_route=%2Fwp%2Fv2%2Fcomments&post=22079"}],"version-history":[{"count":2,"href":"https:\/\/sola-poljane.splet.arnes.si\/index.php?rest_route=\/wp\/v2\/pages\/22079\/revisions"}],"predecessor-version":[{"id":22081,"href":"https:\/\/sola-poljane.splet.arnes.si\/index.php?rest_route=\/wp\/v2\/pages\/22079\/revisions\/22081"}],"up":[{"embeddable":true,"href":"https:\/\/sola-poljane.splet.arnes.si\/index.php?rest_route=\/wp\/v2\/pages\/8597"}],"wp:attachment":[{"href":"https:\/\/sola-poljane.splet.arnes.si\/index.php?rest_route=%2Fwp%2Fv2%2Fmedia&parent=22079"}],"curies":[{"name":"wp","href":"https:\/\/api.w.org\/{rel}","templated":true}]}}