{"id":20859,"date":"2020-12-26T10:43:34","date_gmt":"2020-12-26T09:43:34","guid":{"rendered":"http:\/\/sola-poljane.splet.arnes.si\/?page_id=20859"},"modified":"2021-05-06T14:40:45","modified_gmt":"2021-05-06T12:40:45","slug":"nagradna-igra-zavoda-poljanska-dolina","status":"publish","type":"page","link":"https:\/\/sola-poljane.splet.arnes.si\/?page_id=20859","title":{"rendered":"Nagradna igra Zavoda Poljanska dolina"},"content":{"rendered":"<p>&nbsp;<\/p>\n<p><a href=\"http:\/\/sola-poljane.splet.arnes.si\/files\/2021\/05\/Letak-otroska-pp_avg21.pdf\"><img loading=\"lazy\" decoding=\"async\" class=\" wp-image-21743 alignright\" src=\"http:\/\/sola-poljane.splet.arnes.si\/files\/2021\/05\/Pohodni\u0161ki-krog.jpg\" alt=\"\" width=\"414\" height=\"587\" srcset=\"https:\/\/sola-poljane.splet.arnes.si\/files\/2021\/05\/Pohodni\u0161ki-krog.jpg 642w, https:\/\/sola-poljane.splet.arnes.si\/files\/2021\/05\/Pohodni\u0161ki-krog-212x300.jpg 212w, https:\/\/sola-poljane.splet.arnes.si\/files\/2021\/05\/Pohodni\u0161ki-krog-39x55.jpg 39w, https:\/\/sola-poljane.splet.arnes.si\/files\/2021\/05\/Pohodni\u0161ki-krog-624x884.jpg 624w\" sizes=\"auto, (max-width: 414px) 100vw, 414px\" \/><\/a>Zavod Poljanska dolina je za osnovno\u0161olce pripravil posebno nagradno igro. Glede na situacijo je super, da lahko spoznavamo na\u0161o ob\u010dino in se gibamo v naravi &#8211; ob tem pa smo \u0161e nagrajeni.<\/p>\n<p><span style=\"color: #ff0000\">Nagradna igra je podalj\u0161ana do 31. avgusta 2021.<\/span><\/p>\n<p><a href=\"http:\/\/sola-poljane.splet.arnes.si\/files\/2020\/12\/Otroska-PP-letak-1.pdf\">V letaku<\/a> si lahko preberete navodila in pravila.<\/p>\n<p>Na voljo je <a href=\"http:\/\/sola-poljane.splet.arnes.si\/files\/2020\/12\/Otroska-ppOGVP-sole.pdf\">karton\u010dek<\/a>, ki ga natisnete, izpolnite podatke in na njem zbirate \u017eige. V kolikor doma nimate mo\u017enosti tiska, mi prosim sporo\u010dite na mail ur&#111;&#115;&#46;&#99;&#x61;&#x64;&#x65;&#x7a;&#x40;os&#45;&#112;&#111;&#108;&#x6a;&#x61;&#x6e;&#x65;&#x2e;si in ga boste prejeli, ko se vidimo v \u0161oli.<\/p>\n<p><a href=\"http:\/\/sola-poljane.splet.arnes.si\/files\/2020\/12\/Otroska-ppOGVP-sole.pdf\"><img loading=\"lazy\" decoding=\"async\" class=\"wp-image-20881 size-medium aligncenter\" src=\"http:\/\/sola-poljane.splet.arnes.si\/files\/2020\/12\/Karton\u010dek-300x105.jpg\" alt=\"\" width=\"300\" height=\"105\" srcset=\"https:\/\/sola-poljane.splet.arnes.si\/files\/2020\/12\/Karton\u010dek-300x105.jpg 300w, https:\/\/sola-poljane.splet.arnes.si\/files\/2020\/12\/Karton\u010dek-157x55.jpg 157w, https:\/\/sola-poljane.splet.arnes.si\/files\/2020\/12\/Karton\u010dek.jpg 600w\" sizes=\"auto, (max-width: 300px) 100vw, 300px\" \/><\/a>Na voljo so tudi <a href=\"http:\/\/sola-poljane.splet.arnes.si\/files\/2020\/12\/Kartapoti-zemljevid.pdf\">zemljevid<\/a>, <a href=\"http:\/\/sola-poljane.splet.arnes.si\/files\/2020\/12\/Kartapoti-opispoti.pdf\">opis poti<\/a> in <a href=\"http:\/\/sola-poljane.splet.arnes.si\/files\/2020\/12\/OGVP-pohodnikrog-scaled.jpg\">grafikon<\/a>, s katerimi si lahko pomagate pri izbiri izleta.<\/p>\n<p><a href=\"http:\/\/sola-poljane.splet.arnes.si\/files\/2020\/12\/Kartapoti-zemljevid.pdf\"><img loading=\"lazy\" decoding=\"async\" class=\"alignnone wp-image-20889 size-medium\" src=\"http:\/\/sola-poljane.splet.arnes.si\/files\/2020\/12\/Zemljevid-poti-300x201.jpg\" alt=\"\" width=\"300\" height=\"201\" srcset=\"https:\/\/sola-poljane.splet.arnes.si\/files\/2020\/12\/Zemljevid-poti-300x201.jpg 300w, https:\/\/sola-poljane.splet.arnes.si\/files\/2020\/12\/Zemljevid-poti-82x55.jpg 82w, https:\/\/sola-poljane.splet.arnes.si\/files\/2020\/12\/Zemljevid-poti-84x56.jpg 84w, https:\/\/sola-poljane.splet.arnes.si\/files\/2020\/12\/Zemljevid-poti.jpg 600w\" sizes=\"auto, (max-width: 300px) 100vw, 300px\" \/><\/a> \u00a0 \u00a0 <a href=\"http:\/\/sola-poljane.splet.arnes.si\/files\/2020\/12\/Kartapoti-opispoti.pdf\"><img loading=\"lazy\" decoding=\"async\" class=\"alignnone wp-image-20885 size-medium\" src=\"http:\/\/sola-poljane.splet.arnes.si\/files\/2020\/12\/Opis-poti-300x201.jpg\" alt=\"\" width=\"300\" height=\"201\" srcset=\"https:\/\/sola-poljane.splet.arnes.si\/files\/2020\/12\/Opis-poti-300x201.jpg 300w, https:\/\/sola-poljane.splet.arnes.si\/files\/2020\/12\/Opis-poti-82x55.jpg 82w, https:\/\/sola-poljane.splet.arnes.si\/files\/2020\/12\/Opis-poti-84x56.jpg 84w, https:\/\/sola-poljane.splet.arnes.si\/files\/2020\/12\/Opis-poti.jpg 600w\" sizes=\"auto, (max-width: 300px) 100vw, 300px\" \/><\/a><\/p>\n<p><a href=\"http:\/\/sola-poljane.splet.arnes.si\/files\/2020\/12\/OGVP-pohodnikrog-scaled.jpg\"><img loading=\"lazy\" decoding=\"async\" class=\"alignnone size-large wp-image-20869\" src=\"http:\/\/sola-poljane.splet.arnes.si\/files\/2020\/12\/OGVP-pohodnikrog-1024x134.jpg\" alt=\"\" width=\"887\" height=\"116\" srcset=\"https:\/\/sola-poljane.splet.arnes.si\/files\/2020\/12\/OGVP-pohodnikrog-1024x134.jpg 1024w, https:\/\/sola-poljane.splet.arnes.si\/files\/2020\/12\/OGVP-pohodnikrog-300x39.jpg 300w, https:\/\/sola-poljane.splet.arnes.si\/files\/2020\/12\/OGVP-pohodnikrog-768x100.jpg 768w, https:\/\/sola-poljane.splet.arnes.si\/files\/2020\/12\/OGVP-pohodnikrog-420x55.jpg 420w, https:\/\/sola-poljane.splet.arnes.si\/files\/2020\/12\/OGVP-pohodnikrog-1536x201.jpg 1536w, https:\/\/sola-poljane.splet.arnes.si\/files\/2020\/12\/OGVP-pohodnikrog-2048x268.jpg 2048w, https:\/\/sola-poljane.splet.arnes.si\/files\/2020\/12\/OGVP-pohodnikrog-947x124.jpg 947w, https:\/\/sola-poljane.splet.arnes.si\/files\/2020\/12\/OGVP-pohodnikrog-624x82.jpg 624w\" sizes=\"auto, (max-width: 887px) 100vw, 887px\" \/><\/a><\/p>\n<p>Lepe in vesele praznike ter varno na pohodih!!!<\/p>\n<p>Uro\u0161 \u010cade\u017e<\/p>\n<p><a href=\"http:\/\/sola-poljane.splet.arnes.si\/files\/2020\/12\/image001.jpg\"><img loading=\"lazy\" decoding=\"async\" class=\"size-medium wp-image-20861 aligncenter\" src=\"http:\/\/sola-poljane.splet.arnes.si\/files\/2020\/12\/image001-300x70.jpg\" alt=\"\" width=\"300\" height=\"70\" srcset=\"https:\/\/sola-poljane.splet.arnes.si\/files\/2020\/12\/image001-300x70.jpg 300w, https:\/\/sola-poljane.splet.arnes.si\/files\/2020\/12\/image001-1024x240.jpg 1024w, https:\/\/sola-poljane.splet.arnes.si\/files\/2020\/12\/image001-768x180.jpg 768w, https:\/\/sola-poljane.splet.arnes.si\/files\/2020\/12\/image001-235x55.jpg 235w, https:\/\/sola-poljane.splet.arnes.si\/files\/2020\/12\/image001-1536x360.jpg 1536w, https:\/\/sola-poljane.splet.arnes.si\/files\/2020\/12\/image001-2048x480.jpg 2048w, https:\/\/sola-poljane.splet.arnes.si\/files\/2020\/12\/image001-947x222.jpg 947w, https:\/\/sola-poljane.splet.arnes.si\/files\/2020\/12\/image001-624x146.jpg 624w\" sizes=\"auto, (max-width: 300px) 100vw, 300px\" \/><\/a><\/p>\n","protected":false},"excerpt":{"rendered":"<p>&nbsp; Zavod Poljanska dolina je za osnovno\u0161olce pripravil posebno nagradno [&hellip;]<\/p>\n","protected":false},"author":1973,"featured_media":0,"parent":0,"menu_order":0,"comment_status":"closed","ping_status":"closed","template":"template-fullwidth.php","meta":{"ngg_post_thumbnail":0,"footnotes":""},"class_list":["post-20859","page","type-page","status-publish","hentry"],"_links":{"self":[{"href":"https:\/\/sola-poljane.splet.arnes.si\/index.php?rest_route=\/wp\/v2\/pages\/20859","targetHints":{"allow":["GET"]}}],"collection":[{"href":"https:\/\/sola-poljane.splet.arnes.si\/index.php?rest_route=\/wp\/v2\/pages"}],"about":[{"href":"https:\/\/sola-poljane.splet.arnes.si\/index.php?rest_route=\/wp\/v2\/types\/page"}],"author":[{"embeddable":true,"href":"https:\/\/sola-poljane.splet.arnes.si\/index.php?rest_route=\/wp\/v2\/users\/1973"}],"replies":[{"embeddable":true,"href":"https:\/\/sola-poljane.splet.arnes.si\/index.php?rest_route=%2Fwp%2Fv2%2Fcomments&post=20859"}],"version-history":[{"count":11,"href":"https:\/\/sola-poljane.splet.arnes.si\/index.php?rest_route=\/wp\/v2\/pages\/20859\/revisions"}],"predecessor-version":[{"id":21745,"href":"https:\/\/sola-poljane.splet.arnes.si\/index.php?rest_route=\/wp\/v2\/pages\/20859\/revisions\/21745"}],"wp:attachment":[{"href":"https:\/\/sola-poljane.splet.arnes.si\/index.php?rest_route=%2Fwp%2Fv2%2Fmedia&parent=20859"}],"curies":[{"name":"wp","href":"https:\/\/api.w.org\/{rel}","templated":true}]}}