{"id":20261,"date":"2020-11-27T12:35:48","date_gmt":"2020-11-27T11:35:48","guid":{"rendered":"http:\/\/sola-poljane.splet.arnes.si\/?page_id=20261"},"modified":"2021-01-29T08:52:05","modified_gmt":"2021-01-29T07:52:05","slug":"zdrava-sola-2020-21","status":"publish","type":"page","link":"https:\/\/sola-poljane.splet.arnes.si\/?page_id=20261","title":{"rendered":"Zdrava \u0161ola 2020\/21"},"content":{"rendered":"<h4><\/h4>\n<hr \/>\n<h4>Ne me\u010d&#8217;mo hrane stran \u2013 dokumentarni film za 9. razred<\/h4>\n<p style=\"text-align: justify\">Deveto\u0161olci so tudi v nadaljevanju tehni\u0161kega dne, ki se je za\u010del s tradicionalnim slovenskim zajtrkom, razmi\u0161ljali o hrani. Ogledali so si kanadski film iz leta 2014 <span style=\"color: #ff6600\"><strong>Ne me\u010d&#8217;mo hrane stran<\/strong><\/span> (izvirni naslov <strong><em><span style=\"color: #ff6600\">Just Eat It!<\/span><\/em><\/strong>).<br \/>\nNapovednik: <a href=\"https:\/\/www.youtube.com\/watch?v=zkASAZGIuu0\">https:\/\/www.youtube.com\/watch?v=zkASAZGIuu0<\/a><\/p>\n<p style=\"text-align: justify\"><span style=\"color: #ff6600\"><strong>Ne me\u010d&#8217;mo hrane stran<\/strong><\/span> pa je tudi ime projekta <span style=\"color: #008000\"><strong>Ekologov brez meja<\/strong><\/span>, ki brez olep\u0161av prika\u017ee, koliko hrane zavr\u017eemo, in podaja nekaj prakti\u010dnih re\u0161itev. Prizadeva si tudi za zmanj\u0161evanje koli\u010din zavr\u017eene hrane v javnih ustanovah.<br \/>\n(Ve\u010d na <a href=\"https:\/\/ebm.si\/ne-mecmo-hrane-stran\">https:\/\/ebm.si\/ne-mecmo-hrane-stran<\/a>)<br \/>\nVir naslovne slike: ebm.si<\/p>\n<p style=\"text-align: center\"><strong><span style=\"color: #008000\">********************************************************<\/span><\/strong><\/p>\n<p>&nbsp;<\/p>\n<p style=\"text-align: justify\">U\u010denci so \u017ee pred ogledom filma dobili u\u010dne liste. Ob vodenih vpra\u0161anjih so razmi\u0161ljali o tem, kak\u0161en je <span style=\"color: #008000\">njihov osebni odnos do hrane in kako z njo ravnajo.<\/span><\/p>\n<p>&nbsp;<\/p>\nngg_shortcode_0_placeholder\n<hr \/>\n<h4>Safe.si \u2013 osve\u0161\u010danje o varni rabi interneta in mobilnih naprav<\/h4>\n<p style=\"text-align: justify\">Prav tako, kot sta pomembna <span style=\"color: #008000\"><strong>gibanje in prehrana<\/strong><\/span>, je danes pomembna tudi <span style=\"color: #993300\"><strong>varnost<\/strong> <\/span>\u2013 ne le v fizi\u010dnem okolju, ampak tudi <span style=\"color: #993300\"><strong>na spletu, predvsem v okolju dru\u017ebenih omre\u017eij.<\/strong><\/span> Prav tovrstni varnosti so tehni\u0161ki dan posvetili <span style=\"color: #993300\"><strong>u\u010denci 6. in 8. razreda<\/strong><\/span>, ki so sodelovali v spletni delavnici na daljavo.<\/p>\n<p style=\"text-align: justify\"><span style=\"color: #ff0000\"><strong>Safe.si<\/strong><\/span> je <em>\u00bbto\u010dka osve\u0161\u010danja o varni rabi interneta in mobilnih naprav za otroke, najstnike, star\u0161e in u\u010ditelje\u00ab. <\/em>(vir: Safe.si)<em><br \/>\n<\/em>Pomembno je tudi, da so se u\u010denci \u0161e bolj izurili <strong><span style=\"color: #993300\">v okolju Teams<\/span><\/strong>, ki za \u0161olanje na daljavo postaja vse bolj pomembno.<br \/>\nVsi so imeli prilo\u017enost aktivnega sodelovanja v pogovoru. Izvedeli so marsikaj, kar je koristno za vse \u2013 za otroke, mladostnike in odrasle.<\/p>\n<p style=\"text-align: justify\">Oglejte si, kaj vam ponuja stran <a href=\"https:\/\/safe.si\/nasveti\">https:\/\/safe.si\/nasveti<\/a>, in naredite vse, da boste na spletu varni.<\/p>\n<h6 style=\"text-align: center\"><a href=\"http:\/\/sola-poljane.splet.arnes.si\/files\/2020\/11\/safe.si_spletna-stran.png\"><img loading=\"lazy\" decoding=\"async\" class=\"aligncenter wp-image-20167\" src=\"http:\/\/sola-poljane.splet.arnes.si\/files\/2020\/11\/safe.si_spletna-stran-300x188.png\" alt=\"\" width=\"359\" height=\"225\" srcset=\"https:\/\/sola-poljane.splet.arnes.si\/files\/2020\/11\/safe.si_spletna-stran-300x188.png 300w, https:\/\/sola-poljane.splet.arnes.si\/files\/2020\/11\/safe.si_spletna-stran-1024x640.png 1024w, https:\/\/sola-poljane.splet.arnes.si\/files\/2020\/11\/safe.si_spletna-stran-768x480.png 768w, https:\/\/sola-poljane.splet.arnes.si\/files\/2020\/11\/safe.si_spletna-stran-88x55.png 88w, https:\/\/sola-poljane.splet.arnes.si\/files\/2020\/11\/safe.si_spletna-stran-1536x960.png 1536w, https:\/\/sola-poljane.splet.arnes.si\/files\/2020\/11\/safe.si_spletna-stran-947x592.png 947w, https:\/\/sola-poljane.splet.arnes.si\/files\/2020\/11\/safe.si_spletna-stran-624x390.png 624w, https:\/\/sola-poljane.splet.arnes.si\/files\/2020\/11\/safe.si_spletna-stran.png 1680w\" sizes=\"auto, (max-width: 359px) 100vw, 359px\" \/><\/a>Vir: posnetek zaslona safe.si<\/h6>\n<p style=\"text-align: justify\"><span style=\"color: #ff6600\"><strong>Najpomembneje pa je, kaj so se u\u010denci na tej delavnici nau\u010dili, kaj si bodo zapomnili in upo\u0161tevali. Njihove ugotovitve so lahko vodilo za vse.<\/strong><\/span><\/p>\n<p style=\"text-align: center\"><strong><span style=\"color: #000080\">***************************************************************************************<\/span><\/strong><\/p>\n<p style=\"text-align: justify\"><span style=\"text-decoration: underline\"><strong><span style=\"color: #000080;text-decoration: underline\">U\u010denke in u\u010denci 6. razreda so nanizali nekaj novih spoznanj.<\/span><\/strong><\/span><\/p>\n<p style=\"text-align: justify\"><span style=\"color: #3366ff\"><strong>Pet stvari, ki sem si jih zapomnil\/-a in mi bodo koristile pri stiku z internetom:<\/strong><\/span><\/p>\n<ol style=\"text-align: justify\">\n<li>Zapomnil sem si, da svojih fotografij ne dajemo na splet in neznanim osebam.<\/li>\n<li>Ne pogovarjamo se z neznanci in ne odgovarjamo na klice z neznanih telefonskih \u0161tevilk.<\/li>\n<li>\u010ce uporabljamo dru\u017eabna omre\u017eja, na njih ne objavljamo svojih slik in osebnih podatkov.<\/li>\n<li>\u010ce opazimo, da nekdo uporablja la\u017eni profil, povemo star\u0161em in ga prijavimo.<\/li>\n<li>\u010ce nas kdo nadleguje ali nas izsiljuje za na\u0161e osebne podatke, mu re\u010demo, naj neha. \u010ce ne neha, povemo star\u0161em in ga prijavimo. <strong>(Jernej Prijatelj)<\/strong><\/li>\n<\/ol>\n<p style=\"text-align: justify\"><span style=\"color: #3366ff\"><strong>Na tehni\u0161kem dnevu sem izvedel veliko novega<\/strong><\/span>, npr. da ne smem objavljati zasebnih podatkov na spletu, kaj narediti, \u010de ti kdo vdre v ra\u010dun, koga prositi za pomo\u010d, \u010de ne ve\u0161, kaj storiti, kaj narediti, \u010de vidi\u0161 la\u017een profil, kako varovati svoje podatke na spletu, kako koga blokirati. <strong>(Luka Kokelj)<\/strong><\/p>\n<p style=\"text-align: justify\"><span style=\"color: #3366ff\"><strong>Zapomnila sem si<\/strong>,<\/span> kako ustvariti geslo, da ga drugi ne ugotovijo, kaj mora\u0161 narediti, \u010de kdo objavi tvojo sliko (\u010de tega no\u010de\u0161), kako zavarovati svoj profil, nikomur ne sme\u0161 razkriti osebnih podatkov. Ne sme\u0161 ustvarjati la\u017enih profilov. <strong>(Nika Bo\u017enar)<\/strong><\/p>\n<p style=\"text-align: justify\"><span style=\"color: #3366ff\"><strong>Geslo mora biti te\u017eko<\/strong><\/span>, ampak vseeno tako, da si ga zapomnim. Gesla so zelo pomembna, saj \u0161\u010ditijo na\u0161o zasebnost. Kadar nas kdo spra\u0161uje o osebnih podatkih, povemo star\u0161em. \u010ce nas kdo nadleguje, pa ga lahko blokiramo. Ne smemo se ogla\u0161ati na neznane \u0161tevilke in odsvetovano je tudi, da govorimo z neznanci. <strong>(Ema Krek)<\/strong><\/p>\n<p style=\"text-align: justify\"><span style=\"color: #3366ff\"><strong>Nau\u010dila sem se:<\/strong><\/span><\/p>\n<ol style=\"text-align: justify\">\n<li>da moramo imeti dobro geslo;<\/li>\n<li>da moramo gesla menjavati;<\/li>\n<li>da ni dobro imeti gesla enakega za vse stvari;<\/li>\n<li>da si lahko ustvarimo zasebni ra\u010dun;<\/li>\n<li>da osebo, ki grdo pi\u0161e, lahko prijavimo in jo potem izbri\u0161ejo iz aplikacije. <strong>(Katja Karba)<\/strong><\/li>\n<\/ol>\n<p style=\"text-align: justify\"><span style=\"color: #3366ff\"><strong>Predavanje je bilo zame zelo uporabno:<\/strong><\/span><\/p>\n<ol style=\"text-align: justify\">\n<li>Tudi sama uporabljam dru\u017eabna omre\u017eja.<\/li>\n<li>V\u0161e\u010d mi je bilo, da smo se pogovarjali o taki temi (internet).<\/li>\n<li>V\u0161e\u010d mi je bilo tudi to, da sem lahko normalo sodelovala.<\/li>\n<li>Zelo uporabno je bilo to, da smo spoznali, kako izbrisati profil.<\/li>\n<li>Ko smo na predavanju spoznali njihovo spletno stran (safe.si), sem \u017ee takoj poskusila nekaj re\u0161iti. <strong>(Ema Kr\u017ei\u0161nik)<\/strong><\/li>\n<\/ol>\n<p style=\"text-align: justify\"><span style=\"color: #3366ff\"><strong>Pri delavnici safe.si sem si zapomnila: <\/strong><\/span><\/p>\n<ol style=\"text-align: justify\">\n<li>da je geslo zelo pomembno;<\/li>\n<li>da je internet lahko koristen ali nekoristen;<\/li>\n<li>da moramo biti na spletu zelo previdni;<\/li>\n<li>da nalagamo aplikacije le iz priznanih spletnih trgovin;<\/li>\n<li>poskrbeti moramo, da smo na spletu varni. <strong>(Eva Debeljak)<\/strong><\/li>\n<\/ol>\n<p style=\"text-align: justify\"><span style=\"color: #3366ff\"><strong>Danes sem se nau\u010dil:<\/strong><\/span><\/p>\n<ol style=\"text-align: justify\">\n<li>kaj moram narediti, \u010de mi kdo vdre v profil;<\/li>\n<li>kaj moram narediti, \u010de najdem ponarejen ra\u010dun;<\/li>\n<li>kako si lahko naredim novo geslo;<\/li>\n<li>kaj moram narediti, \u010de je kdo nesramen do drugega;<\/li>\n<li>da ne nalagamo aplikacij s strani, ki jih ne poznamo. <strong>(Filip Mlinar Rozinger)<\/strong><\/li>\n<\/ol>\n<p style=\"text-align: justify\"><span style=\"color: #3366ff\"><strong>Zdaj vem:<\/strong><\/span><\/p>\n<ol style=\"text-align: justify\">\n<li>kaj storiti, \u010de te kdo \u017eali na dru\u017eabnih omre\u017ejih;<\/li>\n<li>da je geslo kot zobna \u0161\u010detka \u2013 ne delimo ga z drugimi;<\/li>\n<li>kak\u0161no geslo je dobro geslo: bolj zakomplicirano, uporaba velikih in malih \u010drk, znakov in \u0161tevilk;<\/li>\n<li>da si tako geslo la\u017ee zapomnimo, pomaga, \u010de oblikujemo poved;<\/li>\n<li>kaj storiti, \u010de ti kdo vdre v ra\u010dun. <strong>(Luka Ko\u0161ir)<\/strong><\/li>\n<\/ol>\n<p style=\"text-align: justify\"><span style=\"color: #3366ff\"><strong>Zapomnila si bom naslednjih pet stvari:<\/strong><\/span><\/p>\n<ol style=\"text-align: justify\">\n<li>Vsako informacijo, ki jo dobimo na spletu, moramo ve\u010dkrat preveriti, \u010de je resni\u010dna.<\/li>\n<li>Pojavlja se namre\u010d veliko la\u017enih vsebin.<\/li>\n<li>Svoja gesla moramo ve\u010dkrat spreminjati. Pri geslih uporabljamo razli\u010dne oblike \u010drk, \u0161tevilk in simbolov.<\/li>\n<li>Nikoli ne smemo uporabiti profila druge osebe, saj je to kaznivo dejanje.<\/li>\n<li>\u010ce nam kdo vdre v na\u0161 profil, moramo o tem takoj obvestiti star\u0161e, da to prijavijo. (<strong>Nina Habjan)<\/strong><\/li>\n<\/ol>\n<p style=\"text-align: justify\"><span style=\"color: #3366ff\"><strong>O vsem, kar o sebi objavljamo na internetu, moramo prej dobro razmisliti.<\/strong><\/span> Ne delimo slik, posnetkov ali sporo\u010dil drugih, ki bi jim lahko \u0161kodili. Prav je tudi, da vedno vpra\u0161amo za dovoljenje za objavo. Vse podatke, ki jih najdemo na spletu, je potrebno preveriti \u0161e v drugih virih. Na spletu bi morala veljati enaka pravila vljudnega obna\u0161anja kot v resni\u010dnem \u017eivljenju \u2013 predstavljamo se za tisto, kar smo v resnici, poskrbimo za varnost z mo\u010dnimi gesli, v pogovorih z drugimi smo prijazni in strpni. <strong>(Jerca Tu\u0161ek)<\/strong><\/p>\n<p style=\"text-align: justify\"><span style=\"color: #3366ff\"><strong>Spoznal sem:<\/strong><\/span><\/p>\n<ol>\n<li style=\"text-align: justify\">\u010ce nam nekdo vdre v profil, zamenjamo geslo.<\/li>\n<li style=\"text-align: justify\">Prva za\u0161\u010dita je mo\u010dno geslo.<\/li>\n<li style=\"text-align: justify\">Gesel ne smemo deliti.<\/li>\n<li style=\"text-align: justify\">Geslo mora imeti vsaj 10 \u010drk\/\u0161tevilk, da je te\u017eje prepoznavno.<\/li>\n<li style=\"text-align: justify\">Ne smemo delati la\u017enih profilov. <strong>(Jernej Oblak)<\/strong><\/li>\n<\/ol>\n<p>&nbsp;<\/p>\n<hr \/>\n<h4>Utapljanje v plastiki \u2013 dokumentarni film za 7. razred<\/h4>\n<p>V okviru tehni\u0161kega dne so si u\u010denke in u\u010denci 7. razreda doma ogledali 1. del britanske dokumentarne serije <span style=\"color: #0000ff\"><strong>Utapljanje v plastiki. <\/strong><span style=\"color: #000000\">Film je otrokom dal misliti, nekatere je prav pretresel. Kaj storiti? Odgovore ponujajo kar u\u010denke in u\u010denci sami.<\/span><\/span><\/p>\n<p><em>(Vir naslovne fotografije: tvspored.delo.si)<\/em><\/p>\n<p style=\"text-align: center\"><strong><span style=\"color: #3366ff\">*************************************************************<\/span><\/strong><\/p>\n<p><strong><span style=\"color: #008000\">NE UNI\u010cIMO NARAVE!<\/span><\/strong><\/p>\n<p style=\"text-align: justify\"><em>V petek sem si ogledal film \u00bbUtapljanje v plastiki\u00ab. Nekaj posnetkov je bilo prav stra\u0161ljivih. Koliko smeti, plastike se res nabere v morjih in rekah! Prvi\u010d sem videl take posnetke, ko je reka v Indoneziji polna plasti\u010dnih odpadkov. Izgleda kar stra\u0161ljivo. Tam, kjer so v\u010dasih lovili ribe, sedaj ribi\u010di nabirajo plastiko in jo odna\u0161ajo v tovarne za predelavo.<\/em><br \/>\n<em>Sem razmi\u0161ljal, kako bi res lahko izbolj\u0161ali situacijo. \u017de to, da lo\u010deno zbiramo plastiko in jo potem predelamo, je ena re\u0161itev. \u0160e bolje bi bilo, da plastiko \u010dim manj uporabljamo. Namesto plastenk bi lahko uporabljali steklenice. Steklenice pomijemo in uporabimo ponovno. Tudi namesto plasti\u010dnih kozar\u010dkov bi lahko uporabili kozar\u010dke, ki se pomijejo in ponovno uporabijo.<\/em><br \/>\n<em>Zanimiva se mi je zdela tudi akcija, ki je bila prikazana \u2013 iz Malalaye, ko so se ljudje organizirali in izvedli \u010distilno akcijo. V enem dnevu so pobrali ogromno plasti\u010dnih odpadkov. Tako bi lahko tudi pri nas v Sloveniji naredili podobno. \u010ce bi recimo naredili dvakrat na leto \u010distilno akcijo po vsej Sloveniji, bi pobrali veliko smeti.<\/em><br \/>\n<em>Ko sem gledal film, sem razmi\u0161ljal, da imamo v Sloveniji \u0161e zelo \u010disto okolje. Ne znam si predstavljati, kako bi bilo, \u010de bi po reki Sori plavalo toliko plastike, kot je bilo v filmu. Vendar, \u010de ne bomo skrbeli za odpadke, se najbr\u017e lahko to zgodi tudi v Sloveniji.<\/em><br \/>\n<em>Zanimiva se mi zdi tudi ideja, ki se jo je domislil nek fant iz Indonezije \u2013 da bi izna\u0161li nadomestilo za plastiko. Mislim, da se je domislil in izdelal embala\u017eo iz naravnih sestavin, iz alg in podobnega. Tako bi lahko kar z embala\u017eo pojedli dolo\u010dene izdelke, npr. vre\u010dke za \u010daj, ki se kar stopi v vodi. Ta zadnja ideja se mi zdi \u0161e najbolj\u0161a. Morali bi nadomestiti plastiko z ne\u0161kodljivimi materiali. Do takrat pa lahko vsak sam razmi\u0161lja, kako bi pri sebi zmanj\u0161al porabo plastike. \u010ce ne bomo uporabljali toliko plasti\u010dne embala\u017ee, bo tudi odpadkov manj.<\/em><\/p>\n<p style=\"text-align: justify\"><em>Film je bil zanimiv, veliko lepih posnetkov. Mogo\u010de bi lahko ve\u010dkrat pokazali take posnetke po televiziji, da bi ljudje videli, kako lepa je narava in kako jo lahko uni\u010dimo, \u010de ne bomo pazljivi.<\/em><\/p>\n<p style=\"text-align: justify\"><em><strong>Ga\u0161per Rant Todorovi\u010d, 7. a <\/strong><\/em><\/p>\n<p>&nbsp;<\/p>\n<p><strong><span style=\"color: #008000\">KAKO BI SE ZNEBIL PLASTIKE?<\/span><\/strong><\/p>\n<p style=\"text-align: justify\"><em>V tej oddaji me je pretreslo, kar sem videl in kaj se dogaja po svetu s plastiko. Dogajanje v Indoneziji me je posebej prizadelo. Velike reke vso plastiko odnesejo v morje, tam pa nastanejo otoki iz plastike. \u017divali se du\u0161ijo in zastrupljajo z njo. Reke pa sploh niso ve\u010d videti kot reke vode, ampak kot odlagali\u0161\u010de odve\u010dne embala\u017ee.<br \/>\n<\/em><em>Jaz bi lahko najbolje pomagal, \u010de bi se udele\u017eil kak\u0161ne \u010distilne akcije ali pa bi jo celo organiziral s svojimi prijatelji. Plasti\u010dno vre\u010dko bi lahko uporabil ve\u010dkrat. Pogosteje bi v trgovino lahko vzel ko\u0161aro ali papirnato vre\u010dko.<br \/>\n<\/em><em>Na svetovni ravni bi lahko vzhodne dr\u017eave nau\u010dili ravnati s plastiko in z vsemi ostalimi odpadnimi snovmi. Za\u010deti bi jih morali u\u010diti lepo po\u010dasi, najprej lo\u010devati odpadke, po ulicah pa postaviti veliko odpadnih ko\u0161ev in smetnjakov. Mogo\u010de bi se s\u010dasoma tega navadili, tako kot smo se mi.<\/em><\/p>\n<p style=\"text-align: justify\"><em>\u010ce bomo \u0161e tako ravnali z na\u0161im planetom, mislim, da bo cel planet propadel. Tako bodo vse \u017eivalske vrste izumrle.<\/em><\/p>\n<p><em><strong>Bla\u017e Jur\u010di\u010d, 7. b<\/strong><\/em><\/p>\n<p>&nbsp;<\/p>\nngg_shortcode_1_placeholder\n<hr \/>\n<h4>Tudi gibanje je pomembno<\/h4>\n<p>Zdrav zajtrk in nasploh zdrava hrana sta izjemnega pomena. Pa ne samo to &#8211; <strong><span style=\"color: #008000\">tudi gibati se je treba<\/span><\/strong>. Tudi to je bil eden izmed ciljev tehni\u0161kega in naravoslovnega dne &#8211; otroke vzpodbuditi, da se izza ekranov odpravijo v naravo. Ali jim je uspelo?<\/p>\n<p><span style=\"color: #008000\"><strong>******************************************<\/strong><\/span><\/p>\n<p>&nbsp;<\/p>\n<div style=\"width: 887px;\" class=\"wp-video\"><video class=\"wp-video-shortcode\" id=\"video-20261-1\" width=\"887\" height=\"499\" preload=\"metadata\" controls=\"controls\"><source type=\"video\/mp4\" src=\"http:\/\/sola-poljane.splet.arnes.si\/files\/2020\/11\/Video_7a-1.mp4?_=1\" \/><a href=\"http:\/\/sola-poljane.splet.arnes.si\/files\/2020\/11\/Video_7a-1.mp4\">http:\/\/sola-poljane.splet.arnes.si\/files\/2020\/11\/Video_7a-1.mp4<\/a><\/video><\/div>\n<p style=\"text-align: center\"><em><strong>Matev\u017e Dem\u0161ar in dru\u0161\u010dina<\/strong><\/em><\/p>\n<p>&nbsp;<\/p>\n<p>&nbsp;<\/p>\n<p><strong><span style=\"color: #008000\">1. razred<\/span><\/strong><\/p>\nngg_shortcode_2_placeholder\n<p>&nbsp;<\/p>\n<p><strong><span style=\"color: #008000\">2. razred<\/span><\/strong><\/p>\nngg_shortcode_3_placeholder\n<p>&nbsp;<\/p>\n<p><strong><span style=\"color: #008000\">3. razred<\/span><\/strong><\/p>\nngg_shortcode_4_placeholder\n<p>&nbsp;<\/p>\n<p><strong><span style=\"color: #008000\">Podru\u017eni\u010dna \u0161ola Javorje<\/span><\/strong><\/p>\nngg_shortcode_5_placeholder\n<p>&nbsp;<\/p>\n<p><strong><span style=\"color: #008000\">5.\u20139. razred<\/span><\/strong><\/p>\nngg_shortcode_6_placeholder\n<p>&nbsp;<\/p>\n<hr \/>\n<h4>Tradicionalni slovenski zajtrk je teknil tudi letos!<\/h4>\n<h6><em>18. novembra 2011 se je projekt Tradicionalni slovenski zajtrk prvi\u010d udejanjil z \u017eivili na kro\u017eniku, in sicer s kruhom, maslom, medom, mlekom in jabolki \u2013 vse doma\u010dega izvora. Na vrtce in osnovne \u0161ole je bilo za zajtrk dostavljenih ve\u010d kot 19.000 kg kruha, 2.600 kg masla, 53. 600 litrov mleka, 3.220 kg medu in 32.000 kg jabolk. V projekt je vklju\u010denih okoli 268.074 otrok, vzgojiteljev in u\u010diteljev v slovenskih vrtcih in osnovnih \u0161olah (160.242 otrok v osnovnih \u0161olah in 84.692 otrok v vrtcih). Projekt je potekal na 1.535 lokacijah, in sicer na 828 osnovnih \u0161olah in 707 vrtcih.<br \/>\n<\/em>Vir: <a href=\"https:\/\/www.nasasuperhrana.si\/tradicionalni-slovenski-zajtrk\/\">https:\/\/www.nasasuperhrana.si\/tradicionalni-slovenski-zajtrk\/<\/a><\/h6>\n<p><strong>*******************************************************<\/strong><\/p>\n<p>Leto\u0161nji tradicionalni slovenski zajtrk je potekal povsem druga\u010de kot prej\u0161njih devet zaporednih let. Kruha, masla, mleka, medu in jabolk v \u0161olo ni pripeljal nih\u010de. A tradicijo smo kljub temu nadaljevali. Na\u0161i u\u010denci so zajtrkovali doma. Oglejte si, kaj in kako.<\/p>\n<h5><strong>1. razred<\/strong><\/h5>\nngg_shortcode_7_placeholder\n<p><strong>2. razred<\/strong><\/p>\nngg_shortcode_8_placeholder\n<p><strong>3. razred<\/strong><\/p>\nngg_shortcode_9_placeholder\n<p><strong>Podru\u017eni\u010dna \u0161ola Javorje<\/strong><\/p>\nngg_shortcode_10_placeholder\n<p>&nbsp;<\/p>\n<p><strong>U\u010denke in u\u010denci 4. in 5. razreda so spekli di\u0161e\u010de \u017eemljice!<\/strong><\/p>\n<p><strong>4. razred<\/strong><\/p>\nngg_shortcode_11_placeholder\n<p><strong>5. razred<\/strong><\/p>\nngg_shortcode_12_placeholder\n<p>&nbsp;<\/p>\n<p><strong>6.\u20139. razred<\/strong><\/p>\nngg_shortcode_13_placeholder\n<p>&nbsp;<\/p>\n<p><strong>U\u010ditelji<\/strong><\/p>\nngg_shortcode_14_placeholder\n<p>&nbsp;<\/p>\n","protected":false},"excerpt":{"rendered":"<p>Ne me\u010d&#8217;mo hrane stran \u2013 dokumentarni film za 9. razred [&hellip;]<\/p>\n","protected":false},"author":1973,"featured_media":0,"parent":10175,"menu_order":0,"comment_status":"closed","ping_status":"closed","template":"","meta":{"ngg_post_thumbnail":0,"footnotes":""},"class_list":["post-20261","page","type-page","status-publish","hentry"],"_links":{"self":[{"href":"https:\/\/sola-poljane.splet.arnes.si\/index.php?rest_route=\/wp\/v2\/pages\/20261","targetHints":{"allow":["GET"]}}],"collection":[{"href":"https:\/\/sola-poljane.splet.arnes.si\/index.php?rest_route=\/wp\/v2\/pages"}],"about":[{"href":"https:\/\/sola-poljane.splet.arnes.si\/index.php?rest_route=\/wp\/v2\/types\/page"}],"author":[{"embeddable":true,"href":"https:\/\/sola-poljane.splet.arnes.si\/index.php?rest_route=\/wp\/v2\/users\/1973"}],"replies":[{"embeddable":true,"href":"https:\/\/sola-poljane.splet.arnes.si\/index.php?rest_route=%2Fwp%2Fv2%2Fcomments&post=20261"}],"version-history":[{"count":6,"href":"https:\/\/sola-poljane.splet.arnes.si\/index.php?rest_route=\/wp\/v2\/pages\/20261\/revisions"}],"predecessor-version":[{"id":21153,"href":"https:\/\/sola-poljane.splet.arnes.si\/index.php?rest_route=\/wp\/v2\/pages\/20261\/revisions\/21153"}],"up":[{"embeddable":true,"href":"https:\/\/sola-poljane.splet.arnes.si\/index.php?rest_route=\/wp\/v2\/pages\/10175"}],"wp:attachment":[{"href":"https:\/\/sola-poljane.splet.arnes.si\/index.php?rest_route=%2Fwp%2Fv2%2Fmedia&parent=20261"}],"curies":[{"name":"wp","href":"https:\/\/api.w.org\/{rel}","templated":true}]}}