{"id":18979,"date":"2020-09-03T14:15:12","date_gmt":"2020-09-03T12:15:12","guid":{"rendered":"http:\/\/sola-poljane.splet.arnes.si\/?page_id=18979"},"modified":"2020-10-23T09:22:37","modified_gmt":"2020-10-23T07:22:37","slug":"1-razred","status":"publish","type":"page","link":"https:\/\/sola-poljane.splet.arnes.si\/?page_id=18979","title":{"rendered":"1. razred"},"content":{"rendered":"<div class=\"post-content\">\n<p>Hello! \ud83d\ude42<\/p>\n<p>V prvem razredu smo se pri angle\u0161\u010dini do sedaj \u017ee dodobra spoznali. Jezik usvajamo preko pesmi, zgodb ter razli\u010dnih iger in aktivnosti. Tukaj najdete okvirno snov, ki jo obravnavamo v \u0161oli.<\/p>\n<p><strong>LET\u2019S MEET<\/strong><\/p>\n<p><em><strong>Hello! Good morning! What\u2019s your name? \u2013 My name is \u2026 I\u2019m a boy. \/I\u2019m a girl.<\/strong><\/em>\u00a0(Kako ti je ime? \u2013 Moje ime je \u2026 Sem de\u010dek\/ deklica.)<\/p>\n<p><em><strong>Goodbye! See you soon!\u00a0<\/strong><\/em>(Nasvidenje! Se vidimo kmalu.)<\/p>\n<p><strong>COLOURS<\/strong><\/p>\n<p><em><strong>yellow<\/strong>,\u00a0<strong>orange<\/strong>,\u00a0<strong>red<\/strong>,\u00a0<strong>pink<\/strong>,\u00a0<strong>purple<\/strong>,\u00a0<strong>green<\/strong>,\u00a0<strong>blue<\/strong>,\u00a0<strong>brown<\/strong>,\u00a0<strong>black<\/strong>,\u00a0<strong>grey, white<\/strong><\/em><\/p>\n<p><strong>LEFT\/ RIGHT<\/strong><\/p>\n<p><em><strong>Raise your LEFT\/ RIGHT arm.<\/strong><\/em>\u00a0(Dvigni LEVO\/ DESNO roko.)<\/p>\n<p><strong><em>Put your arms UP\/ DOWN<\/em>.<\/strong>\u00a0(Dvigni roke GOR. Spusti roke DOL.)<\/p>\n<p><em><strong>Put your arms FORWARD\/ BACK.<\/strong><\/em>\u00a0(Daj roke NAPREJ\/ NAZAJ.)<\/p>\n<p><strong>FEELINGS\u00a0<\/strong><\/p>\n<p><em><strong>How are you? How do you feel?<\/strong>\u00a0<\/em>(Kako si? Kako se po\u010duti\u0161?)<\/p>\n<table width=\"100%\">\n<tbody>\n<tr>\n<td width=\"50%\">\ud83d\ude42<\/td>\n<td width=\"50%\">\ud83d\ude41<\/td>\n<\/tr>\n<tr>\n<td width=\"50%\"><strong>good<\/strong>\u00a0(dobro)<\/td>\n<td width=\"50%\"><strong>not so good<\/strong>\u00a0(ne tako dobro)<\/td>\n<\/tr>\n<tr>\n<td width=\"50%\"><strong>OK<\/strong>\u00a0(OK)<\/td>\n<td width=\"50%\"><strong>tired\/ sleepy<\/strong>\u00a0(utrujen\/ zaspan)<\/td>\n<\/tr>\n<tr>\n<td width=\"50%\"><strong>fine<\/strong>\u00a0(v redu)<\/td>\n<td width=\"50%\"><strong>hungry<\/strong>\u00a0(la\u010den)<\/td>\n<\/tr>\n<tr>\n<td width=\"50%\"><strong>great<\/strong>\u00a0(odli\u010dno)<\/td>\n<td width=\"50%\"><strong>angry<\/strong>\u00a0(jezen)<\/td>\n<\/tr>\n<tr>\n<td width=\"50%\"><strong>wonderful<\/strong>\u00a0(\u010dudovito)<\/td>\n<td width=\"50%\"><strong>scared\u00a0<\/strong>(prestra\u0161en)<\/td>\n<\/tr>\n<tr>\n<td width=\"50%\"><strong>happy<\/strong>\u00a0(vesel, sre\u010den)<\/td>\n<td width=\"50%\"><strong>sad<\/strong>\u00a0(\u017ealosten)<\/td>\n<\/tr>\n<\/tbody>\n<\/table>\n<p><strong>SONGS\u00a0<\/strong>(kliknite na povezave ter u\u017eivajte v petju in plesu)<\/p>\n<p><a href=\"https:\/\/www.youtube.com\/watch?v=fN1Cyr0ZK9M&amp;list=PL_ft-avYFskg2Y1XMY-KDBMX3r3FhZivJ&amp;index=30\">Hello, can you clap your hands<\/a><\/p>\n<p><a href=\"https:\/\/youtu.be\/mflC2gxa2fU\">Goodbye song<\/a><\/p>\n<p><a href=\"https:\/\/www.youtube.com\/watch?v=y7nE4ADGaOc\">I can sing a rainbow<\/a><\/p>\n<p><a href=\"https:\/\/vimeo.com\/322247079\">Hokey Pokey Shake<\/a><\/p>\n<p><a href=\"https:\/\/www.youtube.com\/watch?v=tVlcKp3bWH8\">Hello, how are you<\/a><\/p>\n<p><a href=\"https:\/\/www.youtube.com\/watch?v=l4WNrvVjiTw\">If you\u2019re happy, happy, happy<\/a><\/p>\n<\/div>\n","protected":false},"excerpt":{"rendered":"<p>Hello! \ud83d\ude42 V prvem razredu smo se pri angle\u0161\u010dini do [&hellip;]<\/p>\n","protected":false},"author":55581,"featured_media":0,"parent":18963,"menu_order":1,"comment_status":"closed","ping_status":"closed","template":"","meta":{"ngg_post_thumbnail":0,"footnotes":""},"class_list":["post-18979","page","type-page","status-publish","hentry"],"_links":{"self":[{"href":"https:\/\/sola-poljane.splet.arnes.si\/index.php?rest_route=\/wp\/v2\/pages\/18979","targetHints":{"allow":["GET"]}}],"collection":[{"href":"https:\/\/sola-poljane.splet.arnes.si\/index.php?rest_route=\/wp\/v2\/pages"}],"about":[{"href":"https:\/\/sola-poljane.splet.arnes.si\/index.php?rest_route=\/wp\/v2\/types\/page"}],"author":[{"embeddable":true,"href":"https:\/\/sola-poljane.splet.arnes.si\/index.php?rest_route=\/wp\/v2\/users\/55581"}],"replies":[{"embeddable":true,"href":"https:\/\/sola-poljane.splet.arnes.si\/index.php?rest_route=%2Fwp%2Fv2%2Fcomments&post=18979"}],"version-history":[{"count":5,"href":"https:\/\/sola-poljane.splet.arnes.si\/index.php?rest_route=\/wp\/v2\/pages\/18979\/revisions"}],"predecessor-version":[{"id":19591,"href":"https:\/\/sola-poljane.splet.arnes.si\/index.php?rest_route=\/wp\/v2\/pages\/18979\/revisions\/19591"}],"up":[{"embeddable":true,"href":"https:\/\/sola-poljane.splet.arnes.si\/index.php?rest_route=\/wp\/v2\/pages\/18963"}],"wp:attachment":[{"href":"https:\/\/sola-poljane.splet.arnes.si\/index.php?rest_route=%2Fwp%2Fv2%2Fmedia&parent=18979"}],"curies":[{"name":"wp","href":"https:\/\/api.w.org\/{rel}","templated":true}]}}