{"id":18963,"date":"2020-09-02T14:37:02","date_gmt":"2020-09-02T12:37:02","guid":{"rendered":"http:\/\/sola-poljane.splet.arnes.si\/?page_id=18963"},"modified":"2020-10-23T09:26:15","modified_gmt":"2020-10-23T07:26:15","slug":"spletisce-anglescine-od-1-do-3-razreda","status":"publish","type":"page","link":"https:\/\/sola-poljane.splet.arnes.si\/?page_id=18963","title":{"rendered":"Spleti\u0161\u010de angle\u0161\u010dine od 1. do 3. razreda"},"content":{"rendered":"<p><a href=\"http:\/\/sola-poljane.splet.arnes.si\/?page_id=18979\">Vsebine za 1. razred<\/a><\/p>\n<p>&nbsp;<\/p>\n<p><a href=\"http:\/\/sola-poljane.splet.arnes.si\/?page_id=18983\">Vsebine za 2. razred<\/a><\/p>\n<p>&nbsp;<\/p>\n<p><a href=\"http:\/\/sola-poljane.splet.arnes.si\/?page_id=18987\">Vsebine za 3. razred<\/a><\/p>\n","protected":false},"excerpt":{"rendered":"<p>Vsebine za 1. razred &nbsp; Vsebine za 2. razred &nbsp; [&hellip;]<\/p>\n","protected":false},"author":55581,"featured_media":0,"parent":18957,"menu_order":1,"comment_status":"closed","ping_status":"closed","template":"","meta":{"ngg_post_thumbnail":0,"footnotes":""},"class_list":["post-18963","page","type-page","status-publish","hentry"],"_links":{"self":[{"href":"https:\/\/sola-poljane.splet.arnes.si\/index.php?rest_route=\/wp\/v2\/pages\/18963","targetHints":{"allow":["GET"]}}],"collection":[{"href":"https:\/\/sola-poljane.splet.arnes.si\/index.php?rest_route=\/wp\/v2\/pages"}],"about":[{"href":"https:\/\/sola-poljane.splet.arnes.si\/index.php?rest_route=\/wp\/v2\/types\/page"}],"author":[{"embeddable":true,"href":"https:\/\/sola-poljane.splet.arnes.si\/index.php?rest_route=\/wp\/v2\/users\/55581"}],"replies":[{"embeddable":true,"href":"https:\/\/sola-poljane.splet.arnes.si\/index.php?rest_route=%2Fwp%2Fv2%2Fcomments&post=18963"}],"version-history":[{"count":6,"href":"https:\/\/sola-poljane.splet.arnes.si\/index.php?rest_route=\/wp\/v2\/pages\/18963\/revisions"}],"predecessor-version":[{"id":19599,"href":"https:\/\/sola-poljane.splet.arnes.si\/index.php?rest_route=\/wp\/v2\/pages\/18963\/revisions\/19599"}],"up":[{"embeddable":true,"href":"https:\/\/sola-poljane.splet.arnes.si\/index.php?rest_route=\/wp\/v2\/pages\/18957"}],"wp:attachment":[{"href":"https:\/\/sola-poljane.splet.arnes.si\/index.php?rest_route=%2Fwp%2Fv2%2Fmedia&parent=18963"}],"curies":[{"name":"wp","href":"https:\/\/api.w.org\/{rel}","templated":true}]}}