{"id":18957,"date":"2020-09-02T14:32:48","date_gmt":"2020-09-02T12:32:48","guid":{"rendered":"http:\/\/sola-poljane.splet.arnes.si\/?page_id=18957"},"modified":"2021-09-23T04:52:37","modified_gmt":"2021-09-23T02:52:37","slug":"spletisce-za-ucenje","status":"publish","type":"page","link":"https:\/\/sola-poljane.splet.arnes.si\/?page_id=18957","title":{"rendered":"SPLETI\u0160\u010cE ZA U\u010cENJE"},"content":{"rendered":"\r\n<h3 class=\"wp-block-heading\"><span style=\"color: #ff0000\">Gradiva za pouk<br \/><\/span><\/h3>\r\n<p>Gradivo je zas\u0161\u010ditno z geslom. Geslo dobite pri razrednikih.<\/p>\r\n<p><blockquote class=\"wp-embedded-content\" data-secret=\"Edi4Fgd9Ve\"><a href=\"https:\/\/sola-poljane.splet.arnes.si\/?page_id=22501\">Spletna u\u010dilnica 2021\/22<\/a><\/blockquote><iframe loading=\"lazy\" class=\"wp-embedded-content\" sandbox=\"allow-scripts\" security=\"restricted\" style=\"position: absolute; clip: rect(1px, 1px, 1px, 1px);\" title=\"&#8220;Spletna u\u010dilnica 2021\/22&#8221; &#8212; \" src=\"https:\/\/sola-poljane.splet.arnes.si\/?page_id=22501&#038;embed=true#?secret=Edi4Fgd9Ve\" data-secret=\"Edi4Fgd9Ve\" width=\"600\" height=\"338\" frameborder=\"0\" marginwidth=\"0\" marginheight=\"0\" scrolling=\"no\"><\/iframe><\/p>\r\n<h3>\u00a0<\/h3>\r\n<h3>Spleti\u0161\u010da po predmetih<\/h3>\r\n\r\n\r\n\r\n\r\n\r\n<p><a href=\"http:\/\/poljaneglasba.splet.arnes.si\/\">Spleti\u0161\u010de za glasbeno umetnost<\/a><\/p>\r\n\r\n\r\n\r\n<p><a href=\"http:\/\/sport-poljane.splet.arnes.si\">Spletni\u0161\u010de za pouk \u0161porta<\/a><\/p>\r\n\r\n\r\n\r\n<p><a href=\"http:\/\/poljaneang.splet.arnes.si\/\">Spleti\u0161\u010de za pouk angle\u0161\u010dine od 6. razreda dalje<\/a><\/p>\r\n\r\n\r\n\r\n<p><a href=\"https:\/\/sola-poljane.splet.arnes.si\/?page_id=18963\">Spleti\u0161\u010de za pouk angle\u0161\u010dine od 1. do 3. razreda<\/a><\/p>\r\n<h3>Naloge za tekmovanja<\/h3>\r\n<p><a href=\"https:\/\/sola-poljane.splet.arnes.si\/?page_id=22465\">Naloge in re\u0161itve za tekmovanja, iz katerih lahko tekmujejo osnovno\u0161olci<\/a><\/p>\r\n<p>Geslo dobite pri u\u010diteljih.<\/p>\r\n","protected":false},"excerpt":{"rendered":"<p>Gradiva za pouk Gradivo je zas\u0161\u010ditno z geslom. Geslo dobite [&hellip;]<\/p>\n","protected":false},"author":1973,"featured_media":0,"parent":0,"menu_order":2,"comment_status":"closed","ping_status":"closed","template":"","meta":{"ngg_post_thumbnail":0,"footnotes":""},"class_list":["post-18957","page","type-page","status-publish","hentry"],"_links":{"self":[{"href":"https:\/\/sola-poljane.splet.arnes.si\/index.php?rest_route=\/wp\/v2\/pages\/18957","targetHints":{"allow":["GET"]}}],"collection":[{"href":"https:\/\/sola-poljane.splet.arnes.si\/index.php?rest_route=\/wp\/v2\/pages"}],"about":[{"href":"https:\/\/sola-poljane.splet.arnes.si\/index.php?rest_route=\/wp\/v2\/types\/page"}],"author":[{"embeddable":true,"href":"https:\/\/sola-poljane.splet.arnes.si\/index.php?rest_route=\/wp\/v2\/users\/1973"}],"replies":[{"embeddable":true,"href":"https:\/\/sola-poljane.splet.arnes.si\/index.php?rest_route=%2Fwp%2Fv2%2Fcomments&post=18957"}],"version-history":[{"count":14,"href":"https:\/\/sola-poljane.splet.arnes.si\/index.php?rest_route=\/wp\/v2\/pages\/18957\/revisions"}],"predecessor-version":[{"id":22506,"href":"https:\/\/sola-poljane.splet.arnes.si\/index.php?rest_route=\/wp\/v2\/pages\/18957\/revisions\/22506"}],"wp:attachment":[{"href":"https:\/\/sola-poljane.splet.arnes.si\/index.php?rest_route=%2Fwp%2Fv2%2Fmedia&parent=18957"}],"curies":[{"name":"wp","href":"https:\/\/api.w.org\/{rel}","templated":true}]}}