{"id":18665,"date":"2020-06-15T18:44:07","date_gmt":"2020-06-15T16:44:07","guid":{"rendered":"http:\/\/sola-poljane.splet.arnes.si\/?page_id=18665"},"modified":"2025-06-23T10:58:13","modified_gmt":"2025-06-23T08:58:13","slug":"casopis","status":"publish","type":"page","link":"https:\/\/sola-poljane.splet.arnes.si\/?page_id=18665","title":{"rendered":"\u010casopis"},"content":{"rendered":"<h3>\u0160olsko leto 2024\/2025<\/h3>\n<p>&nbsp;<\/p>\n<div style=\"vertical-align: top;width: 300px;margin: 20px auto;color: #333;background: #fff;border: 1px solid #ddd;line-height: 1.2;text-decoration: none;padding: 0\"><a style=\"color: #333;line-height: 1.2;text-decoration: none;padding: 0;font-weight: normal\" href=\"https:\/\/read.bookcreator.com\/gsgerhoVVNbVUru1Tn6wGaZ7T412\/UwIp-7p_QcexWCjO85cD8A\" target=\"_blank\" rel=\"noopener noreferrer\"><img decoding=\"async\" style=\"max-height: 600px;max-width: 100%;margin: 0 auto;padding: 0;border: none\" src=\"https:\/\/assets.api.bookcreator.com\/gsgerhoVVNbVUru1Tn6wGaZ7T412\/books\/UwIp-7p_QcexWCjO85cD8A\/cover\/share\" alt=\"POLJAN\u0160\u010cICE_2024-2025\"><\/a><\/div>\n<p><a href=\"https:\/\/drive.google.com\/file\/d\/1zeqi7nCDvQnUmDDWlAOqIq5tWgqEEZ9O\/view?usp=drive_link\">Povezava do PDF<\/a><\/p>\n<h3>\u0160olsko leto 2023\/2024<\/h3>\n\n<!-- iframe plugin v.5.2 wordpress.org\/plugins\/iframe\/ -->\n<iframe loading=\"lazy\" width=\"720px\" src=\"https:\/\/www.yumpu.com\/xx\/embed\/view\/dfBkjG5rciqpLzI1\" frameborder=\"0\" allowfullscreen=\"true\" 0=\"allowtransparency=&quot;true&quot;&gt;&lt;\/iframe&gt;&lt;br&gt;&lt;a\" href=\"https:\/\/www.yumpu.com\/xx\/document\/view\/68734665\/poljanscice-2023-2024\" title=\"POLJAN\u0160\u010cICE_2023-2024\" 1=\"target=&quot;_blank&quot;&gt;POLJAN\u0160\u010cICE_2023-2024&lt;\/a&gt;\" height=\"500\" scrolling=\"yes\" class=\"iframe-class\" name=\"ARNES\"><\/iframe>\n\n<h3>\u0160olsko leto 2022\/2023<\/h3>\n\n<!-- iframe plugin v.5.2 wordpress.org\/plugins\/iframe\/ -->\n<iframe loading=\"lazy\" width=\"720px\" src=\"https:\/\/www.yumpu.com\/xx\/embed\/view\/jRIsmH2QDdZq78tG\" frameborder=\"0\" allowfullscreen=\"true\" 0=\"allowtransparency=&quot;true&quot;&gt;&lt;\/iframe&gt;&lt;br&gt;&lt;a\" href=\"https:\/\/www.yumpu.com\/xx\/document\/view\/68315024\/poljanscice-solsko-leto-2022-2023\" title=\"Poljan\u0161\u010dice - \u0161olsko leto 2022\/2023\" 1=\"target=&quot;_blank&quot;&gt;Poljan\u0161\u010dice\" 2=\"-\" 3=\"\u0161olsko\" 4=\"leto\" 5=\"2022\/2023&lt;\/a&gt;\" height=\"500\" scrolling=\"yes\" class=\"iframe-class\" name=\"ARNES\"><\/iframe>\n\n<h3>\u0160olsko leto 2021\/2022<\/h3>\n\n<!-- iframe plugin v.5.2 wordpress.org\/plugins\/iframe\/ -->\n<iframe loading=\"lazy\" width=\"720px\" src=\"https:\/\/www.yumpu.com\/xx\/embed\/view\/G0w1tIK5XeEovmfU\" frameborder=\"0\" allowfullscreen=\"true\" 0=\"allowtransparency=&quot;true&quot;&gt;\" height=\"500\" scrolling=\"yes\" class=\"iframe-class\" name=\"ARNES\"><\/iframe>\n\n<p>&nbsp;<\/p>\n","protected":false},"excerpt":{"rendered":"<p>\u0160olsko leto 2024\/2025 &nbsp; Povezava do PDF \u0160olsko leto 2023\/2024 [&hellip;]<\/p>\n","protected":false},"author":1973,"featured_media":0,"parent":0,"menu_order":0,"comment_status":"closed","ping_status":"closed","template":"","meta":{"ngg_post_thumbnail":0,"footnotes":""},"class_list":["post-18665","page","type-page","status-publish","hentry"],"_links":{"self":[{"href":"https:\/\/sola-poljane.splet.arnes.si\/index.php?rest_route=\/wp\/v2\/pages\/18665","targetHints":{"allow":["GET"]}}],"collection":[{"href":"https:\/\/sola-poljane.splet.arnes.si\/index.php?rest_route=\/wp\/v2\/pages"}],"about":[{"href":"https:\/\/sola-poljane.splet.arnes.si\/index.php?rest_route=\/wp\/v2\/types\/page"}],"author":[{"embeddable":true,"href":"https:\/\/sola-poljane.splet.arnes.si\/index.php?rest_route=\/wp\/v2\/users\/1973"}],"replies":[{"embeddable":true,"href":"https:\/\/sola-poljane.splet.arnes.si\/index.php?rest_route=%2Fwp%2Fv2%2Fcomments&post=18665"}],"version-history":[{"count":16,"href":"https:\/\/sola-poljane.splet.arnes.si\/index.php?rest_route=\/wp\/v2\/pages\/18665\/revisions"}],"predecessor-version":[{"id":48474,"href":"https:\/\/sola-poljane.splet.arnes.si\/index.php?rest_route=\/wp\/v2\/pages\/18665\/revisions\/48474"}],"wp:attachment":[{"href":"https:\/\/sola-poljane.splet.arnes.si\/index.php?rest_route=%2Fwp%2Fv2%2Fmedia&parent=18665"}],"curies":[{"name":"wp","href":"https:\/\/api.w.org\/{rel}","templated":true}]}}