{"id":17497,"date":"2020-04-08T15:42:12","date_gmt":"2020-04-08T13:42:12","guid":{"rendered":"http:\/\/sola-poljane.splet.arnes.si\/?page_id=17497"},"modified":"2020-04-23T13:02:51","modified_gmt":"2020-04-23T11:02:51","slug":"spletna-pomoc-ucencem-za-delo-na-daljavo","status":"publish","type":"page","link":"https:\/\/sola-poljane.splet.arnes.si\/?page_id=17497","title":{"rendered":"Spletna pomo\u010d u\u010dencem za delo na daljavo"},"content":{"rendered":"<p><span class=\"wpz-sc-ilink\"><a class=\"note\" href=\"\" >Pomembno<\/a><\/span> <strong>U\u010denci morajo<\/strong> biti za ogled videoposnetkov zaradi varstva osebnih podatkov<strong> prijavljeni v \u0161olsko elektronsko po\u0161to<\/strong>.<\/p>\n<h4><div class=\"wpz-sc-box tick  rounded \"><strong>Spletna u\u010dilnica eAsistent Xooltime<\/strong><\/div><\/h4>\n<table style=\"border-color: #000000\" border=\"1\">\n<tbody>\n<tr>\n<td style=\"border-color: #000000;background-color: #ffb400\"><strong>Opis<\/strong><\/td>\n<td style=\"background-color: #ffb400\"><strong>Povezava<\/strong><\/td>\n<\/tr>\n<tr>\n<td><strong>1 Kako se prvi\u010d vpi\u0161em v spletno u\u010dilnico eAsistent?<\/strong><\/td>\n<td><span class=\"aw5Odc\"><a class=\"XqQF9c\" href=\"https:\/\/drive.google.com\/open?id=1wVshYp5FMD7VMSbSAfVbMli-hHfo5zWm\" target=\"_blank\">Oglejte si video posnetek. <\/a><\/span><\/td>\n<\/tr>\n<tr>\n<td><strong><br \/>\n<\/strong><\/td>\n<td><\/td>\n<\/tr>\n<tr>\n<td><\/td>\n<td><\/td>\n<\/tr>\n<\/tbody>\n<\/table>\n<h4><div class=\"wpz-sc-box tick  rounded \"><strong>Aplikacije Google Apps za izobra\u017eevalne ustanove<\/strong><\/div><\/h4>\n<table style=\"border-color: #000000\" border=\"1\">\n<tbody>\n<tr>\n<td style=\"border-color: #000000;background-color: #ffb400\"><strong>Opis<\/strong><\/td>\n<td style=\"background-color: #ffb400\"><strong>Povezava<\/strong><\/td>\n<\/tr>\n<tr>\n<td><strong>1 Kako prvi\u010d vstopimo v \u0161olsko elektronsko po\u0161to preko ra\u010dunalnika?<\/strong><br \/>\n<em>Vstopim lahko na dva na\u010dina, na spletni strani \u0161ole ali direktno skozi Gmail.<\/em><\/td>\n<td><span class=\"aw5Odc\"><a class=\"XqQF9c\" href=\"https:\/\/drive.google.com\/open?id=1MFeA6EL6CRqc3Rl1AbyvzAziBsnSGRxJ\" target=\"_blank\">Oglejte si video posnetek<\/a><\/span>.<\/td>\n<\/tr>\n<tr>\n<td><strong>2 Kako nastavimo jezik v Sloven\u0161\u010dino?<br \/>\n<\/strong><\/td>\n<td><span class=\"aw5Odc\"><a class=\"XqQF9c\" href=\"https:\/\/drive.google.com\/open?id=1-8hyvrq-0nV8tIwr-4UbkanJ_uon7RnV\" target=\"_blank\">Oglejte si video posnetek.<\/a><\/span><\/td>\n<\/tr>\n<tr>\n<td><strong>3 Kako spremenimo geslo za dostop do Google aplikacij?<\/strong><\/td>\n<td><span class=\"aw5Odc\"><a class=\"XqQF9c\" href=\"https:\/\/drive.google.com\/open?id=1ScRfjHtTxBNEsYM9vVtvOgWhAoe4cTkM\" target=\"_blank\">Oglejte si video posnetek.<\/a><\/span><\/td>\n<\/tr>\n<\/tbody>\n<\/table>\n<h4 class=\"zfr3Q\"><strong>Delo z aplikacijo Google Classroom (Google u\u010dilnica) <span style=\"color: #ff0000\">na osebnem ra\u010dunalniku<\/span><br \/>\n<\/strong><\/h4>\n<table style=\"border-color: #000000\" border=\"1\">\n<tbody>\n<tr>\n<td style=\"border-color: #000000;background-color: #ffb400\"><strong>Opis<\/strong><\/td>\n<td style=\"background-color: #ffb400\"><strong>Povezava<\/strong><\/td>\n<\/tr>\n<tr>\n<td><strong>1 Kako se pridru\u017eimo u\u010dilnici, kamor me je povabil u\u010ditelj?<\/strong><\/td>\n<td><span class=\"aw5Odc\"><a class=\"XqQF9c\" href=\"https:\/\/drive.google.com\/open?id=1MWrHIpFK4GUv7pNGoXY9u1_o95q28AyA\" target=\"_blank\">Oglejte si video posnetek.<\/a><\/span><\/td>\n<\/tr>\n<tr>\n<td>\n<div class=\"mYVXT\">\n<div class=\"LS81yb VICjCf\">\n<div class=\"hJDwNd-AhqUyc-uQSCkd purZT-AhqUyc-II5mzb pSzOP-AhqUyc-qWD73c JNdkSc\">\n<div class=\"JNdkSc-SmKAyb\">\n<div class=\"\">\n<div class=\"oKdM2c Kzv0Me\">\n<div id=\"h.58b37b926cd1408a_14\" class=\"hJDwNd-AhqUyc-uQSCkd jXK9ad D2fZ2 OjCsFc wHaque GNzUNc\">\n<div class=\"jXK9ad-SmKAyb\">\n<div class=\"tyJCtd mGzaTb baZpAe\"><strong>2 Kako si ogledamo gradivo v spletni u\u010dilnici?\u00a0<\/strong><\/div>\n<\/div>\n<\/div>\n<\/div>\n<\/div>\n<\/div>\n<\/div>\n<\/div>\n<\/div>\n<\/td>\n<td><span class=\"aw5Odc\"><a class=\"XqQF9c\" href=\"https:\/\/drive.google.com\/open?id=1qCOFRGE1JX6OnnS-K8xASHKRAzRBLRqc\" target=\"_blank\">Oglejte si video posnetek.<\/a><\/span><\/td>\n<\/tr>\n<tr>\n<td><strong>3 Kako oddamo gradivo in zaklju\u010dimo nalogo, da jo u\u010ditelj lahko pregleda?<\/strong><\/td>\n<td><span class=\"aw5Odc\"><a class=\"XqQF9c\" href=\"https:\/\/drive.google.com\/open?id=17U1r8NPUJFzLuwm0J02tt5rOpPiHjIhh\" target=\"_blank\">Oglejte si video posnetek<\/a><\/span>.<\/td>\n<\/tr>\n<tr>\n<td><\/td>\n<td><\/td>\n<\/tr>\n<\/tbody>\n<\/table>\n<h4 class=\"zfr3Q\"><strong>Delo z aplikacijo Google Classroom (Google u\u010dilnica) <span style=\"color: #ff0000\">na pametnem telefonu<\/span><br \/>\n<\/strong><\/h4>\n<table style=\"border-color: #000000\" border=\"1\">\n<tbody>\n<tr>\n<td style=\"border-color: #000000;background-color: #ffb400\"><strong>Opis<\/strong><\/td>\n<td style=\"background-color: #ffb400\"><strong>Povezava<\/strong><\/td>\n<\/tr>\n<tr>\n<td><strong>1 Kako namestimo aplikacijo na pametni telefon?<\/strong><\/td>\n<td><span class=\"aw5Odc\"><a class=\"XqQF9c\" href=\"https:\/\/drive.google.com\/open?id=10Xvwc7PfCpAiVi0MzLFBKYCvV3D9sWp7\" target=\"_blank\">Oglejte si video posnetek<\/a><\/span>.<\/td>\n<\/tr>\n<tr>\n<td>\n<div class=\"mYVXT\">\n<div class=\"LS81yb VICjCf\">\n<div class=\"hJDwNd-AhqUyc-uQSCkd purZT-AhqUyc-II5mzb pSzOP-AhqUyc-qWD73c JNdkSc\">\n<div class=\"JNdkSc-SmKAyb\">\n<div class=\"\">\n<div class=\"oKdM2c Kzv0Me\">\n<div id=\"h.58b37b926cd1408a_14\" class=\"hJDwNd-AhqUyc-uQSCkd jXK9ad D2fZ2 OjCsFc wHaque GNzUNc\">\n<div class=\"jXK9ad-SmKAyb\">\n<div class=\"tyJCtd mGzaTb baZpAe\"><strong>2 Kako se vpi\u0161emo v aplikacijo?<\/strong><\/div>\n<\/div>\n<\/div>\n<\/div>\n<\/div>\n<\/div>\n<\/div>\n<\/div>\n<\/div>\n<\/td>\n<td><span class=\"aw5Odc\"><a class=\"XqQF9c\" href=\"https:\/\/drive.google.com\/open?id=1GZLlvEq2RPGIwZR4Rg-RI5uchepbmFjM\" target=\"_blank\">Oglejte si video posnetek.<\/a><\/span><\/td>\n<\/tr>\n<tr>\n<td><strong>3 Kako se pridru\u017eimo u\u010dilnici, kamor me je povabil u\u010ditelj?<\/strong><\/td>\n<td><span class=\"aw5Odc\"><a class=\"XqQF9c\" href=\"https:\/\/drive.google.com\/open?id=1sOO6Gf3xohZSpez65wqyWrob55vSS-Wl\" target=\"_blank\">Oglejte si video posnetek.<\/a><\/span><\/td>\n<\/tr>\n<tr>\n<td><strong>4 Kako si ogledamo gradivo v spletni u\u010dilnici?<\/strong><\/td>\n<td><span class=\"aw5Odc\"><a class=\"XqQF9c\" href=\"https:\/\/drive.google.com\/open?id=1KTP2hN6e35y1z-81y0W0-LgFJj-o-b-s\" target=\"_blank\">Oglejte si video posnetek<\/a><\/span>.<\/td>\n<\/tr>\n<tr>\n<td>5<strong> Kako oddamo gradivo in zaklju\u010dimo nalogo v pregled u\u010ditelju?<\/strong><\/td>\n<td><span class=\"aw5Odc\"><a class=\"XqQF9c\" href=\"https:\/\/drive.google.com\/open?id=14aJ3C6PO6ix7pYlglSJsYwgPmkV3Ntbg\" target=\"_blank\">Oglejte si video posnetek<\/a><\/span>.<\/td>\n<\/tr>\n<tr>\n<td><\/td>\n<td><\/td>\n<\/tr>\n<\/tbody>\n<\/table>\n<h4 class=\"zfr3Q\"><div class=\"wpz-sc-box tick  rounded \"><strong>Acrobat Reader<\/strong><\/div><\/h4>\n<table style=\"border-color: #000000\" border=\"1\">\n<tbody>\n<tr>\n<td style=\"border-color: #000000;background-color: #ffb400\"><strong>Opis<\/strong><\/td>\n<td style=\"background-color: #ffb400\"><strong>Povezava<\/strong><\/td>\n<\/tr>\n<tr>\n<td><span class=\"aw5Odc\"><strong>1. Kako namestimo aplikacijo Adobe Acrobat Reader in dolo\u010dimo, da je privzeta za odpiranje PDF datotek v WINDOWS 10?<\/strong> <\/span><\/td>\n<td><span class=\"aw5Odc\"><a class=\"XqQF9c\" href=\"https:\/\/drive.google.com\/open?id=1dEWv0kgrPKJQsIa_AcMzFN9veBsWPWQj\" target=\"_blank\">Oglejte si video posnetek. <\/a><\/span><\/td>\n<\/tr>\n<tr>\n<td><\/td>\n<td><\/td>\n<\/tr>\n<tr>\n<td><\/td>\n<td><\/td>\n<\/tr>\n<tr>\n<td><\/td>\n<td><\/td>\n<\/tr>\n<tr>\n<td><\/td>\n<td><\/td>\n<\/tr>\n<tr>\n<td><\/td>\n<td><\/td>\n<\/tr>\n<\/tbody>\n<\/table>\n<h4><div class=\"wpz-sc-box tick  rounded \"><strong>Razno<\/strong><\/div><\/h4>\n<table style=\"border-color: #000000\" border=\"1\">\n<tbody>\n<tr>\n<td style=\"border-color: #000000;background-color: #ffb400\"><strong>Opis<\/strong><\/td>\n<td style=\"background-color: #ffb400\"><strong>Povezava<\/strong><\/td>\n<\/tr>\n<tr>\n<td>\n<p class=\"zfr3Q\" dir=\"ltr\"><strong>1 Kako uporabimo aplikacijo Clear Scan, da izdelamo uporaben PDF dokument in ga po\u0161ljemo po elektronski po\u0161ti?<\/strong><\/p>\n<p class=\"zfr3Q\" dir=\"ltr\"><em>Na pametni telefon namestimo brezpla\u010dno aplikacijo Clear Scan. V aplikaciji se sicer pojavljajo oglasi, ima pa vse lastnosti, ki jih potrebujemo za delo oziroma izdelavo PDF. Enostavno lahko izdelamo tudi ve\u010dstranski PDF, tako da zaporedno fotografiramo vse strani naenkrat. Nato enostavno z ukazom &#8220;Izvoz&#8221; poimenujemo pdf in ga po\u0161ljemo po elektronski po\u0161ti.<\/em><\/p>\n<\/td>\n<td><span class=\"aw5Odc\"><a class=\"XqQF9c\" href=\"https:\/\/drive.google.com\/open?id=1MuqR5TneoBWmJpTO903z7t8xB89qSDAe\" target=\"_blank\">Oglejte si video posnetek. <\/a><\/span><\/td>\n<\/tr>\n<tr>\n<td>\n<div class=\"mYVXT\">\n<div class=\"LS81yb VICjCf\">\n<div class=\"hJDwNd-AhqUyc-uQSCkd purZT-AhqUyc-II5mzb pSzOP-AhqUyc-qWD73c JNdkSc\">\n<div class=\"JNdkSc-SmKAyb\">\n<div class=\"\">\n<div class=\"oKdM2c Kzv0Me\">\n<div id=\"h.58b37b926cd1408a_14\" class=\"hJDwNd-AhqUyc-uQSCkd jXK9ad D2fZ2 OjCsFc wHaque GNzUNc\">\n<div class=\"jXK9ad-SmKAyb\">\n<div class=\"tyJCtd mGzaTb baZpAe\">\n<p class=\"zfr3Q\" dir=\"ltr\"><strong>2 Kako aplikacijo ClearScan fotografiramo delovni list ali preverjanje, ki ga nato oddamo v obliki PDF v Google u\u010dilnico?<br \/>\n<\/strong><\/p>\n<\/div>\n<\/div>\n<\/div>\n<\/div>\n<\/div>\n<\/div>\n<\/div>\n<\/div>\n<\/div>\n<\/td>\n<td><span class=\"aw5Odc\"><a class=\"XqQF9c\" href=\"https:\/\/drive.google.com\/open?id=1ei6smwg4e9O9Ne0pS36A43agh4WPDFEk\" target=\"_blank\">Oglejte si video posnetek<\/a><\/span>.<\/td>\n<\/tr>\n<tr>\n<td>\n<p class=\"zfr3Q\" dir=\"ltr\"><strong>3 Kako z aplikacijo ClearScan<\/strong> fotografiramo<strong> ve\u010d strani\/listov<\/strong>, ki jih nato oddamo kot <strong>en dokument<\/strong> v <strong>obliki PDF<\/strong> v Google u\u010dilnico?<\/p>\n<\/td>\n<td>\u00a0<span class=\"aw5Odc\"><a class=\"XqQF9c\" href=\"https:\/\/drive.google.com\/open?id=12_GaooAiAxCJVwdCGGIFoCOT3jDSRF14\" target=\"_blank\">Oglejte si video posnetek<\/a><\/span>.<\/td>\n<\/tr>\n<tr>\n<td><strong>4 Kako z apliakacijo ClearScan<\/strong> fotografiramo delovni list ali preverjanje, ki ga nato prenesemo v <strong>obliki PDF<\/strong> v Google Drive?<br \/>\n<em>Ustvarjeno datoteko lahko nato iz Google Drive pripnemo v Google u\u010dilnico.<\/em><\/td>\n<td><span class=\"aw5Odc\"><a class=\"XqQF9c\" href=\"https:\/\/drive.google.com\/open?id=1D3eOvOiB-3vBOuG6RMminOhee3cBnPl1\" target=\"_blank\">Oglejte si video posnetek<\/a><\/span>.<\/td>\n<\/tr>\n<tr>\n<td>\n<p class=\"zfr3Q\" dir=\"ltr\"><strong>5. Kako <span style=\"color: #ff0000\">na osebnem ra\u010dunalniku<\/span> naredimo iz dveh ali ve\u010d fotografij (ali dokumentov) en PDF dokument?<\/strong><\/p>\n<p class=\"zfr3Q\" dir=\"ltr\"><em>Ta mo\u017eost je na ra\u010dunalnikih na voljo, \u010de imate name\u0161\u010deno zbirko MS Office 2016 ali novej\u0161o.<\/em><\/p>\n<\/td>\n<td><span class=\"aw5Odc\"><a class=\"XqQF9c\" href=\"https:\/\/drive.google.com\/open?id=16VGtL49lom423R_2dK-r7zGcMi1cGXcJ\" target=\"_blank\">Oglejte si video posnetek.<\/a><\/span><\/td>\n<\/tr>\n<tr>\n<td>\n<p class=\"zfr3Q\" dir=\"ltr\"><strong>6 Kako v Wordu ali drugem programu, ki je del zbirke MS Office 2016 ali novej\u0161e (Excel, Publisher&#8230;) <span style=\"color: #ff0000\">na osebnem ra\u010dunalniku<\/span> ustvarimo PDF datoteko?<\/strong><\/p>\n<\/td>\n<td><span class=\"aw5Odc\"><a class=\"XqQF9c\" href=\"https:\/\/drive.google.com\/open?id=1FfiEoxi7b9_FuuRSLuAczBpDuqrXKwJS\" target=\"_blank\">Oglejte si video posnetek. <\/a><\/span><\/td>\n<\/tr>\n<tr>\n<td>\u00a0<strong>7 Kako <span style=\"color: #ff0000\">na osebnem ra\u010dunalniku<\/span> PDF datoteko pretvorimo v Word (Docx) obliko?<\/strong><br \/>\n<em>To lahko naredimo za datoteke, ki so bile ustvarjene po zgornjem na\u010dinu.<\/em><\/td>\n<td><span class=\"aw5Odc\"><a class=\"XqQF9c\" href=\"https:\/\/drive.google.com\/open?id=1mGIdzu1yp_Xd1gJFoXg6ckrk7m6K1ww9\" target=\"_blank\">Oglejte si video posnetek<\/a><\/span>.<\/td>\n<\/tr>\n<tr>\n<td>\n<p><strong>8 Kako na osebnem ra\u010dunalniku z Windows 10 dolo\u010diti privzeti program za odpiranje videoposnetkov?<\/strong><\/p>\n<p>Postopek je enak tudi za dolo\u010danje privzetega programa za odpiranje fotografij in ostalih tipov datotek.<\/td>\n<td><span class=\"aw5Odc\"><a class=\"XqQF9c\" href=\"https:\/\/drive.google.com\/open?id=1PCZ5vTPUbpTWw5Ud8Hk9-teg9CJfSSh_\" target=\"_blank\">Oglejte si video posnetek.<\/a><\/span><\/td>\n<\/tr>\n<tr>\n<td><\/td>\n<td><\/td>\n<\/tr>\n<\/tbody>\n<\/table>\n<h4><div class=\"wpz-sc-box tick  rounded \"><strong>Urejanje spletne strani WordPress<\/strong><\/div><\/h4>\n<table style=\"border-color: #000000\" border=\"1\">\n<tbody>\n<tr>\n<td style=\"border-color: #000000;background-color: #ffb400\"><strong>Opis<\/strong><\/td>\n<td style=\"background-color: #ffb400\"><strong>Povezava<\/strong><\/td>\n<\/tr>\n<tr>\n<td><strong>Kako izdelamo galerijo z vti\u010dnikom NexCellent Gallery?<\/strong><\/td>\n<td><a href=\"https:\/\/drive.google.com\/open?id=1eKwKyFO5Sl3QNzDnCk6OetAeFnKxbFKD\">Oglejte si video posnetek.\u00a0<\/a><\/td>\n<\/tr>\n<tr>\n<td><strong>Kako nastavimo dolo\u010dene teme, da upo\u0161tevajo vrstni red strani pri izdelavi menija ?<br \/>\n<\/strong>To lahko uredimo na enak na\u010din na ve\u010d temah: Foxy, Nexus&#8230;<strong><br \/>\n<\/strong><\/td>\n<td><a href=\"https:\/\/drive.google.com\/open?id=1BF51FUyCdE4RUgmyZ1sRYOL0CcIyO5XZ\">Oglejte si video posnetek.<\/a><\/td>\n<\/tr>\n<tr>\n<td><\/td>\n<td><\/td>\n<\/tr>\n<\/tbody>\n<\/table>\n<p><\/p>\n","protected":false},"excerpt":{"rendered":"<p>U\u010denci morajo biti za ogled videoposnetkov zaradi varstva osebnih podatkov [&hellip;]<\/p>\n","protected":false},"author":1973,"featured_media":0,"parent":13037,"menu_order":32,"comment_status":"closed","ping_status":"closed","template":"","meta":{"ngg_post_thumbnail":0,"footnotes":""},"class_list":["post-17497","page","type-page","status-publish","hentry"],"_links":{"self":[{"href":"https:\/\/sola-poljane.splet.arnes.si\/index.php?rest_route=\/wp\/v2\/pages\/17497","targetHints":{"allow":["GET"]}}],"collection":[{"href":"https:\/\/sola-poljane.splet.arnes.si\/index.php?rest_route=\/wp\/v2\/pages"}],"about":[{"href":"https:\/\/sola-poljane.splet.arnes.si\/index.php?rest_route=\/wp\/v2\/types\/page"}],"author":[{"embeddable":true,"href":"https:\/\/sola-poljane.splet.arnes.si\/index.php?rest_route=\/wp\/v2\/users\/1973"}],"replies":[{"embeddable":true,"href":"https:\/\/sola-poljane.splet.arnes.si\/index.php?rest_route=%2Fwp%2Fv2%2Fcomments&post=17497"}],"version-history":[{"count":30,"href":"https:\/\/sola-poljane.splet.arnes.si\/index.php?rest_route=\/wp\/v2\/pages\/17497\/revisions"}],"predecessor-version":[{"id":18035,"href":"https:\/\/sola-poljane.splet.arnes.si\/index.php?rest_route=\/wp\/v2\/pages\/17497\/revisions\/18035"}],"up":[{"embeddable":true,"href":"https:\/\/sola-poljane.splet.arnes.si\/index.php?rest_route=\/wp\/v2\/pages\/13037"}],"wp:attachment":[{"href":"https:\/\/sola-poljane.splet.arnes.si\/index.php?rest_route=%2Fwp%2Fv2%2Fmedia&parent=17497"}],"curies":[{"name":"wp","href":"https:\/\/api.w.org\/{rel}","templated":true}]}}