{"id":17455,"date":"2020-04-08T14:40:02","date_gmt":"2020-04-08T12:40:02","guid":{"rendered":"http:\/\/sola-poljane.splet.arnes.si\/?page_id=17455"},"modified":"2020-04-19T09:17:36","modified_gmt":"2020-04-19T07:17:36","slug":"spletna-pomoc-starsem-za-delo-na-daljavo","status":"publish","type":"page","link":"https:\/\/sola-poljane.splet.arnes.si\/?page_id=17455","title":{"rendered":"Spletna pomo\u010d star\u0161em za delo na daljavo"},"content":{"rendered":"<h4><strong><div class=\"wpz-sc-box tick  rounded \">Delo z eAsistentom<\/div><\/strong><\/h4>\n<table style=\"border-color: #000000\" border=\"1\">\n<tbody>\n<tr>\n<td style=\"border-color: #000000;background-color: #ffb400\"><strong>Opis<\/strong><\/td>\n<td style=\"background-color: #ffb400\"><strong>Povezava<\/strong><\/td>\n<\/tr>\n<tr>\n<td><strong>1 Kako prvi\u010d vpi\u0161emo u\u010denca v spletno u\u010dinico Xooltime?<\/strong><\/td>\n<td><span class=\"aw5Odc\"><a class=\"XqQF9c\" href=\"https:\/\/drive.google.com\/file\/d\/1wVshYp5FMD7VMSbSAfVbMli-hHfo5zWm\/view?usp=sharing\" target=\"_blank\">Oglej si posnetek.<\/a><\/span><\/td>\n<\/tr>\n<tr>\n<td><strong>2 Kako nastavimo geslo u\u010dencu, \u010de ga je pozabil ali ne deluje&#8230;?<\/strong><\/td>\n<td><a href=\"https:\/\/www.youtube.com\/watch?v=KKGZcL3GgaQ\">Posnetek na spletni strani eAsistent.com<\/a><\/td>\n<\/tr>\n<\/tbody>\n<\/table>\n<h4 class=\"zfr3Q\"><strong><div class=\"wpz-sc-box tick  rounded \">Acrobat Reader<\/div><\/strong><\/h4>\n<table style=\"border-color: #000000\" border=\"1\">\n<tbody>\n<tr>\n<td style=\"border-color: #000000;background-color: #ffb400\">\n<h4><strong>Opis<\/strong><\/h4>\n<\/td>\n<td style=\"background-color: #ffb400\"><strong>Povezava<\/strong><\/td>\n<\/tr>\n<tr>\n<td><span class=\"aw5Odc\"><strong>1 Kako namestimo aplikacijo Adobe Acrobat Reader in dolo\u010dimo, da je privzeta za odpiranje PDF datotek v WINDOWS 10?<\/strong> <\/span><\/td>\n<td><span class=\"aw5Odc\"><a class=\"XqQF9c\" href=\"https:\/\/drive.google.com\/open?id=1dEWv0kgrPKJQsIa_AcMzFN9veBsWPWQj\" target=\"_blank\">Oglejte si video posnetek. <\/a><\/span><\/td>\n<\/tr>\n<tr>\n<td><strong>2 Kako uporabimo aplikacijo Adobe Acrobat Reader za elektronsko izpolnjevanje dokumentov, npr. prijavnice za NIP?<\/strong><br \/>\n<em>Dodatna navodila: Zgleda, da se je izpis za NIP pri nekaterih razredih izdelal tako, da je pri zadnji alineji mogo\u010de ozna\u010diti s kljukico, pri ostalih pa ne.Torej ozna\u010dite pred posameznim predmetom ali z X ali kljukico ali da.Karkoli bo ozna\u010deno, bomo upo\u0161tevali, omejitev pa je seveda najve\u010d dve uri.<\/em><\/td>\n<td><span class=\"aw5Odc\"><a class=\"XqQF9c\" href=\"https:\/\/drive.google.com\/open?id=1XdTrOOkmeveOoLSavFH0q2gOUTOdGGYL\" target=\"_blank\">Oglejte si video posnetek.<\/a><\/span><\/td>\n<\/tr>\n<tr>\n<td>\n<p><strong>3<\/strong> <strong>Kako uporabimo aplikacijo Adobe Acrobat Reader za elektronsko izpolnjevanje dokumenta in podpisovanje?<\/strong><\/p>\n<p><em>Podpisovanje je omogo\u010deno na tri na\u010dine:<\/em><\/p>\n<ul>\n<li><em>natipkamo priimek in ime;<\/em><\/li>\n<li><em>podpi\u0161emo z mi\u0161ko ali peresom, \u010de ga imamo;<\/em><\/li>\n<li><em>podpis vnaprej pripravim kot sliko (poskeniram).<\/em><\/li>\n<\/ul>\n<\/td>\n<td><span class=\"aw5Odc\"><a class=\"XqQF9c\" href=\"https:\/\/drive.google.com\/open?id=1zsKFfPc1EfsxVDHTieJNuUsQOohAqrFI\" target=\"_blank\">Oglejte si video posnetek.<\/a><\/span><\/td>\n<\/tr>\n<tr>\n<td><\/td>\n<td><\/td>\n<\/tr>\n<tr>\n<td><\/td>\n<td><\/td>\n<\/tr>\n<tr>\n<td><\/td>\n<td><\/td>\n<\/tr>\n<\/tbody>\n<\/table>\n<h4><strong><div class=\"wpz-sc-box tick  rounded \">Razno<\/div><\/strong><\/h4>\n<table style=\"border-color: #000000\" border=\"1\">\n<tbody>\n<tr>\n<td style=\"border-color: #000000;background-color: #ffb400\"><strong>Opis<\/strong><\/td>\n<td style=\"background-color: #ffb400\"><strong>Povezava<\/strong><\/td>\n<\/tr>\n<tr>\n<td>\n<p class=\"zfr3Q\" dir=\"ltr\"><strong>1 Kako uporabimo aplikacijo Clear Scan, da izdelamo uporaben PDF dokument in ga po\u0161ljemo po elektronski po\u0161ti?<\/strong><\/p>\n<p class=\"zfr3Q\" dir=\"ltr\"><em>Na pametni telefon namestimo brezpla\u010dno aplikacijo Clear Scan. V aplikaciji se sicer pojavljajo oglasi, ima pa vse lastnosti, ki jih potrebujemo za delo oziroma izdelavo PDF. Enostavno lahko izdelamo tudi ve\u010dstranski PDF, tako da zaporedno fotografiramo vse strani naenkrat. Nato enostavno z ukazom &#8220;Izvoz&#8221; poimenujemo pdf in ga po\u0161ljemo po elektronski po\u0161ti.<\/em><\/p>\n<\/td>\n<td><span class=\"aw5Odc\"><a class=\"XqQF9c\" href=\"https:\/\/drive.google.com\/open?id=1MuqR5TneoBWmJpTO903z7t8xB89qSDAe\" target=\"_blank\">Oglejte si video posnetek. <\/a><\/span><\/td>\n<\/tr>\n<tr>\n<td>\n<div class=\"mYVXT\">\n<div class=\"LS81yb VICjCf\">\n<div class=\"hJDwNd-AhqUyc-uQSCkd purZT-AhqUyc-II5mzb pSzOP-AhqUyc-qWD73c JNdkSc\">\n<div class=\"JNdkSc-SmKAyb\">\n<div class=\"\">\n<div class=\"oKdM2c Kzv0Me\">\n<div id=\"h.58b37b926cd1408a_14\" class=\"hJDwNd-AhqUyc-uQSCkd jXK9ad D2fZ2 OjCsFc wHaque GNzUNc\">\n<div class=\"jXK9ad-SmKAyb\">\n<div class=\"tyJCtd mGzaTb baZpAe\">\n<p class=\"zfr3Q\" dir=\"ltr\"><strong>2 Kako na osebnem ra\u010dunalniku naredim iz dveh ali ve\u010d fotografij (ali dokumentov) en PDF dokument?<\/strong><\/p>\n<p class=\"zfr3Q\" dir=\"ltr\"><em>Ta mo\u017eost je na ra\u010dunalnikih na voljo, \u010de imate name\u0161\u010deno zbirko MS Office 2016 ali novej\u0161o.<\/em><\/p>\n<\/div>\n<\/div>\n<\/div>\n<\/div>\n<\/div>\n<\/div>\n<\/div>\n<\/div>\n<\/div>\n<\/td>\n<td><span class=\"aw5Odc\"><a class=\"XqQF9c\" href=\"https:\/\/drive.google.com\/open?id=16VGtL49lom423R_2dK-r7zGcMi1cGXcJ\" target=\"_blank\">Oglejte si video posnetek.<\/a><\/span><\/td>\n<\/tr>\n<tr>\n<td>\n<p><strong>3 Kako na osebnem ra\u010dunalniku z Windows 10 dolo\u010diti privzeti program za odpiranje videoposnetkov?<\/strong><\/p>\n<p><em>Postopek je enak tudi za dolo\u010danje privzetega programa za odpiranje fotografij in ostalih tipov datotek.<\/em><\/td>\n<td><span class=\"aw5Odc\"><a class=\"XqQF9c\" href=\"https:\/\/drive.google.com\/open?id=1PCZ5vTPUbpTWw5Ud8Hk9-teg9CJfSSh_\" target=\"_blank\">Oglejte si video posnetek.<\/a><\/span><\/td>\n<\/tr>\n<tr>\n<td><\/td>\n<td><\/td>\n<\/tr>\n<\/tbody>\n<\/table>\n<p>&nbsp;<\/p>\n","protected":false},"excerpt":{"rendered":"<p>Opis Povezava 1 Kako prvi\u010d vpi\u0161emo u\u010denca v spletno u\u010dinico [&hellip;]<\/p>\n","protected":false},"author":1973,"featured_media":0,"parent":13037,"menu_order":30,"comment_status":"closed","ping_status":"closed","template":"","meta":{"ngg_post_thumbnail":0,"footnotes":""},"class_list":["post-17455","page","type-page","status-publish","hentry"],"_links":{"self":[{"href":"https:\/\/sola-poljane.splet.arnes.si\/index.php?rest_route=\/wp\/v2\/pages\/17455","targetHints":{"allow":["GET"]}}],"collection":[{"href":"https:\/\/sola-poljane.splet.arnes.si\/index.php?rest_route=\/wp\/v2\/pages"}],"about":[{"href":"https:\/\/sola-poljane.splet.arnes.si\/index.php?rest_route=\/wp\/v2\/types\/page"}],"author":[{"embeddable":true,"href":"https:\/\/sola-poljane.splet.arnes.si\/index.php?rest_route=\/wp\/v2\/users\/1973"}],"replies":[{"embeddable":true,"href":"https:\/\/sola-poljane.splet.arnes.si\/index.php?rest_route=%2Fwp%2Fv2%2Fcomments&post=17455"}],"version-history":[{"count":23,"href":"https:\/\/sola-poljane.splet.arnes.si\/index.php?rest_route=\/wp\/v2\/pages\/17455\/revisions"}],"predecessor-version":[{"id":17905,"href":"https:\/\/sola-poljane.splet.arnes.si\/index.php?rest_route=\/wp\/v2\/pages\/17455\/revisions\/17905"}],"up":[{"embeddable":true,"href":"https:\/\/sola-poljane.splet.arnes.si\/index.php?rest_route=\/wp\/v2\/pages\/13037"}],"wp:attachment":[{"href":"https:\/\/sola-poljane.splet.arnes.si\/index.php?rest_route=%2Fwp%2Fv2%2Fmedia&parent=17455"}],"curies":[{"name":"wp","href":"https:\/\/api.w.org\/{rel}","templated":true}]}}