{"id":16655,"date":"2020-03-20T20:04:45","date_gmt":"2020-03-20T19:04:45","guid":{"rendered":"http:\/\/sola-poljane.splet.arnes.si\/?page_id=16655"},"modified":"2020-03-20T20:04:45","modified_gmt":"2020-03-20T19:04:45","slug":"spletna-ucilnica-za-solsko-knjiznico","status":"publish","type":"page","link":"https:\/\/sola-poljane.splet.arnes.si\/?page_id=16655","title":{"rendered":"Spletna u\u010dilnica za \u0161olsko knji\u017enico"},"content":{"rendered":"","protected":true},"excerpt":{"rendered":"","protected":true},"author":1973,"featured_media":0,"parent":13037,"menu_order":16,"comment_status":"closed","ping_status":"closed","template":"","meta":{"ngg_post_thumbnail":0,"footnotes":""},"class_list":["post-16655","page","type-page","status-publish","post-password-required","hentry"],"_links":{"self":[{"href":"https:\/\/sola-poljane.splet.arnes.si\/index.php?rest_route=\/wp\/v2\/pages\/16655","targetHints":{"allow":["GET"]}}],"collection":[{"href":"https:\/\/sola-poljane.splet.arnes.si\/index.php?rest_route=\/wp\/v2\/pages"}],"about":[{"href":"https:\/\/sola-poljane.splet.arnes.si\/index.php?rest_route=\/wp\/v2\/types\/page"}],"author":[{"embeddable":true,"href":"https:\/\/sola-poljane.splet.arnes.si\/index.php?rest_route=\/wp\/v2\/users\/1973"}],"replies":[{"embeddable":true,"href":"https:\/\/sola-poljane.splet.arnes.si\/index.php?rest_route=%2Fwp%2Fv2%2Fcomments&post=16655"}],"version-history":[{"count":1,"href":"https:\/\/sola-poljane.splet.arnes.si\/index.php?rest_route=\/wp\/v2\/pages\/16655\/revisions"}],"predecessor-version":[{"id":16657,"href":"https:\/\/sola-poljane.splet.arnes.si\/index.php?rest_route=\/wp\/v2\/pages\/16655\/revisions\/16657"}],"up":[{"embeddable":true,"href":"https:\/\/sola-poljane.splet.arnes.si\/index.php?rest_route=\/wp\/v2\/pages\/13037"}],"wp:attachment":[{"href":"https:\/\/sola-poljane.splet.arnes.si\/index.php?rest_route=%2Fwp%2Fv2%2Fmedia&parent=16655"}],"curies":[{"name":"wp","href":"https:\/\/api.w.org\/{rel}","templated":true}]}}