{"id":16567,"date":"2020-03-18T19:14:46","date_gmt":"2020-03-18T18:14:46","guid":{"rendered":"http:\/\/sola-poljane.splet.arnes.si\/?page_id=16567"},"modified":"2020-03-20T05:43:11","modified_gmt":"2020-03-20T04:43:11","slug":"ucilnica-za-pevske-zbore-na-maticni-soli-v-poljanah","status":"publish","type":"page","link":"https:\/\/sola-poljane.splet.arnes.si\/?page_id=16567","title":{"rendered":"Spletna u\u010dilnica za pevske zbore na mati\u010dni \u0161oli v Poljanah"},"content":{"rendered":"","protected":true},"excerpt":{"rendered":"","protected":true},"author":1973,"featured_media":0,"parent":13037,"menu_order":10,"comment_status":"closed","ping_status":"closed","template":"","meta":{"ngg_post_thumbnail":0,"footnotes":""},"class_list":["post-16567","page","type-page","status-publish","post-password-required","hentry"],"_links":{"self":[{"href":"https:\/\/sola-poljane.splet.arnes.si\/index.php?rest_route=\/wp\/v2\/pages\/16567","targetHints":{"allow":["GET"]}}],"collection":[{"href":"https:\/\/sola-poljane.splet.arnes.si\/index.php?rest_route=\/wp\/v2\/pages"}],"about":[{"href":"https:\/\/sola-poljane.splet.arnes.si\/index.php?rest_route=\/wp\/v2\/types\/page"}],"author":[{"embeddable":true,"href":"https:\/\/sola-poljane.splet.arnes.si\/index.php?rest_route=\/wp\/v2\/users\/1973"}],"replies":[{"embeddable":true,"href":"https:\/\/sola-poljane.splet.arnes.si\/index.php?rest_route=%2Fwp%2Fv2%2Fcomments&post=16567"}],"version-history":[{"count":2,"href":"https:\/\/sola-poljane.splet.arnes.si\/index.php?rest_route=\/wp\/v2\/pages\/16567\/revisions"}],"predecessor-version":[{"id":16583,"href":"https:\/\/sola-poljane.splet.arnes.si\/index.php?rest_route=\/wp\/v2\/pages\/16567\/revisions\/16583"}],"up":[{"embeddable":true,"href":"https:\/\/sola-poljane.splet.arnes.si\/index.php?rest_route=\/wp\/v2\/pages\/13037"}],"wp:attachment":[{"href":"https:\/\/sola-poljane.splet.arnes.si\/index.php?rest_route=%2Fwp%2Fv2%2Fmedia&parent=16567"}],"curies":[{"name":"wp","href":"https:\/\/api.w.org\/{rel}","templated":true}]}}