{"id":16035,"date":"2020-01-29T08:40:35","date_gmt":"2020-01-29T07:40:35","guid":{"rendered":"http:\/\/sola-poljane.splet.arnes.si\/?page_id=16035"},"modified":"2020-01-29T08:40:35","modified_gmt":"2020-01-29T07:40:35","slug":"zdrava-sola-201920","status":"publish","type":"page","link":"https:\/\/sola-poljane.splet.arnes.si\/?page_id=16035","title":{"rendered":"Zdrava \u0161ola 2019\/20"},"content":{"rendered":"<h3>Dan slovenske hrane, tradicionalni slovenski zajtrk, \u0161olska shema in zdrava \u0161ola<\/h3>\n<p><strong>V petek,\u00a015. novembra<\/strong>, smo vsi u\u010denci in u\u010ditelji obele\u017eili <span style=\"color: #ff6600\"><strong>dan slovenske hrane<\/strong><\/span>. Za uvod smo zapeli \u017ee ponarodelo pesem <strong><span style=\"color: #ff6600\">\u010cebelar<\/span><\/strong>, sledil je \u017ee dobro znani in ute\u010deni <strong><span style=\"color: #ff6600\">tradicionalni slovenski zajtrk<\/span><\/strong> z doma\u010dim kruhom, maslom, medom, jabolkom in mlekom. Tako smo se spomnili in pomislili na na\u0161 na\u010din prehranjevanja, kak\u0161no hrano izbiramo ali pripravljamo in kaj jemo.<\/p>\n<p><span style=\"color: #993300\"><strong>Tradicionalni slovenski zajtrk<\/strong><\/span><\/p>\nngg_shortcode_0_placeholder\n<p>Sledile so razli\u010dne aktivnosti in delavnice v okviru tehni\u0161kega dne, namenjenega zdravi \u0161oli \u2013 drugo\u0161olci so si ogledali <strong><span style=\"color: #3366ff\">predstavo o nevarnih snoveh,<\/span><\/strong> tretje\u0161olci predstavo <strong><span style=\"color: #3366ff\">Hrup je za u\u0161esa strup<\/span><\/strong>, u\u010denci od 1. do 5. ter u\u010denci 6. in 8. razreda so poslu\u0161ali zanimivo <strong><span style=\"color: #3366ff\">predavanje \u010debelarja \u0160tefana Ingli\u010da<\/span><\/strong>, sedmo\u0161olci in deveto\u0161olci pa so sodelovali v <strong><span style=\"color: #3366ff\">delavnici o trgovini z ljudmi<\/span><\/strong>. Vsi u\u010denci predmetne stopnje so se v telovadnici <strong><span style=\"color: #3366ff\">razgibali z aerobnimi vajami<\/span><\/strong>.<\/p>\n<p>Preostanek tehni\u0161kega dne je minil v u\u010dilnicah, v katerih so posamezni oddelki v okviru \u0161olske sheme ustvarjali <span style=\"color: #339966\"><strong>plakate\u00a0na temo sadja in zelenjave.<\/strong><\/span><\/p>\n<p style=\"text-align: center\"><strong><span style=\"color: #0000ff\">************************<\/span><\/strong><\/p>\n<p>Vodja tega nadvse pestrega in zanimivega dne je bila <span style=\"color: #ff6600\"><strong>u\u010diteljica Irena Tehovnik<\/strong><\/span>, ki je poskrbela, da so se vse u\u010denke in u\u010denci svoji starosti primerno seznanili s pomenom zdrave doma\u010de hrane, posebej \u0161e sadja in zelenjave, s pomenom gibanja za na\u0161e zdravje, z nevarnimi snovmi, \u0161kodljivostjo hrupa in s prepoznavanjem, nevarnostmi in tveganji, ki izvirajo iz vedno bolj raz\u0161irjene trgovine z ljudmi.<\/p>\n<p><strong><span style=\"color: #993300\">Zdrava \u0161ola<\/span><\/strong><\/p>\nngg_shortcode_1_placeholder\n<p><strong><span style=\"color: #993300\">\u0160olska shema<\/span><\/strong><\/p>\nngg_shortcode_2_placeholder\nngg_shortcode_3_placeholder\n<p style=\"text-align: center\"><span style=\"color: #0000ff\"><strong>************************<\/strong><\/span><\/p>\n<p><span style=\"color: #ff6600\"><strong><u>Nina Jereb in Tadeja Kr\u017ei\u0161nik iz 7. a\u00a0<\/u>sta obiskali u\u010denke in u\u010dence razredne stopnje<\/strong><\/span> ter jih spra\u0161evali o njihovih vtisih.<\/p>\n<p>Vse je bilo dobro. <strong><em>(Domen in Maja, 1. a)<\/em><\/strong><\/p>\n<p>Zajtrk je bil dober, imeli bi ga vsak dan. Pomembno se nam zdi, da obele\u017eujemo dan slovenske hrane. Tudi predstava o nevarnih snoveh je bila zanimiva. <strong><em>(Tinkara, Vita, \u017diga, 2. a)<\/em><\/strong><\/p>\n<p>Zelo na glas sva peli \u010cebelice. Dober je bil zajtrk, v\u0161e\u010d nama je bila telovadba \u2026 Cel dana\u0161nji dan je bil dober! <strong><em>(Tinkara in Izabela, 2. b)<\/em><\/strong><\/p>\n<p>Zajtrk je bil dober in je prav, da ga vsako leto ponovimo. Tudi \u010debelar je bil zelo zanimiv in \u010debele bi radi spoznali \u0161e bolje. Bili smo tudi na predstavi Hrup je za u\u0161esa strup \u2013 to pa je bilo najbolje! <strong><em>(Manca in Ema, 3. b)<\/em><\/strong><\/p>\n<p>Slovenski tradicionalni zajtrk je pomemben, prav tako je pomembno, da smo naklonjeni \u010debelam. Zelo zanimivo in pou\u010dno je bilo predavanje \u010debelarja. <strong><em>(Taja in Nik, 4. a)<\/em><\/strong><\/p>\n<p>Prav je, da imamo dan slovenske hrane in tradicionalni slovenski zajtrk. Dobro je, da so vklju\u010deni izdelki iz bli\u017enje okolice. Zavedava se tudi, da so \u010debele pomembne opra\u0161evalke. <strong><em>(Kora in Katja, 5. b)<\/em><\/strong><\/p>\n<p><strong><span style=\"color: #993300\">\u010cebelar<\/span><\/strong><\/p>\nngg_shortcode_4_placeholder\nngg_shortcode_5_placeholder\nngg_shortcode_6_placeholder\n<p style=\"text-align: center\"><strong><span style=\"color: #0000ff\">************************<\/span><\/strong><\/p>\n<p><strong><span style=\"color: #ff6600\"><u>Lena Pintar in Taja Lesjak iz 8. a<\/u> sta obiskali u\u010denke in u\u010dence predmetne stopnje<\/span><\/strong> in jim zastavili konkretna vpra\u0161anja.<\/p>\n<p><strong>Kaj sta jedli za zajtrk in kak\u0161en se vama je zdel?<br \/>\n<\/strong>Jedli sva maslo, mleko, kruh in med. Zajtrk je bil dober in lahko bi ga imeli ve\u010dkrat letno. <strong><em>(Eli in Katarina, 6. a)<\/em><\/strong><\/p>\n<p><strong>Kako se doma\u010da jabolka lo\u010dijo od kupljenih?<br \/>\n<\/strong>Umetna so ve\u010dja in bolj rde\u010da, doma\u010da pa so bolj okusna. <em><strong>(David in Tilen, 8. b)<\/strong><\/em><\/p>\n<p><strong>Kak\u0161na se ti je zdela telovadba? Bi to ponovila?<br \/>\n<\/strong>Bila je dobra, saj smo se zelo dobro ogreli. Tako bi lahko telovadili ve\u010dkrat. <em><strong>(Nastja, 9. b)<\/strong><\/em><\/p>\n<p><strong>Kaj si videl in izvedel pri \u010debelarju?<br \/>\n<\/strong>Da brez \u010debel ne moremo \u017eiveti. Zdelo se mi je dokaj zanimivo. Ko gre\u0161 k \u010debelam v panj, se mora\u0161 umiriti. <em><strong>(Alex, 8. a)<\/strong><\/em><\/p>\n<p><strong>Ali se ti je dana\u0161nji dan zdel zanimiv?<br \/>\n<\/strong>Da, zelo. Izvedel sem veliko novih stvari, \u010deprav sem o \u010debelah \u017ee marsikaj vedel. <em><strong>(Gabrijel, 7. b)<\/strong><\/em><\/p>\n<p><strong>Kaj bi sporo\u010dili \u010debelam, \u010de bi lahko?<br \/>\n<\/strong>Nismo vsi ljudje slabi do \u010debel. Hvala vam za med in propolis. Brez vas svet ne bi bil tak, kot je. <em><strong>(Tinkara, Nika, 8. b)<\/strong><\/em><\/p>\n<p><span style=\"color: #0000ff\"><strong>DELAVNICA O TRGOVINI Z LJUDMI <\/strong><\/span><\/p>\n<p><strong>Kaj si novega izvedel v teh delavnicah?<br \/>\n<\/strong>V \u017eivljenju mora\u0161 paziti. Pri trgovini z ljudmi prodajajo tudi \u010dlove\u0161ke notranje organe, kar se mi ne zdi prav. <em><strong>(David, 7. b)<\/strong><\/em><\/p>\n<p><strong>Kaj se ti je pri teh delavnicah zdelo zanimivo?<br \/>\n<\/strong>Da obstaja veliko zlorab, za katere sploh nisem vedela. <em><strong>(Simona, 7. a)<\/strong><\/em><\/p>\n<p><strong>Kaj bi naredila, \u010de bi izvedela, da je tvoja prijateljica ali prijatelj \u017ertev trgovine z ljudmi?<br \/>\n<\/strong>Zdelo bi se mi \u010dudno, stra\u0161ljivo \u2026 Takoj bi obvestila odraslo osebo, ki ji zaupam. <em><strong>(Ema, 7. a)<\/strong><\/em><\/p>\n<p style=\"text-align: center\"><span style=\"color: #0000ff\"><strong>************************<\/strong><\/span><\/p>\n<p><strong><span style=\"color: #993300\">VIDEOPOSNETEK\u00a0\u2013 gibanje<\/span><\/strong><\/p>\n\n<!-- iframe plugin v.5.2 wordpress.org\/plugins\/iframe\/ -->\n<iframe loading=\"lazy\" width=\"640\" height=\"360\" src=\"https:\/\/video.arnes.si\/portal\/api\/asset\/embed\/Y2XFQkPkThjOqXBYDlzlLFMZ\" frameborder=\"0\" webkitallowfullscreen mozallowfullscreen allowfullscreen scrolling=\"yes\" class=\"iframe-class\" name=\"ARNES\"><\/iframe>\n\n","protected":false},"excerpt":{"rendered":"<p>Dan slovenske hrane, tradicionalni slovenski zajtrk, \u0161olska shema in zdrava [&hellip;]<\/p>\n","protected":false},"author":1973,"featured_media":0,"parent":10175,"menu_order":0,"comment_status":"closed","ping_status":"closed","template":"","meta":{"ngg_post_thumbnail":0,"footnotes":""},"class_list":["post-16035","page","type-page","status-publish","hentry"],"_links":{"self":[{"href":"https:\/\/sola-poljane.splet.arnes.si\/index.php?rest_route=\/wp\/v2\/pages\/16035","targetHints":{"allow":["GET"]}}],"collection":[{"href":"https:\/\/sola-poljane.splet.arnes.si\/index.php?rest_route=\/wp\/v2\/pages"}],"about":[{"href":"https:\/\/sola-poljane.splet.arnes.si\/index.php?rest_route=\/wp\/v2\/types\/page"}],"author":[{"embeddable":true,"href":"https:\/\/sola-poljane.splet.arnes.si\/index.php?rest_route=\/wp\/v2\/users\/1973"}],"replies":[{"embeddable":true,"href":"https:\/\/sola-poljane.splet.arnes.si\/index.php?rest_route=%2Fwp%2Fv2%2Fcomments&post=16035"}],"version-history":[{"count":1,"href":"https:\/\/sola-poljane.splet.arnes.si\/index.php?rest_route=\/wp\/v2\/pages\/16035\/revisions"}],"predecessor-version":[{"id":16037,"href":"https:\/\/sola-poljane.splet.arnes.si\/index.php?rest_route=\/wp\/v2\/pages\/16035\/revisions\/16037"}],"up":[{"embeddable":true,"href":"https:\/\/sola-poljane.splet.arnes.si\/index.php?rest_route=\/wp\/v2\/pages\/10175"}],"wp:attachment":[{"href":"https:\/\/sola-poljane.splet.arnes.si\/index.php?rest_route=%2Fwp%2Fv2%2Fmedia&parent=16035"}],"curies":[{"name":"wp","href":"https:\/\/api.w.org\/{rel}","templated":true}]}}