{"id":16029,"date":"2020-01-29T08:36:35","date_gmt":"2020-01-29T07:36:35","guid":{"rendered":"http:\/\/sola-poljane.splet.arnes.si\/?page_id=16029"},"modified":"2020-01-29T08:36:49","modified_gmt":"2020-01-29T07:36:49","slug":"zdrava-sola-201819","status":"publish","type":"page","link":"https:\/\/sola-poljane.splet.arnes.si\/?page_id=16029","title":{"rendered":"Zdrava \u0161ola 2018\/19"},"content":{"rendered":"<p>&nbsp;<\/p>\n<h3>Tradicionalni slovenski zajtrk in dan zdrave \u0161ole na P\u0160 Javorje<\/h3>\nngg_shortcode_0_placeholder\n<hr \/>\n<h3>Tradicionalni slovenski zajtrk in dan zdrave \u0161ole<\/h3>\n<p>V petek, 16. novembra, smo oba projekta, <span style=\"color: #800000\"><strong>Tradicionalni slovenski zajtrk<\/strong><\/span> in <strong><span style=\"color: #800000\">Zdrava \u0161ola<\/span><\/strong>, zdru\u017eili v tehni\u0161ki dan za celo \u0161olo.<\/p>\n<p><span style=\"color: #993300\"><strong>TRADICIONALNI SLOVENSKI ZAJTRK<\/strong><\/span><\/p>\n<p><strong>Vsak tretji petek v novembru obele\u017eujemo Dan slovenske hrane, ki ga je Vlada Republike Slovenije razglasila leta 2012. Na na\u0161i \u0161oli smo dan pri\u010deli s Tradicionalnim slovenskim zajtrkom z u\u017eivanjem \u017eivil iz lokalnega okolja. S projektom \u017eelimo:<\/strong><\/p>\n<ul>\n<li>ponovno obuditi <span style=\"color: #800000\">kulturo zajtrka<\/span>, ki ga preve\u010d otrok opu\u0161\u010da, in \u010de ga opu\u0161\u010da, opu\u0161\u010da tudi zdrav na\u010din prehranjevanja in \u017eivljenja;<\/li>\n<li>poudariti <span style=\"color: #800000\">pomen lokalne oskrbe<\/span>, kar pomeni bolj sve\u017ee, bolj kakovostno in bistveno manj\u0161e onesna\u017eevanje okolja.<\/li>\n<\/ul>\n<p>20. decembra 2017 so dr\u017eave \u010dlanice Zdru\u017eenih narodov proglasile <strong><span style=\"color: #ff6600\">20. maj za svetovni dan \u010debel<\/span><\/strong>. \u010cebele so<br \/>\neden od pomembnih opra\u0161evalcev, ki zagotavljajo hrano in prehransko varnost. Za\u0161\u010dita \u010debel in \u010debelarskega sektorja tako dolgoro\u010dno prispeva k zmanj\u0161evanju rev\u0161\u010dine, lakote in k ohranjanju zdravega okolja. Znanstvene \u0161tudije dokazujejo, da so v zadnjem obdobju \u010debele vedno bolj ogro\u017eene.<\/p>\n<p>V podporo temu projektu smo veselo zapeli pesem Lojzeta Slaka z naslovom <span style=\"color: #ff6600\">\u010cebelar<\/span>.<\/p>\n<p>Prvo\u0161ol\u010dke je obiskal tudi \u010debelar <span style=\"color: #ff6600\">g. \u0160tefan Ingli\u010d<\/span>.<\/p>\nngg_shortcode_1_placeholder\n<p><span style=\"color: #0000ff\"><strong>SLADKOR, NA\u0160 VSAKDANJI<\/strong><\/span><\/p>\n<p>U\u010denci predmetne stopnje so 2. \u0161olsko uro poslu\u0161ali predavanje <span style=\"color: #0000ff\">dr. Vilme Eniko<\/span> z naslovom Sladkor na\u0161 vsakdanji, prav tako u\u010denci razredne stopnje, in sicer 3. \u0161olsko uro.<\/p>\nngg_shortcode_2_placeholder\n<p><span style=\"color: #cc99ff\"><strong>\u0160PORTNA AKTIVNOST ZA RAZREDNO IN PREDMETNO STOPNJO<\/strong><\/span><\/p>\n<p>U\u010denci razredne stopnje so 2. \u0161olsko uro izvajali redovne vaje pod mentorstvom <span style=\"color: #800080\">u\u010diteljice Maje Tr\u010dek in u\u010ditelja Ale\u0161a Mraka <\/span>v veliki telovadnici. Prav tako so se gibali\u00a0 u\u010denci predmetne stopnje, in sicer 3. \u0161olsko uro.<\/p>\nngg_shortcode_3_placeholder\n<p><span style=\"color: #3366ff\"><strong>PRVA POMO\u010c<\/strong><\/span><\/p>\n<p><span style=\"color: #3366ff\">G. Matej Mohori\u010d<\/span> je vsebine prve pomo\u010di predstavil teoreti\u010dno in prakti\u010dno u\u010dencem 6. in 7. razreda.<\/p>\n<p><span style=\"color: #3366ff\">G. Urban \u010cibej<\/span> je u\u010dencem 8. in 9. razreda predstavil teoreti\u010dno in prakti\u010dno vsebine prve pomo\u010di. Poudarek je bil na oskrbi ran, krvavitev, opeklin in po\u0161kodb ob uporabi pirotehni\u010dnih sredstev. Seznanili so se tudi s temeljnimi postopki o\u017eivljanja.<\/p>\nngg_shortcode_4_placeholder\n<p><span style=\"color: #ff9900\"><strong>\u017dETEV NEKO\u010c IN DRU\u017dABNE IGRE<\/strong><\/span><\/p>\n<p>Gospe iz <span style=\"color: #ff9900\">Dru\u0161tva pode\u017eelskih \u017eena Blego\u0161 <\/span>so u\u010dencem razredne stopnje predstavile \u017eetev \u017eita neko\u010d. S seboj so prinesle tudi pravi &#8220;punkl&#8221; in prikazale kako se izdelujejo \u010dipke in \u0161iva volnene nogavice.<\/p>\n<p>Za konec pa so se poigrali <span style=\"color: #ff9900\">z dru\u017eabnimi igrami<\/span>, ki so jih u\u010denci prinesli od doma.<\/p>\nngg_shortcode_5_placeholder\n<p><span style=\"color: #008000\"><strong>LOVEC NA OBISKU<\/strong><\/span><\/p>\n<p><span style=\"color: #008000\">G. Lado Dolenec<\/span> iz Lovske dru\u017eine Poljane je u\u010dencem 6. in 7. razreda predstavil delo lovca, \u017eivali, ki \u017eivijo v na\u0161em okolju in spregovoril o odnosu ljudi do okolja.<\/p>\nngg_shortcode_6_placeholder\n<p><em><strong>Pripravila in povzela: Irena Tehovnik, vodja tehni\u0161kega dneva<\/strong><\/em><\/p>\n","protected":false},"excerpt":{"rendered":"<p>&nbsp; Tradicionalni slovenski zajtrk in dan zdrave \u0161ole na P\u0160 [&hellip;]<\/p>\n","protected":false},"author":1973,"featured_media":0,"parent":10175,"menu_order":0,"comment_status":"closed","ping_status":"closed","template":"","meta":{"ngg_post_thumbnail":0,"footnotes":""},"class_list":["post-16029","page","type-page","status-publish","hentry"],"_links":{"self":[{"href":"https:\/\/sola-poljane.splet.arnes.si\/index.php?rest_route=\/wp\/v2\/pages\/16029","targetHints":{"allow":["GET"]}}],"collection":[{"href":"https:\/\/sola-poljane.splet.arnes.si\/index.php?rest_route=\/wp\/v2\/pages"}],"about":[{"href":"https:\/\/sola-poljane.splet.arnes.si\/index.php?rest_route=\/wp\/v2\/types\/page"}],"author":[{"embeddable":true,"href":"https:\/\/sola-poljane.splet.arnes.si\/index.php?rest_route=\/wp\/v2\/users\/1973"}],"replies":[{"embeddable":true,"href":"https:\/\/sola-poljane.splet.arnes.si\/index.php?rest_route=%2Fwp%2Fv2%2Fcomments&post=16029"}],"version-history":[{"count":1,"href":"https:\/\/sola-poljane.splet.arnes.si\/index.php?rest_route=\/wp\/v2\/pages\/16029\/revisions"}],"predecessor-version":[{"id":16031,"href":"https:\/\/sola-poljane.splet.arnes.si\/index.php?rest_route=\/wp\/v2\/pages\/16029\/revisions\/16031"}],"up":[{"embeddable":true,"href":"https:\/\/sola-poljane.splet.arnes.si\/index.php?rest_route=\/wp\/v2\/pages\/10175"}],"wp:attachment":[{"href":"https:\/\/sola-poljane.splet.arnes.si\/index.php?rest_route=%2Fwp%2Fv2%2Fmedia&parent=16029"}],"curies":[{"name":"wp","href":"https:\/\/api.w.org\/{rel}","templated":true}]}}