{"id":15799,"date":"2020-01-14T10:24:11","date_gmt":"2020-01-14T09:24:11","guid":{"rendered":"http:\/\/sola-poljane.splet.arnes.si\/?page_id=15799"},"modified":"2025-05-23T10:52:12","modified_gmt":"2025-05-23T08:52:12","slug":"spletne-ankete","status":"publish","type":"page","link":"https:\/\/sola-poljane.splet.arnes.si\/?page_id=15799","title":{"rendered":"Spletne ankete"},"content":{"rendered":"<h6><span style=\"color: #ff0000\">Anketa o \u0161olski prehrani, maj 2025<\/span><\/h6>\n<p>a)<a href=\"https:\/\/forms.office.com\/Pages\/ResponsePage.aspx?id=e2daTz0VxEWXlm12aHDdnIgKy41yYr5Fv4CEHs1AncdUQ1c5NkRVVERTWTVNT081RkNFSUhHMUg3Ny4u\"> Anketa za u\u010dence mati\u010dne \u0161ole Poljane<\/a><\/p>\n<p>b) Anketa za u\u010dence P\u0160 Javorje<\/p>\n<p>&nbsp;<\/p>\n<p>&nbsp;<\/p>\n<p>&nbsp;<\/p>\n<p>&nbsp;<\/p>\n<p>&nbsp;<\/p>\n","protected":false},"excerpt":{"rendered":"<p>Anketa o \u0161olski prehrani, maj 2025 a) Anketa za u\u010dence [&hellip;]<\/p>\n","protected":false},"author":1973,"featured_media":0,"parent":10647,"menu_order":0,"comment_status":"closed","ping_status":"closed","template":"","meta":{"ngg_post_thumbnail":0,"footnotes":""},"class_list":["post-15799","page","type-page","status-publish","hentry"],"_links":{"self":[{"href":"https:\/\/sola-poljane.splet.arnes.si\/index.php?rest_route=\/wp\/v2\/pages\/15799","targetHints":{"allow":["GET"]}}],"collection":[{"href":"https:\/\/sola-poljane.splet.arnes.si\/index.php?rest_route=\/wp\/v2\/pages"}],"about":[{"href":"https:\/\/sola-poljane.splet.arnes.si\/index.php?rest_route=\/wp\/v2\/types\/page"}],"author":[{"embeddable":true,"href":"https:\/\/sola-poljane.splet.arnes.si\/index.php?rest_route=\/wp\/v2\/users\/1973"}],"replies":[{"embeddable":true,"href":"https:\/\/sola-poljane.splet.arnes.si\/index.php?rest_route=%2Fwp%2Fv2%2Fcomments&post=15799"}],"version-history":[{"count":15,"href":"https:\/\/sola-poljane.splet.arnes.si\/index.php?rest_route=\/wp\/v2\/pages\/15799\/revisions"}],"predecessor-version":[{"id":47179,"href":"https:\/\/sola-poljane.splet.arnes.si\/index.php?rest_route=\/wp\/v2\/pages\/15799\/revisions\/47179"}],"up":[{"embeddable":true,"href":"https:\/\/sola-poljane.splet.arnes.si\/index.php?rest_route=\/wp\/v2\/pages\/10647"}],"wp:attachment":[{"href":"https:\/\/sola-poljane.splet.arnes.si\/index.php?rest_route=%2Fwp%2Fv2%2Fmedia&parent=15799"}],"curies":[{"name":"wp","href":"https:\/\/api.w.org\/{rel}","templated":true}]}}